{"id":6589,"date":"2025-02-27T20:16:28","date_gmt":"2025-02-27T19:16:28","guid":{"rendered":"https:\/\/blogsaverroes.juntadeandalucia.es\/ceipalyussana\/?page_id=6589"},"modified":"2025-02-27T20:16:28","modified_gmt":"2025-02-27T19:16:28","slug":"hilo-musical","status":"publish","type":"page","link":"https:\/\/blogsaverroes.juntadeandalucia.es\/ceipalyussana\/hilo-musical\/","title":{"rendered":"Hilo musical"},"content":{"rendered":"<p><span style=\"font-family: 'comic sans ms', sans-serif\">A continuaci\u00f3n, mostramos nuestro proyecto \u00abMusicyussana\u00bb cada cambio de clase, m\u00fasica para tus o\u00eddos trabajado desde el \u00e1rea de Educaci\u00f3n Art\u00edstica .<\/span><\/p>\n<p><iframe class=\"wp-embedded-content\" sandbox=\"allow-scripts\" security=\"restricted\" title=\"Lista Musical Cambio de hora\" src=\"https:\/\/www.canva.com\/design\/DAGS0Z5UI3I\/4qJ5FQ4nxXvrQJlhF-hl7w\/view?embed&#038;meta#?secret=XD1hrQArxC\" data-secret=\"XD1hrQArxC\" height=\"768\" width=\"1024\"><\/iframe><\/p>\n<!--themify_builder_content-->\n<div id=\"themify_builder_content-6589\" data-postid=\"6589\" class=\"themify_builder_content themify_builder_content-6589 themify_builder tf_clear\">\n    <\/div>\n<!--\/themify_builder_content-->\n","protected":false},"excerpt":{"rendered":"<p>A continuaci\u00f3n, mostramos nuestro proyecto \u00abMusicyussana\u00bb cada cambio de clase, m\u00fasica para tus o\u00eddos trabajado desde el \u00e1rea de Educaci\u00f3n Art\u00edstica .<\/p>\n","protected":false},"author":14705,"featured_media":6590,"parent":0,"menu_order":0,"comment_status":"closed","ping_status":"closed","template":"","meta":{"footnotes":""},"aioseo_notices":[],"post_mailing_queue_ids":[],"_links":{"self":[{"href":"https:\/\/blogsaverroes.juntadeandalucia.es\/ceipalyussana\/wp-json\/wp\/v2\/pages\/6589"}],"collection":[{"href":"https:\/\/blogsaverroes.juntadeandalucia.es\/ceipalyussana\/wp-json\/wp\/v2\/pages"}],"about":[{"href":"https:\/\/blogsaverroes.juntadeandalucia.es\/ceipalyussana\/wp-json\/wp\/v2\/types\/page"}],"author":[{"embeddable":true,"href":"https:\/\/blogsaverroes.juntadeandalucia.es\/ceipalyussana\/wp-json\/wp\/v2\/users\/14705"}],"replies":[{"embeddable":true,"href":"https:\/\/blogsaverroes.juntadeandalucia.es\/ceipalyussana\/wp-json\/wp\/v2\/comments?post=6589"}],"version-history":[{"count":24,"href":"https:\/\/blogsaverroes.juntadeandalucia.es\/ceipalyussana\/wp-json\/wp\/v2\/pages\/6589\/revisions"}],"predecessor-version":[{"id":6614,"href":"https:\/\/blogsaverroes.juntadeandalucia.es\/ceipalyussana\/wp-json\/wp\/v2\/pages\/6589\/revisions\/6614"}],"wp:featuredmedia":[{"embeddable":true,"href":"https:\/\/blogsaverroes.juntadeandalucia.es\/ceipalyussana\/wp-json\/wp\/v2\/media\/6590"}],"wp:attachment":[{"href":"https:\/\/blogsaverroes.juntadeandalucia.es\/ceipalyussana\/wp-json\/wp\/v2\/media?parent=6589"}],"curies":[{"name":"wp","href":"https:\/\/api.w.org\/{rel}","templated":true}]}}