{"id":8162,"date":"2025-06-28T18:20:01","date_gmt":"2025-06-28T17:20:01","guid":{"rendered":"https:\/\/blogsaverroes.juntadeandalucia.es\/ceipalyussana\/?page_id=8162"},"modified":"2025-06-28T18:20:15","modified_gmt":"2025-06-28T17:20:15","slug":"infantil","status":"publish","type":"page","link":"https:\/\/blogsaverroes.juntadeandalucia.es\/ceipalyussana\/infantil\/","title":{"rendered":"INFANTIL (Materiales)"},"content":{"rendered":"<!--themify_builder_content-->\n<div id=\"themify_builder_content-8162\" data-postid=\"8162\" class=\"themify_builder_content themify_builder_content-8162 themify_builder tf_clear\">\n                    <div  data-css_id=\"8cfz211\" data-lazy=\"1\" class=\"module_row themify_builder_row fullwidth tb_8cfz211 tb_first tf_w\">\n                        <div class=\"row_inner col_align_top tb_col_count_1 tf_box tf_rel\">\n                        <div  data-lazy=\"1\" class=\"module_column tb-column col-full tb_bf8u211 first\">\n                            <div  data-lazy=\"1\" class=\"module_subrow themify_builder_sub_row tf_w col_align_top tb_col_count_1 tb_qh4y211\">\n                <div  data-lazy=\"1\" class=\"module_column sub_column col-full tb_qqt1212 first\">\n                    <!-- module fancy heading -->\n<div  class=\"module module-fancy-heading tb_xgot212 \" data-lazy=\"1\">\n        <h1 class=\"fancy-heading tf_textc\">\n    <span class=\"main-head tf_block\">\n                    MATERIALES            <\/span>\n\n    \n    <span class=\"sub-head tf_block tf_rel\">\n                    INFANTIL            <\/span>\n    <\/h1>\n<\/div>\n<!-- \/module fancy heading -->\n        <\/div>\n                    <\/div>\n                <div  data-lazy=\"1\" class=\"module_subrow themify_builder_sub_row tf_w col_align_top gutter-none tb_col_count_3 tb_aswr212\">\n                <div  data-lazy=\"1\" class=\"module_column sub_column col3-1 tb_pfcf212 first\">\n        <span class=\"builder_row_cover tf_abs\"><\/span>            <!-- module text -->\n<div  class=\"module module-text tb_dten212   \" data-lazy=\"1\">\n        <div  class=\"tb_text_wrap\">\n        <h4>ABRAZOS<\/h4>\n<h3>RELIGI\u00d3N CAT\u00d3LICA<\/h3>    <\/div>\n<\/div>\n<!-- \/module text --><!-- module text -->\n<div  class=\"module module-text tb_xzlv3   \" data-lazy=\"1\">\n        <div  class=\"tb_text_wrap\">\n        <h4>SOLO SI CURSA EL \u00c1REA<\/h4>    <\/div>\n<\/div>\n<!-- \/module text -->        <\/div>\n                    <div  data-lazy=\"1\" class=\"module_column sub_column col3-1 tb_tbg6213\">\n        <span class=\"builder_row_cover tf_abs\"><\/span><span class=\"tb_row_frame_wrap tf_overflow tf_abs\" data-lazy=\"1\"><span class=\"tb_row_frame tb_row_frame_top  tf_abs tf_hide tf_overflow tf_w\"><\/span><\/span>            <!-- module text -->\n<div  class=\"module module-text tb_oxzs108   \" data-lazy=\"1\">\n        <div  class=\"tb_text_wrap\">\n        <h2><span style=\"font-weight: bold\"><span style=\"color: #ffffff\">1\u00ba TRIMESTRE\u00a0<br><\/span><span style=\"color: #ffffff\">MOMOI EDELVIVES<\/span><\/span><\/h2>    <\/div>\n<\/div>\n<!-- \/module text --><!-- module buttons -->\n<div  class=\"module module-buttons tb_inhl213 buttons-horizontal solid  large\" data-lazy=\"1\">\n        <div class=\"module-buttons-item tf_in_flx\">\n                                                                                        <\/div>\n            <\/div>\n<!-- \/module buttons -->\n        <\/div>\n                    <div  data-lazy=\"1\" class=\"module_column sub_column col3-1 tb_4qb5213 last\">\n        <span class=\"builder_row_cover tf_abs\"><\/span><span class=\"tb_row_frame_wrap tf_overflow tf_abs\" data-lazy=\"1\"><span class=\"tb_row_frame tb_row_frame_top  tf_abs tf_hide tf_overflow tf_w\"><\/span><\/span>            <!-- module text -->\n<div  class=\"module module-text tb_11fl213   \" data-lazy=\"1\">\n        <div  class=\"tb_text_wrap\">\n            <\/div>\n<\/div>\n<!-- \/module text --><!-- module text -->\n<div  class=\"module module-text tb_b37m948   \" data-lazy=\"1\">\n        <div  class=\"tb_text_wrap\">\n        <h2><span style=\"color: #ffffff\">2\u00ba TRIMESTRE\u00a0<br><\/span><span style=\"color: #ffffff\">MOMOI EDELVIVES<\/span><\/h2>    <\/div>\n<\/div>\n<!-- \/module text -->        <\/div>\n                    <\/div>\n                <\/div>\n                        <\/div>\n        <\/div>\n                        <div  data-lazy=\"1\" class=\"module_row themify_builder_row tb_f1wd249 tf_w\">\n                        <div class=\"row_inner col_align_top gutter-none tb_col_count_3 tf_box tf_rel\">\n                        <div  data-lazy=\"1\" class=\"module_column tb-column col3-1 tb_via9249 first\">\n                    <!-- module text -->\n<div  class=\"module module-text tb_gjag249   \" data-lazy=\"1\">\n        <div  class=\"tb_text_wrap\">\n        <h2 style=\"text-align: left\"><span style=\"color: #333333;font-size: 36pt\">INFORMACI\u00d3N<\/span><\/h2>    <\/div>\n<\/div>\n<!-- \/module text -->        <\/div>\n                    <div  data-lazy=\"1\" class=\"module_column tb-column col3-1 tb_hk82250\">\n                    <!-- module image -->\n<div  class=\"module module-image tb_0aei250 image-center   tf_mw\" data-lazy=\"1\" data-lax-translate-y=\"(vh*1) 0,(vh*0) -70\" data-lax=\"true\">\n        <div class=\"image-wrap tf_rel tf_mw\">\n            <img loading=\"lazy\" decoding=\"async\" src=\"https:\/\/blogsaverroes.juntadeandalucia.es\/ceipalyussana\/files\/2025\/06\/download-570x546.jpg\" width=\"570\" height=\"546\" class=\"wp-post-image wp-image-8124\" title=\"Material\" alt=\"Material\">    \n        <\/div>\n    <!-- \/image-wrap -->\n    \n        <\/div>\n<!-- \/module image -->        <\/div>\n                    <div  data-lazy=\"1\" class=\"module_column tb-column col3-1 tb_7bvx250 last\">\n                    <!-- module text -->\n<div  class=\"module module-text tb_4j44250   \" data-lazy=\"1\">\n        <div  class=\"tb_text_wrap\">\n        <h4>Cooperativa 40 Euros\u00a0<\/h4><p><span style=\"font-size: 14pt\">Compra de todo el material de clase m\u00e1s fotocopias del temario de letroescritura y numeraci\u00f3n, creado por el propio centro.<\/span><\/p><p>Incluye la licencia digital para el \u00e1rea de ingl\u00e9s, editorial Oxford.\u00a0<\/p>    <\/div>\n<\/div>\n<!-- \/module text -->        <\/div>\n                        <\/div>\n        <\/div>\n        <\/div>\n<!--\/themify_builder_content-->","protected":false},"excerpt":{"rendered":"<p>MATERIALES INFANTIL ABRAZOS RELIGI\u00d3N CAT\u00d3LICA SOLO SI CURSA EL \u00c1REA 1\u00ba TRIMESTRE MOMOI EDELVIVES 2\u00ba TRIMESTRE MOMOI EDELVIVES INFORMACI\u00d3N Cooperativa 40 Euros Compra de todo el material de clase m\u00e1s fotocopias del temario de letroescritura y numeraci\u00f3n, creado por el propio centro. Incluye la licencia digital para el \u00e1rea de ingl\u00e9s, editorial Oxford.<\/p>\n","protected":false},"author":14705,"featured_media":0,"parent":0,"menu_order":0,"comment_status":"closed","ping_status":"closed","template":"","meta":{"footnotes":""},"aioseo_notices":[],"post_mailing_queue_ids":[],"_links":{"self":[{"href":"https:\/\/blogsaverroes.juntadeandalucia.es\/ceipalyussana\/wp-json\/wp\/v2\/pages\/8162"}],"collection":[{"href":"https:\/\/blogsaverroes.juntadeandalucia.es\/ceipalyussana\/wp-json\/wp\/v2\/pages"}],"about":[{"href":"https:\/\/blogsaverroes.juntadeandalucia.es\/ceipalyussana\/wp-json\/wp\/v2\/types\/page"}],"author":[{"embeddable":true,"href":"https:\/\/blogsaverroes.juntadeandalucia.es\/ceipalyussana\/wp-json\/wp\/v2\/users\/14705"}],"replies":[{"embeddable":true,"href":"https:\/\/blogsaverroes.juntadeandalucia.es\/ceipalyussana\/wp-json\/wp\/v2\/comments?post=8162"}],"version-history":[{"count":46,"href":"https:\/\/blogsaverroes.juntadeandalucia.es\/ceipalyussana\/wp-json\/wp\/v2\/pages\/8162\/revisions"}],"predecessor-version":[{"id":8215,"href":"https:\/\/blogsaverroes.juntadeandalucia.es\/ceipalyussana\/wp-json\/wp\/v2\/pages\/8162\/revisions\/8215"}],"wp:attachment":[{"href":"https:\/\/blogsaverroes.juntadeandalucia.es\/ceipalyussana\/wp-json\/wp\/v2\/media?parent=8162"}],"curies":[{"name":"wp","href":"https:\/\/api.w.org\/{rel}","templated":true}]}}