{"id":1019,"date":"2022-12-05T18:54:49","date_gmt":"2022-12-05T17:54:49","guid":{"rendered":"https:\/\/blogsaverroes.juntadeandalucia.es\/ceipamanciaburgos\/?page_id=1019"},"modified":"2023-06-05T09:47:00","modified_gmt":"2023-06-05T08:47:00","slug":"instalaciones","status":"publish","type":"page","link":"https:\/\/blogsaverroes.juntadeandalucia.es\/ceipamanciaburgos\/instalaciones\/","title":{"rendered":"Instalaciones"},"content":{"rendered":"<p>El Centro est\u00e1 ubicado en una localidad rural, de poblaci\u00f3n diseminada (6 anejos), lo que hace necesario el uso del <strong>transporte escolar<\/strong>, as\u00ed como del <strong>Comedor Escolar<\/strong> y <strong>Aula Matinal.<\/strong><\/p>\n<p>El colegio comparte recinto con el IES Avenmoriel. Ni el colegio ni dicho recinto cuentan con espacios polivalentes como gimnasio, laboratorio, polideportivo, sal\u00f3n de actos, etc.; \u00fanicamente contamos con la cesi\u00f3n del uso, por parte del Ayuntamiento, de un <strong>campo de f\u00fatbol de arena<\/strong> y <strong>dos pistas deportivas,<\/strong> anexas al recinto.<\/p>\n<p>Adem\u00e1s del campo de f\u00fatbol y las pistas deportivas, compartimos con el Instituto las diferentes entradas al recinto y el <strong>aparcamiento para el profesorado,<\/strong> el patio propio de ambos centros y el uso del Comedor Escolar.<\/p>\n<p>&nbsp;<\/p>\n","protected":false},"excerpt":{"rendered":"<p>El Centro est\u00e1 ubicado en una localidad rural, de poblaci\u00f3n diseminada (6 anejos), lo que hace necesario el uso del transporte escolar, as\u00ed como del Comedor Escolar y Aula Matinal. El colegio comparte recinto&#46;&#46;&#46;<\/p>\n","protected":false},"author":14237,"featured_media":0,"parent":0,"menu_order":0,"comment_status":"closed","ping_status":"closed","template":"","meta":{"ngg_post_thumbnail":0,"footnotes":""},"aioseo_notices":[],"_links":{"self":[{"href":"https:\/\/blogsaverroes.juntadeandalucia.es\/ceipamanciaburgos\/wp-json\/wp\/v2\/pages\/1019"}],"collection":[{"href":"https:\/\/blogsaverroes.juntadeandalucia.es\/ceipamanciaburgos\/wp-json\/wp\/v2\/pages"}],"about":[{"href":"https:\/\/blogsaverroes.juntadeandalucia.es\/ceipamanciaburgos\/wp-json\/wp\/v2\/types\/page"}],"author":[{"embeddable":true,"href":"https:\/\/blogsaverroes.juntadeandalucia.es\/ceipamanciaburgos\/wp-json\/wp\/v2\/users\/14237"}],"replies":[{"embeddable":true,"href":"https:\/\/blogsaverroes.juntadeandalucia.es\/ceipamanciaburgos\/wp-json\/wp\/v2\/comments?post=1019"}],"version-history":[{"count":3,"href":"https:\/\/blogsaverroes.juntadeandalucia.es\/ceipamanciaburgos\/wp-json\/wp\/v2\/pages\/1019\/revisions"}],"predecessor-version":[{"id":1297,"href":"https:\/\/blogsaverroes.juntadeandalucia.es\/ceipamanciaburgos\/wp-json\/wp\/v2\/pages\/1019\/revisions\/1297"}],"wp:attachment":[{"href":"https:\/\/blogsaverroes.juntadeandalucia.es\/ceipamanciaburgos\/wp-json\/wp\/v2\/media?parent=1019"}],"curies":[{"name":"wp","href":"https:\/\/api.w.org\/{rel}","templated":true}]}}