{"id":2265,"date":"2020-11-16T17:58:43","date_gmt":"2020-11-16T17:58:43","guid":{"rendered":"https:\/\/blogsaverroes.juntadeandalucia.es\/ceipamgrazalema\/?page_id=2265"},"modified":"2021-11-29T12:52:37","modified_gmt":"2021-11-29T12:52:37","slug":"plan-de-autoproteccion","status":"publish","type":"page","link":"https:\/\/blogsaverroes.juntadeandalucia.es\/ceipamgrazalema\/plan-de-autoproteccion\/","title":{"rendered":"Plan de autoprotecci\u00f3n"},"content":{"rendered":"<p style=\"text-align: center\"><a href=\"https:\/\/blogsaverroes.juntadeandalucia.es\/ceipamgrazalema\/files\/2021\/11\/Cap\u00edtulo-1.-Identificaci\u00f3n-titularidad-y-emplazamiento.pdf\">Cap\u00edtulo 1.- Identificaci\u00f3n, titularidad y emplazamiento<\/a><\/p>\n<p style=\"text-align: center\"><a href=\"https:\/\/blogsaverroes.juntadeandalucia.es\/ceipamgrazalema\/files\/2021\/11\/Cap\u00edtulo-2.-Descripci\u00f3n-del-centro-y-su-entorno.pdf\">Cap\u00edtulo 2.- Descripci\u00f3n del centro y su entorno<\/a><\/p>\n<p style=\"text-align: center\"><a href=\"https:\/\/blogsaverroes.juntadeandalucia.es\/ceipamgrazalema\/files\/2021\/11\/Cap\u00edtulo-3.-Identificaci\u00f3n-y-an\u00e1lisis-de-riesgos.pdf\">Cap\u00edtulo 3.- Identificaci\u00f3n y an\u00e1lisis de riesgos<\/a><\/p>\n<p style=\"text-align: center\"><a href=\"https:\/\/blogsaverroes.juntadeandalucia.es\/ceipamgrazalema\/files\/2021\/11\/Cap\u00edtulo-4.-Medidas-y-medios-de-protecci\u00f3n.pdf\">Cap\u00edtulo 4.- Medidas y medios de protecci\u00f3n<\/a><\/p>\n<p style=\"text-align: center\"><a href=\"https:\/\/blogsaverroes.juntadeandalucia.es\/ceipamgrazalema\/files\/2021\/11\/Cap\u00edtulo-5.-Mantenimiento-preventivo-de-instalaciones.pdf\">Cap\u00edtulo 5.- Mantenimiento preventivo de instalaciones<\/a><\/p>\n<p style=\"text-align: center\"><a href=\"https:\/\/blogsaverroes.juntadeandalucia.es\/ceipamgrazalema\/files\/2021\/11\/Cap\u00edtulo-6.-Plan-de-actuaci\u00f3n-de-emergencias.pdf\">Cap\u00edtulo 6.- Plan de actuaci\u00f3n de emergencias<\/a><\/p>\n<p style=\"text-align: center\"><a href=\"https:\/\/blogsaverroes.juntadeandalucia.es\/ceipamgrazalema\/files\/2021\/11\/Cap\u00edtulo-7.-Integraci\u00f3n-en-nivel-superior.pdf\">Cap\u00edtulo 7.- Integraci\u00f3n en nivel superior<\/a><\/p>\n<p style=\"text-align: center\"><a href=\"https:\/\/blogsaverroes.juntadeandalucia.es\/ceipamgrazalema\/files\/2021\/11\/Cap\u00edtulo-8.-Implantaci\u00f3n.pdf\">Cap\u00edtulo 8.- Implantaci\u00f3n<\/a><\/p>\n<p style=\"text-align: center\"><a href=\"https:\/\/blogsaverroes.juntadeandalucia.es\/ceipamgrazalema\/files\/2021\/11\/Cap\u00edtulo-9.-Mantenimiento.pdf\">Cap\u00edtulo 9.- Mantenimiento<\/a><\/p>\n<p style=\"text-align: center\"><a href=\"https:\/\/blogsaverroes.juntadeandalucia.es\/ceipamgrazalema\/files\/2021\/11\/INFORME-CEIP-ANTONIO-MACHADO-Grazalema.pdf\">INFORME CEIP ANTONIO MACHADO Grazalema<\/a><\/p>\n","protected":false},"excerpt":{"rendered":"<p>Cap\u00edtulo 1.- Identificaci\u00f3n, titularidad y emplazamiento Cap\u00edtulo 2.- Descripci\u00f3n del centro y su entorno Cap\u00edtulo 3.- Identificaci\u00f3n y an\u00e1lisis de riesgos Cap\u00edtulo 4.- Medidas y medios de protecci\u00f3n Cap\u00edtulo 5.- Mantenimiento preventivo de instalaciones&#46;&#46;&#46;<\/p>\n","protected":false},"author":10758,"featured_media":0,"parent":0,"menu_order":0,"comment_status":"closed","ping_status":"closed","template":"","meta":{"ngg_post_thumbnail":0,"footnotes":"","_mc_calendar":[]},"aioseo_notices":[],"_links":{"self":[{"href":"https:\/\/blogsaverroes.juntadeandalucia.es\/ceipamgrazalema\/wp-json\/wp\/v2\/pages\/2265"}],"collection":[{"href":"https:\/\/blogsaverroes.juntadeandalucia.es\/ceipamgrazalema\/wp-json\/wp\/v2\/pages"}],"about":[{"href":"https:\/\/blogsaverroes.juntadeandalucia.es\/ceipamgrazalema\/wp-json\/wp\/v2\/types\/page"}],"author":[{"embeddable":true,"href":"https:\/\/blogsaverroes.juntadeandalucia.es\/ceipamgrazalema\/wp-json\/wp\/v2\/users\/10758"}],"replies":[{"embeddable":true,"href":"https:\/\/blogsaverroes.juntadeandalucia.es\/ceipamgrazalema\/wp-json\/wp\/v2\/comments?post=2265"}],"version-history":[{"count":5,"href":"https:\/\/blogsaverroes.juntadeandalucia.es\/ceipamgrazalema\/wp-json\/wp\/v2\/pages\/2265\/revisions"}],"predecessor-version":[{"id":2493,"href":"https:\/\/blogsaverroes.juntadeandalucia.es\/ceipamgrazalema\/wp-json\/wp\/v2\/pages\/2265\/revisions\/2493"}],"wp:attachment":[{"href":"https:\/\/blogsaverroes.juntadeandalucia.es\/ceipamgrazalema\/wp-json\/wp\/v2\/media?parent=2265"}],"curies":[{"name":"wp","href":"https:\/\/api.w.org\/{rel}","templated":true}]}}