{"id":2400,"date":"2021-08-13T16:28:12","date_gmt":"2021-08-13T16:28:12","guid":{"rendered":"https:\/\/blogsaverroes.juntadeandalucia.es\/ceipamgrazalema\/?page_id=2400"},"modified":"2024-12-02T13:08:01","modified_gmt":"2024-12-02T13:08:01","slug":"recursos-educativos","status":"publish","type":"page","link":"https:\/\/blogsaverroes.juntadeandalucia.es\/ceipamgrazalema\/recursos-educativos\/","title":{"rendered":"Recursos Educativos"},"content":{"rendered":"<p><img loading=\"lazy\" decoding=\"async\" class=\"wp-image-2406 aligncenter\" src=\"https:\/\/blogsaverroes.juntadeandalucia.es\/ceipamgrazalema\/files\/2021\/08\/recursos_educativos-300x119.png\" alt=\"\" width=\"547\" height=\"217\" srcset=\"https:\/\/blogsaverroes.juntadeandalucia.es\/ceipamgrazalema\/files\/2021\/08\/recursos_educativos-300x119.png 300w, https:\/\/blogsaverroes.juntadeandalucia.es\/ceipamgrazalema\/files\/2021\/08\/recursos_educativos.png 600w\" sizes=\"(max-width: 547px) 100vw, 547px\" \/><\/p>\n<p>&nbsp;<\/p>\n<p>En esta p\u00e1gina podr\u00e1s encontrar recomendaciones de recursos educativos digitales para el alumnado.<\/p>\n<ul>\n<li><a title=\"Orientaci\u00f3n And\u00fajar.\" href=\"https:\/\/www.orientacionandujar.es\/\">Orientaci\u00f3n And\u00fajar.<\/a><\/li>\n<\/ul>\n<p><a href=\"http:\/\/agrega.juntadeandalucia.es\/visualizadorcontenidos2\/Portada\/Portada.do\"><img loading=\"lazy\" decoding=\"async\" class=\"size-full wp-image-2108 alignright\" src=\"https:\/\/blogsaverroes.juntadeandalucia.es\/ceipamgrazalema\/files\/2017\/09\/agrega-e1506672836621.jpg\" alt=\"\" width=\"198\" height=\"94\"><\/a><\/p>\n<p><a href=\"https:\/\/www.juntadeandalucia.es\/educacion\/eaprendizaje\"><img loading=\"lazy\" decoding=\"async\" class=\"alignleft wp-image-2204 size-medium\" src=\"https:\/\/blogsaverroes.juntadeandalucia.es\/ceipamgrazalema\/files\/2020\/04\/eAprendizaje-300x102.jpg\" alt=\"\" width=\"300\" height=\"102\" srcset=\"https:\/\/blogsaverroes.juntadeandalucia.es\/ceipamgrazalema\/files\/2020\/04\/eAprendizaje-300x102.jpg 300w, https:\/\/blogsaverroes.juntadeandalucia.es\/ceipamgrazalema\/files\/2020\/04\/eAprendizaje-24x8.jpg 24w, https:\/\/blogsaverroes.juntadeandalucia.es\/ceipamgrazalema\/files\/2020\/04\/eAprendizaje-36x12.jpg 36w, https:\/\/blogsaverroes.juntadeandalucia.es\/ceipamgrazalema\/files\/2020\/04\/eAprendizaje-48x16.jpg 48w, https:\/\/blogsaverroes.juntadeandalucia.es\/ceipamgrazalema\/files\/2020\/04\/eAprendizaje.jpg 395w\" sizes=\"(max-width: 300px) 100vw, 300px\" \/><\/a><\/p>\n","protected":false},"excerpt":{"rendered":"<p>&nbsp; En esta p\u00e1gina podr\u00e1s encontrar recomendaciones de recursos educativos digitales para el alumnado. Orientaci\u00f3n And\u00fajar.<\/p>\n","protected":false},"author":10758,"featured_media":0,"parent":0,"menu_order":0,"comment_status":"closed","ping_status":"closed","template":"","meta":{"ngg_post_thumbnail":0,"footnotes":"","_mc_calendar":[]},"aioseo_notices":[],"_links":{"self":[{"href":"https:\/\/blogsaverroes.juntadeandalucia.es\/ceipamgrazalema\/wp-json\/wp\/v2\/pages\/2400"}],"collection":[{"href":"https:\/\/blogsaverroes.juntadeandalucia.es\/ceipamgrazalema\/wp-json\/wp\/v2\/pages"}],"about":[{"href":"https:\/\/blogsaverroes.juntadeandalucia.es\/ceipamgrazalema\/wp-json\/wp\/v2\/types\/page"}],"author":[{"embeddable":true,"href":"https:\/\/blogsaverroes.juntadeandalucia.es\/ceipamgrazalema\/wp-json\/wp\/v2\/users\/10758"}],"replies":[{"embeddable":true,"href":"https:\/\/blogsaverroes.juntadeandalucia.es\/ceipamgrazalema\/wp-json\/wp\/v2\/comments?post=2400"}],"version-history":[{"count":9,"href":"https:\/\/blogsaverroes.juntadeandalucia.es\/ceipamgrazalema\/wp-json\/wp\/v2\/pages\/2400\/revisions"}],"predecessor-version":[{"id":2723,"href":"https:\/\/blogsaverroes.juntadeandalucia.es\/ceipamgrazalema\/wp-json\/wp\/v2\/pages\/2400\/revisions\/2723"}],"wp:attachment":[{"href":"https:\/\/blogsaverroes.juntadeandalucia.es\/ceipamgrazalema\/wp-json\/wp\/v2\/media?parent=2400"}],"curies":[{"name":"wp","href":"https:\/\/api.w.org\/{rel}","templated":true}]}}