{"id":44,"date":"2015-03-13T08:42:15","date_gmt":"2015-03-13T08:42:15","guid":{"rendered":"http:\/\/blogsaverroes.juntadeandalucia.es\/pre\/ceip\/?page_id=44"},"modified":"2021-08-13T16:51:57","modified_gmt":"2021-08-13T16:51:57","slug":"planes-y-proyectos","status":"publish","type":"page","link":"https:\/\/blogsaverroes.juntadeandalucia.es\/ceipamgrazalema\/planes-y-proyectos\/","title":{"rendered":"Planes y Programas"},"content":{"rendered":"<p><img loading=\"lazy\" decoding=\"async\" class=\" wp-image-1667 aligncenter\" src=\"https:\/\/blogsaverroes.juntadeandalucia.es\/ceipamgrazalema\/files\/2015\/03\/planes-300x150.png\" alt=\"planes\" width=\"356\" height=\"178\" srcset=\"https:\/\/blogsaverroes.juntadeandalucia.es\/ceipamgrazalema\/files\/2015\/03\/planes-300x150.png 300w, https:\/\/blogsaverroes.juntadeandalucia.es\/ceipamgrazalema\/files\/2015\/03\/planes.png 640w\" sizes=\"(max-width: 356px) 100vw, 356px\" \/><\/p>\n<p>Cada centro personaliza y adapta su Proyecto Educativo adhiri\u00e9ndose a diferentes <strong>Planes y Programas<\/strong> promovidos desde la Consejer\u00eda de Educaci\u00f3n, Cultura y Deporte.<\/p>\n<p>Es por ello que el C.E.I.P Antonio Machado participa durante el presente curso escolar 21\/22 en los siguientes Planes y Programas:<\/p>\n<ul>\n<li><strong>Plan de igualdad.<\/strong><\/li>\n<li><strong>Plan de apertura (Comedor escolar).<\/strong><\/li>\n<li><strong>Plan de Transformaci\u00f3n Digital de los centros Educativos.<\/strong><\/li>\n<li><strong>Plan de Lectura y Biblioteca.<\/strong><\/li>\n<li><strong>Escuela espacio de paz.<\/strong><\/li>\n<li><strong>Programa de Alimentaci\u00f3n Saludable.<\/strong><\/li>\n<li><strong>Programa de refuerzo, orientaci\u00f3n y apoyo (P.R.O.A).<\/strong><\/li>\n<\/ul>\n<p>&nbsp;<\/p>\n","protected":false},"excerpt":{"rendered":"<p>Cada centro personaliza y adapta su Proyecto Educativo adhiri\u00e9ndose a diferentes Planes y Programas promovidos desde la Consejer\u00eda de Educaci\u00f3n, Cultura y Deporte. Es por ello que el C.E.I.P Antonio Machado participa durante el&#46;&#46;&#46;<\/p>\n","protected":false},"author":1,"featured_media":0,"parent":0,"menu_order":0,"comment_status":"closed","ping_status":"closed","template":"","meta":{"ngg_post_thumbnail":0,"footnotes":"","_mc_calendar":[]},"aioseo_notices":[],"_links":{"self":[{"href":"https:\/\/blogsaverroes.juntadeandalucia.es\/ceipamgrazalema\/wp-json\/wp\/v2\/pages\/44"}],"collection":[{"href":"https:\/\/blogsaverroes.juntadeandalucia.es\/ceipamgrazalema\/wp-json\/wp\/v2\/pages"}],"about":[{"href":"https:\/\/blogsaverroes.juntadeandalucia.es\/ceipamgrazalema\/wp-json\/wp\/v2\/types\/page"}],"author":[{"embeddable":true,"href":"https:\/\/blogsaverroes.juntadeandalucia.es\/ceipamgrazalema\/wp-json\/wp\/v2\/users\/1"}],"replies":[{"embeddable":true,"href":"https:\/\/blogsaverroes.juntadeandalucia.es\/ceipamgrazalema\/wp-json\/wp\/v2\/comments?post=44"}],"version-history":[{"count":7,"href":"https:\/\/blogsaverroes.juntadeandalucia.es\/ceipamgrazalema\/wp-json\/wp\/v2\/pages\/44\/revisions"}],"predecessor-version":[{"id":2412,"href":"https:\/\/blogsaverroes.juntadeandalucia.es\/ceipamgrazalema\/wp-json\/wp\/v2\/pages\/44\/revisions\/2412"}],"wp:attachment":[{"href":"https:\/\/blogsaverroes.juntadeandalucia.es\/ceipamgrazalema\/wp-json\/wp\/v2\/media?parent=44"}],"curies":[{"name":"wp","href":"https:\/\/api.w.org\/{rel}","templated":true}]}}