{"id":99,"date":"2015-03-16T07:22:54","date_gmt":"2015-03-16T07:22:54","guid":{"rendered":"http:\/\/blogsaverroes.juntadeandalucia.es\/pre\/ceip\/?page_id=99"},"modified":"2022-09-13T11:26:06","modified_gmt":"2022-09-13T11:26:06","slug":"comedor-escolar","status":"publish","type":"page","link":"https:\/\/blogsaverroes.juntadeandalucia.es\/ceipamgrazalema\/comedor-escolar\/","title":{"rendered":"Comedor escolar"},"content":{"rendered":"<h4 style=\"text-align: center\">Informaci\u00f3n sobre el comedor escolar<\/h4>\n<p><img loading=\"lazy\" decoding=\"async\" class=\"wp-image-538 aligncenter\" src=\"https:\/\/blogsaverroes.juntadeandalucia.es\/ceipamgrazalema\/files\/2014\/12\/comida-300x173.jpg\" alt=\"\" width=\"375\" height=\"216\" srcset=\"https:\/\/blogsaverroes.juntadeandalucia.es\/ceipamgrazalema\/files\/2014\/12\/comida-300x173.jpg 300w, https:\/\/blogsaverroes.juntadeandalucia.es\/ceipamgrazalema\/files\/2014\/12\/comida.jpg 709w\" sizes=\"(max-width: 375px) 100vw, 375px\" \/><\/p>\n<p>&nbsp;<\/p>\n<p>Los comedores escolares son un servicio complementario que resulta de gran utilidad a padres y madres para ayudarles a conciliar la vida laboral y familiar. Tienen una duraci\u00f3n de hasta dos horas desde que acaba la jornada escolar de la ma\u00f1ana (de 14.00 a 16.00 horas).<\/p>\n<p>Los comedores son adem\u00e1s una pieza importante&nbsp;en todas las medidas dirigidas a mejorar los h\u00e1bitos alimenticios de los ni\u00f1os y ni\u00f1as y prevenir problemas de salud como la obesidad.<\/p>\n<p>Los comedores escolares de los centros p\u00fablicos andaluces promueven una alimentaci\u00f3n saludable que est\u00e1 supervisada por nutricionistas y que, entre otros aspectos, se caracteriza por:<\/p>\n<ul>\n<li>Una mayor proporci\u00f3n de verdura en los men\u00fas.<\/li>\n<li>Fruta fresca como postre al menos cuatro d\u00edas a la semana.<\/li>\n<li>Uso de aceite de oliva virgen extra.<\/li>\n<li>M\u00e1s pescado que carne, que debe ser magra.<\/li>\n<li>Prohibici\u00f3n de los alimentos precocinados y limitaci\u00f3n de los fritos.<\/li>\n<li>Apuesta por la dieta mediterr\u00e1nea y los productos ecol\u00f3gicos.<\/li>\n<\/ul>\n<p>Nuestro centro dispone de la modalidad de gesti\u00f3n directa, en la cual es el propio centro el encargado de adquirir los productos que se sirven en el mismo siendo, la mayor\u00eda de ellos, proporcionados por empresas locales. Los men\u00fas son elaborados de manera diaria en la cocina de nuestro comedor en la que actualmente contamos con 3 cocineros\/as para esta labor.<\/p>\n<p>&nbsp;<\/p>\n<p style=\"text-align: center\"><strong>Datos de inter\u00e9s<\/strong><\/p>\n<p style=\"text-align: center\">&#8211; Solicitudes:<strong> A principios del mes de junio <\/strong>o durante el curso escolar si hay plazas disponibles<\/p>\n<p style=\"text-align: center\">&#8211; Bonificaciones:<strong> Del 1 al 7 de septiembre.<\/strong><\/p>\n<p style=\"text-align: center\"><a href=\"https:\/\/blogsaverroes.juntadeandalucia.es\/ceipamgrazalema\/files\/2022\/09\/MEN\u00da-COMEDOR-22-23.pdf\"><strong>Nuestro Men\u00fa<\/strong><\/a><\/p>\n<p>&nbsp;<\/p>\n","protected":false},"excerpt":{"rendered":"<p>Informaci\u00f3n sobre el comedor escolar &nbsp; Los comedores escolares son un servicio complementario que resulta de gran utilidad a padres y madres para ayudarles a conciliar la vida laboral y familiar. Tienen una duraci\u00f3n&#46;&#46;&#46;<\/p>\n","protected":false},"author":1,"featured_media":0,"parent":0,"menu_order":0,"comment_status":"closed","ping_status":"open","template":"","meta":{"ngg_post_thumbnail":0,"footnotes":"","_mc_calendar":[]},"aioseo_notices":[],"_links":{"self":[{"href":"https:\/\/blogsaverroes.juntadeandalucia.es\/ceipamgrazalema\/wp-json\/wp\/v2\/pages\/99"}],"collection":[{"href":"https:\/\/blogsaverroes.juntadeandalucia.es\/ceipamgrazalema\/wp-json\/wp\/v2\/pages"}],"about":[{"href":"https:\/\/blogsaverroes.juntadeandalucia.es\/ceipamgrazalema\/wp-json\/wp\/v2\/types\/page"}],"author":[{"embeddable":true,"href":"https:\/\/blogsaverroes.juntadeandalucia.es\/ceipamgrazalema\/wp-json\/wp\/v2\/users\/1"}],"replies":[{"embeddable":true,"href":"https:\/\/blogsaverroes.juntadeandalucia.es\/ceipamgrazalema\/wp-json\/wp\/v2\/comments?post=99"}],"version-history":[{"count":8,"href":"https:\/\/blogsaverroes.juntadeandalucia.es\/ceipamgrazalema\/wp-json\/wp\/v2\/pages\/99\/revisions"}],"predecessor-version":[{"id":2600,"href":"https:\/\/blogsaverroes.juntadeandalucia.es\/ceipamgrazalema\/wp-json\/wp\/v2\/pages\/99\/revisions\/2600"}],"wp:attachment":[{"href":"https:\/\/blogsaverroes.juntadeandalucia.es\/ceipamgrazalema\/wp-json\/wp\/v2\/media?parent=99"}],"curies":[{"name":"wp","href":"https:\/\/api.w.org\/{rel}","templated":true}]}}