{"id":2399,"date":"2018-10-10T08:04:56","date_gmt":"2018-10-10T08:04:56","guid":{"rendered":"https:\/\/blogsaverroes.juntadeandalucia.es\/ceipanamariamatute\/?page_id=2399"},"modified":"2025-03-06T12:59:27","modified_gmt":"2025-03-06T12:59:27","slug":"equipo-de-centro","status":"publish","type":"page","link":"https:\/\/blogsaverroes.juntadeandalucia.es\/ceipanamariamatute\/equipo-de-centro\/","title":{"rendered":"Equipo De Centro"},"content":{"rendered":"<h2 class=\"font_2\">&nbsp;<\/h2>\n<p class=\"font_8\"><strong>Equipo Directivo<\/strong><\/p>\n<p class=\"font_8\">P\u00e9rez Caballero, Teresa (Directora)<\/p>\n<p class=\"font_8\">Amaro Perales, Lola (Jefa de Estudios)<\/p>\n<p class=\"font_8\">Garc\u00eda L\u00f3pez, Carmen Mar\u00eda (Secretaria)<\/p>\n<p class=\"font_8\">&nbsp;<\/p>\n<p class=\"font_8\"><strong>Educaci\u00f3n Infantil<\/strong><\/p>\n<p>&nbsp;<\/p>\n<p class=\"font_8\">Rodr\u00edguez Rodr\u00edguez, Elisa (3 a\u00f1os )<\/p>\n<p class=\"font_8\">Vi\u00f1uela Garc\u00eda, Mar\u00eda del Pilar (4 a\u00f1os)<\/p>\n<p class=\"font_8\">R\u00e1ez Fernandez, Mar\u00eda Amalia ( 5 a\u00f1os A)<\/p>\n<p class=\"font_8\">P\u00e9rez Rodr\u00edguez, Ana Mar\u00eda ( 5 a\u00f1os B)<\/p>\n<p class=\"font_8\">&nbsp;<\/p>\n<p class=\"font_8\"><strong>Educaci\u00f3n Primaria<\/strong><\/p>\n<p class=\"font_8\">&nbsp;<\/p>\n<p>Alcal\u00e1 Rodr\u00edguez, Mar\u00eda Elena (1\u00ba)<\/p>\n<p>Torrecillas Baena, Jos\u00e9 (2\u00ba)<\/p>\n<p class=\"font_8\">P\u00e9rez Moreno, Macarena\/ Su\u00e1rez Fernandez, Arancha (3\u00ba A)&nbsp;<\/p>\n<p>Hacha Bernal, Isabel\/ Robles Cruz, Juan Jos\u00e9 (3\u00ba B)<\/p>\n<p>Mart\u00edn Garc\u00eda, Mar\u00eda Cristina (4\u00ba A)<\/p>\n<p>Garc\u00eda L\u00f3pez, Carmen Mar\u00eda (4\u00ba B)<\/p>\n<p class=\"font_8\">Su\u00e1rez Abujas, Carlos Javier (5\u00ba A)<\/p>\n<p class=\"font_8\">Pel\u00e1ez \u00c1lvarez, Antonio Javier (5\u00ba B)<\/p>\n<p class=\"font_8\">Mar\u00eda Elena Blanco Garc\u00eda (6\u00ba A)<\/p>\n<p>Dom\u00ednguez Abao, Mar\u00eda del Carmen (6\u00ba B)<\/p>\n<p>&nbsp;<\/p>\n<p>&nbsp;<\/p>\n<p class=\"font_8\"><strong>Educaci\u00f3n F\u00edsica<\/strong><\/p>\n<p class=\"font_8\">Susana Pareja Mart\u00edn<\/p>\n<p>Torrecillas Baena, Jos\u00e9<\/p>\n<p>&nbsp;<\/p>\n<p class=\"font_8\"><strong>Ingl\u00e9s&nbsp;<\/strong><\/p>\n<p class=\"font_8\">Ruiz Mart\u00ednez, Mar\u00eda del Rosario \/ M\u00e1rquez Baena, Ana Margarita<\/p>\n<p>P\u00e9rez Moreno, Macarena<\/p>\n<p>&nbsp;<\/p>\n<p class=\"font_8\"><strong>M\u00fasica<\/strong><\/p>\n<p class=\"font_8\">Mart\u00edn Garc\u00eda, Mar\u00eda Cristina<\/p>\n<p class=\"font_8\">&nbsp;<\/p>\n<p class=\"font_8\"><strong>Religi\u00f3n<\/strong><\/p>\n<p class=\"font_8\">Ru\u00edz Mart\u00ednez, M\u00aa Carmen<\/p>\n<p class=\"font_8\">&nbsp;<\/p>\n<p class=\"font_8\"><strong>Equipo de Orientaci\u00f3n<\/strong><\/p>\n<p class=\"font_8\">Ib\u00e1\u00f1ez Castillo, Ana Mar\u00eda (Audici\u00f3n y Lenguaje)<\/p>\n<p class=\"font_8\">Porras Gonz\u00e1lez, Ana Mar\u00eda (Pedagog\u00eda Terap\u00e9utica)<\/p>\n<p>P\u00e9rez Caballero, Teresa (Apoyo a Primaria)<\/p>\n<p>Amaro Perales, Lola (Apoyo a Primaria)<\/p>\n<p class=\"font_8\">Malav\u00e9 L\u00f3pez, Elena (Orientador)<\/p>\n<p>&nbsp;<\/p>\n<p class=\"font_8\"><strong>Servicio de Porter\u00eda<\/strong><\/p>\n<p class=\"font_8\">Alan\u00eds Barbero, Patricia<\/p>\n<p class=\"font_8\"><span class=\"wixGuard\">\u200b<\/span><\/p>\n<p class=\"font_8\"><strong>Monitora de Apoyo Administrativo<\/strong><\/p>\n<p class=\"font_8\"><span class=\"wixGuard\">\u200b<\/span>Guti\u00e9rrez Mart\u00ednez, M\u00aa Isabel&nbsp;<\/p>\n<p class=\"font_8\">&nbsp;<\/p>\n","protected":false},"excerpt":{"rendered":"<p>&nbsp; Equipo Directivo P\u00e9rez Caballero, Teresa (Directora) Amaro Perales, Lola (Jefa de Estudios) Garc\u00eda L\u00f3pez, Carmen Mar\u00eda (Secretaria) &nbsp; Educaci\u00f3n Infantil &nbsp; Rodr\u00edguez Rodr\u00edguez, Elisa (3 a\u00f1os ) Vi\u00f1uela Garc\u00eda, Mar\u00eda del Pilar (4 a\u00f1os) R\u00e1ez Fernandez, Mar\u00eda Amalia ( 5 a\u00f1os A) P\u00e9rez Rodr\u00edguez, Ana Mar\u00eda ( 5 a\u00f1os B) &nbsp; Educaci\u00f3n Primaria &nbsp; [&hellip;]<\/p>\n","protected":false},"author":6388,"featured_media":0,"parent":0,"menu_order":0,"comment_status":"closed","ping_status":"closed","template":"","meta":{"ngg_post_thumbnail":0,"footnotes":"","_mc_calendar":[]},"aioseo_notices":[],"post_mailing_queue_ids":[],"_links":{"self":[{"href":"https:\/\/blogsaverroes.juntadeandalucia.es\/ceipanamariamatute\/wp-json\/wp\/v2\/pages\/2399"}],"collection":[{"href":"https:\/\/blogsaverroes.juntadeandalucia.es\/ceipanamariamatute\/wp-json\/wp\/v2\/pages"}],"about":[{"href":"https:\/\/blogsaverroes.juntadeandalucia.es\/ceipanamariamatute\/wp-json\/wp\/v2\/types\/page"}],"author":[{"embeddable":true,"href":"https:\/\/blogsaverroes.juntadeandalucia.es\/ceipanamariamatute\/wp-json\/wp\/v2\/users\/6388"}],"replies":[{"embeddable":true,"href":"https:\/\/blogsaverroes.juntadeandalucia.es\/ceipanamariamatute\/wp-json\/wp\/v2\/comments?post=2399"}],"version-history":[{"count":12,"href":"https:\/\/blogsaverroes.juntadeandalucia.es\/ceipanamariamatute\/wp-json\/wp\/v2\/pages\/2399\/revisions"}],"predecessor-version":[{"id":4132,"href":"https:\/\/blogsaverroes.juntadeandalucia.es\/ceipanamariamatute\/wp-json\/wp\/v2\/pages\/2399\/revisions\/4132"}],"wp:attachment":[{"href":"https:\/\/blogsaverroes.juntadeandalucia.es\/ceipanamariamatute\/wp-json\/wp\/v2\/media?parent=2399"}],"curies":[{"name":"wp","href":"https:\/\/api.w.org\/{rel}","templated":true}]}}