{"id":2638,"date":"2020-02-05T11:12:40","date_gmt":"2020-02-05T11:12:40","guid":{"rendered":"https:\/\/blogsaverroes.juntadeandalucia.es\/ceipanamariamatute\/?page_id=2638"},"modified":"2025-03-10T17:16:41","modified_gmt":"2025-03-10T17:16:41","slug":"biblioteca","status":"publish","type":"page","link":"https:\/\/blogsaverroes.juntadeandalucia.es\/ceipanamariamatute\/biblioteca\/","title":{"rendered":"BIBLIOTECA"},"content":{"rendered":"<p>ACTIVIDAD DE FOMENTO DE LA LECTURA: \u00a1No te pierdas nuestros libros favoritos! Imitamos las portadas.<\/p>\n<p><a href=\"https:\/\/padlet.com\/bibliotecaamatute\/ujjtf5dm63ce0s3e\">\u00c9chales un vistazo y \u00a1SUBE EL TUYO!<\/a><\/p>\n<p>&nbsp;<\/p>\n<p><a href=\"https:\/\/andalucia.ebiblio.es\/home\"><strong>EBIBLIO ANDALUC\u00cdA :<\/strong><\/a><\/p>\n<p>Es un servicio de la Red de Bibliotecas P\u00fablicas de Andaluc\u00eda que hace posible el pr\u00e9stamo de contenidos digitales a trav\u00e9s de Internet. eBiblio Andaluc\u00eda pone a disposici\u00f3n de la ciudadan\u00eda una plataforma tecnol\u00f3gica que permite acceder al cat\u00e1logo y tomar en pr\u00e9stamo obras en formato digital a trav\u00e9s de diferentes dispositivos: tabletas, tel\u00e9fonos inteligentes, ordenadores personales o lectores de libros electr\u00f3nicos compatibles con DRM de Adobe.<\/p>\n<p>El servicio est\u00e1 promovido por el Ministerio de Cultura y Deporte con la colaboraci\u00f3n de la Junta de Andaluc\u00eda a trav\u00e9s de la Consejer\u00eda de Turismo, Cultura y Deporte, que, a su vez, lo gestiona.<\/p>\n<p>El servicio est\u00e1 disponible en la direcci\u00f3n&nbsp;<a href=\"http:\/\/andalucia.ebiblio.es\/\">http:\/\/andalucia.ebiblio.es<\/a>. Tambi\u00e9n se puede acceder a los contenidos a trav\u00e9s de la app eBiblio, disponible para iOS (<a href=\"https:\/\/apps.apple.com\/es\/app\/ebiblio\/id1541822581\">Apple Store<\/a>) y Android (<a href=\"https:\/\/play.google.com\/store\/apps\/details?id=com.demarque.ebiblio\">Play Store<\/a>).<\/p>\n<p><a href=\"https:\/\/guiadeuso.ebiblio.es\/confluence\/ebiblio-user\/es\">GU\u00cdA DE USO<\/a><\/p>\n<p>Los requisitos para acceder a eBiblio Andaluc\u00eda son:<\/p>\n<ul>\n<li>Tener tarjeta de usuario (carn\u00e9 de lector) de alguna biblioteca de la Red de Bibliotecas P\u00fablicas de Andaluc\u00eda. Si a\u00fan no dispone de la tarjeta de usuario puede dirigirse a la&nbsp;<a href=\"https:\/\/juntadeandalucia.es\/organismos\/culturaydeporte\/areas\/cultura\/bibliotecas-documentacion\/directorio-bibliotecas.html\">biblioteca<\/a>&nbsp;m\u00e1s cercana de la Red o tramitar la&nbsp;<a href=\"https:\/\/ws096.juntadeandalucia.es\/tarjetaUsuarioBibliotecas\/\">solicitud online<\/a>, si tiene certificado digital.<\/li>\n<li>Disponer de una cuenta de correo electr\u00f3nico activa y \u00fanica (una por lector), que habr\u00e1 comunicado a su biblioteca para que la asocien a su tarjeta de usuario.<\/li>\n<li>Una contrase\u00f1a, que seguramente le facilitaron en su biblioteca cuando se inscribi\u00f3 como lector (es la misma que se utiliza para entrar en el&nbsp;<a href=\"https:\/\/www.juntadeandalucia.es\/cultura\/absys\/abnopac\/\">Cat\u00e1logo de la Red de Bibliotecas P\u00fablicas de Andaluc\u00eda<\/a>).<\/li>\n<\/ul>\n<p>Para acceder a eBiblio Andaluc\u00eda como usuario, indique el correo electr\u00f3nico y la contrase\u00f1a que le han facilitado en su biblioteca. Si no conoce algunos de estos datos, puede contactar con su&nbsp;<a href=\"https:\/\/juntadeandalucia.es\/organismos\/culturaydeporte\/areas\/cultura\/bibliotecas-documentacion\/directorio-bibliotecas.html\">biblioteca<\/a>.<\/p>\n","protected":false},"excerpt":{"rendered":"<p>ACTIVIDAD DE FOMENTO DE LA LECTURA: \u00a1No te pierdas nuestros libros favoritos! Imitamos las portadas. \u00c9chales un vistazo y \u00a1SUBE EL TUYO! &nbsp; EBIBLIO ANDALUC\u00cdA : Es un servicio de la Red de Bibliotecas P\u00fablicas de Andaluc\u00eda que hace posible el pr\u00e9stamo de contenidos digitales a trav\u00e9s de Internet. eBiblio Andaluc\u00eda pone a disposici\u00f3n de [&hellip;]<\/p>\n","protected":false},"author":6388,"featured_media":0,"parent":0,"menu_order":0,"comment_status":"closed","ping_status":"closed","template":"","meta":{"ngg_post_thumbnail":0,"footnotes":"","_mc_calendar":[]},"aioseo_notices":[],"post_mailing_queue_ids":[],"_links":{"self":[{"href":"https:\/\/blogsaverroes.juntadeandalucia.es\/ceipanamariamatute\/wp-json\/wp\/v2\/pages\/2638"}],"collection":[{"href":"https:\/\/blogsaverroes.juntadeandalucia.es\/ceipanamariamatute\/wp-json\/wp\/v2\/pages"}],"about":[{"href":"https:\/\/blogsaverroes.juntadeandalucia.es\/ceipanamariamatute\/wp-json\/wp\/v2\/types\/page"}],"author":[{"embeddable":true,"href":"https:\/\/blogsaverroes.juntadeandalucia.es\/ceipanamariamatute\/wp-json\/wp\/v2\/users\/6388"}],"replies":[{"embeddable":true,"href":"https:\/\/blogsaverroes.juntadeandalucia.es\/ceipanamariamatute\/wp-json\/wp\/v2\/comments?post=2638"}],"version-history":[{"count":5,"href":"https:\/\/blogsaverroes.juntadeandalucia.es\/ceipanamariamatute\/wp-json\/wp\/v2\/pages\/2638\/revisions"}],"predecessor-version":[{"id":4135,"href":"https:\/\/blogsaverroes.juntadeandalucia.es\/ceipanamariamatute\/wp-json\/wp\/v2\/pages\/2638\/revisions\/4135"}],"wp:attachment":[{"href":"https:\/\/blogsaverroes.juntadeandalucia.es\/ceipanamariamatute\/wp-json\/wp\/v2\/media?parent=2638"}],"curies":[{"name":"wp","href":"https:\/\/api.w.org\/{rel}","templated":true}]}}