{"id":3215,"date":"2020-11-21T22:05:33","date_gmt":"2020-11-21T22:05:33","guid":{"rendered":"https:\/\/blogsaverroes.juntadeandalucia.es\/ceipanamariamatute\/?page_id=3215"},"modified":"2021-03-10T18:20:23","modified_gmt":"2021-03-10T18:20:23","slug":"moodle","status":"publish","type":"page","link":"https:\/\/blogsaverroes.juntadeandalucia.es\/ceipanamariamatute\/moodle\/","title":{"rendered":"MOODLE"},"content":{"rendered":"<h4 class=\"heading\" style=\"text-align: center\"><a href=\"https:\/\/educacionadistancia.juntadeandalucia.es\/centros\/sevilla\/\">ACCEDE A LA PLATAFORMA MOODLE<\/a><\/h4>\n<article class=\"post-672 post type-post status-publish format-standard hentry category-actualidad category-alumnado category-covid-19 category-moodle-centros\">\n<div class=\"post-inner group\">\n<h1 class=\"post-title entry-title\">\u00bfC\u00f3mo acceder a \u00abMoodle Centros\u00bb?<\/h1>\n<div class=\"clear\">&nbsp;<\/div>\n<div class=\"entry themeform\">\n<div class=\"entry-inner\">\n<p>\u00ab<strong>Moodle Centros<\/strong>\u00bb es una plataforma educativa en la que pod\u00e9is acceder a las distintas Aulas Virtuales de algunas materias. El profesorado os avisar\u00e1 cuando el aula est\u00e9 operativa.<\/p>\n<p>Pod\u00e9is acceder a \u00ab<strong>Moodle centros<\/strong>\u00bb tanto desde el ordenador, como desde el m\u00f3vil o tablet.<\/p>\n<p>En ambos casos, necesit\u00e1is un usuario y la contrase\u00f1a (como alumnos\/as).<\/p>\n<p><strong>\u00bfC\u00f3mo pod\u00e9is conseguir VUESTRAS CLAVES PASEN?<\/strong><\/p>\n<p><strong>Opci\u00f3n 1.<\/strong> En iPASEN, habr\u00e9is recibido un aviso donde se os da el usuario y un enlace, en el que al pinchar gener\u00e1is vuestra contrase\u00f1a. (Es el segundo mensaje que ten\u00e9is en \u00abCOMUNICACIONES\u00bb)<\/p>\n<p><strong>Opci\u00f3n 3.<\/strong> Pedid ayuda al centro educativo por correo electr\u00f3nico: anamariamatuteceip@gmail.com; En ASUNTO: indicad vuestro NOMBRE, CURSO, m\u00e1s \u00abCLAVES PASEN ALUMNADO\u00bb.<\/p>\n<ul>\n<li>Acceso&nbsp; y primeros pasos desde el ordenador:<strong>&nbsp;<a href=\"https:\/\/educacionadistancia.juntadeandalucia.es\/centros\/login\/index.php\">ACCESO POR ORDENADOR<\/a>.<\/strong><\/li>\n<\/ul>\n<p>[youtube https:\/\/www.youtube.com\/watch?v=7qFM89lA9Mc]<\/p>\n<ul>\n<li>Acceso y primeros pasos desde el m\u00f3vil\/tablet:<\/li>\n<\/ul>\n<p>[youtube https:\/\/www.youtube.com\/watch?v=Z6jvtJyAdow]&nbsp;<\/p>\n<p><strong>DESCARGA LA APLICACI\u00d3N MOODLE<\/strong><\/p>\n<p>Y escribe la direcci\u00f3n: https:\/\/educacionadistancia.juntadeandalucia.es\/centros\/sevilla\/<\/p>\n<nav class=\"pagination group\"><\/nav>\n<\/div>\n<div class=\"clear\">&nbsp;<\/div>\n<\/div>\n<\/div>\n<\/article>\n<div class=\"clear\">&nbsp;<\/div>\n<h4 class=\"heading\"><i class=\"far fa-hand-point-right\"><\/i>ESPERAMOS QUE LE FACILITE LAS GESTIONES.<\/h4>\n<h4 class=\"heading\">GRACIAS.<\/h4>\n","protected":false},"excerpt":{"rendered":"<p>ACCEDE A LA PLATAFORMA MOODLE \u00bfC\u00f3mo acceder a \u00abMoodle Centros\u00bb? &nbsp; \u00abMoodle Centros\u00bb es una plataforma educativa en la que pod\u00e9is acceder a las distintas Aulas Virtuales de algunas materias. El profesorado os avisar\u00e1 cuando el aula est\u00e9 operativa. Pod\u00e9is acceder a \u00abMoodle centros\u00bb tanto desde el ordenador, como desde el m\u00f3vil o tablet. En [&hellip;]<\/p>\n","protected":false},"author":6388,"featured_media":0,"parent":0,"menu_order":0,"comment_status":"closed","ping_status":"closed","template":"","meta":{"ngg_post_thumbnail":0,"footnotes":"","_mc_calendar":[]},"aioseo_notices":[],"post_mailing_queue_ids":[],"_links":{"self":[{"href":"https:\/\/blogsaverroes.juntadeandalucia.es\/ceipanamariamatute\/wp-json\/wp\/v2\/pages\/3215"}],"collection":[{"href":"https:\/\/blogsaverroes.juntadeandalucia.es\/ceipanamariamatute\/wp-json\/wp\/v2\/pages"}],"about":[{"href":"https:\/\/blogsaverroes.juntadeandalucia.es\/ceipanamariamatute\/wp-json\/wp\/v2\/types\/page"}],"author":[{"embeddable":true,"href":"https:\/\/blogsaverroes.juntadeandalucia.es\/ceipanamariamatute\/wp-json\/wp\/v2\/users\/6388"}],"replies":[{"embeddable":true,"href":"https:\/\/blogsaverroes.juntadeandalucia.es\/ceipanamariamatute\/wp-json\/wp\/v2\/comments?post=3215"}],"version-history":[{"count":4,"href":"https:\/\/blogsaverroes.juntadeandalucia.es\/ceipanamariamatute\/wp-json\/wp\/v2\/pages\/3215\/revisions"}],"predecessor-version":[{"id":3454,"href":"https:\/\/blogsaverroes.juntadeandalucia.es\/ceipanamariamatute\/wp-json\/wp\/v2\/pages\/3215\/revisions\/3454"}],"wp:attachment":[{"href":"https:\/\/blogsaverroes.juntadeandalucia.es\/ceipanamariamatute\/wp-json\/wp\/v2\/media?parent=3215"}],"curies":[{"name":"wp","href":"https:\/\/api.w.org\/{rel}","templated":true}]}}