{"id":3774,"date":"2022-02-14T11:36:28","date_gmt":"2022-02-14T11:36:28","guid":{"rendered":"https:\/\/blogsaverroes.juntadeandalucia.es\/ceipanamariamatute\/?page_id=3774"},"modified":"2022-02-14T17:09:26","modified_gmt":"2022-02-14T17:09:26","slug":"contacto-2","status":"publish","type":"page","link":"https:\/\/blogsaverroes.juntadeandalucia.es\/ceipanamariamatute\/contacto-2\/","title":{"rendered":"CONTACTO"},"content":{"rendered":"<p>C.E.I.P. ANA MAR\u00cdA MATUTE<\/p>\n<p>Calle Vasco N\u00fa\u00f1ez de Balboa s\/n<\/p>\n<p>41089 Condequinto, Dos Hermanas, Sevilla.<\/p>\n<p><strong><a href=\"https:\/\/www.google.es\/maps\/place\/CEIP+Ana+Mar%C3%ADa+Matute\/@37.3489346,-5.9348469,17z\/data=!3m1!4b1!4m5!3m4!1s0xd126fb03839faab:0xf0d00573345d0ba2!8m2!3d37.3489571!4d-5.9327001?hl=es&amp;authuser=0\">C\u00f3mo llegar<\/a><\/strong><\/p>\n<p>Tel\u00e9fonos: 955 62 34 18 \/ 671 53 09 59\/ 955 62 35 35<\/p>\n\n<div class=\"wpcf7 no-js\" id=\"wpcf7-f2888-o1\" lang=\"es-ES\" dir=\"ltr\">\n<div class=\"screen-reader-response\"><p role=\"status\" aria-live=\"polite\" aria-atomic=\"true\"><\/p> <ul><\/ul><\/div>\n<form action=\"\/ceipanamariamatute\/wp-json\/wp\/v2\/pages\/3774#wpcf7-f2888-o1\" method=\"post\" class=\"wpcf7-form init\" aria-label=\"Formulario de contacto\" novalidate=\"novalidate\" data-status=\"init\">\n<div style=\"display: none;\">\n<input type=\"hidden\" name=\"_wpcf7\" value=\"2888\" \/>\n<input type=\"hidden\" name=\"_wpcf7_version\" value=\"5.9.8\" \/>\n<input type=\"hidden\" name=\"_wpcf7_locale\" value=\"es_ES\" \/>\n<input type=\"hidden\" name=\"_wpcf7_unit_tag\" value=\"wpcf7-f2888-o1\" \/>\n<input type=\"hidden\" name=\"_wpcf7_container_post\" value=\"0\" \/>\n<input type=\"hidden\" name=\"_wpcf7_posted_data_hash\" value=\"\" \/>\n<\/div>\n<p><label> Nombre (requerido)<br \/>\n<span class=\"wpcf7-form-control-wrap\" data-name=\"your-name\"><input size=\"40\" maxlength=\"400\" class=\"wpcf7-form-control wpcf7-text wpcf7-validates-as-required\" aria-required=\"true\" aria-invalid=\"false\" value=\"\" type=\"text\" name=\"your-name\" \/><\/span> <\/label>\n<\/p>\n<p><label> Tu correo electr\u00f3nico (requerido)<br \/>\n<span class=\"wpcf7-form-control-wrap\" data-name=\"your-email\"><input size=\"40\" maxlength=\"400\" class=\"wpcf7-form-control wpcf7-email wpcf7-validates-as-required wpcf7-text wpcf7-validates-as-email\" aria-required=\"true\" aria-invalid=\"false\" value=\"\" type=\"email\" name=\"your-email\" \/><\/span> <\/label>\n<\/p>\n<p><label> Asunto<br \/>\n<span class=\"wpcf7-form-control-wrap\" data-name=\"your-subject\"><input size=\"40\" maxlength=\"400\" class=\"wpcf7-form-control wpcf7-text\" aria-invalid=\"false\" value=\"\" type=\"text\" name=\"your-subject\" \/><\/span> <\/label>\n<\/p>\n<p><label> Mensaje<br \/>\n<span class=\"wpcf7-form-control-wrap\" data-name=\"your-message\"><textarea cols=\"40\" rows=\"10\" maxlength=\"2000\" class=\"wpcf7-form-control wpcf7-textarea\" aria-invalid=\"false\" name=\"your-message\"><\/textarea><\/span> <\/label>\n<\/p>\n<p><input class=\"wpcf7-form-control wpcf7-submit has-spinner\" type=\"submit\" value=\"Enviar\" \/>\n<\/p><div class=\"wpcf7-response-output\" aria-hidden=\"true\"><\/div>\n<\/form>\n<\/div>\n\n","protected":false},"excerpt":{"rendered":"<p>C.E.I.P. ANA MAR\u00cdA MATUTE Calle Vasco N\u00fa\u00f1ez de Balboa s\/n 41089 Condequinto, Dos Hermanas, Sevilla. C\u00f3mo llegar Tel\u00e9fonos: 955 62 34 18 \/ 671 53 09 59\/ 955 62 35 35<\/p>\n","protected":false},"author":6388,"featured_media":0,"parent":0,"menu_order":0,"comment_status":"closed","ping_status":"closed","template":"","meta":{"ngg_post_thumbnail":0,"footnotes":"","_mc_calendar":[]},"aioseo_notices":[],"post_mailing_queue_ids":[],"_links":{"self":[{"href":"https:\/\/blogsaverroes.juntadeandalucia.es\/ceipanamariamatute\/wp-json\/wp\/v2\/pages\/3774"}],"collection":[{"href":"https:\/\/blogsaverroes.juntadeandalucia.es\/ceipanamariamatute\/wp-json\/wp\/v2\/pages"}],"about":[{"href":"https:\/\/blogsaverroes.juntadeandalucia.es\/ceipanamariamatute\/wp-json\/wp\/v2\/types\/page"}],"author":[{"embeddable":true,"href":"https:\/\/blogsaverroes.juntadeandalucia.es\/ceipanamariamatute\/wp-json\/wp\/v2\/users\/6388"}],"replies":[{"embeddable":true,"href":"https:\/\/blogsaverroes.juntadeandalucia.es\/ceipanamariamatute\/wp-json\/wp\/v2\/comments?post=3774"}],"version-history":[{"count":2,"href":"https:\/\/blogsaverroes.juntadeandalucia.es\/ceipanamariamatute\/wp-json\/wp\/v2\/pages\/3774\/revisions"}],"predecessor-version":[{"id":3778,"href":"https:\/\/blogsaverroes.juntadeandalucia.es\/ceipanamariamatute\/wp-json\/wp\/v2\/pages\/3774\/revisions\/3778"}],"wp:attachment":[{"href":"https:\/\/blogsaverroes.juntadeandalucia.es\/ceipanamariamatute\/wp-json\/wp\/v2\/media?parent=3774"}],"curies":[{"name":"wp","href":"https:\/\/api.w.org\/{rel}","templated":true}]}}