{"id":4161,"date":"2025-04-10T11:50:30","date_gmt":"2025-04-10T11:50:30","guid":{"rendered":"https:\/\/blogsaverroes.juntadeandalucia.es\/ceipanamariamatute\/?page_id=4161"},"modified":"2026-04-06T10:27:25","modified_gmt":"2026-04-06T08:27:25","slug":"el-matutino-digital","status":"publish","type":"page","link":"https:\/\/blogsaverroes.juntadeandalucia.es\/ceipanamariamatute\/el-matutino-digital\/","title":{"rendered":"\u00abEL MATUTINO\u00bb"},"content":{"rendered":"<p>Bienvenidos y bienvenidas, desde aqu\u00ed podr\u00e9is acceder a todas las ediciones de nuestro peri\u00f3dico. Podr\u00e9is disfrutarlas en color y adem\u00e1s pinchar en los enlaces que en algunas secciones se ofrecen.<\/p>\n<h2><a href=\"https:\/\/padlet.com\/anamariamatuteceip\/el-matutino-qf1g0j6fu7ee2qwo\"><span style=\"color: #ff6600\">PARTICIPA CON TUS IDEAS, DIBUJOS, NOTICIAS, INVESTIGACIONES, CUENTOS, RECOMENDACIONES en:<\/span> <span style=\"color: #0000ff\"><strong>\u00abEL MATUTINO DIGITAL\u00bb<\/strong><\/span><\/a><\/h2>\n<p>&nbsp;<\/p>\n<h1>EDICIONES DE \u00abEL MATUTINO\u00bb<\/h1>\n<h2>2024\/2025<\/h2>\n<p><a href=\"https:\/\/www.canva.com\/design\/DAGUYM5ov8A\/yw18I_vODCo5WuZ7B_FSrA\/view?utm_content=DAGUYM5ov8A&amp;utm_campaign=designshare&amp;utm_medium=link2&amp;utm_source=uniquelinks&amp;utlId=hbadb21dd0b\">N\u00daMERO 1:&nbsp; SE APROXIMAN LAS NAVIDADES<\/a><\/p>\n<p><a href=\"https:\/\/www.canva.com\/design\/DAGc6YRnXtM\/wtwU4affkndKCU7xE9bYpg\/view?utm_content=DAGc6YRnXtM&amp;utm_campaign=designshare&amp;utm_medium=link2&amp;utm_source=uniquelinks&amp;utlId=h330c88ceb6\">N\u00daMERO 2:&nbsp; EASTER EGG<\/a><\/p>\n<p><a href=\"https:\/\/blogsaverroes.juntadeandalucia.es\/ceipanamariamatute\/files\/2025\/06\/SEMANA-DE-LAS-LETRAS-3-Periodico-Escolar-Digital-P.E.D.pdf\">N\u00daMERO 3: ESPECIAL SEMANA DE LAS LETRAS<\/a><\/p>\n<h2>2025\/2026<\/h2>\n<p><a href=\"https:\/\/www.canva.com\/design\/DAG3u8GZT5E\/9UXzMRQr9q-wWTb5ynOB6Q\/view?utm_content=DAG3u8GZT5E&amp;utm_campaign=designshare&amp;utm_medium=link2&amp;utm_source=uniquelinks&amp;utlId=hf8bc8bc21f\">N\u00daMERO 4: SOMOS SOLIDARIOS<\/a><\/p>\n<p><a href=\"https:\/\/drive.google.com\/file\/d\/1U_YlEBA2mgQ1KOwA7G_md7wemEkvjbpn\/view?usp=sharing\">N\u00daMERO 5: NUESTROS MATUTHALES<\/a><\/p>\n<p>&nbsp;<\/p>\n","protected":false},"excerpt":{"rendered":"<p>Bienvenidos y bienvenidas, desde aqu\u00ed podr\u00e9is acceder a todas las ediciones de nuestro peri\u00f3dico. Podr\u00e9is disfrutarlas en color y adem\u00e1s pinchar en los enlaces que en algunas secciones se ofrecen. PARTICIPA CON TUS IDEAS, DIBUJOS, NOTICIAS, INVESTIGACIONES, CUENTOS, RECOMENDACIONES en: \u00abEL MATUTINO DIGITAL\u00bb &nbsp; EDICIONES DE \u00abEL MATUTINO\u00bb 2024\/2025 N\u00daMERO 1:&nbsp; SE APROXIMAN LAS NAVIDADES [&hellip;]<\/p>\n","protected":false},"author":6388,"featured_media":0,"parent":0,"menu_order":0,"comment_status":"closed","ping_status":"closed","template":"","meta":{"ngg_post_thumbnail":0,"footnotes":"","_mc_calendar":[]},"aioseo_notices":[],"post_mailing_queue_ids":[],"_links":{"self":[{"href":"https:\/\/blogsaverroes.juntadeandalucia.es\/ceipanamariamatute\/wp-json\/wp\/v2\/pages\/4161"}],"collection":[{"href":"https:\/\/blogsaverroes.juntadeandalucia.es\/ceipanamariamatute\/wp-json\/wp\/v2\/pages"}],"about":[{"href":"https:\/\/blogsaverroes.juntadeandalucia.es\/ceipanamariamatute\/wp-json\/wp\/v2\/types\/page"}],"author":[{"embeddable":true,"href":"https:\/\/blogsaverroes.juntadeandalucia.es\/ceipanamariamatute\/wp-json\/wp\/v2\/users\/6388"}],"replies":[{"embeddable":true,"href":"https:\/\/blogsaverroes.juntadeandalucia.es\/ceipanamariamatute\/wp-json\/wp\/v2\/comments?post=4161"}],"version-history":[{"count":26,"href":"https:\/\/blogsaverroes.juntadeandalucia.es\/ceipanamariamatute\/wp-json\/wp\/v2\/pages\/4161\/revisions"}],"predecessor-version":[{"id":4509,"href":"https:\/\/blogsaverroes.juntadeandalucia.es\/ceipanamariamatute\/wp-json\/wp\/v2\/pages\/4161\/revisions\/4509"}],"wp:attachment":[{"href":"https:\/\/blogsaverroes.juntadeandalucia.es\/ceipanamariamatute\/wp-json\/wp\/v2\/media?parent=4161"}],"curies":[{"name":"wp","href":"https:\/\/api.w.org\/{rel}","templated":true}]}}