{"id":77,"date":"2015-03-16T06:54:56","date_gmt":"2015-03-16T06:54:56","guid":{"rendered":"http:\/\/blogsaverroes.juntadeandalucia.es\/pre\/ceip\/?page_id=77"},"modified":"2025-05-26T11:44:28","modified_gmt":"2025-05-26T09:44:28","slug":"secretaria","status":"publish","type":"page","link":"https:\/\/blogsaverroes.juntadeandalucia.es\/ceipanamariamatute\/secretaria\/","title":{"rendered":"Secretar\u00eda"},"content":{"rendered":"<p>La <strong>Secretar\u00eda<\/strong> desarrolla muchas funciones importantes en la vida de un centro, especialmente en la relaci\u00f3n que mantiene con las familias en los diferentes tr\u00e1mites administrativos a lo largo de la escolarizaci\u00f3n: admisi\u00f3n, matr\u00edcula, comedor escolar, becas, etc.<\/p>\n<p><strong>Horario de atenci\u00f3n :<\/strong><\/p>\n<p>Lunes y viernes.<\/p>\n<p><strong>De 09:30 h a 14:00 h<\/strong>&nbsp;<strong>por la ventanilla de la entrada principal<\/strong>.<\/p>\n<p><strong>PREVIA CITA:<\/strong> &nbsp;<strong>955 62 34 18 \/ 955 62 35 35<\/strong><\/p>\n<p>Cualquier otra consulta o duda puede enviarla al correo <strong>anamariamatuteceip@gmail.com<\/strong>. Todas las consultas ser\u00e1n atendidas en orden a prioridades del centro.&nbsp;<\/p>\n<h2 style=\"text-align: center\"><strong>SECRETAR\u00cdA VIRTUAL<\/strong><\/h2>\n<p>Los tr\u00e1mites de ADMISI\u00d3N Y MATRICULACI\u00d3N se realizan a trav\u00e9s de&nbsp;la <a href=\"https:\/\/www.juntadeandalucia.es\/educacion\/secretariavirtual\/\">Secretar\u00eda Virtual de los Centros Docentes Andaluces.<\/a><\/p>\n<p>Tanto desde la web como desde su propio iPASEN, donde le solicitar\u00e1n su clave <a href=\"https:\/\/blogsaverroes.juntadeandalucia.es\/ceipanamariamatute\/nuevas-tecnologias\/\">IANDE<\/a>.&nbsp;<\/p>\n<p>&nbsp;<\/p>\n<h3><strong>ADMISI\u00d3N\/ESCOLARIZACI\u00d3N (MARZO)<\/strong>:<\/h3>\n<p>Desde el d\u00eda <strong>1 al 31 de marzo<\/strong> se habilita el proceso de<strong> ADMISI\u00d3N<\/strong> (alumnado <strong>NUEVO EN EL CENTRO<\/strong>-3 a\u00f1os y otros cursos-).<\/p>\n<p>Los alumnos ya matriculados no tienen que realizar este tr\u00e1mite ya que la renovaci\u00f3n de su matr\u00edcula se har\u00e1 en junio como todos los a\u00f1os.<\/p>\n<p>El tr\u00e1mite de ADMISI\u00d3N se realiza a trav\u00e9s de la <a href=\"https:\/\/www.juntadeandalucia.es\/educacion\/secretariavirtual\/\">Secretar\u00eda Virtual de los Centros Docentes Andaluces <\/a>&nbsp;\/solicitudes \/<a href=\"https:\/\/www.juntadeandalucia.es\/educacion\/secretariavirtual\/accesoTramite\/543\/\">Acceso a Admisi\u00f3n en centros docentes p\u00fablicos y privados concertados para cursar las Ense\u00f1anzas de Segundo Ciclo de Educaci\u00f3n Infantil, Educaci\u00f3n Primaria, Educaci\u00f3n Secundaria Obligatoria y Bachillerato.<\/a><\/p>\n<p>donde le solicitar\u00e1n su clave <a href=\"https:\/\/blogsaverroes.juntadeandalucia.es\/ceipanamariamatute\/nuevas-tecnologias\/\">IANDE<\/a>.&nbsp;<\/p>\n<p>Si va a realizar la solicitud de admisi\u00f3n o matriculaci\u00f3n para su hijo\/a <strong>EN INFANTIL 3 A\u00d1OS<\/strong>, o bien si <strong>NO DISPONE DE IPASEN<\/strong>, debe descargarse primero la aplicaci\u00f3n iPASEN y pinchar en \u00abno estoy registrado\u00bb. Completando unos datos, les llegar\u00e1 un mensaje con su usuario y contrase\u00f1a iPASEN. Una vez en iPASEN, encontrar\u00e1 en el primer mensaje de \u00abcomunicaciones\u00bb el usuario iANDE y la CLAVE de su hijo\/a a quien va a matricular.<\/p>\n<p>Una vez hecho esto, la ruta ser\u00eda iPASEN\/TR\u00c1MITES\/SECRETAR\u00cdA VIRTUAL\/SOLICITUDES\/ESCOLARIZACI\u00d3N<\/p>\n<h3><strong>MATRICULACI\u00d3N (JUNIO):<\/strong><\/h3>\n<p>Estimadas familias.<\/p>\n<p>El proceso de matriculaci\u00f3n para antiguo y nuevo alumnado se realizar\u00e1 del 1 al 9 de junio inclusive, de manera ONLINE a trav\u00e9s de la <a href=\"https:\/\/www.juntadeandalucia.es\/educacion\/secretariavirtual\/\">Secretar\u00eda Virtual de los Centros Educativos<\/a>.<\/p>\n<p class=\"has-text-color has-background has-very-dark-gray-color has-pale-cyan-blue-background-color\">Este proceso de matriculaci\u00f3n solo puede hacerse en los plazos establecidos, ni antes, ni despu\u00e9s.<\/p>\n<div class=\"wp-container-1 wp-block-buttons aligncenter\">\n<div class=\"wp-block-button\"><a href=\"https:\/\/www.juntadeandalucia.es\/educacion\/portales\/web\/escolarizacion\/infantil-a-bachillerato\/calendario\">Consulte los plazos de matr\u00edcula<\/a><\/div>\n<\/div>\n<p>De igual manera,&nbsp;<strong>a trav\u00e9s de la matr\u00edcula<\/strong>,<strong>&nbsp;se pueden solicitar tambi\u00e9n los servicios del Plan de Apertura: comedor, aula matinal y actividades extraescolares.<\/strong><\/p>\n<p><a href=\"https:\/\/blogsaverroes.juntadeandalucia.es\/ceipanamariamatute\/files\/2022\/06\/documentacion-previa-a-la-matriculacion.pdf\">Posible documentaci\u00f3n previa a la matriculaci\u00f3n que debe tener preparada si solicita esos servicios<\/a><\/p>\n<h2>1. Resumen del proceso<\/h2>\n<p>El proceso de matriculaci\u00f3n se hace a trav\u00e9s de la&nbsp;<strong>secretar\u00eda virtual<\/strong>. Se accede a ella en esta direcci\u00f3n:<\/p>\n<p><a href=\"https:\/\/www.juntadeandalucia.es\/educacion\/secretariavirtual\/\">https:\/\/www.juntadeandalucia.es\/educacion\/secretariavirtual\/<\/a><\/p>\n<figure class=\"wp-block-image size-large\"><img loading=\"lazy\" decoding=\"async\" class=\"wp-image-3798\" src=\"https:\/\/i2.wp.com\/www.ceipconcordia.es\/wp-content\/uploads\/2020\/05\/secretariavirtual.png?fit=750%2C360\" alt=\"\" width=\"1208\" height=\"580\"><figcaption>P\u00e1gina de la Secretar\u00eda virtual<\/figcaption><\/figure>\n<p>&nbsp;<\/p>\n<p>1.A- Para poder <strong>identificarnos como usuarios<\/strong>, tenemos que usar alguno de estos m\u00e9todos:<\/p>\n<ul>\n<li><em>Cl@ve<\/em>&nbsp;<\/li>\n<li><strong><span class=\"has-inline-color has-vivid-red-color\">iANDE<\/span><\/strong><\/li>\n<\/ul>\n<p>Una vez identificados, el proceso es mucho m\u00e1s r\u00e1pido, completo y fiable que la entrega presencial. Consiste \u00fanicamente en&nbsp;<strong>rellenar la solicitud y enviarla por internet<\/strong>.<\/p>\n<p>Para ello es importante que teng\u00e1is a mano la clave&nbsp;<strong>iANDE antes de comenzar el proceso:<\/strong><\/p>\n<p>&nbsp;La Junta de Andaluc\u00eda, ha habilitado el&nbsp;<strong>Identificador Andaluz Educativo (iANDE)<\/strong>, una clave que les permitir\u00e1 acceder a la Secretar\u00eda Virtual de forma \u00e1gil y r\u00e1pida. Estas claves se han enviado a las familias a trav\u00e9s de iPasen. Tendr\u00e9is que entrar y ver los mensajes en la bandeja de entrada de \u201cCOMUNICACIONES\u201d y ver\u00e9is las claves \u201ciANDE\u201d de cada uno de vuestros hijos o hijas. (En la mayor\u00eda de los casos, es el primer mensaje marcado con un pinchito)<\/p>\n<p>2.A- Las personas que a\u00fan <strong>NO TIENEN IPASEN y por ello no tengan la clave IANDE: :<\/strong><\/p>\n<p>\u00bfQu\u00e9 es iPASEN?<\/p>\n<p>iPASEN Es la aplicaci\u00f3n m\u00f3vil. En teor\u00eda tiene las mismas funcionalidades que PASEN. Puede descargarse las versiones de iPasen para&nbsp;<a href=\"https:\/\/apps.apple.com\/es\/app\/ipasen\/id511127024?l=en\">iOS<\/a>&nbsp;y&nbsp;<a href=\"https:\/\/play.google.com\/store\/apps\/details?id=juntadeandalucia.ced.pasen\">Android<\/a>. Ambas est\u00e1n disponibles en sus respectivos repositorios de la&nbsp;<strong>AppStore&nbsp;<\/strong>y&nbsp;<strong>Google Play<\/strong><\/p>\n<p><strong>\u00bfC\u00f3mo conseguir el USUARIO y la CONTRASE\u00d1A iPASEN\/PASEN?<\/strong><\/p>\n<ul>\n<li><a href=\"https:\/\/www.youtube.com\/watch?v=cHLova48ULE&amp;feature=emb_logo\">Accedo por primera vez: AUTOLOGIN o AUTORREGISTRO<\/a>.<\/li>\n<li>Olvid\u00e9 mi nombre de usuario:<\/li>\n<\/ul>\n<p>El USUARIO es una combinaci\u00f3n de la primera letra del nombre del padre\/madre\/tutor, seguida de las tres primeras letras de su primer apellido, seguidas de las tres primeras letras de su segundo apellido. Por \u00faltimo le a\u00f1adiremos los tres \u00faltimos n\u00fameros de su D.N.I.<\/p>\n<p>Por ejemplo, el usuario de Joaqu\u00edn D\u00e1maso Ruiz con NIF: 257341998 B, ser\u00eda: jdamrui998<\/p>\n<p>3.A- <strong>Caso de que <\/strong>NO HAYA ESTADO MATRICULADO\/A SU HIJO\/A<strong> EN NING\u00daN CENTRO ANDALUZ Y&nbsp; no tenga clave iANDE<\/strong>, puede solicitarla a trav\u00e9s del centro escolar o escribiendo a anamariamatuteceip@gmail.com, escribiendo en el asunto CLAVE IANDE y reflejando su nombre completo.<\/p>\n<p>4.A PROCESO:<\/p>\n<ul>\n<li>El proceso de matriculaci\u00f3n<strong> a trav\u00e9s de la web<\/strong> os resultar\u00e1 muy f\u00e1cil si primero visualiz\u00e1is este v\u00eddeo:<\/li>\n<\/ul>\n<p>[youtube https:\/\/www.youtube.com\/watch?v=7D1QzGex7SQ?feature=youtu]<\/p>\n<ul>\n<li><strong>Si decidimos realizar la matriculaci\u00f3n a trav\u00e9s de IPASEN, es incluso m\u00e1s sencillo:<br \/>\n<iframe loading=\"lazy\" src=\"https:\/\/www.youtube.com\/embed\/ZCIk-7HDGVU\" width=\"560\" height=\"315\" frameborder=\"0\"><\/iframe><\/strong><\/li>\n<\/ul>\n<h2 id=\"cumplimentacion\">2. Cumplimentaci\u00f3n de la matr\u00edcula<\/h2>\n<p>Una vez que ya dispone de su clave iANDE, tiene que usarse para acceder a la secretaria virtual (<a href=\"https:\/\/www.juntadeandalucia.es\/educacion\/secretariavirtual\/\" target=\"_blank\" rel=\"noreferrer noopener\">enlace<\/a>), hacemos clic en&nbsp;<em><strong>Solicitudes&nbsp;<\/strong>&gt;&nbsp;<strong>Sobre de matr\u00edcula<\/strong>&nbsp;&gt;&nbsp;<strong>Sobre electr\u00f3nico de matr\u00edcula (Ciclo de infantil y Primaria<\/strong><\/em><\/p>\n<div class=\"wp-block-image\">\n<figure class=\"aligncenter size-large\"><img loading=\"lazy\" decoding=\"async\" class=\"wp-image-3848\" src=\"https:\/\/i0.wp.com\/www.ceipconcordia.es\/wp-content\/uploads\/2020\/06\/ruta-matricula-1024x297.png?resize=978%2C284\" alt=\"\" width=\"978\" height=\"284\" data-recalc-dims=\"1\"><figcaption>clic para ampliar<\/figcaption><\/figure>\n<\/div>\n<p>Hacemos clic en&nbsp;<em><strong>Acceder&nbsp;<\/strong><\/em>del apartado iANDE e introducimos los datos (fecha de nacimiento del ni\u00f1o\/a y la clave iANDE)<\/p>\n<p>Una vez identificados, solo nos queda rellenar el formulario.<\/p>\n<p>En este v\u00eddeo&nbsp;<strong>se explica con todo detalle como cumplimentarla<\/strong>:<\/p>\n<figure class=\"wp-block-embed-youtube wp-block-embed is-type-video is-provider-youtube wp-embed-aspect-16-9 wp-has-aspect-ratio\">\n<div class=\"wp-block-embed__wrapper\"><span class=\"embed-youtube\"><iframe loading=\"lazy\" src=\"https:\/\/www.youtube.com\/embed\/7D1QzGex7SQ?version=3&amp;rel=1&amp;showsearch=0&amp;showinfo=1&amp;iv_load_policy=1&amp;fs=1&amp;hl=es-ES&amp;autohide=2&amp;wmode=transparent\" width=\"978\" height=\"551\" sandbox=\"allow-scripts allow-same-origin allow-popups allow-presentation\"><\/iframe><\/span><\/div>\n<\/figure>\n<p>A tener en cuenta:<\/p>\n<ul>\n<li>Todos los campos con&nbsp;<span class=\"has-inline-color has-vivid-red-color\">*<\/span>&nbsp;tiene que rellenarse obligatoriamente.<\/li>\n<li>El&nbsp;<strong>proceso puede guardarse<\/strong>&nbsp;para ser terminado posteriormente.<\/li>\n<li>Si quiere&nbsp;<strong>cambiar entre dar valores o religi\u00f3n<\/strong>, debe hacerlo ahora.<\/li>\n<\/ul>\n<h3>3. Tr\u00e1mites opcionales<\/h3>\n<p>Si solicita el&nbsp;<strong>aula matinal, comedor o actividades extraescolares<\/strong>&nbsp; debe tener preparado el n\u00famero de cuenta bancaria y <a href=\"https:\/\/blogsaverroes.juntadeandalucia.es\/ceipanamariamatute\/files\/2022\/06\/documentacion-previa-a-la-matriculacion.pdf\">los documentos que acrediten las circunstancias declaradas (en PDF, escaneados o bien fotografiados)<\/a><\/p>\n<p>Si hace clic en los c\u00edrculos verdes (se\u00f1alados por una flecha en la captura de abajo) ver\u00e1 qu\u00e9 tiene que presentar (se suben a la web)<\/p>\n<figure class=\"wp-block-image size-large\"><a href=\"https:\/\/i0.wp.com\/www.ceipconcordia.es\/wp-content\/uploads\/2020\/05\/acreditacion.png\" rel=\"prettyPhoto[77]\" data-slb-active=\"1\" data-slb-asset=\"685405873\" data-slb-internal=\"0\" data-slb-group=\"3795\"><img loading=\"lazy\" decoding=\"async\" class=\"wp-image-3813\" src=\"https:\/\/i0.wp.com\/www.ceipconcordia.es\/wp-content\/uploads\/2020\/05\/acreditacion.png?fit=750%2C408\" alt=\"\" width=\"1055\" height=\"574\"><\/a><figcaption>clic para ampliar<\/figcaption><\/figure>\n<p>Si desea&nbsp;<strong>autorizar a otras personas para que recojan a su hijo\/a del colegio<\/strong>, tendr\u00e1 que conocer el&nbsp;nombre, apellidos y DNI o NIE&nbsp;de las personas a las que autorice.<\/p>\n<p>De igual manera deber\u00e1 completar el apartado de<strong> AUTORIZACI\u00d3N DE IMAGEN<\/strong> para que desde el centro podamos hacer uso de las im\u00e1genes en trabajos, web, facebook, wassap y dem\u00e1s contextos utilizados en el centro.<\/p>\n<h2>4. Dificultades<\/h2>\n<p>Si encuentra dificultades para realizar alguno de los pasos, contacte con el colegio:<\/p>\n<p>anamariamatuteceip@gmail.com<\/p>\n<h3>CONSULTA DE LA ADJUDICACI\u00d3N PROVISIONAL DE LOS SERVICIOS DEL PLAN DE APERTURA (A trav\u00e9s de la Secretar\u00eda Virtual):<\/h3>\n<p><a href=\"https:\/\/www.juntadeandalucia.es\/educacion\/secretariavirtual\/accesoConsultas\/1318\/\">Consulta de la adjudicaci\u00f3n provisional de Servicios Complementarios (aula matinal, comedor escolar y actividades extraescolares)<\/a><\/p>\n<h4>ALEGACIONES AL PLAN DE APERTURA<\/h4>\n<p>Del 15 al 28 de junio se are el per\u00edodo para realizar las alegaciones al&nbsp; del Plan de Apertura.<\/p>\n<p>Pueden realizarse de igual manera a trav\u00e9s de la Secretar\u00eda Virtual de los Centros Docentes tanto por la web como por la aplicaci\u00f3n IPASEN.<\/p>\n<p>La ruta para realizarla por la web es: <a href=\"https:\/\/www.juntadeandalucia.es\/educacion\/secretariavirtual\/accesoTramite\/674\/\">SECRETAR\u00cdA VIRTUAL DE LOS CENTROS DOCENTES\/SOLICITUDES\/SERVICIOS COMPLEMENTARIOS<\/a><\/p>\n<p>Desde el m\u00f3vil se puede realizar igualmente seleccionando la ruta de la Secretar\u00eda Virtual de los centros Docentes.<\/p>\n<h3>CONSULTA DE LA ADJUDICACI\u00d3N DEFINITIVA DE LOS SERVICIOS DEL PLAN DE APERTURA (A trav\u00e9s de la Secretar\u00eda Virtual):<\/h3>\n<p><a href=\"https:\/\/www.juntadeandalucia.es\/educacion\/secretariavirtual\/accesoConsultas\/1387\/\">Consulta de la adjudicaci\u00f3n definitiva de Servicios Complementarios (aula matinal, comedor escolar y actividades extraescolares)<\/a><\/p>\n<p>Desde el m\u00f3vil se puede realizar igualmente seleccionando la ruta de la Secretar\u00eda Virtual de los centros Docentes\/Consultas\/Servicios Complementarios.<\/p>\n<h2><strong>BONIFICACIONES&nbsp;<\/strong><\/h2>\n<h4 class=\"has-text-align-center has-large-font-size wp-block-heading\"><mark class=\"has-inline-color has-pale-pink-color\">AULA MATINAL Y COMEDOR<\/mark><\/h4>\n<p>El plazo para la solicitud de las&nbsp;<strong>BONIFICACIONES<\/strong>&nbsp;del Plan de Apertura (aula matinal y comedor) es del&nbsp;<strong>1 al 7 de septiembre de 2023<\/strong>&nbsp;o tres d\u00edas posteriores a su incorporaci\u00f3n al servicio si ha sido fuera de plazo la solicitud.<\/p>\n<p><strong>1. PRESENTAR LA SOLICITUD V\u00cdA M\u00d3VIL CON LA APLICACI\u00d3N IPASEN<\/strong><\/p>\n<p>Una vez en iPASEN, pinchamos en el icono de familia inferior izquierdo y en tr\u00e1mites accedemos a la secretar\u00eda virtual. Una vez all\u00ed, seleccionamos en el desplegable \u00abServicios complementarios\u00bb y nos facilita la pesta\u00f1a \u00abBonificaci\u00f3n del precio p\u00fablico\/gratuidad total de los servicios complementarios. (Importante tener localizados los documentos que se nos van a solicitar).<\/p>\n<p><strong>2. PRESENTAR LA SOLICITUD DE FORMA TELEM\u00c1TICA<\/strong><\/p>\n<p>Pueden presentar el impreso de bonificaci\u00f3n a trav\u00e9s de la&nbsp;<a href=\"https:\/\/www.juntadeandalucia.es\/educacion\/secretariavirtual\/accesoTramite\/381\/\" target=\"_blank\" rel=\"noreferrer noopener\">secretar\u00eda virtual<\/a>&nbsp;de los centros educativos a partir del 1 de septiembre (presentaci\u00f3n electr\u00f3nica general en centros educativos):&nbsp;<a href=\"https:\/\/www.juntadeandalucia.es\/educacion\/secretariavirtual\/\" target=\"_blank\" rel=\"noreferrer noopener\">&nbsp;https:\/\/www.juntadeandalucia.es\/educacion\/secretariavirtual\/accesoTramite\/381\/<\/a><\/p>\n<ul>\n<li>El listado de bonificaciones provisional se publicar\u00e1 a partir del 2 de octubre 2023. Enlace a consulta.<\/li>\n<li>Plazo de alegaciones a bonificaciones provisionales 10 d\u00edas. Las alegaciones al listado provisional de las bonificaciones lo pueden realizar en a por Secretar\u00eda Virtual (<em><a href=\"https:\/\/www.juntadeandalucia.es\/educacion\/secretariavirtual\/accesoTramite\/526\/\" target=\"_blank\" rel=\"noreferrer noopener\">Acceso a Alegaciones a la resoluci\u00f3n provisional de bonificaci\u00f3n\/gratuidad del precio p\u00fablico de servicios complementarios<\/a><\/em>) o de forma presencial en horario de secretar\u00eda (de lunes a viernes de 9:15h a 10:30h).<\/li>\n<li>La comunicaci\u00f3n de bonificaciones definitivas ser\u00e1 a partir del 20 de octubre de 2023. Los solicitantes deben firmar su notificaci\u00f3n.<\/li>\n<li>Los solicitantes dispondr\u00e1n de una consulta teletramitada personalizada en la&nbsp;<a href=\"https:\/\/www.juntadeandalucia.es\/educacion\/secretariavirtual\/accesoTramite\/462\/\" target=\"_blank\" rel=\"noreferrer noopener\">Secretar\u00eda Virtual de los Centros Educativos<\/a>.<\/li>\n<li>Recordamos que la solicitud debe estar firmado por todas las personas mayores de 16 a\u00f1os de la unidad familiar a fecha de 31 de diciembre de 2022.\n<ul>\n<li><mark class=\"has-inline-color\">Computar\u00e1n los familiares<\/mark>&nbsp;hasta segundo grado de consanguinidad, afinidad o parentesco con respecto al\/la menor, que convivan en el domicilio familiar donde est\u00e9 empadronado.<\/li>\n<li>Solo computar\u00e1n los abuelos\/as y hermanos\/as del\/la menor (tanto hermanos por parte de los dos progenitores, como de uno de ellos o hermanos por acogimiento familiar) cuando est\u00e9n inscritos en el certificado o volante de empadronamiento colectivo del domicilio del menor o de la menor para el que se solicita admisi\u00f3n y ayuda. No computar\u00e1 por tanto el resto de personas que pudieran constar en el certificado o volante de empadronamiento colectivo (t\u00edos, bisabuelos, sobrinos,\u2026). Si los progenitores no son los tutores legales del menor o la menor, pero conviven con \u00e9l o ella, ser\u00e1n considerados como miembros de la unidad familiar y tenidos en cuenta a efectos de renta.<\/li>\n<li>La documentaci\u00f3n acreditativa respecto al resto de miembros de la unidad familiar a aportar es un certificado o volante de empadronamiento colectivo.<\/li>\n<\/ul>\n<\/li>\n<li>Todos los datos, tanto de ingresos como de situaciones familiares o miembros de la unidad familiar, estar\u00e1n referidos a 31 de diciembre de 2022.<\/li>\n<li>El alumnado que es declarado como usuario del Plan Syga se les asignar\u00e1 autom\u00e1ticamente 100% de bonificaci\u00f3n en el servicio de COMEDOR, NO SIENDO NECESARIO haber presentado solicitud de bonificaci\u00f3n\/gratuidad en estos casos.&nbsp;<mark class=\"has-inline-color\">Si es usuario de aula matinal si es necesaria su presentaci\u00f3<\/mark>n.<\/li>\n<li>Precios de los servicios: (<a href=\"https:\/\/www.juntadeandalucia.es\/eboja\/2023\/147\/BOJA23-147-00002-12929-01_00287936.pdf\" target=\"_blank\" rel=\"noreferrer noopener\">Acuerdo de 27 de julio de 2023, del Consejo de Gobierno<\/a>)\n<ul>\n<li><mark class=\"has-inline-color has-vivid-green-cyan-color\">Aula matinal<\/mark>&nbsp;:\n<ul>\n<li>Mes Completo: 17,51\u20ac<\/li>\n<li>Precio por d\u00eda: 1,33\u20ac<\/li>\n<\/ul>\n<\/li>\n<li><mark class=\"has-inline-color has-vivid-green-cyan-color\">Comedor<\/mark>: 4,98\u20ac por d\u00eda.<\/li>\n<\/ul>\n<\/li>\n<\/ul>\n<div class=\"pdfemb-viewer\">\n<div class=\"pdfemb-pagescontainer grab-to-pan-grab\">\n<div class=\"pdfemb-inner-div pdfemb-page1\">\n<p><strong>3. PRESENTAR LA SOLICITUD DE FORMA PRESENCIAL<\/strong><\/p>\n<p>El horario de secretar\u00eda es de 9:15h a 13:00h de lunes y mi\u00e9rcoles.<\/p>\n<p>DESCARGA del Impreso:&nbsp;<a href=\"https:\/\/blogsaverroes.juntadeandalucia.es\/ceipanamariamatute\/files\/2023\/09\/Anexo_V_Solicitud_de_bonificacion_AM_CE_y_AAEX.pdf\">Anexo_V_Solicitud_de_bonificacion_AM_CE_y_AAEX<\/a><\/p>\n<\/div>\n<\/div>\n<\/div>\n<ul>\n<li>Las alegaciones al listado provisional de las bonificaciones lo pueden realizar en a por Secretar\u00eda Virtual (<em><a href=\"https:\/\/www.juntadeandalucia.es\/educacion\/secretariavirtual\/accesoTramite\/526\/\" target=\"_blank\" rel=\"noreferrer noopener\">Acceso a Alegaciones a la resoluci\u00f3n provisional de bonificaci\u00f3n\/gratuidad del precio p\u00fablico de servicios complementarios<\/a><\/em>) o de forma presencial en horario de secretar\u00eda ( lunes y&nbsp; mi\u00e9rcoles de 9:15h a 13:00h).<\/li>\n<\/ul>\n<p><mark class=\"has-inline-color has-black-color\"><strong>De acuerdo con lo establecido en el art\u00edculo 25.3 de la Orden de 17 de abril de 2017, no se tendr\u00e1 derecho a bonificaci\u00f3n cuando se constate que alguno de los datos aportados sea falso.<\/strong><\/mark><\/p>\n<p>En nuestra&nbsp;<a href=\"https:\/\/blogsaverroes.juntadeandalucia.es\/ceipanamariamatute\/\">web<\/a>&nbsp;tienen m\u00e1s informaci\u00f3n sobre el funcionamiento de los servicios de Aula Matinal y Comedor.<\/p>\n<p>&nbsp;<\/p>\n","protected":false},"excerpt":{"rendered":"<p>La Secretar\u00eda desarrolla muchas funciones importantes en la vida de un centro, especialmente en la relaci\u00f3n que mantiene con las familias en los diferentes tr\u00e1mites administrativos a lo largo de la escolarizaci\u00f3n: admisi\u00f3n, matr\u00edcula, comedor escolar, becas, etc. Horario de atenci\u00f3n : Lunes y viernes. De 09:30 h a 14:00 h&nbsp;por la ventanilla de la [&hellip;]<\/p>\n","protected":false},"author":1,"featured_media":0,"parent":0,"menu_order":0,"comment_status":"closed","ping_status":"open","template":"","meta":{"ngg_post_thumbnail":0,"footnotes":"","_mc_calendar":[]},"aioseo_notices":[],"post_mailing_queue_ids":[],"_links":{"self":[{"href":"https:\/\/blogsaverroes.juntadeandalucia.es\/ceipanamariamatute\/wp-json\/wp\/v2\/pages\/77"}],"collection":[{"href":"https:\/\/blogsaverroes.juntadeandalucia.es\/ceipanamariamatute\/wp-json\/wp\/v2\/pages"}],"about":[{"href":"https:\/\/blogsaverroes.juntadeandalucia.es\/ceipanamariamatute\/wp-json\/wp\/v2\/types\/page"}],"author":[{"embeddable":true,"href":"https:\/\/blogsaverroes.juntadeandalucia.es\/ceipanamariamatute\/wp-json\/wp\/v2\/users\/1"}],"replies":[{"embeddable":true,"href":"https:\/\/blogsaverroes.juntadeandalucia.es\/ceipanamariamatute\/wp-json\/wp\/v2\/comments?post=77"}],"version-history":[{"count":46,"href":"https:\/\/blogsaverroes.juntadeandalucia.es\/ceipanamariamatute\/wp-json\/wp\/v2\/pages\/77\/revisions"}],"predecessor-version":[{"id":4348,"href":"https:\/\/blogsaverroes.juntadeandalucia.es\/ceipanamariamatute\/wp-json\/wp\/v2\/pages\/77\/revisions\/4348"}],"wp:attachment":[{"href":"https:\/\/blogsaverroes.juntadeandalucia.es\/ceipanamariamatute\/wp-json\/wp\/v2\/media?parent=77"}],"curies":[{"name":"wp","href":"https:\/\/api.w.org\/{rel}","templated":true}]}}