{"id":870,"date":"2015-03-16T07:24:27","date_gmt":"2015-03-16T07:24:27","guid":{"rendered":"http:\/\/blogsaverroes.juntadeandalucia.es\/pre\/ceip\/?page_id=103"},"modified":"2024-11-26T14:32:48","modified_gmt":"2024-11-26T14:32:48","slug":"aula-matinal","status":"publish","type":"page","link":"https:\/\/blogsaverroes.juntadeandalucia.es\/ceipanamariamatute\/aula-matinal\/","title":{"rendered":"Aula Matinal"},"content":{"rendered":"<p><img loading=\"lazy\" decoding=\"async\" class=\" size-medium wp-image-226 alignleft\" src=\"http:\/\/blogsaverroes.juntadeandalucia.es\/pre\/ceip\/files\/2015\/03\/aula_matinal-300x186.jpg\" alt=\"aula_matinal\" width=\"300\" height=\"186\" srcset=\"https:\/\/blogsaverroes.juntadeandalucia.es\/ceipanamariamatute\/files\/2015\/03\/aula_matinal-300x186.jpg 300w, https:\/\/blogsaverroes.juntadeandalucia.es\/ceipanamariamatute\/files\/2015\/03\/aula_matinal-700x433.jpg 700w, https:\/\/blogsaverroes.juntadeandalucia.es\/ceipanamariamatute\/files\/2015\/03\/aula_matinal-332x206.jpg 332w, https:\/\/blogsaverroes.juntadeandalucia.es\/ceipanamariamatute\/files\/2015\/03\/aula_matinal.jpg 709w\" sizes=\"(max-width: 300px) 100vw, 300px\" \/><\/p>\n<h4>&nbsp;<\/h4>\n<p>El <strong>Aula Matinal<\/strong> abre a las 7.30 horas de lunes a viernes, ofreciendo actividades diversas a los estudiantes hasta el comienzo del horario lectivo. Est\u00e1 ubicada en la primera aula accediendo por la puerta de entrada del alumnado de Infantil.<\/p>\n<p>Este servicio forma parte del Plan de Apertura de Centros, pretende contribuir a la conciliaci\u00f3n laboral-familiar.&nbsp;<\/p>\n<p>Puede consultar la <a href=\"http:\/\/portals.ced.junta-andalucia.es\/educacion\/portals\/web\/ced\/plan-apertura\/-\/normativas\/detalle\/orden-de-17-abril-de-2017-por-la-que-se-regula-la-organizacion-y-el-funcionamiento-de-los-servicios-complementarios-de\">Orden<\/a> que regula este servicio.<\/p>\n<p>Tambi\u00e9n puede descargarse el <a href=\"http:\/\/portals.ced.junta-andalucia.es\/educacion\/portals\/abaco-portlet\/content\/f35ef9ac-4abe-4386-9912-f0514c98320e\">formulario<\/a>&nbsp;y presentarlo en la Secretar\u00eda del Colegio.<\/p>\n<p>Puede&nbsp;utilizarse&nbsp;cualquier d\u00eda previa inscripci\u00f3n y domiciliaci\u00f3n bancaria.<\/p>\n<p>&nbsp;<\/p>\n","protected":false},"excerpt":{"rendered":"<p>&nbsp; El Aula Matinal abre a las 7.30 horas de lunes a viernes, ofreciendo actividades diversas a los estudiantes hasta el comienzo del horario lectivo. Est\u00e1 ubicada en la primera aula accediendo por la puerta de entrada del alumnado de Infantil. Este servicio forma parte del Plan de Apertura de Centros, pretende contribuir a la [&hellip;]<\/p>\n","protected":false},"author":1,"featured_media":0,"parent":0,"menu_order":0,"comment_status":"closed","ping_status":"open","template":"","meta":{"ngg_post_thumbnail":0,"footnotes":"","_mc_calendar":[]},"aioseo_notices":[],"post_mailing_queue_ids":[],"_links":{"self":[{"href":"https:\/\/blogsaverroes.juntadeandalucia.es\/ceipanamariamatute\/wp-json\/wp\/v2\/pages\/870"}],"collection":[{"href":"https:\/\/blogsaverroes.juntadeandalucia.es\/ceipanamariamatute\/wp-json\/wp\/v2\/pages"}],"about":[{"href":"https:\/\/blogsaverroes.juntadeandalucia.es\/ceipanamariamatute\/wp-json\/wp\/v2\/types\/page"}],"author":[{"embeddable":true,"href":"https:\/\/blogsaverroes.juntadeandalucia.es\/ceipanamariamatute\/wp-json\/wp\/v2\/users\/1"}],"replies":[{"embeddable":true,"href":"https:\/\/blogsaverroes.juntadeandalucia.es\/ceipanamariamatute\/wp-json\/wp\/v2\/comments?post=870"}],"version-history":[{"count":6,"href":"https:\/\/blogsaverroes.juntadeandalucia.es\/ceipanamariamatute\/wp-json\/wp\/v2\/pages\/870\/revisions"}],"predecessor-version":[{"id":4093,"href":"https:\/\/blogsaverroes.juntadeandalucia.es\/ceipanamariamatute\/wp-json\/wp\/v2\/pages\/870\/revisions\/4093"}],"wp:attachment":[{"href":"https:\/\/blogsaverroes.juntadeandalucia.es\/ceipanamariamatute\/wp-json\/wp\/v2\/media?parent=870"}],"curies":[{"name":"wp","href":"https:\/\/api.w.org\/{rel}","templated":true}]}}