{"id":99,"date":"2015-03-16T07:22:54","date_gmt":"2015-03-16T07:22:54","guid":{"rendered":"http:\/\/blogsaverroes.juntadeandalucia.es\/pre\/ceip\/?page_id=99"},"modified":"2025-03-10T17:28:45","modified_gmt":"2025-03-10T17:28:45","slug":"comedor-escolar","status":"publish","type":"page","link":"https:\/\/blogsaverroes.juntadeandalucia.es\/ceipanamariamatute\/comedor-escolar\/","title":{"rendered":"Comedor escolar"},"content":{"rendered":"<h4>&nbsp;<\/h4>\n<h4><a href=\"http:\/\/blogsaverroes.juntadeandalucia.es\/temapinboard\/files\/2015\/03\/comida.jpg\" rel=\"prettyPhoto[99]\"><img loading=\"lazy\" decoding=\"async\" class=\"aligncenter wp-image-238 \" src=\"http:\/\/blogsaverroes.juntadeandalucia.es\/temapinboard\/files\/2015\/03\/comida.jpg\" alt=\"\" width=\"582\" height=\"341\"><\/a><\/h4>\n<p style=\"text-align: left\">El comedor escolar es un servicio complementario que resulta de gran utilidad a padres y madres para ayudarles a conciliar la vida laboral y familiar. Tienen una duraci\u00f3n de hasta dos horas desde que acaba la jornada escolar de la ma\u00f1ana (de 14.00 a 16.00 horas).<\/p>\n<p style=\"text-align: left\">Los comedores son adem\u00e1s una pieza importante&nbsp;en todas las medidas dirigidas a mejorar los h\u00e1bitos alimenticios de los ni\u00f1os y ni\u00f1as y prevenir problemas de salud como la obesidad.<\/p>\n<p style=\"text-align: left\">Los comedores escolares de los centros p\u00fablicos andaluces promueven una alimentaci\u00f3n saludable que est\u00e1 <strong>supervisada por nutricionistas<\/strong> y que, entre otros aspectos, se caracteriza por: Una mayor proporci\u00f3n de verdura en los men\u00fas, fruta fresca como postre al menos cuatro d\u00edas a la semana, uso de aceite de oliva virgen extra, m\u00e1s pescado que carne, que debe ser magra, limitaci\u00f3n de los fritos, apuesta por la dieta mediterr\u00e1nea y los productos ecol\u00f3gicos.<\/p>\n<p><strong>NUESTRO COMEDOR:&nbsp;&nbsp;<\/strong><\/p>\n<p>El comedor est\u00e1 gestionado por el grupo: <strong>MEDITERR\u00c1NEA<\/strong><\/p>\n<p><a href=\"https:\/\/andalucia.mediterranea-group.com\/padres\/zona-padres.cfm\">ENLACE A LA WEB DEL COMEDOR<\/a><\/p>\n<p>SI REGISTRA ALGUNA INCIDENCIA:<\/p>\n<p>Para garantizar una correcta gesti\u00f3n de la incidencias producidas en la facturaci\u00f3n de los recibos del comedor, rogamos que las incidencias se tramiten solo y exclusivamente a trav\u00e9s del departamento de administraci\u00f3n: administracion.sevilla@mediterranea-group.com<\/p>\n<p>Le rogamos paciencia ya que recibimos cientos de mails diariamente y vamos atendiendo a las incidencias por orden de llegada.<br \/>\nAprovecho para recordarles que los mails deben de recibir una respuesta autom\u00e1tica de la recepci\u00f3n del mensaje, sino lo recibe compruebe la direcci\u00f3n donde lo est\u00e1 enviando, ya que no puede llevar ning\u00fan tipo de tilde ( el corrector del tel\u00e9fono lo pone autom\u00e1ticamente) o que est\u00e9 escrita la direcci\u00f3n de correo completa y correcta.<\/p>\n<p>Los correos de notificaci\u00f3n de ausencias no se contestan, solo se contestan el resto de incidencias pero recuerde identificar el nombre completo del usuario , el centro al que pertenece y localidad.<\/p>\n<p>Atentamente<br \/>\nDepartamento de Administraci\u00f3n<\/p>\n","protected":false},"excerpt":{"rendered":"<p>&nbsp; El comedor escolar es un servicio complementario que resulta de gran utilidad a padres y madres para ayudarles a conciliar la vida laboral y familiar. Tienen una duraci\u00f3n de hasta dos horas desde que acaba la jornada escolar de la ma\u00f1ana (de 14.00 a 16.00 horas). Los comedores son adem\u00e1s una pieza importante&nbsp;en todas [&hellip;]<\/p>\n","protected":false},"author":1,"featured_media":0,"parent":0,"menu_order":0,"comment_status":"closed","ping_status":"open","template":"","meta":{"ngg_post_thumbnail":0,"footnotes":"","_mc_calendar":[]},"aioseo_notices":[],"post_mailing_queue_ids":[],"_links":{"self":[{"href":"https:\/\/blogsaverroes.juntadeandalucia.es\/ceipanamariamatute\/wp-json\/wp\/v2\/pages\/99"}],"collection":[{"href":"https:\/\/blogsaverroes.juntadeandalucia.es\/ceipanamariamatute\/wp-json\/wp\/v2\/pages"}],"about":[{"href":"https:\/\/blogsaverroes.juntadeandalucia.es\/ceipanamariamatute\/wp-json\/wp\/v2\/types\/page"}],"author":[{"embeddable":true,"href":"https:\/\/blogsaverroes.juntadeandalucia.es\/ceipanamariamatute\/wp-json\/wp\/v2\/users\/1"}],"replies":[{"embeddable":true,"href":"https:\/\/blogsaverroes.juntadeandalucia.es\/ceipanamariamatute\/wp-json\/wp\/v2\/comments?post=99"}],"version-history":[{"count":18,"href":"https:\/\/blogsaverroes.juntadeandalucia.es\/ceipanamariamatute\/wp-json\/wp\/v2\/pages\/99\/revisions"}],"predecessor-version":[{"id":4136,"href":"https:\/\/blogsaverroes.juntadeandalucia.es\/ceipanamariamatute\/wp-json\/wp\/v2\/pages\/99\/revisions\/4136"}],"wp:attachment":[{"href":"https:\/\/blogsaverroes.juntadeandalucia.es\/ceipanamariamatute\/wp-json\/wp\/v2\/media?parent=99"}],"curies":[{"name":"wp","href":"https:\/\/api.w.org\/{rel}","templated":true}]}}