{"id":188,"date":"2021-11-26T12:04:29","date_gmt":"2021-11-26T11:04:29","guid":{"rendered":"https:\/\/blogsaverroes.juntadeandalucia.es\/ceipandaluciacanada\/?page_id=188"},"modified":"2024-06-20T12:49:10","modified_gmt":"2024-06-20T10:49:10","slug":"documentos-de-centro","status":"publish","type":"page","link":"https:\/\/blogsaverroes.juntadeandalucia.es\/ceipandaluciacanada\/documentos-de-centro\/","title":{"rendered":"DOCUMENTOS DE CENTRO"},"content":{"rendered":"<p><img loading=\"lazy\" decoding=\"async\" class=\"aligncenter size-full wp-image-332\" src=\"https:\/\/blogsaverroes.juntadeandalucia.es\/ceipandaluciacanada\/files\/2022\/05\/Banner-Pizarra-Escritura-Creativa-Amarillo.png\" alt=\"titulo\" width=\"480\" height=\"80\" srcset=\"https:\/\/blogsaverroes.juntadeandalucia.es\/ceipandaluciacanada\/files\/2022\/05\/Banner-Pizarra-Escritura-Creativa-Amarillo.png 480w, https:\/\/blogsaverroes.juntadeandalucia.es\/ceipandaluciacanada\/files\/2022\/05\/Banner-Pizarra-Escritura-Creativa-Amarillo-300x50.png 300w\" sizes=\"(max-width: 480px) 100vw, 480px\" \/><\/p>\n<p><span style=\"color: #008000\"><strong>Proyecto de Centro<\/strong><\/span><\/p>\n<p style=\"text-align: center\"><a title=\"PROYECTO DE CENTRO. Revisi\u00f3n noviembre 2023\" href=\"https:\/\/drive.google.com\/file\/d\/1Mob38etjC-44xn7r_aFoSezhbrmGsSxf\/view?usp=sharing\" target=\"_blank\" rel=\"noopener noreferrer\"><span style=\"color: #003300\">PROYECTO DE CENTRO. Revisi\u00f3n noviembre 23<\/span><iframe loading=\"lazy\" src=\"https:\/\/drive.google.com\/file\/d\/1Mob38etjC-44xn7r_aFoSezhbrmGsSxf\/preview\" width=\"640\" height=\"480\"><\/iframe><\/a><\/p>\n<p>&nbsp;<\/p>\n<p><span style=\"color: #008000\"><strong>Proyecto de Gesti\u00f3n<\/strong><\/span><\/p>\n<p style=\"text-align: center\"><span style=\"color: #003300\"><a style=\"color: #003300\" title=\"PROYECTO DE GESTI\u00d3N\" href=\"https:\/\/drive.google.com\/file\/d\/1DX4yKIhS9IbbXrgM7V82Of5Xv8yZQUgt\/view?usp=sharing\" target=\"_blank\" rel=\"noopener noreferrer\">PROYECTO DE GESTI\u00d3N<\/a><\/span><\/p>\n<p style=\"text-align: center\"><a title=\"PROYECTO DE GESTI\u00d3N\" href=\"https:\/\/drive.google.com\/file\/d\/1DX4yKIhS9IbbXrgM7V82Of5Xv8yZQUgt\/view?usp=sharing\" target=\"_blank\" rel=\"noopener noreferrer\">&nbsp;<iframe loading=\"lazy\" src=\"https:\/\/drive.google.com\/file\/d\/1DX4yKIhS9IbbXrgM7V82Of5Xv8yZQUgt\/preview\" width=\"640\" height=\"480\"><\/iframe><\/a><\/p>\n<p><span style=\"color: #008000\"><strong>ROF<\/strong><\/span><\/p>\n<p style=\"text-align: center\">&nbsp; &nbsp; &nbsp; &nbsp; &nbsp; <span style=\"color: #003300\">&nbsp;<a style=\"color: #003300\" title=\"ROF\" href=\"https:\/\/drive.google.com\/file\/d\/1lkte4uTlOUX7_vs1E2TdxLNR5LVw_cNQ\/view?usp=sharing\" target=\"_blank\" rel=\"noopener noreferrer\">ROF <\/a><\/span><\/p>\n<p style=\"text-align: center\">&nbsp; &nbsp; &nbsp; &nbsp; &nbsp; &nbsp; &nbsp; &nbsp; &nbsp; &nbsp; &nbsp; &nbsp; &nbsp; &nbsp; &nbsp; <a title=\"ROF\" href=\"https:\/\/drive.google.com\/file\/d\/1lkte4uTlOUX7_vs1E2TdxLNR5LVw_cNQ\/view?usp=sharing\" target=\"_blank\" rel=\"noopener noreferrer\"><iframe loading=\"lazy\" src=\"https:\/\/drive.google.com\/file\/d\/1lkte4uTlOUX7_vs1E2TdxLNR5LVw_cNQ\/preview\" width=\"640\" height=\"480\"><\/iframe><\/a><\/p>\n<p>&nbsp;<\/p>\n","protected":false},"excerpt":{"rendered":"<p>Proyecto de Centro PROYECTO DE CENTRO. Revisi\u00f3n noviembre 23 &nbsp; Proyecto de Gesti\u00f3n PROYECTO DE GESTI\u00d3N &nbsp; ROF &nbsp; &nbsp; &nbsp; &nbsp; &nbsp; &nbsp;ROF &nbsp; &nbsp; &nbsp; &nbsp; &nbsp; &nbsp; &nbsp; &nbsp; &nbsp; &nbsp;&#46;&#46;&#46;<\/p>\n","protected":false},"author":2968,"featured_media":282,"parent":0,"menu_order":0,"comment_status":"closed","ping_status":"closed","template":"","meta":{"ngg_post_thumbnail":0,"footnotes":""},"aioseo_notices":[],"_links":{"self":[{"href":"https:\/\/blogsaverroes.juntadeandalucia.es\/ceipandaluciacanada\/wp-json\/wp\/v2\/pages\/188"}],"collection":[{"href":"https:\/\/blogsaverroes.juntadeandalucia.es\/ceipandaluciacanada\/wp-json\/wp\/v2\/pages"}],"about":[{"href":"https:\/\/blogsaverroes.juntadeandalucia.es\/ceipandaluciacanada\/wp-json\/wp\/v2\/types\/page"}],"author":[{"embeddable":true,"href":"https:\/\/blogsaverroes.juntadeandalucia.es\/ceipandaluciacanada\/wp-json\/wp\/v2\/users\/2968"}],"replies":[{"embeddable":true,"href":"https:\/\/blogsaverroes.juntadeandalucia.es\/ceipandaluciacanada\/wp-json\/wp\/v2\/comments?post=188"}],"version-history":[{"count":23,"href":"https:\/\/blogsaverroes.juntadeandalucia.es\/ceipandaluciacanada\/wp-json\/wp\/v2\/pages\/188\/revisions"}],"predecessor-version":[{"id":651,"href":"https:\/\/blogsaverroes.juntadeandalucia.es\/ceipandaluciacanada\/wp-json\/wp\/v2\/pages\/188\/revisions\/651"}],"wp:featuredmedia":[{"embeddable":true,"href":"https:\/\/blogsaverroes.juntadeandalucia.es\/ceipandaluciacanada\/wp-json\/wp\/v2\/media\/282"}],"wp:attachment":[{"href":"https:\/\/blogsaverroes.juntadeandalucia.es\/ceipandaluciacanada\/wp-json\/wp\/v2\/media?parent=188"}],"curies":[{"name":"wp","href":"https:\/\/api.w.org\/{rel}","templated":true}]}}