{"id":203,"date":"2021-11-26T12:44:26","date_gmt":"2021-11-26T11:44:26","guid":{"rendered":"https:\/\/blogsaverroes.juntadeandalucia.es\/ceipandaluciacanada\/?page_id=203"},"modified":"2024-01-26T12:47:22","modified_gmt":"2024-01-26T11:47:22","slug":"secretaria","status":"publish","type":"page","link":"https:\/\/blogsaverroes.juntadeandalucia.es\/ceipandaluciacanada\/secretaria\/","title":{"rendered":"SECRETAR\u00cdA"},"content":{"rendered":"<p>&nbsp;<\/p>\n<p><img loading=\"lazy\" decoding=\"async\" class=\"wp-image-282 alignright\" src=\"https:\/\/blogsaverroes.juntadeandalucia.es\/ceipandaluciacanada\/files\/2022\/04\/escudo-colegio.png\" alt=\"escudo\" width=\"285\" height=\"402\" srcset=\"https:\/\/blogsaverroes.juntadeandalucia.es\/ceipandaluciacanada\/files\/2022\/04\/escudo-colegio.png 595w, https:\/\/blogsaverroes.juntadeandalucia.es\/ceipandaluciacanada\/files\/2022\/04\/escudo-colegio-212x300.png 212w\" sizes=\"(max-width: 285px) 100vw, 285px\" \/><\/p>\n<h1>&nbsp;<\/h1>\n<h1><strong><span style=\"color: #008000\">HORARIO DE ATENCI\u00d3N AL P\u00daBLICO<\/span><\/strong><\/h1>\n<h2><span style=\"color: #99cc00\">LUNES A VIERNES DE 9 A 13:00<\/span><\/h2>\n<h2><span style=\"color: #339966\">TEL\u00c9FONO: 955879537 \/ 697951122<\/span><\/h2>\n<h3><span style=\"color: #ff0000\">Correo:<span style=\"font-size: 12pt\"> 41002529.edu@juntadeandalucia.es<\/span><\/span><\/h3>\n<h4>&nbsp;<\/h4>\n<h4>&nbsp;<\/h4>\n<h4>&nbsp;<\/h4>\n<h4>&nbsp;<\/h4>\n<h4>&nbsp;<\/h4>\n<h3 style=\"text-align: center\"><span style=\"font-size: 12pt;color: #043804\"><strong>WEB: https:\/\/blogsaverroes.juntadeandalucia.es\/ceipandaluciacanada<\/strong><\/span><\/h3>\n<p>&nbsp;<\/p>\n<p>&nbsp;<\/p>\n<p>&nbsp;<\/p>\n<p>&nbsp;<\/p>\n","protected":false},"excerpt":{"rendered":"<p>&nbsp; &nbsp; HORARIO DE ATENCI\u00d3N AL P\u00daBLICO LUNES A VIERNES DE 9 A 13:00 TEL\u00c9FONO: 955879537 \/ 697951122 Correo: 41002529.edu@juntadeandalucia.es &nbsp; &nbsp; &nbsp; &nbsp; &nbsp; WEB: https:\/\/blogsaverroes.juntadeandalucia.es\/ceipandaluciacanada &nbsp; &nbsp; &nbsp; &nbsp;<\/p>\n","protected":false},"author":2968,"featured_media":282,"parent":0,"menu_order":0,"comment_status":"closed","ping_status":"closed","template":"","meta":{"ngg_post_thumbnail":0,"footnotes":""},"aioseo_notices":[],"_links":{"self":[{"href":"https:\/\/blogsaverroes.juntadeandalucia.es\/ceipandaluciacanada\/wp-json\/wp\/v2\/pages\/203"}],"collection":[{"href":"https:\/\/blogsaverroes.juntadeandalucia.es\/ceipandaluciacanada\/wp-json\/wp\/v2\/pages"}],"about":[{"href":"https:\/\/blogsaverroes.juntadeandalucia.es\/ceipandaluciacanada\/wp-json\/wp\/v2\/types\/page"}],"author":[{"embeddable":true,"href":"https:\/\/blogsaverroes.juntadeandalucia.es\/ceipandaluciacanada\/wp-json\/wp\/v2\/users\/2968"}],"replies":[{"embeddable":true,"href":"https:\/\/blogsaverroes.juntadeandalucia.es\/ceipandaluciacanada\/wp-json\/wp\/v2\/comments?post=203"}],"version-history":[{"count":6,"href":"https:\/\/blogsaverroes.juntadeandalucia.es\/ceipandaluciacanada\/wp-json\/wp\/v2\/pages\/203\/revisions"}],"predecessor-version":[{"id":546,"href":"https:\/\/blogsaverroes.juntadeandalucia.es\/ceipandaluciacanada\/wp-json\/wp\/v2\/pages\/203\/revisions\/546"}],"wp:featuredmedia":[{"embeddable":true,"href":"https:\/\/blogsaverroes.juntadeandalucia.es\/ceipandaluciacanada\/wp-json\/wp\/v2\/media\/282"}],"wp:attachment":[{"href":"https:\/\/blogsaverroes.juntadeandalucia.es\/ceipandaluciacanada\/wp-json\/wp\/v2\/media?parent=203"}],"curies":[{"name":"wp","href":"https:\/\/api.w.org\/{rel}","templated":true}]}}