{"id":2349,"date":"2020-12-01T18:21:53","date_gmt":"2020-12-01T18:21:53","guid":{"rendered":"https:\/\/blogsaverroes.juntadeandalucia.es\/ceipandaluciaposadas\/?page_id=2349"},"modified":"2023-11-07T11:46:26","modified_gmt":"2023-11-07T11:46:26","slug":"menu","status":"publish","type":"page","link":"https:\/\/blogsaverroes.juntadeandalucia.es\/ceipandaluciaposadas\/menu\/","title":{"rendered":"Men\u00fa"},"content":{"rendered":"<p>En esta secci\u00f3n y pinchando en el siguiente enlace tendr\u00e9is actualizado el men\u00fa del comedor todos los meses.<\/p>\n<p><a href=\"https:\/\/drive.google.com\/drive\/folders\/17qaURePf8a9PKKZY3UYgDgzYl38Jgc4f\">https:\/\/drive.google.com\/drive\/folders\/17qaURePf8a9PKKZY3UYgDgzYl38Jgc4f<\/a><\/p>\n<p>&nbsp;<\/p>\n<p>&nbsp;<\/p>\n","protected":false},"excerpt":{"rendered":"<p>En esta secci\u00f3n y pinchando en el siguiente enlace tendr\u00e9is actualizado el men\u00fa del comedor todos los meses. https:\/\/drive.google.com\/drive\/folders\/17qaURePf8a9PKKZY3UYgDgzYl38Jgc4f &nbsp; &nbsp;<\/p>\n","protected":false},"author":1964,"featured_media":0,"parent":0,"menu_order":0,"comment_status":"closed","ping_status":"closed","template":"","meta":{"ngg_post_thumbnail":0,"footnotes":"","_mc_calendar":[]},"aioseo_notices":[],"_links":{"self":[{"href":"https:\/\/blogsaverroes.juntadeandalucia.es\/ceipandaluciaposadas\/wp-json\/wp\/v2\/pages\/2349"}],"collection":[{"href":"https:\/\/blogsaverroes.juntadeandalucia.es\/ceipandaluciaposadas\/wp-json\/wp\/v2\/pages"}],"about":[{"href":"https:\/\/blogsaverroes.juntadeandalucia.es\/ceipandaluciaposadas\/wp-json\/wp\/v2\/types\/page"}],"author":[{"embeddable":true,"href":"https:\/\/blogsaverroes.juntadeandalucia.es\/ceipandaluciaposadas\/wp-json\/wp\/v2\/users\/1964"}],"replies":[{"embeddable":true,"href":"https:\/\/blogsaverroes.juntadeandalucia.es\/ceipandaluciaposadas\/wp-json\/wp\/v2\/comments?post=2349"}],"version-history":[{"count":15,"href":"https:\/\/blogsaverroes.juntadeandalucia.es\/ceipandaluciaposadas\/wp-json\/wp\/v2\/pages\/2349\/revisions"}],"predecessor-version":[{"id":3207,"href":"https:\/\/blogsaverroes.juntadeandalucia.es\/ceipandaluciaposadas\/wp-json\/wp\/v2\/pages\/2349\/revisions\/3207"}],"wp:attachment":[{"href":"https:\/\/blogsaverroes.juntadeandalucia.es\/ceipandaluciaposadas\/wp-json\/wp\/v2\/media?parent=2349"}],"curies":[{"name":"wp","href":"https:\/\/api.w.org\/{rel}","templated":true}]}}