{"id":42,"date":"2015-03-13T08:40:47","date_gmt":"2015-03-13T08:40:47","guid":{"rendered":"http:\/\/blogsaverroes.juntadeandalucia.es\/pre\/ceip\/?page_id=42"},"modified":"2023-11-07T11:43:51","modified_gmt":"2023-11-07T11:43:51","slug":"equipo-directivo","status":"publish","type":"page","link":"https:\/\/blogsaverroes.juntadeandalucia.es\/ceipandaluciaposadas\/equipo-directivo\/","title":{"rendered":"Equipo directivo"},"content":{"rendered":"<p>El Equipo Directivo de nuestro centro est\u00e1 formado por:<\/p>\n<ul>\n<li>Mar\u00eda Jos\u00e9 Ramos (Direcci\u00f3n)<\/li>\n<li>Sonia Garc\u00eda (Jefatura de Estudios)<\/li>\n<li>Antonio Navajas (Secretar\u00eda)<\/li>\n<\/ul>\n<p>&nbsp;<\/p>\n","protected":false},"excerpt":{"rendered":"<p>El Equipo Directivo de nuestro centro est\u00e1 formado por: Mar\u00eda Jos\u00e9 Ramos (Direcci\u00f3n) Sonia Garc\u00eda (Jefatura de Estudios) Antonio Navajas (Secretar\u00eda) &nbsp;<\/p>\n","protected":false},"author":1,"featured_media":0,"parent":0,"menu_order":0,"comment_status":"closed","ping_status":"open","template":"","meta":{"ngg_post_thumbnail":0,"footnotes":"","_mc_calendar":[]},"aioseo_notices":[],"_links":{"self":[{"href":"https:\/\/blogsaverroes.juntadeandalucia.es\/ceipandaluciaposadas\/wp-json\/wp\/v2\/pages\/42"}],"collection":[{"href":"https:\/\/blogsaverroes.juntadeandalucia.es\/ceipandaluciaposadas\/wp-json\/wp\/v2\/pages"}],"about":[{"href":"https:\/\/blogsaverroes.juntadeandalucia.es\/ceipandaluciaposadas\/wp-json\/wp\/v2\/types\/page"}],"author":[{"embeddable":true,"href":"https:\/\/blogsaverroes.juntadeandalucia.es\/ceipandaluciaposadas\/wp-json\/wp\/v2\/users\/1"}],"replies":[{"embeddable":true,"href":"https:\/\/blogsaverroes.juntadeandalucia.es\/ceipandaluciaposadas\/wp-json\/wp\/v2\/comments?post=42"}],"version-history":[{"count":7,"href":"https:\/\/blogsaverroes.juntadeandalucia.es\/ceipandaluciaposadas\/wp-json\/wp\/v2\/pages\/42\/revisions"}],"predecessor-version":[{"id":3206,"href":"https:\/\/blogsaverroes.juntadeandalucia.es\/ceipandaluciaposadas\/wp-json\/wp\/v2\/pages\/42\/revisions\/3206"}],"wp:attachment":[{"href":"https:\/\/blogsaverroes.juntadeandalucia.es\/ceipandaluciaposadas\/wp-json\/wp\/v2\/media?parent=42"}],"curies":[{"name":"wp","href":"https:\/\/api.w.org\/{rel}","templated":true}]}}