{"id":44,"date":"2015-03-13T08:42:15","date_gmt":"2015-03-13T08:42:15","guid":{"rendered":"http:\/\/blogsaverroes.juntadeandalucia.es\/pre\/ceip\/?page_id=44"},"modified":"2025-11-10T20:59:36","modified_gmt":"2025-11-10T20:59:36","slug":"planes-y-proyectos","status":"publish","type":"page","link":"https:\/\/blogsaverroes.juntadeandalucia.es\/ceipandaluciaposadas\/planes-y-proyectos\/","title":{"rendered":"Planes y Programas"},"content":{"rendered":"<p>Nuestro centro participa en diferentes programas y planes educativos:<\/p>\n<ul>\n<li><a href=\"https:\/\/plandeigualdadceipandaluciaposadas.blogspot.com\/\"><strong>Plan de igualdad<\/strong><\/a><\/li>\n<li><strong>Plan de apertura<\/strong><\/li>\n<li><a href=\"https:\/\/drive.google.com\/file\/d\/1jomOPtYGPDHNP_3KyI1ZzFeKWaKNZV1c\/view?usp=sharing\"><strong>Proyecto biling\u00fce<\/strong><\/a><\/li>\n<li><strong>Escuela espacio de paz<\/strong><\/li>\n<li><strong>TDE (Transformaci\u00f3n digital en la educaci\u00f3n)<\/strong><\/li>\n<li><strong>Aldea, Educaci\u00f3n Ambiental para la comunidad educativa, <\/strong><\/li>\n<li><a href=\"https:\/\/ecoandalucia.blogspot.com\/\"><strong>\u00bb Red andaluza de Ecoescuelas\u00bb<\/strong><\/a><\/li>\n<li><strong>Creciendo en salud<\/strong><\/li>\n<li><strong>Plan de Igualdad de g\u00e9nero en educaci\u00f3n<\/strong><\/li>\n<li><strong>Programa Innicia<\/strong><\/li>\n<li><strong>Programa Convivencia y Paz<\/strong><\/li>\n<li><strong>Pr\u00e1cticum Grado Maestro<\/strong><\/li>\n<li><strong>Prevenci\u00f3n de la Violencia de G\u00e9nero<\/strong><\/li>\n<li><strong>Vivir y sentir el patrimonio<\/strong><\/li>\n<li><strong>Comunica<\/strong><\/li>\n<\/ul>\n<p>&nbsp;<\/p>\n","protected":false},"excerpt":{"rendered":"<p>Nuestro centro participa en diferentes programas y planes educativos: Plan de igualdad Plan de apertura Proyecto biling\u00fce Escuela espacio de paz TDE (Transformaci\u00f3n digital en la educaci\u00f3n) Aldea, Educaci\u00f3n Ambiental para la comunidad educativa,&#46;&#46;&#46;<\/p>\n","protected":false},"author":1,"featured_media":0,"parent":0,"menu_order":0,"comment_status":"closed","ping_status":"closed","template":"","meta":{"ngg_post_thumbnail":0,"footnotes":"","_mc_calendar":[]},"aioseo_notices":[],"_links":{"self":[{"href":"https:\/\/blogsaverroes.juntadeandalucia.es\/ceipandaluciaposadas\/wp-json\/wp\/v2\/pages\/44"}],"collection":[{"href":"https:\/\/blogsaverroes.juntadeandalucia.es\/ceipandaluciaposadas\/wp-json\/wp\/v2\/pages"}],"about":[{"href":"https:\/\/blogsaverroes.juntadeandalucia.es\/ceipandaluciaposadas\/wp-json\/wp\/v2\/types\/page"}],"author":[{"embeddable":true,"href":"https:\/\/blogsaverroes.juntadeandalucia.es\/ceipandaluciaposadas\/wp-json\/wp\/v2\/users\/1"}],"replies":[{"embeddable":true,"href":"https:\/\/blogsaverroes.juntadeandalucia.es\/ceipandaluciaposadas\/wp-json\/wp\/v2\/comments?post=44"}],"version-history":[{"count":12,"href":"https:\/\/blogsaverroes.juntadeandalucia.es\/ceipandaluciaposadas\/wp-json\/wp\/v2\/pages\/44\/revisions"}],"predecessor-version":[{"id":3371,"href":"https:\/\/blogsaverroes.juntadeandalucia.es\/ceipandaluciaposadas\/wp-json\/wp\/v2\/pages\/44\/revisions\/3371"}],"wp:attachment":[{"href":"https:\/\/blogsaverroes.juntadeandalucia.es\/ceipandaluciaposadas\/wp-json\/wp\/v2\/media?parent=44"}],"curies":[{"name":"wp","href":"https:\/\/api.w.org\/{rel}","templated":true}]}}