{"id":1106,"date":"2022-04-27T12:31:18","date_gmt":"2022-04-27T10:31:18","guid":{"rendered":"https:\/\/blogsaverroes.juntadeandalucia.es\/ceipangelcarrillo\/?page_id=1106"},"modified":"2023-01-26T16:51:14","modified_gmt":"2023-01-26T14:51:14","slug":"blogs_antiguos","status":"publish","type":"page","link":"https:\/\/blogsaverroes.juntadeandalucia.es\/ceipangelcarrillo\/blogs_antiguos\/","title":{"rendered":"Blogs Antiguos"},"content":{"rendered":"<p>[et_pb_section fb_built=&#8221;1&#8243; _builder_version=&#8221;3.22&#8243; global_colors_info=&#8221;{}&#8221;][et_pb_row _builder_version=&#8221;3.25&#8243; background_size=&#8221;initial&#8221; background_position=&#8221;top_left&#8221; background_repeat=&#8221;repeat&#8221; global_colors_info=&#8221;{}&#8221;][et_pb_column type=&#8221;4_4&#8243; _builder_version=&#8221;3.25&#8243; custom_padding=&#8221;|||&#8221; global_colors_info=&#8221;{}&#8221; custom_padding__hover=&#8221;|||&#8221;][et_pb_text admin_label=&#8221;Fotos y enlaces a antiguos blogs&#8221; _builder_version=&#8221;4.14.5&#8243; background_size=&#8221;initial&#8221; background_position=&#8221;top_left&#8221; background_repeat=&#8221;repeat&#8221; global_colors_info=&#8221;{}&#8221;]<\/p>\n<p><span style=\"font-size: 14pt;color: #000000\">En esta p\u00e1gina pod\u00e9is ver enlaces a antiguos blogs del CEIP \u00c1ngel Carrillo y de su AMPA &#8220;Manuel de Falla.<\/span><\/p>\n<p><span style=\"font-size: 14pt;color: #000000\">Entre las fotos del alumnado de entonces tenemos ya a personas que se han hecho adultas y que hoy son maestros, enfermeros, agricultores&#8230;muchos contin\u00faan hoy estudiando y hasta hay alguna madre actual del cole.&nbsp;<\/span><\/p>\n<p><span style=\"font-size: 14pt;color: #000000\">Tambi\u00e9n entre los maestros y maestras hay muchos que ya no est\u00e1n con nosotros.<\/span><\/p>\n<p><span style=\"font-size: 14pt;color: #000000\">De unos y otros guardamos un buen recuerdo y nos sentimos orgullosos de que hayan formado parte de la comunidad escolar de nuestro colegio.<\/span><\/p>\n<p>&nbsp;<\/p>\n<p style=\"text-align: center\"><span style=\"color: #3366ff;font-size: 18pt\"><strong>Blog de Infantil.<\/strong><\/span><a href=\"http:\/\/angelcarrilloinfantil.blogspot.com\/\"><img loading=\"lazy\" decoding=\"async\" class=\"wp-image-1447 aligncenter\" src=\"https:\/\/blogsaverroes.juntadeandalucia.es\/ceipangelcarrillo\/files\/2023\/01\/imagen-blog-de-infantil-300x191.jpg\" alt=\"\" width=\"379\" height=\"241\"><\/a><\/p>\n<p style=\"text-align: center\"><span style=\"font-size: 18pt\"><strong><a href=\"http:\/\/angelcarrilloinfantil.blogspot.com\/\"><span style=\"color: #3366ff\">Blog de Primer Ciclo<\/span><\/a><\/strong><\/span><a href=\"http:\/\/angelcarrilloinfantil.blogspot.com\/\"><img loading=\"lazy\" decoding=\"async\" class=\"wp-image-1446 size-medium aligncenter\" src=\"https:\/\/blogsaverroes.juntadeandalucia.es\/ceipangelcarrillo\/files\/2023\/01\/imagenblog-primer-ciclo-300x271.jpg\" alt=\"\" width=\"197\" height=\"178\"><\/a><\/p>\n<p style=\"text-align: center\"><span style=\"font-size: 18pt;color: #3366ff\"><strong>Blog de Segundo Ciclo<\/strong><\/span><a href=\"http:\/\/angelcarrillosegundociclo.blogspot.com\/\"><img loading=\"lazy\" decoding=\"async\" class=\"wp-image-1445 size-medium aligncenter\" src=\"https:\/\/blogsaverroes.juntadeandalucia.es\/ceipangelcarrillo\/files\/2023\/01\/imagen-blog-de-segundo-ciclo-300x279.jpg\" alt=\"\" width=\"195\" height=\"181\"><\/a><\/p>\n<p style=\"text-align: center\"><span style=\"color: #3366ff;font-size: 18pt\"><a style=\"color: #3366ff\" href=\"https:\/\/angelcarrillotercerciclo.blogspot.com\/\"><strong>Blog de Tercer Ciclo<\/strong><\/a><\/span><a href=\"https:\/\/angelcarrillotercerciclo.blogspot.com\/\"><img loading=\"lazy\" decoding=\"async\" class=\"wp-image-1444 aligncenter\" src=\"https:\/\/blogsaverroes.juntadeandalucia.es\/ceipangelcarrillo\/files\/2023\/01\/imagen-blog-de-tercer-ciclo-300x295.jpg\" alt=\"\" width=\"197\" height=\"194\"><\/a><\/p>\n<p style=\"text-align: center\"><a href=\"http:\/\/angelcarrillo5a.blogspot.com\/\"><span style=\"color: #3366ff;font-size: 18pt\"><strong>Blog de 5\u00baA (2008\/2009)<\/strong><\/span><img loading=\"lazy\" decoding=\"async\" class=\"wp-image-1443 aligncenter\" src=\"https:\/\/blogsaverroes.juntadeandalucia.es\/ceipangelcarrillo\/files\/2023\/01\/Imagen-blog-de-5\u00baA-186x300.jpg\" alt=\"\" width=\"196\" height=\"315\" srcset=\"https:\/\/blogsaverroes.juntadeandalucia.es\/ceipangelcarrillo\/files\/2023\/01\/Imagen-blog-de-5\u00baA-186x300.jpg 186w, https:\/\/blogsaverroes.juntadeandalucia.es\/ceipangelcarrillo\/files\/2023\/01\/Imagen-blog-de-5\u00baA-480x772.jpg 480w, https:\/\/blogsaverroes.juntadeandalucia.es\/ceipangelcarrillo\/files\/2023\/01\/Imagen-blog-de-5\u00baA.jpg 588w\" sizes=\"(max-width: 196px) 100vw, 196px\" \/><\/a><\/p>\n<p style=\"text-align: center\"><span style=\"color: #3366ff;font-size: 18pt\"><strong>Antiguo Blog del AMPA<\/strong><\/span><br \/><a href=\"http:\/\/ampa-manueldefalla.blogspot.com\/\"><img loading=\"lazy\" decoding=\"async\" class=\"size-medium wp-image-1471 aligncenter\" src=\"https:\/\/blogsaverroes.juntadeandalucia.es\/ceipangelcarrillo\/files\/2023\/01\/antiguo-blog-ampa-300x285.jpg\" alt=\"\" width=\"300\" height=\"285\"><\/a><\/p>\n<p style=\"text-align: center\"><span style=\"font-size: 18pt\"><strong><span style=\"color: #3366ff\">Entreamig@s. Blog del CEIP \u00c1ngel Carrillo<\/span><\/strong><\/span><a href=\"http:\/\/ceipangelcarrillo.blogspot.com\/\"><img loading=\"lazy\" decoding=\"async\" class=\"size-medium wp-image-1473 aligncenter\" src=\"https:\/\/blogsaverroes.juntadeandalucia.es\/ceipangelcarrillo\/files\/2023\/01\/Entreamigos-228x300.jpg\" alt=\"\" width=\"228\" height=\"300\"><\/a><\/p>\n<p>[\/et_pb_text][\/et_pb_column][\/et_pb_row][\/et_pb_section]<\/p>\n","protected":false},"excerpt":{"rendered":"<p>En esta p\u00e1gina pod\u00e9is ver enlaces a antiguos blogs del CEIP \u00c1ngel Carrillo y de su AMPA &#8220;Manuel de Falla. Entre las fotos del alumnado de entonces tenemos ya a personas que se han hecho adultas y que hoy son maestros, enfermeros, agricultores&#8230;muchos contin\u00faan hoy estudiando y hasta hay alguna madre actual del cole.&nbsp; Tambi\u00e9n [&hellip;]<\/p>\n","protected":false},"author":10563,"featured_media":0,"parent":0,"menu_order":0,"comment_status":"closed","ping_status":"closed","template":"","meta":{"_et_pb_use_builder":"on","_et_pb_old_content":"<p>En esta p\u00e1gina pod\u00e9is ver enlaces a antiguos blogs del CEIP \u00c1ngel Carrillo y de su AMPA \"Manuel de Falla\".<\/p><p>Entre las fotos del alumnado de entonces tenemos ya a personas que se han hecho adultas y que hoy son maestros, enfermeros, agricultores...muchos contin\u00faan hoy estudiando y hasta hay alguna madre actual del cole.\u00a0<\/p><p style=\"text-align: center;\"><span style=\"color: #3366ff;\"><strong><span style=\"font-size: 14pt;\">Blog de Infantil.<\/span><\/strong><\/span><a href=\"http:\/\/angelcarrilloinfantil.blogspot.com\/\"><img class=\"wp-image-1447 aligncenter\" src=\"https:\/\/blogsaverroes.juntadeandalucia.es\/ceipangelcarrillo\/files\/2023\/01\/imagen-blog-de-infantil-300x191.jpg\" alt=\"\" width=\"379\" height=\"241\"><\/a><\/p><p style=\"text-align: center;\"><strong><span style=\"font-size: 14pt;\"><a href=\"http:\/\/angelcarrilloinfantil.blogspot.com\/\"><span style=\"color: #3366ff;\">Blog de Primer Ciclo<\/span><\/a><\/span><\/strong><a href=\"http:\/\/angelcarrilloinfantil.blogspot.com\/\"><img class=\"wp-image-1446 size-medium aligncenter\" src=\"https:\/\/blogsaverroes.juntadeandalucia.es\/ceipangelcarrillo\/files\/2023\/01\/imagenblog-primer-ciclo-300x271.jpg\" alt=\"\" width=\"197\" height=\"178\"><\/a><\/p><p style=\"text-align: center;\"><span style=\"font-size: 14pt; color: #3366ff;\"><strong>Blog de Segundo Ciclo<\/strong><\/span><a href=\"http:\/\/angelcarrillosegundociclo.blogspot.com\/\"><img class=\"wp-image-1445 size-medium aligncenter\" src=\"https:\/\/blogsaverroes.juntadeandalucia.es\/ceipangelcarrillo\/files\/2023\/01\/imagen-blog-de-segundo-ciclo-300x279.jpg\" alt=\"\" width=\"195\" height=\"181\"><\/a><\/p><p style=\"text-align: center;\"><span style=\"color: #3366ff;\"><a style=\"color: #3366ff;\" href=\"https:\/\/angelcarrillotercerciclo.blogspot.com\/\"><span style=\"font-size: 14pt;\"><strong>Blog de Tercer Ciclo<\/strong><\/span><\/a><\/span><a href=\"https:\/\/angelcarrillotercerciclo.blogspot.com\/\"><img class=\"wp-image-1444 aligncenter\" src=\"https:\/\/blogsaverroes.juntadeandalucia.es\/ceipangelcarrillo\/files\/2023\/01\/imagen-blog-de-tercer-ciclo-300x295.jpg\" alt=\"\" width=\"197\" height=\"194\"><\/a><\/p><p style=\"text-align: center;\"><a href=\"http:\/\/angelcarrillo5a.blogspot.com\/\"><span style=\"color: #3366ff;\"><strong><span style=\"font-size: 14pt;\">Blog de 5\u00baA (2008\/2009)<\/span><\/strong><\/span><img class=\"wp-image-1443 aligncenter\" src=\"https:\/\/blogsaverroes.juntadeandalucia.es\/ceipangelcarrillo\/files\/2023\/01\/Imagen-blog-de-5\u00baA-186x300.jpg\" alt=\"\" width=\"196\" height=\"315\"><\/a><\/p><p style=\"text-align: center;\"><span style=\"color: #3366ff;\"><strong><span style=\"font-size: 14pt;\">Antiguo Blog del AMPA<\/span><\/strong><\/span><br><img class=\"size-medium wp-image-1471 aligncenter\" src=\"https:\/\/blogsaverroes.juntadeandalucia.es\/ceipangelcarrillo\/files\/2023\/01\/antiguo-blog-ampa-300x285.jpg\" alt=\"\" width=\"300\" height=\"285\"><\/p><p>\u00a0<\/p><p style=\"text-align: center;\"><span style=\"font-size: 14pt;\"><strong><span style=\"color: #3366ff;\">Entreamig@s. Blog del CEIP \u00c1ngel Carrillo<\/span><\/strong><\/span><\/p><p><a href=\"http:\/\/ceipangelcarrillo.blogspot.com\/\"><img class=\"size-medium wp-image-1473 aligncenter\" src=\"https:\/\/blogsaverroes.juntadeandalucia.es\/ceipangelcarrillo\/files\/2023\/01\/Entreamigos-228x300.jpg\" alt=\"\" width=\"228\" height=\"300\"><\/a><\/p>","_et_gb_content_width":"","ngg_post_thumbnail":0,"footnotes":""},"aioseo_notices":[],"_links":{"self":[{"href":"https:\/\/blogsaverroes.juntadeandalucia.es\/ceipangelcarrillo\/wp-json\/wp\/v2\/pages\/1106"}],"collection":[{"href":"https:\/\/blogsaverroes.juntadeandalucia.es\/ceipangelcarrillo\/wp-json\/wp\/v2\/pages"}],"about":[{"href":"https:\/\/blogsaverroes.juntadeandalucia.es\/ceipangelcarrillo\/wp-json\/wp\/v2\/types\/page"}],"author":[{"embeddable":true,"href":"https:\/\/blogsaverroes.juntadeandalucia.es\/ceipangelcarrillo\/wp-json\/wp\/v2\/users\/10563"}],"replies":[{"embeddable":true,"href":"https:\/\/blogsaverroes.juntadeandalucia.es\/ceipangelcarrillo\/wp-json\/wp\/v2\/comments?post=1106"}],"version-history":[{"count":31,"href":"https:\/\/blogsaverroes.juntadeandalucia.es\/ceipangelcarrillo\/wp-json\/wp\/v2\/pages\/1106\/revisions"}],"predecessor-version":[{"id":1498,"href":"https:\/\/blogsaverroes.juntadeandalucia.es\/ceipangelcarrillo\/wp-json\/wp\/v2\/pages\/1106\/revisions\/1498"}],"wp:attachment":[{"href":"https:\/\/blogsaverroes.juntadeandalucia.es\/ceipangelcarrillo\/wp-json\/wp\/v2\/media?parent=1106"}],"curies":[{"name":"wp","href":"https:\/\/api.w.org\/{rel}","templated":true}]}}