{"id":1680,"date":"2024-11-13T16:15:41","date_gmt":"2024-11-13T14:15:41","guid":{"rendered":"https:\/\/blogsaverroes.juntadeandalucia.es\/ceipangelcarrillo\/?page_id=1680"},"modified":"2025-11-05T17:10:10","modified_gmt":"2025-11-05T16:10:10","slug":"actividades-complementarias-efemerides","status":"publish","type":"page","link":"https:\/\/blogsaverroes.juntadeandalucia.es\/ceipangelcarrillo\/actividades-complementarias-efemerides\/","title":{"rendered":"Actividades complementarias\/Efem\u00e9rides"},"content":{"rendered":"<p>[et_pb_section fb_built=&#8221;1&#8243; admin_label=&#8221;section&#8221; _builder_version=&#8221;4.24.2&#8243; background_enable_image=&#8221;off&#8221; parallax=&#8221;on&#8221; global_colors_info=&#8221;{}&#8221;][et_pb_row admin_label=&#8221;row&#8221; _builder_version=&#8221;4.16&#8243; background_size=&#8221;initial&#8221; background_position=&#8221;top_left&#8221; background_repeat=&#8221;repeat&#8221; global_colors_info=&#8221;{}&#8221;][et_pb_column type=&#8221;4_4&#8243; _builder_version=&#8221;4.16&#8243; custom_padding=&#8221;|||&#8221; global_colors_info=&#8221;{}&#8221; custom_padding__hover=&#8221;|||&#8221;][et_pb_text admin_label=&#8221;Text&#8221; _builder_version=&#8221;4.24.2&#8243; background_size=&#8221;initial&#8221; background_position=&#8221;top_left&#8221; background_repeat=&#8221;repeat&#8221; hover_enabled=&#8221;0&#8243; global_colors_info=&#8221;{}&#8221; sticky_enabled=&#8221;0&#8243;]<\/p>\n<p><span style=\"font-size: 14pt;color: #000000\">Estas son las actividades complementarias y Extraescolares que, seg\u00fan nuestro plan de Centro, realizamos en el colegio.<\/span><\/p>\n<table style=\"height: 25px;width: 99.7142%;border-collapse: collapse;border-style: groove;border-color: #14baba;background-color: #ebe6e6\" border=\"3px\" cellpadding=\"3px\">\n<tbody>\n<tr>\n<td style=\"width: 53.0303%;border-style: groove;border-color: #27abba;background-color: #bab5b5\">\n<p style=\"text-align: center\"><strong><span style=\"font-size: 14pt;color: #000000\">Actividades complementarias:<\/span><\/strong><\/p>\n<\/td>\n<td style=\"width: 46.6132%;border-style: groove;border-color: #27abba;background-color: #bab5b5\">\n<p style=\"text-align: center\"><strong><span style=\"font-size: 14pt;color: #000000\">Actividades extraescolares:<\/span><\/strong><\/p>\n<\/td>\n<\/tr>\n<tr>\n<td style=\"width: 53.0303%\">\n<p><span style=\"font-size: 14pt;color: #000000\">Celebraci\u00f3n del D\u00eda Internacional contra la Violencia de G\u00e9nero.<\/span><\/p>\n<p><span style=\"font-size: 14pt;color: #000000\">Celebraci\u00f3n del D\u00eda del Flamenco en la Escuela.<\/span><\/p>\n<p><span style=\"font-size: 14pt;color: #000000\">Celebraci\u00f3n del D\u00eda de las personas con discapacidad.<\/span><\/p>\n<p><span style=\"font-size: 14pt;color: #000000\">Conmemoraci\u00f3n del D\u00eda de la Constituci\u00f3n.<\/span><\/p>\n<p><span style=\"font-size: 14pt;color: #000000\">Celebraci\u00f3n de la Navidad.<\/span><\/p>\n<p><span style=\"font-size: 14pt;color: #000000\">D\u00eda de la Paz.<\/span><\/p>\n<p><span style=\"font-size: 14pt;color: #000000\">Celebraci\u00f3n del Carnaval.<\/span><\/p>\n<p><span style=\"font-size: 14pt;color: #000000\">Conmemoraci\u00f3n del D\u00eda de Andaluc\u00eda.<\/span><\/p>\n<p><span style=\"font-size: 14pt;color: #000000\">Celebraci\u00f3n del D\u00eda de la Mujer trabajadora.<\/span><\/p>\n<p><span style=\"font-size: 14pt;color: #000000\">D\u00eda de la Lectura.<\/span><\/p>\n<p><span style=\"font-size: 14pt;color: #000000\">D\u00eda del Libro.<\/span><\/p>\n<\/td>\n<td style=\"width: 46.6132%\">\n<p><span style=\"font-size: 14pt;color: #000000\">&nbsp;<\/span><span style=\"font-size: 14pt;color: #000000\"> Certamen Escolar Literario \u00c1ngel Carrillo.<\/span><\/p>\n<p style=\"padding-bottom: 1em\"><span style=\"font-size: 14pt;color: #000000\">&nbsp; Fiesta Fin de Curso<\/span><\/p>\n<p>&nbsp;<\/p>\n<p>&nbsp;<\/p>\n<p>&nbsp;<\/p>\n<p>&nbsp;<\/p>\n<p>&nbsp;<\/p>\n<p>&nbsp;<\/p>\n<p>&nbsp;<\/p>\n<p>&nbsp;<\/p>\n<p>&nbsp;<\/p>\n<p>&nbsp;<\/p>\n<\/td>\n<\/tr>\n<\/tbody>\n<\/table>\n<p><span style=\"font-size: 14pt;color: #000000\">A continuaci\u00f3n pondremos enlaces a galer\u00edas de fotos y v\u00eddeos de las diferentes actividades.<\/span><\/p>\n<p><img loading=\"lazy\" decoding=\"async\" class=\"wp-image-1775  aligncenter\" src=\"https:\/\/blogsaverroes.juntadeandalucia.es\/ceipangelcarrillo\/files\/2023\/02\/SOLO-PANCARTA-PRIEGO-ES-ARTE-300x179.jpg\" alt=\"\" width=\"492\" height=\"294\" srcset=\"https:\/\/blogsaverroes.juntadeandalucia.es\/ceipangelcarrillo\/files\/2023\/02\/SOLO-PANCARTA-PRIEGO-ES-ARTE-300x179.jpg 492w, https:\/\/blogsaverroes.juntadeandalucia.es\/ceipangelcarrillo\/files\/2023\/02\/SOLO-PANCARTA-PRIEGO-ES-ARTE-480x287.jpg 480w\" sizes=\"(min-width: 0px) and (max-width: 480px) 480px, (min-width: 481px) 492px, 100vw\" \/><\/p>\n<p>&nbsp;<\/p>\n<p>[\/et_pb_text][\/et_pb_column][\/et_pb_row][\/et_pb_section]<\/p>\n","protected":false},"excerpt":{"rendered":"<p>Estas son las actividades complementarias y Extraescolares que, seg\u00fan nuestro plan de Centro, realizamos en el colegio. Actividades complementarias: Actividades extraescolares: Celebraci\u00f3n del D\u00eda Internacional contra la Violencia de G\u00e9nero. Celebraci\u00f3n del D\u00eda del Flamenco en la Escuela. Celebraci\u00f3n del D\u00eda de las personas con discapacidad. Conmemoraci\u00f3n del D\u00eda de la Constituci\u00f3n. Celebraci\u00f3n de la [&hellip;]<\/p>\n","protected":false},"author":10563,"featured_media":0,"parent":0,"menu_order":0,"comment_status":"closed","ping_status":"closed","template":"","meta":{"_et_pb_use_builder":"on","_et_pb_old_content":"<span style=\"font-size: 14pt;color: #000000\">Estas son las actividades complementarias y Extraescolares que, seg\u00fan nuestro plan de Centro, realizamos en el colegio.<\/span>\r\n<table style=\"height: 25px;width: 59.8995%;border-collapse: collapse\" border=\"3px\" cellpadding=\"3px\">\r\n<tbody>\r\n<tr>\r\n<td style=\"width: 42.7963%\">\r\n<p style=\"text-align: center\"><strong><span style=\"font-size: 14pt;color: #000000\">Actividades complementarias:<\/span><\/strong><\/p>\r\n<\/td>\r\n<td style=\"width: 31.0224%\">\r\n<p style=\"text-align: center\"><strong><span style=\"font-size: 14pt;color: #000000\">Actividades extraescolares:<\/span><\/strong><\/p>\r\n<\/td>\r\n<\/tr>\r\n<tr>\r\n<td style=\"width: 42.7963%\"><span style=\"font-size: 14pt;color: #000000\">Celebraci\u00f3n del D\u00eda Internacional contra la Violencia de G\u00e9nero.<\/span>\r\n\r\n<span style=\"font-size: 14pt;color: #000000\">Celebraci\u00f3n del D\u00eda del Flamenco en la Escuela.<\/span>\r\n\r\n<span style=\"font-size: 14pt;color: #000000\">Celebraci\u00f3n del D\u00eda de las personas con discapacidad.<\/span>\r\n\r\n<span style=\"font-size: 14pt;color: #000000\">Conmemoraci\u00f3n del D\u00eda de la Constituci\u00f3n.<\/span>\r\n\r\n<span style=\"font-size: 14pt;color: #000000\">Celebraci\u00f3n de la Navidad.<\/span>\r\n\r\n<span style=\"font-size: 14pt;color: #000000\">D\u00eda de la Paz.<\/span>\r\n\r\n<span style=\"font-size: 14pt;color: #000000\">Celebraci\u00f3n del Carnaval.<\/span>\r\n\r\n<span style=\"font-size: 14pt;color: #000000\">Conmemoraci\u00f3n del D\u00eda de Andaluc\u00eda.<\/span>\r\n\r\n<span style=\"font-size: 14pt;color: #000000\">Celebraci\u00f3n del D\u00eda de la Mujer trabajadora.<\/span>\r\n\r\n<span style=\"font-size: 14pt;color: #000000\">D\u00eda de la Lectura.<\/span>\r\n\r\n<span style=\"font-size: 14pt;color: #000000\">D\u00eda del Libro.<\/span><\/td>\r\n<td style=\"width: 31.0224%\"><span style=\"font-size: 14pt;color: #000000\">\u00a0<\/span><span style=\"font-size: 14pt;color: #000000\"> Certamen Escolar Literario \u00c1ngel Carrillo.<\/span>\r\n<p style=\"padding-bottom: 1em\"><span style=\"font-size: 14pt;color: #000000\">\u00a0 Fiesta Fin de Curso<\/span><\/p>\r\n\u00a0\r\n\r\n\u00a0\r\n\r\n\u00a0\r\n\r\n\u00a0\r\n\r\n\u00a0\r\n\r\n\u00a0\r\n\r\n\u00a0\r\n\r\n\u00a0\r\n\r\n\u00a0\r\n\r\n\u00a0<\/td>\r\n<\/tr>\r\n<\/tbody>\r\n<\/table>\r\n<span style=\"font-size: 14pt;color: #000000\">A continuaci\u00f3n pondremos enlaces a galer\u00edas de fotos y v\u00eddeos de las diferentes actividades.<\/span>\r\n\r\n\u00a0","_et_gb_content_width":"","ngg_post_thumbnail":0,"footnotes":""},"aioseo_notices":[],"_links":{"self":[{"href":"https:\/\/blogsaverroes.juntadeandalucia.es\/ceipangelcarrillo\/wp-json\/wp\/v2\/pages\/1680"}],"collection":[{"href":"https:\/\/blogsaverroes.juntadeandalucia.es\/ceipangelcarrillo\/wp-json\/wp\/v2\/pages"}],"about":[{"href":"https:\/\/blogsaverroes.juntadeandalucia.es\/ceipangelcarrillo\/wp-json\/wp\/v2\/types\/page"}],"author":[{"embeddable":true,"href":"https:\/\/blogsaverroes.juntadeandalucia.es\/ceipangelcarrillo\/wp-json\/wp\/v2\/users\/10563"}],"replies":[{"embeddable":true,"href":"https:\/\/blogsaverroes.juntadeandalucia.es\/ceipangelcarrillo\/wp-json\/wp\/v2\/comments?post=1680"}],"version-history":[{"count":24,"href":"https:\/\/blogsaverroes.juntadeandalucia.es\/ceipangelcarrillo\/wp-json\/wp\/v2\/pages\/1680\/revisions"}],"predecessor-version":[{"id":2367,"href":"https:\/\/blogsaverroes.juntadeandalucia.es\/ceipangelcarrillo\/wp-json\/wp\/v2\/pages\/1680\/revisions\/2367"}],"wp:attachment":[{"href":"https:\/\/blogsaverroes.juntadeandalucia.es\/ceipangelcarrillo\/wp-json\/wp\/v2\/media?parent=1680"}],"curies":[{"name":"wp","href":"https:\/\/api.w.org\/{rel}","templated":true}]}}