{"id":452,"date":"2020-03-04T08:34:09","date_gmt":"2020-03-04T07:34:09","guid":{"rendered":"http:\/\/blogsaverroes.juntadeandalucia.es\/pre\/nuevoceipv2\/?page_id=452"},"modified":"2025-11-02T14:39:17","modified_gmt":"2025-11-02T13:39:17","slug":"calendario","status":"publish","type":"page","link":"https:\/\/blogsaverroes.juntadeandalucia.es\/ceipangelcarrillo\/calendario\/","title":{"rendered":"Calendario"},"content":{"rendered":"<p>[et_pb_section fb_built=&#8221;1&#8243; _builder_version=&#8221;4.16&#8243; global_colors_info=&#8221;{}&#8221;][et_pb_row _builder_version=&#8221;4.24.2&#8243; _module_preset=&#8221;default&#8221; global_colors_info=&#8221;{}&#8221;][et_pb_column type=&#8221;4_4&#8243; _builder_version=&#8221;4.24.2&#8243; _module_preset=&#8221;default&#8221; global_colors_info=&#8221;{}&#8221;][et_pb_text _builder_version=&#8221;4.24.2&#8243; _module_preset=&#8221;default&#8221; hover_enabled=&#8221;0&#8243; global_colors_info=&#8221;{}&#8221; sticky_enabled=&#8221;0&#8243;]<\/p>\n<p style=\"text-align: center\"><strong>CALENDARIO<\/strong><\/p>\n<p style=\"text-align: center\"><a href=\"https:\/\/fsieandalucia.es\/documentos\/Noticias_provinciales\/Cordoba\/BORRADOR_CALENDARIO_2025-26.pdf\" target=\"_blank\" rel=\"noopener noreferrer\">Acceder al calendario escolar C\u00f3rdoba 2025\/2026<\/a><\/p>\n<p style=\"text-align: center\"><a href=\"https:\/\/www.juntadeandalucia.es\/educacion\/portales\/documents\/1197067\/2004218\/Resoluci%C3%B3n%20Calendario%202025_2026(F).pdf\/fea09209-ec29-9ef1-420d-37589b688073?version=1.0\">Enlace a resoluci\u00f3n de Delegaci\u00f3n Territorial de C\u00f3rdoba<\/a><\/p>\n<p>&nbsp;<\/p>\n<p>&nbsp;<\/p>\n<p>[\/et_pb_text][\/et_pb_column][\/et_pb_row][\/et_pb_section]<\/p>\n","protected":false},"excerpt":{"rendered":"<p>CALENDARIO Acceder al calendario escolar C\u00f3rdoba 2025\/2026 Enlace a resoluci\u00f3n de Delegaci\u00f3n Territorial de C\u00f3rdoba &nbsp; &nbsp;<\/p>\n","protected":false},"author":10564,"featured_media":0,"parent":0,"menu_order":0,"comment_status":"closed","ping_status":"closed","template":"","meta":{"_et_pb_use_builder":"on","_et_pb_old_content":"","_et_gb_content_width":"","ngg_post_thumbnail":0,"footnotes":""},"aioseo_notices":[],"_links":{"self":[{"href":"https:\/\/blogsaverroes.juntadeandalucia.es\/ceipangelcarrillo\/wp-json\/wp\/v2\/pages\/452"}],"collection":[{"href":"https:\/\/blogsaverroes.juntadeandalucia.es\/ceipangelcarrillo\/wp-json\/wp\/v2\/pages"}],"about":[{"href":"https:\/\/blogsaverroes.juntadeandalucia.es\/ceipangelcarrillo\/wp-json\/wp\/v2\/types\/page"}],"author":[{"embeddable":true,"href":"https:\/\/blogsaverroes.juntadeandalucia.es\/ceipangelcarrillo\/wp-json\/wp\/v2\/users\/10564"}],"replies":[{"embeddable":true,"href":"https:\/\/blogsaverroes.juntadeandalucia.es\/ceipangelcarrillo\/wp-json\/wp\/v2\/comments?post=452"}],"version-history":[{"count":7,"href":"https:\/\/blogsaverroes.juntadeandalucia.es\/ceipangelcarrillo\/wp-json\/wp\/v2\/pages\/452\/revisions"}],"predecessor-version":[{"id":2346,"href":"https:\/\/blogsaverroes.juntadeandalucia.es\/ceipangelcarrillo\/wp-json\/wp\/v2\/pages\/452\/revisions\/2346"}],"wp:attachment":[{"href":"https:\/\/blogsaverroes.juntadeandalucia.es\/ceipangelcarrillo\/wp-json\/wp\/v2\/media?parent=452"}],"curies":[{"name":"wp","href":"https:\/\/api.w.org\/{rel}","templated":true}]}}