{"id":840,"date":"2020-12-18T08:38:52","date_gmt":"2020-12-18T07:38:52","guid":{"rendered":"https:\/\/blogsaverroes.juntadeandalucia.es\/pre\/plantilla-pencil\/?page_id=840"},"modified":"2025-10-29T19:12:50","modified_gmt":"2025-10-29T18:12:50","slug":"ampa","status":"publish","type":"page","link":"https:\/\/blogsaverroes.juntadeandalucia.es\/ceipangelcarrillo\/ampa\/","title":{"rendered":"AMPA"},"content":{"rendered":"<p>[et_pb_section fb_built=&#8221;1&#8243; _builder_version=&#8221;4.16&#8243; _module_preset=&#8221;default&#8221; global_colors_info=&#8221;{}&#8221;][et_pb_row column_structure=&#8221;1_2,1_2&#8243; _builder_version=&#8221;4.16&#8243; _module_preset=&#8221;default&#8221; global_colors_info=&#8221;{}&#8221;][et_pb_column type=&#8221;1_2&#8243; _builder_version=&#8221;4.16&#8243; _module_preset=&#8221;default&#8221; global_colors_info=&#8221;{}&#8221;][et_pb_text _builder_version=&#8221;4.16&#8243; _module_preset=&#8221;default&#8221; background_enable_image=&#8221;off&#8221; background_size=&#8221;initial&#8221; background_position=&#8221;bottom_left&#8221; background_blend=&#8221;saturation&#8221; hover_enabled=&#8221;0&#8243; global_colors_info=&#8221;{}&#8221; sticky_enabled=&#8221;0&#8243;]<\/p>\n<p><span style=\"font-size: 12pt\"><strong>La asociaci\u00f3n <\/strong><span style=\"font-size: 18pt\"><strong>AMPA MANUEL DE FALLA <\/strong><\/span><strong>es el nombre de la Asociaci\u00f3n sin \u00e1nimo de lucro de Madres y Padres de todo el alumnado del CEIP \u00c1ngel Carrillo. Esta AMPA est\u00e1 abierta a todas las familias que tengan hijos estudiando en el Colegio. Nos encargamos de llevar adelante la canalizaci\u00f3n de opiniones, asesoramiento a las familias, la proposici\u00f3n de aquellas actividades l\u00fadico-deportivas que complementen a las escolares en la educaci\u00f3n integral de nuestros hijos, el formar parte del Consejo Escolar, etc. Todas estas actividades van a afectar a la educaci\u00f3n y formaci\u00f3n de nuestros hijos, por ello pensamos que todas las familias del Colegio deber\u00edan asociarse al AMPA. Desde la AMPA podemos contribuir a la mejora de la calidad de la educaci\u00f3n, la convivencia del centro y el uso de las instalaciones.<\/strong><\/span><\/p>\n<p><span style=\"font-size: 12pt\"><strong>\u00a0<\/strong><\/span><span style=\"font-size: 12pt\"><strong><em>\u00bfQui\u00e9n pertenece al AMPA?<\/em><\/strong><\/span><\/p>\n<p><span style=\"font-size: 12pt\">Son asociados del AMPA los padres, madres o tutores de alumnos del centro que abonen la correspondiente cuota (se pagar\u00e1 una vez al a\u00f1o y por familia).<\/span><\/p>\n<p><span style=\"font-size: 12pt\"><strong><em>\u00bfC\u00f3mo puedes participar?<\/em><\/strong><\/span><\/p>\n<p><span style=\"font-size: 12pt\">Participar en la AMPA es muy f\u00e1cil y cada uno decide el nivel de implicaci\u00f3n:<\/span><\/p>\n<ul>\n<li><span style=\"font-size: 12pt\">Podemos asociarnos en cualquier momento, aunque se aconseja hacerlo en los plazos establecidos al inicio del curso escolar<\/span><\/li>\n<li><span style=\"font-size: 12pt\">Podemos tambi\u00e9n participar a trav\u00e9s de las asambleas, incorpor\u00e1ndote a las reuniones abiertas que se convoquen.<\/span><\/li>\n<li><span style=\"font-size: 12pt\">Podemos colaborar en los diferentes grupos de trabajo o en actividades puntuales que se organizan desde la AMPA a lo largo del curso.<\/span><\/li>\n<li><span style=\"font-size: 12pt\">Podemos proponer iniciativas, plantear temas de debate, organizar actividades, etc., dirigi\u00e9ndote a cualquier miembro de la junta directiva.<\/span><\/li>\n<\/ul>\n<p><span style=\"font-size: 12pt\">Como ves, hay muchas formas de participar y es muy importante que m\u00e1s padres y madres pasemos a la participaci\u00f3n, de forma activa y colectiva.<\/span><\/p>\n<p><span style=\"font-size: 12pt\"><strong>\u00a0<\/strong><\/span><span style=\"font-size: 12pt\"><strong>\u00bf<em>Para qu\u00e9 sirve?<\/em><\/strong><\/span><\/p>\n<p><span style=\"font-size: 12pt\">En los Estatutos se definen los fines del AMPA, como, por ejemplo:<\/span><\/p>\n<ul>\n<li><span style=\"font-size: 12pt\">Para defender y velar por el derecho a una educaci\u00f3n de calidad, democr\u00e1tica, atendiendo a las necesidades de todos los ni\u00f1os\/as.<\/span><\/li>\n<li><span style=\"font-size: 12pt\">Para promover la participaci\u00f3n de padres y madres en la vida del centro defendiendo los intereses del alumnado y de toda la comunidad educativa.<\/span><\/li>\n<li><span style=\"font-size: 12pt\">Para buscar soluciones de forma colectiva a temas relacionados con la ense\u00f1anza y educaci\u00f3n de nuestros hijos\/as.<\/span><\/li>\n<li><span style=\"font-size: 12pt\">Para crear espacios de encuentro y trabajo con el resto de la comunidad educativa y con el entorno.<\/span><\/li>\n<li><span style=\"font-size: 12pt\">Para crear espacios de reflexi\u00f3n y participaci\u00f3n compartida sobre la educaci\u00f3n de nuestros hijos\/as.<\/span><\/li>\n<li><span style=\"font-size: 12pt\">Organizar actividades y servicios de tipo asistencial, social, educativo, cultural, recreativo, deportivo y de previsi\u00f3n para sus miembros y dem\u00e1s componentes de la comunidad educativa del centro&#8230;<\/span><\/li>\n<li><span style=\"font-size: 12pt\">Colaborar con la Direcci\u00f3n del colegio en la educaci\u00f3n integral de los alumnos.<\/span><\/li>\n<\/ul>\n<p>&nbsp;<\/p>\n<p><span style=\"font-size: 12pt\"><strong><em>\u00bfQu\u00e9 actividades realiza la AMPA?<\/em><\/strong><\/span><\/p>\n<p><span style=\"font-size: 12pt\">La AMPA realiza diversas actividades, pero las m\u00e1s conocidas son:<\/span><\/p>\n<ul>\n<li><span style=\"font-size: 12pt\">Fiesta de la convivencia anual en la que podr\u00e1n asistir s\u00f3lo asociados\/as.<\/span><\/li>\n<li><span style=\"font-size: 12pt\">Actividades de Halloween.<\/span><\/li>\n<li><span style=\"font-size: 12pt\">Colaboraci\u00f3n con los Reyes Magos.<\/span><\/li>\n<li><span style=\"font-size: 12pt\">Entrega de roscas y turrolate en candelaria.<\/span><\/li>\n<li><span style=\"font-size: 12pt\">D\u00eda de la primavera.<\/span><\/li>\n<li><span style=\"font-size: 12pt\">Foto de clase fin de curso.<\/span><\/li>\n<\/ul>\n<p>&nbsp;<\/p>\n<p><span style=\"font-size: 12pt\"><strong><em>\u00bfC\u00f3mo se financia la asociaci\u00f3n?<\/em><\/strong><\/span><\/p>\n<p><span style=\"font-size: 12pt\">Se financia a trav\u00e9s de las cuotas de socios\/as. La cuota es el \u00fanico pago que realizan las familias y que gestiona la AMPA para el beneficio exclusivo de la comunidad educativa y en definitiva de la educaci\u00f3n que reciben nuestros hijos\/as en el centro.<\/span><\/p>\n<p><span style=\"font-size: 12pt\"><strong>La <\/strong><strong>cuota anual por familia, no por ni\u00f1o\/a, es de 20 euros <\/strong>que se pueden pagar:<\/span><\/p>\n<p><span style=\"font-size: 12pt\">&#8211; En mano al inicio del curso (en los plazos establecidos cada a\u00f1o).<\/span><\/p>\n<p><span style=\"font-size: 12pt\">&#8211; A trav\u00e9s de transferencia bancaria (necesario especificar en el concepto el nombre y apellidos de ni\u00f1o\/a o ni\u00f1os\/as, el curso y la letra) en la cuenta de CAIXABANK: <strong>ES25 2100 5788 5801 0020 0758<\/strong><\/span><\/p>\n<p>S\u00edguenos en nuestro <a href=\"https:\/\/www.facebook.com\/ampa.manuelfalla\/?locale=es_ES\">Facebook<\/a><span style=\"font-size: 12pt\"><strong><\/strong><\/span><\/p>\n<p><span style=\"font-size: 12pt\"><strong>\u00a0<\/strong><\/span><\/p>\n<p><span style=\"font-size: 18pt\"><strong>\u00a0<\/strong><\/span><\/p>\n<p>[\/et_pb_text][\/et_pb_column][et_pb_column type=&#8221;1_2&#8243; _builder_version=&#8221;4.16&#8243; _module_preset=&#8221;default&#8221; global_colors_info=&#8221;{}&#8221;][et_pb_image src=&#8221;https:\/\/blogsaverroes.juntadeandalucia.es\/ceipangelcarrillo\/files\/2023\/01\/neptuno-fuente-rey-scaled.jpg&#8221; title_text=&#8221;neptuno fuente rey&#8221; _builder_version=&#8221;4.16&#8243; _module_preset=&#8221;default&#8221; background_color=&#8221;#FFFFFF&#8221; background_image=&#8221;https:\/\/blogsaverroes.juntadeandalucia.es\/ceipangelcarrillo\/files\/2023\/01\/neptuno-fuente-rey-scaled.jpg&#8221; background_size=&#8221;contain&#8221; background_position=&#8221;center_right&#8221; hover_enabled=&#8221;0&#8243; global_colors_info=&#8221;{}&#8221; sticky_enabled=&#8221;0&#8243; custom_margin=&#8221;185px|||||&#8221; custom_padding=&#8221;||115px|||&#8221; min_height=&#8221;549px&#8221;][\/et_pb_image][et_pb_image src=&#8221;https:\/\/blogsaverroes.juntadeandalucia.es\/ceipangelcarrillo\/files\/2023\/02\/HOJA-DE-INSCRIPCI\u00d3N-AMPA_pagina-1.jpg&#8221; title_text=&#8221;HOJA DE INSCRIPCI\u00d3N AMPA_pagina 1&#8243; _builder_version=&#8221;4.16&#8243; _module_preset=&#8221;default&#8221; global_colors_info=&#8221;{}&#8221;][\/et_pb_image][\/et_pb_column][\/et_pb_row][\/et_pb_section]<\/p>\n","protected":false},"excerpt":{"rendered":"<p>La asociaci\u00f3n AMPA MANUEL DE FALLA es el nombre de la Asociaci\u00f3n sin \u00e1nimo de lucro de Madres y Padres de todo el alumnado del CEIP \u00c1ngel Carrillo. Esta AMPA est\u00e1 abierta a todas las familias que tengan hijos estudiando en el Colegio. Nos encargamos de llevar adelante la canalizaci\u00f3n de opiniones, asesoramiento a las [&hellip;]<\/p>\n","protected":false},"author":10564,"featured_media":0,"parent":0,"menu_order":0,"comment_status":"closed","ping_status":"closed","template":"","meta":{"_et_pb_use_builder":"on","_et_pb_old_content":"","_et_gb_content_width":"","ngg_post_thumbnail":0,"footnotes":""},"aioseo_notices":[],"_links":{"self":[{"href":"https:\/\/blogsaverroes.juntadeandalucia.es\/ceipangelcarrillo\/wp-json\/wp\/v2\/pages\/840"}],"collection":[{"href":"https:\/\/blogsaverroes.juntadeandalucia.es\/ceipangelcarrillo\/wp-json\/wp\/v2\/pages"}],"about":[{"href":"https:\/\/blogsaverroes.juntadeandalucia.es\/ceipangelcarrillo\/wp-json\/wp\/v2\/types\/page"}],"author":[{"embeddable":true,"href":"https:\/\/blogsaverroes.juntadeandalucia.es\/ceipangelcarrillo\/wp-json\/wp\/v2\/users\/10564"}],"replies":[{"embeddable":true,"href":"https:\/\/blogsaverroes.juntadeandalucia.es\/ceipangelcarrillo\/wp-json\/wp\/v2\/comments?post=840"}],"version-history":[{"count":29,"href":"https:\/\/blogsaverroes.juntadeandalucia.es\/ceipangelcarrillo\/wp-json\/wp\/v2\/pages\/840\/revisions"}],"predecessor-version":[{"id":2306,"href":"https:\/\/blogsaverroes.juntadeandalucia.es\/ceipangelcarrillo\/wp-json\/wp\/v2\/pages\/840\/revisions\/2306"}],"wp:attachment":[{"href":"https:\/\/blogsaverroes.juntadeandalucia.es\/ceipangelcarrillo\/wp-json\/wp\/v2\/media?parent=840"}],"curies":[{"name":"wp","href":"https:\/\/api.w.org\/{rel}","templated":true}]}}