{"id":1149,"date":"2022-03-27T08:45:43","date_gmt":"2022-03-27T07:45:43","guid":{"rendered":"https:\/\/blogsaverroes.juntadeandalucia.es\/ceipangeldeharo\/?page_id=1149"},"modified":"2022-03-27T09:35:03","modified_gmt":"2022-03-27T08:35:03","slug":"datos","status":"publish","type":"page","link":"https:\/\/blogsaverroes.juntadeandalucia.es\/ceipangeldeharo\/datos\/","title":{"rendered":"Datos"},"content":{"rendered":"<p><strong><br \/>\n<img loading=\"lazy\" decoding=\"async\" class=\"wp-image-1008 size-medium alignleft\" style=\"font-weight: 400\" src=\"https:\/\/blogsaverroes.juntadeandalucia.es\/ceipangeldeharo\/files\/2022\/03\/Principal-300x297.jpg\" alt=\"\" width=\"300\" height=\"297\" srcset=\"https:\/\/blogsaverroes.juntadeandalucia.es\/ceipangeldeharo\/files\/2022\/03\/Principal-300x297.jpg 300w, https:\/\/blogsaverroes.juntadeandalucia.es\/ceipangeldeharo\/files\/2022\/03\/Principal-1024x1014.jpg 1024w, https:\/\/blogsaverroes.juntadeandalucia.es\/ceipangeldeharo\/files\/2022\/03\/Principal-150x150.jpg 150w, https:\/\/blogsaverroes.juntadeandalucia.es\/ceipangeldeharo\/files\/2022\/03\/Principal-768x761.jpg 768w, https:\/\/blogsaverroes.juntadeandalucia.es\/ceipangeldeharo\/files\/2022\/03\/Principal-1536x1521.jpg 1536w, https:\/\/blogsaverroes.juntadeandalucia.es\/ceipangeldeharo\/files\/2022\/03\/Principal-2048x2028.jpg 2048w, https:\/\/blogsaverroes.juntadeandalucia.es\/ceipangeldeharo\/files\/2022\/03\/Principal-80x80.jpg 80w\" sizes=\"(max-width: 300px) 100vw, 300px\" \/><br \/>\n<\/strong><\/p>\n<p>&nbsp;<\/p>\n<ul>\n<li><span style=\"font-size: 14pt\"><strong>CEIP \u00c1NGEL DE HARO<\/strong><\/span><\/li>\n<li><strong>C\u00f3digo de Centro:&nbsp;<\/strong>04005193<\/li>\n<li>Direcci\u00f3n: Avda. Andaluc\u00eda s\/n<\/li>\n<li><strong>Tel\u00e9fono<\/strong>: 950451965<\/li>\n<li><strong>Correo electr\u00f3nico<\/strong>: <a href=\"mailto:04005193.edu@juntadeandalucia.es\" target=\"_blank\" rel=\"noopener noreferrer\">04005193.edu@juntadeandalucia.es<\/a><\/li>\n<\/ul>\n","protected":false},"excerpt":{"rendered":"<p>&nbsp; CEIP \u00c1NGEL DE HARO C\u00f3digo de Centro:&nbsp;04005193 Direcci\u00f3n: Avda. Andaluc\u00eda s\/n Tel\u00e9fono: 950451965 Correo electr\u00f3nico: 04005193.edu@juntadeandalucia.es<\/p>\n","protected":false},"author":14373,"featured_media":0,"parent":0,"menu_order":0,"comment_status":"closed","ping_status":"closed","template":"","meta":{"ngg_post_thumbnail":0,"footnotes":""},"aioseo_notices":[],"_links":{"self":[{"href":"https:\/\/blogsaverroes.juntadeandalucia.es\/ceipangeldeharo\/wp-json\/wp\/v2\/pages\/1149"}],"collection":[{"href":"https:\/\/blogsaverroes.juntadeandalucia.es\/ceipangeldeharo\/wp-json\/wp\/v2\/pages"}],"about":[{"href":"https:\/\/blogsaverroes.juntadeandalucia.es\/ceipangeldeharo\/wp-json\/wp\/v2\/types\/page"}],"author":[{"embeddable":true,"href":"https:\/\/blogsaverroes.juntadeandalucia.es\/ceipangeldeharo\/wp-json\/wp\/v2\/users\/14373"}],"replies":[{"embeddable":true,"href":"https:\/\/blogsaverroes.juntadeandalucia.es\/ceipangeldeharo\/wp-json\/wp\/v2\/comments?post=1149"}],"version-history":[{"count":3,"href":"https:\/\/blogsaverroes.juntadeandalucia.es\/ceipangeldeharo\/wp-json\/wp\/v2\/pages\/1149\/revisions"}],"predecessor-version":[{"id":1190,"href":"https:\/\/blogsaverroes.juntadeandalucia.es\/ceipangeldeharo\/wp-json\/wp\/v2\/pages\/1149\/revisions\/1190"}],"wp:attachment":[{"href":"https:\/\/blogsaverroes.juntadeandalucia.es\/ceipangeldeharo\/wp-json\/wp\/v2\/media?parent=1149"}],"curies":[{"name":"wp","href":"https:\/\/api.w.org\/{rel}","templated":true}]}}