{"id":1152,"date":"2022-03-27T08:45:43","date_gmt":"2022-03-27T07:45:43","guid":{"rendered":"https:\/\/blogsaverroes.juntadeandalucia.es\/ceipangeldeharo\/?page_id=1152"},"modified":"2022-08-11T11:29:06","modified_gmt":"2022-08-11T10:29:06","slug":"quienes-somos","status":"publish","type":"page","link":"https:\/\/blogsaverroes.juntadeandalucia.es\/ceipangeldeharo\/","title":{"rendered":"\u00bfQui\u00e9nes somos?"},"content":{"rendered":"<p style=\"text-align: left\">El CEIP \u00c1ngel de Haro es un Centro de Educaci\u00f3n Infantil y Primaria situado en la localidad de Vera, provincia de Almer\u00eda.<\/p>\n<p style=\"text-align: left\">Nuestro cole est\u00e1 formado aproximadamente por 400 alumnos y alumnas de 19 nacionalidades diferentes.<\/p>\n<p style=\"text-align: left\">Contamos con servicio de comedor y transporte escolar.<\/p>\n<p style=\"text-align: left\">Dentro de los Planes y Proyectos que ofrece la Junta de Andaluc\u00eda, somos <strong>Centro Biling\u00fce<\/strong> y llevamos a cabo el <strong>Plan de Compensaci\u00f3n Educativa<\/strong>. Adem\u00e1s, contamos con numerosos Programas: H\u00e1bitos de vida saludable, Aldea<em> (El huerto de Don Paco)<\/em>, Transformaci\u00f3n Digital Educativa, Bibliotecas Escolares, Convivencia, Igualdad\u2026<\/p>\n<p style=\"text-align: left\">Desde hace 3 cursos estamos llevando a cabo el Proyecto de Mediaci\u00f3n llamado <strong>\u201cLa Magia de Con-vivir\u201d.<\/strong> Gracias al trabajo realizado durante este tiempo hemos sido nombrados como \u201cCentro Promotor de Convivencia Positiva\u201d y hemos compartido nuestra experiencia con otros centros cercanos. Contamos con una amplia variedad de actividades dirigidas a nuestra Comunidad Educativa, especialmente a nuestro alumnado: Formaci\u00f3n de Mediadores, Parlamento de la paz, conversaciones restaurativas, \u201cme pongo en tus zapatos\u201d, la patrulla de la Paz&#8230; Y diversas jornadas de Convivencia como \u201cEl d\u00eda de las Familias\u201d y la Cena de Convivencia de Fin de Curso.<\/p>\n<p style=\"text-align: left\">El curso 2021\/2022 nos hemos iniciado en el Aprendizaje Obra-Servicio, fomentando valores en nuestro alumnado y colaborando con nuestro municipio.<\/p>\n<p style=\"text-align: left\">Puedes encontrar informaci\u00f3n m\u00e1s detallada en esta web y en los enlaces a nuestros medios de difusi\u00f3n (blog y rrss).<\/p>\n<p style=\"text-align: center\">\u00a1Bienvenid@s al CEIP \u00c1ngel de Haro!<\/p>\n<p><img loading=\"lazy\" decoding=\"async\" class=\"aligncenter wp-image-995 size-large\" src=\"https:\/\/blogsaverroes.juntadeandalucia.es\/ceipangeldeharo\/files\/2022\/03\/cabecera2-1024x1024.jpg\" alt=\"\" width=\"1024\" height=\"1024\" srcset=\"https:\/\/blogsaverroes.juntadeandalucia.es\/ceipangeldeharo\/files\/2022\/03\/cabecera2-1024x1024.jpg 1024w, https:\/\/blogsaverroes.juntadeandalucia.es\/ceipangeldeharo\/files\/2022\/03\/cabecera2-300x300.jpg 300w, https:\/\/blogsaverroes.juntadeandalucia.es\/ceipangeldeharo\/files\/2022\/03\/cabecera2-150x150.jpg 150w, https:\/\/blogsaverroes.juntadeandalucia.es\/ceipangeldeharo\/files\/2022\/03\/cabecera2-768x768.jpg 768w, https:\/\/blogsaverroes.juntadeandalucia.es\/ceipangeldeharo\/files\/2022\/03\/cabecera2-1536x1536.jpg 1536w, https:\/\/blogsaverroes.juntadeandalucia.es\/ceipangeldeharo\/files\/2022\/03\/cabecera2-80x80.jpg 80w, https:\/\/blogsaverroes.juntadeandalucia.es\/ceipangeldeharo\/files\/2022\/03\/cabecera2-320x320.jpg 320w, https:\/\/blogsaverroes.juntadeandalucia.es\/ceipangeldeharo\/files\/2022\/03\/cabecera2.jpg 2047w\" sizes=\"(max-width: 1024px) 100vw, 1024px\" \/><\/p>\n","protected":false},"excerpt":{"rendered":"<p>El CEIP \u00c1ngel de Haro es un Centro de Educaci\u00f3n Infantil y Primaria situado en la localidad de Vera, provincia de Almer\u00eda. Nuestro cole est\u00e1 formado aproximadamente por 400 alumnos y alumnas de 19&#46;&#46;&#46;<\/p>\n","protected":false},"author":14373,"featured_media":0,"parent":0,"menu_order":0,"comment_status":"closed","ping_status":"closed","template":"","meta":{"ngg_post_thumbnail":0,"footnotes":""},"aioseo_notices":[],"_links":{"self":[{"href":"https:\/\/blogsaverroes.juntadeandalucia.es\/ceipangeldeharo\/wp-json\/wp\/v2\/pages\/1152"}],"collection":[{"href":"https:\/\/blogsaverroes.juntadeandalucia.es\/ceipangeldeharo\/wp-json\/wp\/v2\/pages"}],"about":[{"href":"https:\/\/blogsaverroes.juntadeandalucia.es\/ceipangeldeharo\/wp-json\/wp\/v2\/types\/page"}],"author":[{"embeddable":true,"href":"https:\/\/blogsaverroes.juntadeandalucia.es\/ceipangeldeharo\/wp-json\/wp\/v2\/users\/14373"}],"replies":[{"embeddable":true,"href":"https:\/\/blogsaverroes.juntadeandalucia.es\/ceipangeldeharo\/wp-json\/wp\/v2\/comments?post=1152"}],"version-history":[{"count":4,"href":"https:\/\/blogsaverroes.juntadeandalucia.es\/ceipangeldeharo\/wp-json\/wp\/v2\/pages\/1152\/revisions"}],"predecessor-version":[{"id":1568,"href":"https:\/\/blogsaverroes.juntadeandalucia.es\/ceipangeldeharo\/wp-json\/wp\/v2\/pages\/1152\/revisions\/1568"}],"wp:attachment":[{"href":"https:\/\/blogsaverroes.juntadeandalucia.es\/ceipangeldeharo\/wp-json\/wp\/v2\/media?parent=1152"}],"curies":[{"name":"wp","href":"https:\/\/api.w.org\/{rel}","templated":true}]}}