{"id":853,"date":"2020-12-18T08:50:47","date_gmt":"2020-12-18T07:50:47","guid":{"rendered":"https:\/\/blogsaverroes.juntadeandalucia.es\/pre\/plantilla-pencil\/?page_id=853"},"modified":"2022-03-27T09:47:14","modified_gmt":"2022-03-27T08:47:14","slug":"nuestra-historia","status":"publish","type":"page","link":"https:\/\/blogsaverroes.juntadeandalucia.es\/ceipangeldeharo\/nuestra-historia\/","title":{"rendered":"Nuestra Historia"},"content":{"rendered":"<p><img decoding=\"async\" class=\"aligncenter\" src=\"https:\/\/pinguinodigital.com\/wp-content\/uploads\/2020\/08\/pagina-en-construcci%C3%B3n4.png.webp\" alt=\"C\u00d3MO CREAR UNA P\u00c1GINA EN CONSTRUCCI\u00d3N EN WORDPRESS?\"><\/p>\n","protected":false},"excerpt":{"rendered":"","protected":false},"author":14832,"featured_media":0,"parent":0,"menu_order":0,"comment_status":"closed","ping_status":"closed","template":"","meta":{"ngg_post_thumbnail":0,"footnotes":""},"aioseo_notices":[],"_links":{"self":[{"href":"https:\/\/blogsaverroes.juntadeandalucia.es\/ceipangeldeharo\/wp-json\/wp\/v2\/pages\/853"}],"collection":[{"href":"https:\/\/blogsaverroes.juntadeandalucia.es\/ceipangeldeharo\/wp-json\/wp\/v2\/pages"}],"about":[{"href":"https:\/\/blogsaverroes.juntadeandalucia.es\/ceipangeldeharo\/wp-json\/wp\/v2\/types\/page"}],"author":[{"embeddable":true,"href":"https:\/\/blogsaverroes.juntadeandalucia.es\/ceipangeldeharo\/wp-json\/wp\/v2\/users\/14832"}],"replies":[{"embeddable":true,"href":"https:\/\/blogsaverroes.juntadeandalucia.es\/ceipangeldeharo\/wp-json\/wp\/v2\/comments?post=853"}],"version-history":[{"count":3,"href":"https:\/\/blogsaverroes.juntadeandalucia.es\/ceipangeldeharo\/wp-json\/wp\/v2\/pages\/853\/revisions"}],"predecessor-version":[{"id":1195,"href":"https:\/\/blogsaverroes.juntadeandalucia.es\/ceipangeldeharo\/wp-json\/wp\/v2\/pages\/853\/revisions\/1195"}],"wp:attachment":[{"href":"https:\/\/blogsaverroes.juntadeandalucia.es\/ceipangeldeharo\/wp-json\/wp\/v2\/media?parent=853"}],"curies":[{"name":"wp","href":"https:\/\/api.w.org\/{rel}","templated":true}]}}