{"id":35,"date":"2015-03-13T08:21:43","date_gmt":"2015-03-13T08:21:43","guid":{"rendered":"http:\/\/blogsaverroes.juntadeandalucia.es\/pre\/ceip\/?page_id=35"},"modified":"2024-11-24T19:57:29","modified_gmt":"2024-11-24T19:57:29","slug":"el-centro-2","status":"publish","type":"page","link":"https:\/\/blogsaverroes.juntadeandalucia.es\/ceipangelesmartinmateo\/el-centro-2\/","title":{"rendered":"Datos del centro"},"content":{"rendered":"<h4>&nbsp;<\/h4>\n<h4><strong>Datos de contacto<\/strong><\/h4>\n<p>C.E.I.P \u00c1ngeles Mart\u00edn Mateo<\/p>\n<p><strong>C\u00f3digo de centro: <\/strong>41000181<\/p>\n<p><strong>Direcci\u00f3n:<\/strong>&nbsp; Barriada de la Liebre s\/n; 41500 Alcal\u00e1 de Guada\u00edra (Sevilla)<\/p>\n<p><strong>Tel\u00e9fonos:&nbsp;<\/strong><\/p>\n<p>Equipo Directivo (despachos): 955623285&nbsp;&nbsp; Corporativo: 322285<\/p>\n<p><strong><img loading=\"lazy\" decoding=\"async\" class=\" wp-image-2255 alignright\" src=\"http:\/\/blogsaverroes.juntadeandalucia.es\/ceipangelesmartinmateo\/files\/2015\/03\/image_gallery-14-300x200.jpeg\" alt=\"image_gallery-14\" width=\"368\" height=\"250\" srcset=\"https:\/\/blogsaverroes.juntadeandalucia.es\/ceipangelesmartinmateo\/files\/2015\/03\/image_gallery-14-24x16.jpeg 24w, https:\/\/blogsaverroes.juntadeandalucia.es\/ceipangelesmartinmateo\/files\/2015\/03\/image_gallery-14-36x24.jpeg 36w, https:\/\/blogsaverroes.juntadeandalucia.es\/ceipangelesmartinmateo\/files\/2015\/03\/image_gallery-14-48x32.jpeg 48w\" sizes=\"(max-width: 368px) 100vw, 368px\" \/><\/strong><\/p>\n<p><strong>Email:<\/strong>&nbsp;41000181.edu@juntadeandalucia.es<\/p>\n<p><strong>P\u00e1gina Web:<\/strong> <span style=\"color: #3366ff\">https:\/\/blogsaverroes.juntadeandalucia.es\/ceipangelesmartinmateo\/<\/span><\/p>\n<p><strong>Twitter<\/strong>:@ceipmartinmateo<\/p>\n<h4>&nbsp;<\/h4>\n<h4><strong>Horarios<\/strong><\/h4>\n<p>Aula matinal: 7:30 a 9:00 h. (empresa EDUCOMEX)<\/p>\n<p>Periodo lectivo: 9:00 a 14:00 h.<\/p>\n<p>Comedor: 14:00 a 16:00 h. (CATERING SERVEI D&#8217;APATS, SL)<\/p>\n<p>Actividades Extraescolares: 16:00 a 18:00 h. (empresa EDUCOMEX)<\/p>\n<h4>&nbsp;<\/h4>\n<h4><strong>Oferta educativa<\/strong><\/h4>\n<p>El CEIP \u00c1ngeles Mart\u00edn Mateo, adem\u00e1s de ofrecer servicio de Aula Matinal, Comedor y Transporte Escolar, participa en otros programas que se desarrollan por la tarde, tienen car\u00e1cter gratuito y est\u00e1n orientados al alumnado de Ed. Primaria:<\/p>\n<ul>\n<li>M\u00e1s Deporte ( de 1\u00ba a 6\u00ba de Primaria).<\/li>\n<li>Programa de Acompa\u00f1amiento Escolar en Lengua Extranjera (1\u00ba, 2\u00ba y 3\u00ba de Ed. Primaria).<\/li>\n<li>Programa de Acompa\u00f1amiento Escolar (3\u00ba, 4\u00ba, 5\u00ba y 6\u00ba).<\/li>\n<\/ul>\n<h4>&nbsp;<\/h4>\n","protected":false},"excerpt":{"rendered":"<p>&nbsp; Datos de contacto C.E.I.P \u00c1ngeles Mart\u00edn Mateo C\u00f3digo de centro: 41000181 Direcci\u00f3n:&nbsp; Barriada de la Liebre s\/n; 41500 Alcal\u00e1 de Guada\u00edra (Sevilla) Tel\u00e9fonos:&nbsp; Equipo Directivo (despachos): 955623285&nbsp;&nbsp; Corporativo: 322285 Email:&nbsp;41000181.edu@juntadeandalucia.es P\u00e1gina Web: https:\/\/blogsaverroes.juntadeandalucia.es\/ceipangelesmartinmateo\/&#46;&#46;&#46;<\/p>\n","protected":false},"author":1,"featured_media":0,"parent":0,"menu_order":0,"comment_status":"closed","ping_status":"open","template":"","meta":{"ngg_post_thumbnail":0,"footnotes":"","_mc_calendar":[]},"aioseo_notices":[],"_links":{"self":[{"href":"https:\/\/blogsaverroes.juntadeandalucia.es\/ceipangelesmartinmateo\/wp-json\/wp\/v2\/pages\/35"}],"collection":[{"href":"https:\/\/blogsaverroes.juntadeandalucia.es\/ceipangelesmartinmateo\/wp-json\/wp\/v2\/pages"}],"about":[{"href":"https:\/\/blogsaverroes.juntadeandalucia.es\/ceipangelesmartinmateo\/wp-json\/wp\/v2\/types\/page"}],"author":[{"embeddable":true,"href":"https:\/\/blogsaverroes.juntadeandalucia.es\/ceipangelesmartinmateo\/wp-json\/wp\/v2\/users\/1"}],"replies":[{"embeddable":true,"href":"https:\/\/blogsaverroes.juntadeandalucia.es\/ceipangelesmartinmateo\/wp-json\/wp\/v2\/comments?post=35"}],"version-history":[{"count":18,"href":"https:\/\/blogsaverroes.juntadeandalucia.es\/ceipangelesmartinmateo\/wp-json\/wp\/v2\/pages\/35\/revisions"}],"predecessor-version":[{"id":3675,"href":"https:\/\/blogsaverroes.juntadeandalucia.es\/ceipangelesmartinmateo\/wp-json\/wp\/v2\/pages\/35\/revisions\/3675"}],"wp:attachment":[{"href":"https:\/\/blogsaverroes.juntadeandalucia.es\/ceipangelesmartinmateo\/wp-json\/wp\/v2\/media?parent=35"}],"curies":[{"name":"wp","href":"https:\/\/api.w.org\/{rel}","templated":true}]}}