{"id":129,"date":"2021-02-22T23:42:50","date_gmt":"2021-02-22T23:42:50","guid":{"rendered":"https:\/\/blogsaverroes.juntadeandalucia.es\/ceipangelfrigola\/?page_id=129"},"modified":"2021-02-23T00:08:29","modified_gmt":"2021-02-23T00:08:29","slug":"cita-previa","status":"publish","type":"page","link":"https:\/\/blogsaverroes.juntadeandalucia.es\/ceipangelfrigola\/cita-previa\/","title":{"rendered":"CITA PREVIA"},"content":{"rendered":"\t\t<div data-elementor-type=\"wp-page\" data-elementor-id=\"129\" class=\"elementor elementor-129\">\n\t\t\t\t\t\t<section class=\"elementor-section elementor-top-section elementor-element elementor-element-57a45b1c elementor-section-boxed elementor-section-height-default elementor-section-height-default\" data-id=\"57a45b1c\" data-element_type=\"section\">\n\t\t\t\t\t\t<div class=\"elementor-container elementor-column-gap-default\">\n\t\t\t\t\t<div class=\"elementor-column elementor-col-100 elementor-top-column elementor-element elementor-element-581d6e61\" data-id=\"581d6e61\" data-element_type=\"column\">\n\t\t\t<div class=\"elementor-widget-wrap elementor-element-populated\">\n\t\t\t\t\t\t<div class=\"elementor-element elementor-element-1403ea8 elementor-invisible elementor-widget elementor-widget-image\" data-id=\"1403ea8\" data-element_type=\"widget\" data-settings=\"{&quot;_animation&quot;:&quot;shake&quot;}\" data-widget_type=\"image.default\">\n\t\t\t\t<div class=\"elementor-widget-container\">\n\t\t\t\t\t\t\t\t\t\t\t\t\t\t\t<img decoding=\"async\" width=\"150\" height=\"150\" src=\"https:\/\/blogsaverroes.juntadeandalucia.es\/ceipangelfrigola\/files\/2021\/02\/tel\u00e9fono-150x150.jpg\" class=\"attachment-thumbnail size-thumbnail wp-image-143\" alt=\"\" srcset=\"https:\/\/blogsaverroes.juntadeandalucia.es\/ceipangelfrigola\/files\/2021\/02\/tel\u00e9fono-150x150.jpg 150w, https:\/\/blogsaverroes.juntadeandalucia.es\/ceipangelfrigola\/files\/2021\/02\/tel\u00e9fono.jpg 225w\" sizes=\"(max-width: 150px) 100vw, 150px\" \/>\t\t\t\t\t\t\t\t\t\t\t\t\t\t\t<\/div>\n\t\t\t\t<\/div>\n\t\t\t\t<div class=\"elementor-element elementor-element-7739cb1 animated-slow elementor-invisible elementor-widget elementor-widget-text-editor\" data-id=\"7739cb1\" data-element_type=\"widget\" data-settings=\"{&quot;_animation&quot;:&quot;zoomIn&quot;}\" data-widget_type=\"text-editor.default\">\n\t\t\t\t<div class=\"elementor-widget-container\">\n\t\t\t\t\t\t\t\t\t<p style=\"text-align: center\"><span style=\"font-size: 18pt;color: #333399\">Debido a las medidas de seguridad establecidas en el protocolo Covid, <\/span><\/p><p style=\"text-align: center\"><span style=\"font-size: 18pt;color: #333399\">\u00fanicamente se podr\u00e1 acceder al centro pidiendo cita previa en el tel\u00e9fono <\/span><\/p><h6 style=\"text-align: center\"><span style=\"font-size: 18pt;font-family: 'arial black', sans-serif;color: #0000ff\"><strong>950156915<\/strong><\/span><\/h6>\t\t\t\t\t\t\t\t<\/div>\n\t\t\t\t<\/div>\n\t\t\t\t\t<\/div>\n\t\t<\/div>\n\t\t\t\t\t<\/div>\n\t\t<\/section>\n\t\t\t\t<section class=\"elementor-section elementor-top-section elementor-element elementor-element-0c78a2c elementor-section-boxed elementor-section-height-default elementor-section-height-default\" data-id=\"0c78a2c\" data-element_type=\"section\">\n\t\t\t\t\t\t<div class=\"elementor-container elementor-column-gap-default\">\n\t\t\t\t\t<div class=\"elementor-column elementor-col-100 elementor-top-column elementor-element elementor-element-5855432\" data-id=\"5855432\" data-element_type=\"column\">\n\t\t\t<div class=\"elementor-widget-wrap\">\n\t\t\t\t\t\t\t<\/div>\n\t\t<\/div>\n\t\t\t\t\t<\/div>\n\t\t<\/section>\n\t\t\t\t<\/div>\n\t\t","protected":false},"excerpt":{"rendered":"<p>Debido a las medidas de seguridad establecidas en el protocolo Covid, \u00fanicamente se podr\u00e1 acceder al centro pidiendo cita previa en el tel\u00e9fono 950156915<\/p>\n","protected":false},"author":11928,"featured_media":0,"parent":0,"menu_order":0,"comment_status":"closed","ping_status":"closed","template":"","meta":{"ngg_post_thumbnail":0,"footnotes":""},"aioseo_notices":[],"_links":{"self":[{"href":"https:\/\/blogsaverroes.juntadeandalucia.es\/ceipangelfrigola\/wp-json\/wp\/v2\/pages\/129"}],"collection":[{"href":"https:\/\/blogsaverroes.juntadeandalucia.es\/ceipangelfrigola\/wp-json\/wp\/v2\/pages"}],"about":[{"href":"https:\/\/blogsaverroes.juntadeandalucia.es\/ceipangelfrigola\/wp-json\/wp\/v2\/types\/page"}],"author":[{"embeddable":true,"href":"https:\/\/blogsaverroes.juntadeandalucia.es\/ceipangelfrigola\/wp-json\/wp\/v2\/users\/11928"}],"replies":[{"embeddable":true,"href":"https:\/\/blogsaverroes.juntadeandalucia.es\/ceipangelfrigola\/wp-json\/wp\/v2\/comments?post=129"}],"version-history":[{"count":3,"href":"https:\/\/blogsaverroes.juntadeandalucia.es\/ceipangelfrigola\/wp-json\/wp\/v2\/pages\/129\/revisions"}],"predecessor-version":[{"id":144,"href":"https:\/\/blogsaverroes.juntadeandalucia.es\/ceipangelfrigola\/wp-json\/wp\/v2\/pages\/129\/revisions\/144"}],"wp:attachment":[{"href":"https:\/\/blogsaverroes.juntadeandalucia.es\/ceipangelfrigola\/wp-json\/wp\/v2\/media?parent=129"}],"curies":[{"name":"wp","href":"https:\/\/api.w.org\/{rel}","templated":true}]}}