{"id":258,"date":"2021-02-23T22:42:09","date_gmt":"2021-02-23T22:42:09","guid":{"rendered":"https:\/\/blogsaverroes.juntadeandalucia.es\/ceipangelfrigola\/?page_id=258"},"modified":"2021-10-31T13:21:42","modified_gmt":"2021-10-31T13:21:42","slug":"presentacion","status":"publish","type":"page","link":"https:\/\/blogsaverroes.juntadeandalucia.es\/ceipangelfrigola\/presentacion\/","title":{"rendered":"PRESENTACI\u00d3N"},"content":{"rendered":"\t\t<div data-elementor-type=\"wp-page\" data-elementor-id=\"258\" class=\"elementor elementor-258\">\n\t\t\t\t\t\t<section class=\"elementor-section elementor-top-section elementor-element elementor-element-f3968a9 elementor-section-boxed elementor-section-height-default elementor-section-height-default\" data-id=\"f3968a9\" data-element_type=\"section\">\n\t\t\t\t\t\t<div class=\"elementor-container elementor-column-gap-default\">\n\t\t\t\t\t<div class=\"elementor-column elementor-col-100 elementor-top-column elementor-element elementor-element-106c15a\" data-id=\"106c15a\" data-element_type=\"column\">\n\t\t\t<div class=\"elementor-widget-wrap elementor-element-populated\">\n\t\t\t\t\t\t<div class=\"elementor-element elementor-element-d8d1827 elementor-widget elementor-widget-text-editor\" data-id=\"d8d1827\" data-element_type=\"widget\" data-widget_type=\"text-editor.default\">\n\t\t\t\t<div class=\"elementor-widget-container\">\n\t\t\t\t\t\t\t\t\t<p align=\"justify\"><span style=\"font-family: tahoma, arial, helvetica, sans-serif;color: #000000;font-size: 14pt\">El CEIP \u00c1ngel Frigola se ubica en La Mojonera, localidad que se sit\u00faa entre cientos de invernaderos al este de la comarca del poniente almeriense. Rodeada por los municipios de El Ejido, V\u00edcar y Roquetas de Mar, tiene en la agricultura la principal actividad a la que se dedican sus vecinos. <\/span><\/p>\t\t\t\t\t\t\t\t<\/div>\n\t\t\t\t<\/div>\n\t\t\t\t\t<\/div>\n\t\t<\/div>\n\t\t\t\t\t<\/div>\n\t\t<\/section>\n\t\t\t\t<section class=\"elementor-section elementor-top-section elementor-element elementor-element-57d62b1 elementor-section-boxed elementor-section-height-default elementor-section-height-default\" data-id=\"57d62b1\" data-element_type=\"section\">\n\t\t\t\t\t\t<div class=\"elementor-container elementor-column-gap-default\">\n\t\t\t\t\t<div class=\"elementor-column elementor-col-100 elementor-top-column elementor-element elementor-element-d1a8cc7\" data-id=\"d1a8cc7\" data-element_type=\"column\">\n\t\t\t<div class=\"elementor-widget-wrap elementor-element-populated\">\n\t\t\t\t\t\t<div class=\"elementor-element elementor-element-14eecf2 elementor-widget elementor-widget-video\" data-id=\"14eecf2\" data-element_type=\"widget\" data-settings=\"{&quot;video_type&quot;:&quot;hosted&quot;,&quot;end&quot;:&quot;147&quot;,&quot;autoplay&quot;:&quot;yes&quot;,&quot;play_on_mobile&quot;:&quot;yes&quot;,&quot;controls&quot;:&quot;yes&quot;}\" data-widget_type=\"video.default\">\n\t\t\t\t<div class=\"elementor-widget-container\">\n\t\t\t\t\t\t\t<div class=\"e-hosted-video elementor-wrapper elementor-open-inline\">\n\t\t\t\t\t<video class=\"elementor-video\" src=\"https:\/\/blogsaverroes.juntadeandalucia.es\/ceipangelfrigola\/files\/2021\/10\/Proyecto_10-24_4K_MEDIUM_FR30.mp4#t=,147\" autoplay=\"\" controls=\"\" playsinline=\"\"><\/video>\n\t\t\t\t<\/div>\n\t\t\t\t\t\t<\/div>\n\t\t\t\t<\/div>\n\t\t\t\t\t<\/div>\n\t\t<\/div>\n\t\t\t\t\t<\/div>\n\t\t<\/section>\n\t\t\t\t<section class=\"elementor-section elementor-top-section elementor-element elementor-element-7308d95 elementor-section-boxed elementor-section-height-default elementor-section-height-default\" data-id=\"7308d95\" data-element_type=\"section\">\n\t\t\t\t\t\t<div class=\"elementor-container elementor-column-gap-default\">\n\t\t\t\t\t<div class=\"elementor-column elementor-col-100 elementor-top-column elementor-element elementor-element-3c26b7f\" data-id=\"3c26b7f\" data-element_type=\"column\">\n\t\t\t<div class=\"elementor-widget-wrap elementor-element-populated\">\n\t\t\t\t\t\t<div class=\"elementor-element elementor-element-188b10a elementor-widget-divider--view-line elementor-widget elementor-widget-divider\" data-id=\"188b10a\" data-element_type=\"widget\" data-widget_type=\"divider.default\">\n\t\t\t\t<div class=\"elementor-widget-container\">\n\t\t\t\t\t\t\t<div class=\"elementor-divider\">\n\t\t\t<span class=\"elementor-divider-separator\">\n\t\t\t\t\t\t<\/span>\n\t\t<\/div>\n\t\t\t\t\t\t<\/div>\n\t\t\t\t<\/div>\n\t\t\t\t\t<\/div>\n\t\t<\/div>\n\t\t\t\t\t<\/div>\n\t\t<\/section>\n\t\t\t\t<section class=\"elementor-section elementor-top-section elementor-element elementor-element-cafb13d elementor-section-boxed elementor-section-height-default elementor-section-height-default\" data-id=\"cafb13d\" data-element_type=\"section\">\n\t\t\t\t\t\t<div class=\"elementor-container elementor-column-gap-default\">\n\t\t\t\t\t<div class=\"elementor-column elementor-col-100 elementor-top-column elementor-element elementor-element-5926e91\" data-id=\"5926e91\" data-element_type=\"column\">\n\t\t\t<div class=\"elementor-widget-wrap elementor-element-populated\">\n\t\t\t\t\t\t<div class=\"elementor-element elementor-element-1621c70 elementor-widget elementor-widget-image\" data-id=\"1621c70\" data-element_type=\"widget\" data-widget_type=\"image.default\">\n\t\t\t\t<div class=\"elementor-widget-container\">\n\t\t\t\t\t\t\t\t\t\t\t\t\t\t\t<img fetchpriority=\"high\" decoding=\"async\" width=\"1024\" height=\"545\" src=\"https:\/\/blogsaverroes.juntadeandalucia.es\/ceipangelfrigola\/files\/2021\/03\/MUNICIPIO-MAR-DE-PL\u00c1STICO-1024x545.png\" class=\"attachment-large size-large wp-image-483\" alt=\"\" srcset=\"https:\/\/blogsaverroes.juntadeandalucia.es\/ceipangelfrigola\/files\/2021\/03\/MUNICIPIO-MAR-DE-PL\u00c1STICO-1024x545.png 1024w, https:\/\/blogsaverroes.juntadeandalucia.es\/ceipangelfrigola\/files\/2021\/03\/MUNICIPIO-MAR-DE-PL\u00c1STICO-300x160.png 300w, https:\/\/blogsaverroes.juntadeandalucia.es\/ceipangelfrigola\/files\/2021\/03\/MUNICIPIO-MAR-DE-PL\u00c1STICO-768x408.png 768w, https:\/\/blogsaverroes.juntadeandalucia.es\/ceipangelfrigola\/files\/2021\/03\/MUNICIPIO-MAR-DE-PL\u00c1STICO-1536x817.png 1536w, https:\/\/blogsaverroes.juntadeandalucia.es\/ceipangelfrigola\/files\/2021\/03\/MUNICIPIO-MAR-DE-PL\u00c1STICO-24x13.png 24w, https:\/\/blogsaverroes.juntadeandalucia.es\/ceipangelfrigola\/files\/2021\/03\/MUNICIPIO-MAR-DE-PL\u00c1STICO-36x19.png 36w, https:\/\/blogsaverroes.juntadeandalucia.es\/ceipangelfrigola\/files\/2021\/03\/MUNICIPIO-MAR-DE-PL\u00c1STICO-48x26.png 48w, https:\/\/blogsaverroes.juntadeandalucia.es\/ceipangelfrigola\/files\/2021\/03\/MUNICIPIO-MAR-DE-PL\u00c1STICO.png 1700w\" sizes=\"(max-width: 1024px) 100vw, 1024px\" \/>\t\t\t\t\t\t\t\t\t\t\t\t\t\t\t<\/div>\n\t\t\t\t<\/div>\n\t\t\t\t\t<\/div>\n\t\t<\/div>\n\t\t\t\t\t<\/div>\n\t\t<\/section>\n\t\t\t\t<section class=\"elementor-section elementor-top-section elementor-element elementor-element-09bb5f3 elementor-section-boxed elementor-section-height-default elementor-section-height-default\" data-id=\"09bb5f3\" data-element_type=\"section\">\n\t\t\t\t\t\t<div class=\"elementor-container elementor-column-gap-default\">\n\t\t\t\t\t<div class=\"elementor-column elementor-col-100 elementor-top-column elementor-element elementor-element-46ac529\" data-id=\"46ac529\" data-element_type=\"column\">\n\t\t\t<div class=\"elementor-widget-wrap elementor-element-populated\">\n\t\t\t\t\t\t<div class=\"elementor-element elementor-element-1f5c78a elementor-widget-divider--view-line elementor-widget elementor-widget-divider\" data-id=\"1f5c78a\" data-element_type=\"widget\" data-widget_type=\"divider.default\">\n\t\t\t\t<div class=\"elementor-widget-container\">\n\t\t\t\t\t\t\t<div class=\"elementor-divider\">\n\t\t\t<span class=\"elementor-divider-separator\">\n\t\t\t\t\t\t<\/span>\n\t\t<\/div>\n\t\t\t\t\t\t<\/div>\n\t\t\t\t<\/div>\n\t\t\t\t\t<\/div>\n\t\t<\/div>\n\t\t\t\t\t<\/div>\n\t\t<\/section>\n\t\t\t\t<\/div>\n\t\t","protected":false},"excerpt":{"rendered":"<p>El CEIP \u00c1ngel Frigola se ubica en La Mojonera, localidad que se sit\u00faa entre cientos de invernaderos al este de la comarca del poniente almeriense. Rodeada por los municipios de El Ejido, V\u00edcar y&#46;&#46;&#46;<\/p>\n","protected":false},"author":11928,"featured_media":0,"parent":0,"menu_order":0,"comment_status":"closed","ping_status":"closed","template":"page-template-full.php","meta":{"ngg_post_thumbnail":0,"footnotes":""},"aioseo_notices":[],"_links":{"self":[{"href":"https:\/\/blogsaverroes.juntadeandalucia.es\/ceipangelfrigola\/wp-json\/wp\/v2\/pages\/258"}],"collection":[{"href":"https:\/\/blogsaverroes.juntadeandalucia.es\/ceipangelfrigola\/wp-json\/wp\/v2\/pages"}],"about":[{"href":"https:\/\/blogsaverroes.juntadeandalucia.es\/ceipangelfrigola\/wp-json\/wp\/v2\/types\/page"}],"author":[{"embeddable":true,"href":"https:\/\/blogsaverroes.juntadeandalucia.es\/ceipangelfrigola\/wp-json\/wp\/v2\/users\/11928"}],"replies":[{"embeddable":true,"href":"https:\/\/blogsaverroes.juntadeandalucia.es\/ceipangelfrigola\/wp-json\/wp\/v2\/comments?post=258"}],"version-history":[{"count":7,"href":"https:\/\/blogsaverroes.juntadeandalucia.es\/ceipangelfrigola\/wp-json\/wp\/v2\/pages\/258\/revisions"}],"predecessor-version":[{"id":694,"href":"https:\/\/blogsaverroes.juntadeandalucia.es\/ceipangelfrigola\/wp-json\/wp\/v2\/pages\/258\/revisions\/694"}],"wp:attachment":[{"href":"https:\/\/blogsaverroes.juntadeandalucia.es\/ceipangelfrigola\/wp-json\/wp\/v2\/media?parent=258"}],"curies":[{"name":"wp","href":"https:\/\/api.w.org\/{rel}","templated":true}]}}