{"id":92,"date":"2021-02-22T13:47:37","date_gmt":"2021-02-22T13:47:37","guid":{"rendered":"https:\/\/blogsaverroes.juntadeandalucia.es\/ceipangelfrigola\/?page_id=92"},"modified":"2021-08-31T22:36:08","modified_gmt":"2021-08-31T22:36:08","slug":"novedades","status":"publish","type":"page","link":"https:\/\/blogsaverroes.juntadeandalucia.es\/ceipangelfrigola\/novedades\/","title":{"rendered":"NEWS"},"content":{"rendered":"\t\t<div data-elementor-type=\"wp-page\" data-elementor-id=\"92\" class=\"elementor elementor-92\">\n\t\t\t\t\t\t<section class=\"elementor-section elementor-top-section elementor-element elementor-element-c7c3569 elementor-section-boxed elementor-section-height-default elementor-section-height-default\" data-id=\"c7c3569\" data-element_type=\"section\">\n\t\t\t\t\t\t<div class=\"elementor-container elementor-column-gap-default\">\n\t\t\t\t\t<div class=\"elementor-column elementor-col-100 elementor-top-column elementor-element elementor-element-5317300\" data-id=\"5317300\" data-element_type=\"column\">\n\t\t\t<div class=\"elementor-widget-wrap elementor-element-populated\">\n\t\t\t\t\t\t<div class=\"elementor-element elementor-element-e7bfeee animated-slow elementor-widget__width-initial elementor-hidden-tablet elementor-invisible elementor-widget elementor-widget-heading\" data-id=\"e7bfeee\" data-element_type=\"widget\" data-settings=\"{&quot;_animation&quot;:&quot;rubberBand&quot;,&quot;_animation_delay&quot;:&quot;500&quot;}\" data-widget_type=\"heading.default\">\n\t\t\t\t<div class=\"elementor-widget-container\">\n\t\t\t\t\t<h5 class=\"elementor-heading-title elementor-size-medium\"><a href=\"https:\/\/blogsaverroes.juntadeandalucia.es\/ceipangelfrigola\/files\/2021\/08\/ANEXO-V-BONIFICACI\u00d3N-DE-SERVICIOS-COMPLEMENTARIOS.pdf\">Desde el d\u00eda 1 al 7 de septiembre se podr\u00e1 solicitar la bonificaci\u00f3n del comedor, aula matinal y actividades extraescolares.\nHaz clic aqu\u00ed para descargar el impreso.<\/a><\/h5>\t\t\t\t<\/div>\n\t\t\t\t<\/div>\n\t\t\t\t\t<\/div>\n\t\t<\/div>\n\t\t\t\t\t<\/div>\n\t\t<\/section>\n\t\t\t\t<section class=\"elementor-section elementor-top-section elementor-element elementor-element-92900f3 elementor-section-boxed elementor-section-height-default elementor-section-height-default\" data-id=\"92900f3\" data-element_type=\"section\">\n\t\t\t\t\t\t<div class=\"elementor-container elementor-column-gap-default\">\n\t\t\t\t\t<div class=\"elementor-column elementor-col-100 elementor-top-column elementor-element elementor-element-0bf4889\" data-id=\"0bf4889\" data-element_type=\"column\">\n\t\t\t<div class=\"elementor-widget-wrap elementor-element-populated\">\n\t\t\t\t\t\t<div class=\"elementor-element elementor-element-d48df5e elementor-widget-divider--view-line elementor-widget elementor-widget-divider\" data-id=\"d48df5e\" data-element_type=\"widget\" data-widget_type=\"divider.default\">\n\t\t\t\t<div class=\"elementor-widget-container\">\n\t\t\t\t\t\t\t<div class=\"elementor-divider\">\n\t\t\t<span class=\"elementor-divider-separator\">\n\t\t\t\t\t\t<\/span>\n\t\t<\/div>\n\t\t\t\t\t\t<\/div>\n\t\t\t\t<\/div>\n\t\t\t\t\t<\/div>\n\t\t<\/div>\n\t\t\t\t\t<\/div>\n\t\t<\/section>\n\t\t\t\t<section class=\"elementor-section elementor-top-section elementor-element elementor-element-54b7e95 elementor-section-boxed elementor-section-height-default elementor-section-height-default\" data-id=\"54b7e95\" data-element_type=\"section\">\n\t\t\t\t\t\t<div class=\"elementor-container elementor-column-gap-default\">\n\t\t\t\t\t<div class=\"elementor-column elementor-col-100 elementor-top-column elementor-element elementor-element-262d255\" data-id=\"262d255\" data-element_type=\"column\">\n\t\t\t<div class=\"elementor-widget-wrap elementor-element-populated\">\n\t\t\t\t\t\t<div class=\"elementor-element elementor-element-be8c3b9 elementor-widget elementor-widget-image\" data-id=\"be8c3b9\" data-element_type=\"widget\" data-widget_type=\"image.default\">\n\t\t\t\t<div class=\"elementor-widget-container\">\n\t\t\t\t\t\t\t\t\t\t\t\t\t\t\t<img fetchpriority=\"high\" decoding=\"async\" width=\"1024\" height=\"752\" src=\"https:\/\/blogsaverroes.juntadeandalucia.es\/ceipangelfrigola\/files\/2021\/05\/MATR\u00cdCULA-2021-2022-1024x752.jpg\" class=\"attachment-large size-large wp-image-662\" alt=\"\" srcset=\"https:\/\/blogsaverroes.juntadeandalucia.es\/ceipangelfrigola\/files\/2021\/05\/MATR\u00cdCULA-2021-2022-1024x752.jpg 1024w, https:\/\/blogsaverroes.juntadeandalucia.es\/ceipangelfrigola\/files\/2021\/05\/MATR\u00cdCULA-2021-2022-300x220.jpg 300w, https:\/\/blogsaverroes.juntadeandalucia.es\/ceipangelfrigola\/files\/2021\/05\/MATR\u00cdCULA-2021-2022-768x564.jpg 768w, https:\/\/blogsaverroes.juntadeandalucia.es\/ceipangelfrigola\/files\/2021\/05\/MATR\u00cdCULA-2021-2022-24x18.jpg 24w, https:\/\/blogsaverroes.juntadeandalucia.es\/ceipangelfrigola\/files\/2021\/05\/MATR\u00cdCULA-2021-2022-36x26.jpg 36w, https:\/\/blogsaverroes.juntadeandalucia.es\/ceipangelfrigola\/files\/2021\/05\/MATR\u00cdCULA-2021-2022-48x35.jpg 48w, https:\/\/blogsaverroes.juntadeandalucia.es\/ceipangelfrigola\/files\/2021\/05\/MATR\u00cdCULA-2021-2022.jpg 1045w\" sizes=\"(max-width: 1024px) 100vw, 1024px\" \/>\t\t\t\t\t\t\t\t\t\t\t\t\t\t\t<\/div>\n\t\t\t\t<\/div>\n\t\t\t\t\t<\/div>\n\t\t<\/div>\n\t\t\t\t\t<\/div>\n\t\t<\/section>\n\t\t\t\t<section class=\"elementor-section elementor-top-section elementor-element elementor-element-317cd73 elementor-section-boxed elementor-section-height-default elementor-section-height-default\" data-id=\"317cd73\" data-element_type=\"section\">\n\t\t\t\t\t\t<div class=\"elementor-container elementor-column-gap-default\">\n\t\t\t\t\t<div class=\"elementor-column elementor-col-100 elementor-top-column elementor-element elementor-element-c5a3bc6\" data-id=\"c5a3bc6\" data-element_type=\"column\">\n\t\t\t<div class=\"elementor-widget-wrap elementor-element-populated\">\n\t\t\t\t\t\t<div class=\"elementor-element elementor-element-0636a77 elementor-widget elementor-widget-text-editor\" data-id=\"0636a77\" data-element_type=\"widget\" data-widget_type=\"text-editor.default\">\n\t\t\t\t<div class=\"elementor-widget-container\">\n\t\t\t\t\t\t\t\t\t<p><span style=\"font-size: 18pt;color: #000000\">A partir del d\u00eda 1 hasta el d\u00eda 8 de junio queda abierto el plazo para presentar la matr\u00edcula del pr\u00f3ximo curso escolar.<\/span><\/p><p><span style=\"font-size: 18pt;color: #000000\">En la pesta\u00f1a OFFICE, podr\u00e1n descargar todos los documentos necesarios para su presentaci\u00f3n.<\/span><\/p>\t\t\t\t\t\t\t\t<\/div>\n\t\t\t\t<\/div>\n\t\t\t\t\t<\/div>\n\t\t<\/div>\n\t\t\t\t\t<\/div>\n\t\t<\/section>\n\t\t\t\t<section class=\"elementor-section elementor-top-section elementor-element elementor-element-645fafe elementor-section-boxed elementor-section-height-default elementor-section-height-default\" data-id=\"645fafe\" data-element_type=\"section\">\n\t\t\t\t\t\t<div class=\"elementor-container elementor-column-gap-default\">\n\t\t\t\t\t<div class=\"elementor-column elementor-col-100 elementor-top-column elementor-element elementor-element-34fa743\" data-id=\"34fa743\" data-element_type=\"column\">\n\t\t\t<div class=\"elementor-widget-wrap elementor-element-populated\">\n\t\t\t\t\t\t<div class=\"elementor-element elementor-element-98073b9 elementor-widget-divider--view-line elementor-widget elementor-widget-divider\" data-id=\"98073b9\" data-element_type=\"widget\" data-widget_type=\"divider.default\">\n\t\t\t\t<div class=\"elementor-widget-container\">\n\t\t\t\t\t\t\t<div class=\"elementor-divider\">\n\t\t\t<span class=\"elementor-divider-separator\">\n\t\t\t\t\t\t<\/span>\n\t\t<\/div>\n\t\t\t\t\t\t<\/div>\n\t\t\t\t<\/div>\n\t\t\t\t\t<\/div>\n\t\t<\/div>\n\t\t\t\t\t<\/div>\n\t\t<\/section>\n\t\t\t\t<\/div>\n\t\t","protected":false},"excerpt":{"rendered":"<p>Desde el d\u00eda 1 al 7 de septiembre se podr\u00e1 solicitar la bonificaci\u00f3n del comedor, aula matinal y actividades extraescolares. Haz clic aqu\u00ed para descargar el impreso. A partir del d\u00eda 1 hasta el&#46;&#46;&#46;<\/p>\n","protected":false},"author":11928,"featured_media":0,"parent":0,"menu_order":0,"comment_status":"closed","ping_status":"closed","template":"page-template-full.php","meta":{"ngg_post_thumbnail":0,"footnotes":""},"aioseo_notices":[],"_links":{"self":[{"href":"https:\/\/blogsaverroes.juntadeandalucia.es\/ceipangelfrigola\/wp-json\/wp\/v2\/pages\/92"}],"collection":[{"href":"https:\/\/blogsaverroes.juntadeandalucia.es\/ceipangelfrigola\/wp-json\/wp\/v2\/pages"}],"about":[{"href":"https:\/\/blogsaverroes.juntadeandalucia.es\/ceipangelfrigola\/wp-json\/wp\/v2\/types\/page"}],"author":[{"embeddable":true,"href":"https:\/\/blogsaverroes.juntadeandalucia.es\/ceipangelfrigola\/wp-json\/wp\/v2\/users\/11928"}],"replies":[{"embeddable":true,"href":"https:\/\/blogsaverroes.juntadeandalucia.es\/ceipangelfrigola\/wp-json\/wp\/v2\/comments?post=92"}],"version-history":[{"count":17,"href":"https:\/\/blogsaverroes.juntadeandalucia.es\/ceipangelfrigola\/wp-json\/wp\/v2\/pages\/92\/revisions"}],"predecessor-version":[{"id":683,"href":"https:\/\/blogsaverroes.juntadeandalucia.es\/ceipangelfrigola\/wp-json\/wp\/v2\/pages\/92\/revisions\/683"}],"wp:attachment":[{"href":"https:\/\/blogsaverroes.juntadeandalucia.es\/ceipangelfrigola\/wp-json\/wp\/v2\/media?parent=92"}],"curies":[{"name":"wp","href":"https:\/\/api.w.org\/{rel}","templated":true}]}}