{"id":1113,"date":"2015-03-12T11:00:55","date_gmt":"2015-03-12T11:00:55","guid":{"rendered":"http:\/\/blogsaverroes.juntadeandalucia.es\/pre\/ceip\/?page_id=2"},"modified":"2025-12-02T12:30:19","modified_gmt":"2025-12-02T12:30:19","slug":"inicio","status":"publish","type":"page","link":"https:\/\/blogsaverroes.juntadeandalucia.es\/ceipangelsuquia\/inicio\/","title":{"rendered":"Inicio"},"content":{"rendered":"<p data-path-to-node=\"4\">\u00a1Bienvenidos y bienvenidas a un espacio donde&nbsp;<b>imaginamos la educaci\u00f3n de forma diferente<\/b>!<\/p>\n<p data-path-to-node=\"5\">En el CEIP \u00c1ngel Suqu\u00eda, creemos que aprender es una aventura constante. Este blog es la ventana a nuestro d\u00eda a d\u00eda, un lugar donde descubrir\u00e1s c\u00f3mo nuestras aulas se abren al mundo.<\/p>\n<p data-path-to-node=\"6\">Aqu\u00ed no solo ense\u00f1amos:<\/p>\n<ul data-path-to-node=\"7\">\n<li>\n<p data-path-to-node=\"7,0,0\"><b>Conectamos con nuestro entorno y realidad m\u00e1s cercana:<\/b>&nbsp;Usamos nuestro barrio, nuestra cultura y nuestra historia como el mejor libro de texto, haciendo que el aprendizaje sea&nbsp;<b>significativo y vital<\/b>.<\/p>\n<\/li>\n<li>\n<p data-path-to-node=\"7,1,0\"><b>Trabajamos de forma cooperativa:<\/b>&nbsp;Fomentamos el respeto, la ayuda mutua y la responsabilidad, porque sabemos que juntos llegamos m\u00e1s lejos. Cada proyecto es una lecci\u00f3n de equipo.<\/p>\n<\/li>\n<li>\n<p data-path-to-node=\"7,2,0\"><b>Educamos en valores:<\/b>&nbsp;Nuestro objetivo es formar personas cr\u00edticas, solidarias y respetuosas, preparadas para un futuro que exige no solo conocimientos, sino tambi\u00e9n un coraz\u00f3n grande.<\/p>\n<\/li>\n<\/ul>\n<p data-path-to-node=\"10\"><b>Esta es nuestra ventana, pero la historia es tuya tambi\u00e9n.<\/b>&nbsp;Te invitamos a ser parte activa de esta comunidad, a seguir de cerca todos nuestros proyectos y a celebrar con nosotros un modelo educativo que mira al entorno para construir el futuro.<\/p>\n<p data-path-to-node=\"11\"><b>Dejamos de so\u00f1ar con el futuro para construirlo hoy. \u00a1Esta es la educaci\u00f3n que nos atrevemos a imaginar!<\/b><\/p>\n","protected":false},"excerpt":{"rendered":"<p>\u00a1Bienvenidos y bienvenidas a un espacio donde&nbsp;imaginamos la educaci\u00f3n de forma diferente! En el CEIP \u00c1ngel Suqu\u00eda, creemos que aprender es una aventura constante. Este blog es la ventana a nuestro d\u00eda a d\u00eda, un lugar donde descubrir\u00e1s c\u00f3mo nuestras aulas se abren al mundo. Aqu\u00ed no solo ense\u00f1amos: Conectamos con nuestro entorno y realidad &hellip; <\/p>\n<p><a class=\"more-link btn\" href=\"https:\/\/blogsaverroes.juntadeandalucia.es\/ceipangelsuquia\/inicio\/\">Seguir leyendo<\/a><\/p>\n","protected":false},"author":1,"featured_media":0,"parent":0,"menu_order":0,"comment_status":"closed","ping_status":"open","template":"","meta":{"ngg_post_thumbnail":0,"footnotes":"","_mc_calendar":[]},"aioseo_notices":[],"_links":{"self":[{"href":"https:\/\/blogsaverroes.juntadeandalucia.es\/ceipangelsuquia\/wp-json\/wp\/v2\/pages\/1113"}],"collection":[{"href":"https:\/\/blogsaverroes.juntadeandalucia.es\/ceipangelsuquia\/wp-json\/wp\/v2\/pages"}],"about":[{"href":"https:\/\/blogsaverroes.juntadeandalucia.es\/ceipangelsuquia\/wp-json\/wp\/v2\/types\/page"}],"author":[{"embeddable":true,"href":"https:\/\/blogsaverroes.juntadeandalucia.es\/ceipangelsuquia\/wp-json\/wp\/v2\/users\/1"}],"replies":[{"embeddable":true,"href":"https:\/\/blogsaverroes.juntadeandalucia.es\/ceipangelsuquia\/wp-json\/wp\/v2\/comments?post=1113"}],"version-history":[{"count":9,"href":"https:\/\/blogsaverroes.juntadeandalucia.es\/ceipangelsuquia\/wp-json\/wp\/v2\/pages\/1113\/revisions"}],"predecessor-version":[{"id":2714,"href":"https:\/\/blogsaverroes.juntadeandalucia.es\/ceipangelsuquia\/wp-json\/wp\/v2\/pages\/1113\/revisions\/2714"}],"wp:attachment":[{"href":"https:\/\/blogsaverroes.juntadeandalucia.es\/ceipangelsuquia\/wp-json\/wp\/v2\/media?parent=1113"}],"curies":[{"name":"wp","href":"https:\/\/api.w.org\/{rel}","templated":true}]}}