{"id":113,"date":"2015-03-16T08:06:00","date_gmt":"2015-03-16T08:06:00","guid":{"rendered":"http:\/\/blogsaverroes.juntadeandalucia.es\/pre\/ceip\/?page_id=113"},"modified":"2022-05-18T11:43:58","modified_gmt":"2022-05-18T11:43:58","slug":"biblioteca","status":"publish","type":"page","link":"https:\/\/blogsaverroes.juntadeandalucia.es\/ceipangelsuquia\/biblioteca\/","title":{"rendered":"Biblioteca"},"content":{"rendered":"<div class=\"embed-container\"><iframe loading=\"lazy\" title=\"Bibliotecas escolares de Andaluc\u00eda al servicio de la comunidad educativa\" width=\"750\" height=\"422\" src=\"https:\/\/www.youtube.com\/embed\/N_rrGePF_zM?feature=oembed\" frameborder=\"0\" allow=\"accelerometer; autoplay; clipboard-write; encrypted-media; gyroscope; picture-in-picture; web-share\" referrerpolicy=\"strict-origin-when-cross-origin\" allowfullscreen><\/iframe><\/div>\n<p>Durante el curso escolar la Biblioteca est\u00e1 abierta para su disfrute y uso por parte de cualquier tutor o especialista con su clase.<\/p>\n<p><span style=\"font-weight: 400\">El servicio de pr\u00e9stamo, as\u00ed como la preparaci\u00f3n de todas las actividades de la biblioteca,&nbsp; se realizar\u00e1n durante las horas que se han establecido para cada componente destinadas a la biblioteca:<\/span><\/p>\n<p><strong>Natalia (responsable de la biblioteca)<\/strong><\/p>\n<ul>\n<li style=\"font-weight: 400\"><span style=\"font-weight: 400\">Lunes de 10:00\/11:30 y 13:30\/ 14:00<\/span><\/li>\n<li style=\"font-weight: 400\"><span style=\"font-weight: 400\">Mi\u00e9rcoles 13:30\/14:00&nbsp;<\/span><\/li>\n<li style=\"font-weight: 400\"><span style=\"font-weight: 400\">Viernes de 10:00\/11:00.<\/span><\/li>\n<\/ul>\n<p><strong>Beatriz (equipo de apoyo)&nbsp;<\/strong><\/p>\n<ul>\n<li style=\"font-weight: 400\"><span style=\"font-weight: 400\">Mi\u00e9rcoles de 13:30\/14:00<\/span><\/li>\n<li style=\"font-weight: 400\"><span style=\"font-weight: 400\">Jueves de 11:00\/11:30 y de 12:00\/12:30<\/span><\/li>\n<\/ul>\n<p><strong>Gloria (equipo de apoyo)&nbsp;<\/strong><\/p>\n<ul>\n<li style=\"font-weight: 400\"><span style=\"font-weight: 400\">Lunes de 13:30\/14:00<\/span><\/li>\n<li style=\"font-weight: 400\"><span style=\"font-weight: 400\">Viernes de 13:30\/14:00<\/span><\/li>\n<\/ul>\n<p><strong>Silvia (equipo de apoyo)&nbsp;&nbsp;<\/strong><\/p>\n<ul>\n<li style=\"font-weight: 400\"><span style=\"font-weight: 400\">Lunes de 12:00\/13:00.<\/span><\/li>\n<\/ul>\n<p><a title=\"Bibliotecas escolares\" href=\"http:\/\/www.juntadeandalucia.es\/educacion\/webportal\/web\/lecturas-y-bibliotecas-escolares\/bibliotecas-escolares\" target=\"_blank\" rel=\"noopener noreferrer\">Enlace al portal sobre las Bibliotecas Escolares.<\/a><\/p>\n","protected":false},"excerpt":{"rendered":"<p>Durante el curso escolar la Biblioteca est\u00e1 abierta para su disfrute y uso por parte de cualquier tutor o especialista con su clase. El servicio de pr\u00e9stamo, as\u00ed como la preparaci\u00f3n de todas las actividades de la biblioteca,&nbsp; se realizar\u00e1n durante las horas que se han establecido para cada componente destinadas a la biblioteca: Natalia &hellip; <\/p>\n<p><a class=\"more-link btn\" href=\"https:\/\/blogsaverroes.juntadeandalucia.es\/ceipangelsuquia\/biblioteca\/\">Seguir leyendo<\/a><\/p>\n","protected":false},"author":1,"featured_media":0,"parent":0,"menu_order":0,"comment_status":"closed","ping_status":"open","template":"page-cs.php","meta":{"ngg_post_thumbnail":0,"footnotes":"","_mc_calendar":[]},"aioseo_notices":[],"_links":{"self":[{"href":"https:\/\/blogsaverroes.juntadeandalucia.es\/ceipangelsuquia\/wp-json\/wp\/v2\/pages\/113"}],"collection":[{"href":"https:\/\/blogsaverroes.juntadeandalucia.es\/ceipangelsuquia\/wp-json\/wp\/v2\/pages"}],"about":[{"href":"https:\/\/blogsaverroes.juntadeandalucia.es\/ceipangelsuquia\/wp-json\/wp\/v2\/types\/page"}],"author":[{"embeddable":true,"href":"https:\/\/blogsaverroes.juntadeandalucia.es\/ceipangelsuquia\/wp-json\/wp\/v2\/users\/1"}],"replies":[{"embeddable":true,"href":"https:\/\/blogsaverroes.juntadeandalucia.es\/ceipangelsuquia\/wp-json\/wp\/v2\/comments?post=113"}],"version-history":[{"count":8,"href":"https:\/\/blogsaverroes.juntadeandalucia.es\/ceipangelsuquia\/wp-json\/wp\/v2\/pages\/113\/revisions"}],"predecessor-version":[{"id":2400,"href":"https:\/\/blogsaverroes.juntadeandalucia.es\/ceipangelsuquia\/wp-json\/wp\/v2\/pages\/113\/revisions\/2400"}],"wp:attachment":[{"href":"https:\/\/blogsaverroes.juntadeandalucia.es\/ceipangelsuquia\/wp-json\/wp\/v2\/media?parent=113"}],"curies":[{"name":"wp","href":"https:\/\/api.w.org\/{rel}","templated":true}]}}