{"id":35,"date":"2015-03-13T08:21:43","date_gmt":"2015-03-13T08:21:43","guid":{"rendered":"http:\/\/blogsaverroes.juntadeandalucia.es\/pre\/ceip\/?page_id=35"},"modified":"2022-01-20T12:21:53","modified_gmt":"2022-01-20T12:21:53","slug":"el-centro-2","status":"publish","type":"page","link":"https:\/\/blogsaverroes.juntadeandalucia.es\/ceipangelsuquia\/el-centro-2\/","title":{"rendered":"Datos del centro"},"content":{"rendered":"<h4>Colegio P\u00fablico de Educaci\u00f3n Especial, Infantil y Primaria.<\/h4>\n<h4><strong>C\u00f3digo:<\/strong>&nbsp;04001072<\/h4>\n<div class=\"col-md-6 mb-3\">\n<div class=\"mb-1\"><strong>Direcci\u00f3n:<\/strong><br \/>\nCalle Sierra de Bacares, 1<br \/>\nAlmer\u00eda (capital)<\/div>\n<div><strong>C.P.:<\/strong>&nbsp;04009<\/div>\n<\/div>\n<div class=\"col-md-6\">\n<div class=\"mb-3\"><i class=\"icon-phone\"><\/i><strong>Telefono:<\/strong>&nbsp;950156142<\/div>\n<div class=\"mb-3\"><i class=\"icon-fax\"><\/i><strong>Fax:<\/strong>&nbsp;950156143<\/div>\n<div class=\"mb-3\"><i class=\"icon-gmail\"><\/i>&nbsp; &nbsp; &nbsp; &nbsp; &nbsp; &nbsp; &nbsp; &nbsp; &nbsp; &nbsp; &nbsp; &nbsp; &nbsp; &nbsp; &nbsp; &nbsp; &nbsp; &nbsp; &nbsp; &nbsp; <strong>Email:<\/strong>&nbsp;<a class=\"text-break\" href=\"mailto:04001072.edu@juntadeandalucia.es\" target=\"_blank\" rel=\"noopener noreferrer\">04001072.edu@juntadeandalucia.es<\/a><\/div>\n<\/div>\n<h4><strong>Horarios<\/strong><\/h4>\n<p>Reflejar el horario de apertura del centro: aula matinal, actividades lectivas, Plan de Acompa\u00f1amiento, talleres extraescolares organizados desde el AMPA, etc.<\/p>\n<h4><strong>Oferta educativa<\/strong><\/h4>\n<p>Una breve descripci\u00f3n de las ense\u00f1anzas ofrecidas en el centro, con posibilidad de <a title=\"Educaci\u00f3n infantil\" href=\"https:\/\/blogsaverroes.juntadeandalucia.es\/ceipangelsuquia\/educacion-infantil\/\">enlazar <\/a>a otras secciones informativas de la web.<\/p>\n<h4>Instalaciones<\/h4>\n<p>&nbsp;<\/p>\n","protected":false},"excerpt":{"rendered":"<p>Colegio P\u00fablico de Educaci\u00f3n Especial, Infantil y Primaria. C\u00f3digo:&nbsp;04001072 Direcci\u00f3n: Calle Sierra de Bacares, 1 Almer\u00eda (capital) C.P.:&nbsp;04009 Telefono:&nbsp;950156142 Fax:&nbsp;950156143 &nbsp; &nbsp; &nbsp; &nbsp; &nbsp; &nbsp; &nbsp; &nbsp; &nbsp; &nbsp; &nbsp; &nbsp; &nbsp; &nbsp; &nbsp; &nbsp; &nbsp; &nbsp; &nbsp; &nbsp; Email:&nbsp;04001072.edu@juntadeandalucia.es Horarios Reflejar el horario de apertura del centro: aula matinal, actividades lectivas, Plan de &hellip; <\/p>\n<p><a class=\"more-link btn\" href=\"https:\/\/blogsaverroes.juntadeandalucia.es\/ceipangelsuquia\/el-centro-2\/\">Seguir leyendo<\/a><\/p>\n","protected":false},"author":1,"featured_media":0,"parent":0,"menu_order":0,"comment_status":"closed","ping_status":"open","template":"page-cs.php","meta":{"ngg_post_thumbnail":0,"footnotes":"","_mc_calendar":[]},"aioseo_notices":[],"_links":{"self":[{"href":"https:\/\/blogsaverroes.juntadeandalucia.es\/ceipangelsuquia\/wp-json\/wp\/v2\/pages\/35"}],"collection":[{"href":"https:\/\/blogsaverroes.juntadeandalucia.es\/ceipangelsuquia\/wp-json\/wp\/v2\/pages"}],"about":[{"href":"https:\/\/blogsaverroes.juntadeandalucia.es\/ceipangelsuquia\/wp-json\/wp\/v2\/types\/page"}],"author":[{"embeddable":true,"href":"https:\/\/blogsaverroes.juntadeandalucia.es\/ceipangelsuquia\/wp-json\/wp\/v2\/users\/1"}],"replies":[{"embeddable":true,"href":"https:\/\/blogsaverroes.juntadeandalucia.es\/ceipangelsuquia\/wp-json\/wp\/v2\/comments?post=35"}],"version-history":[{"count":22,"href":"https:\/\/blogsaverroes.juntadeandalucia.es\/ceipangelsuquia\/wp-json\/wp\/v2\/pages\/35\/revisions"}],"predecessor-version":[{"id":2356,"href":"https:\/\/blogsaverroes.juntadeandalucia.es\/ceipangelsuquia\/wp-json\/wp\/v2\/pages\/35\/revisions\/2356"}],"wp:attachment":[{"href":"https:\/\/blogsaverroes.juntadeandalucia.es\/ceipangelsuquia\/wp-json\/wp\/v2\/media?parent=35"}],"curies":[{"name":"wp","href":"https:\/\/api.w.org\/{rel}","templated":true}]}}