{"id":42,"date":"2015-03-13T08:40:47","date_gmt":"2015-03-13T08:40:47","guid":{"rendered":"http:\/\/blogsaverroes.juntadeandalucia.es\/pre\/ceip\/?page_id=42"},"modified":"2022-05-18T08:42:15","modified_gmt":"2022-05-18T08:42:15","slug":"equipo-directivo","status":"publish","type":"page","link":"https:\/\/blogsaverroes.juntadeandalucia.es\/ceipangelsuquia\/equipo-directivo\/","title":{"rendered":"Equipo directivo"},"content":{"rendered":"<p>El equipo directivo del C.E.I.P \u00c1ngel Suqu\u00eda est\u00e1 formado por las siguientes personas:<\/p>\n<p><strong>Direcci\u00f3n: Carmen Mar\u00eda Rodr\u00edguez Gonz\u00e1lez<br \/>\n<\/strong><\/p>\n<p><strong>Jefatura de estudios: Mar\u00eda Luisa Carretero L\u00f3pez<br \/>\n<\/strong><\/p>\n<p><strong>Secretar\u00eda: Ascensi\u00f3n De Amo Artero<br \/>\n<\/strong><\/p>\n","protected":false},"excerpt":{"rendered":"<p>El equipo directivo del C.E.I.P \u00c1ngel Suqu\u00eda est\u00e1 formado por las siguientes personas: Direcci\u00f3n: Carmen Mar\u00eda Rodr\u00edguez Gonz\u00e1lez Jefatura de estudios: Mar\u00eda Luisa Carretero L\u00f3pez Secretar\u00eda: Ascensi\u00f3n De Amo Artero<\/p>\n","protected":false},"author":1,"featured_media":0,"parent":0,"menu_order":0,"comment_status":"closed","ping_status":"open","template":"","meta":{"ngg_post_thumbnail":0,"footnotes":"","_mc_calendar":[]},"aioseo_notices":[],"_links":{"self":[{"href":"https:\/\/blogsaverroes.juntadeandalucia.es\/ceipangelsuquia\/wp-json\/wp\/v2\/pages\/42"}],"collection":[{"href":"https:\/\/blogsaverroes.juntadeandalucia.es\/ceipangelsuquia\/wp-json\/wp\/v2\/pages"}],"about":[{"href":"https:\/\/blogsaverroes.juntadeandalucia.es\/ceipangelsuquia\/wp-json\/wp\/v2\/types\/page"}],"author":[{"embeddable":true,"href":"https:\/\/blogsaverroes.juntadeandalucia.es\/ceipangelsuquia\/wp-json\/wp\/v2\/users\/1"}],"replies":[{"embeddable":true,"href":"https:\/\/blogsaverroes.juntadeandalucia.es\/ceipangelsuquia\/wp-json\/wp\/v2\/comments?post=42"}],"version-history":[{"count":5,"href":"https:\/\/blogsaverroes.juntadeandalucia.es\/ceipangelsuquia\/wp-json\/wp\/v2\/pages\/42\/revisions"}],"predecessor-version":[{"id":2398,"href":"https:\/\/blogsaverroes.juntadeandalucia.es\/ceipangelsuquia\/wp-json\/wp\/v2\/pages\/42\/revisions\/2398"}],"wp:attachment":[{"href":"https:\/\/blogsaverroes.juntadeandalucia.es\/ceipangelsuquia\/wp-json\/wp\/v2\/media?parent=42"}],"curies":[{"name":"wp","href":"https:\/\/api.w.org\/{rel}","templated":true}]}}