{"id":49,"date":"2015-03-13T08:47:05","date_gmt":"2015-03-13T08:47:05","guid":{"rendered":"http:\/\/blogsaverroes.juntadeandalucia.es\/pre\/ceip\/?page_id=49"},"modified":"2025-11-21T12:35:06","modified_gmt":"2025-11-21T12:35:06","slug":"proyecto-educativo","status":"publish","type":"page","link":"https:\/\/blogsaverroes.juntadeandalucia.es\/ceipangelsuquia\/proyecto-educativo\/","title":{"rendered":"Plan de centro"},"content":{"rendered":"<p style=\"text-align: left\">Un centro se define en gran medida por su <strong>Plan de centro<\/strong>. En \u00e9l se plasma el modelo educativo y la concreci\u00f3n de la normativa que un centro realiza respecto a las ense\u00f1anzas que imparte. Aspectos tales como las finales educativas, objetivos, atenci\u00f3n a la diversidad, etc.<\/p>\n<p>En el siguiente enlace se tiene acceso directo a dicho documento:<\/p>\n<p>&nbsp;<\/p>\n<p><a href=\"https:\/\/blogsaverroes.juntadeandalucia.es\/ceipangelsuquia\/files\/2022\/05\/\u00edndice.png\"><img loading=\"lazy\" decoding=\"async\" class=\"size-full wp-image-2401 alignleft\" src=\"https:\/\/blogsaverroes.juntadeandalucia.es\/ceipangelsuquia\/files\/2022\/05\/\u00edndice.png\" alt=\"\" width=\"252\" height=\"200\"><\/a><\/p>\n<p>&nbsp;<\/p>\n<p><a href=\"https:\/\/drive.google.com\/file\/d\/1oCaLrYta0CQcgY7S5Uu7sxN-QdUqSelX\/view?usp=sharing\">PLAN DE CENTRO<\/a> <a title=\"Plan de Centro 22-23\" href=\"https:\/\/drive.google.com\/file\/d\/1oCaLrYta0CQcgY7S5Uu7sxN-QdUqSelX\/view?usp=sharing\">CEIP \u00c1NGEL SUQU\u00cdA<\/a><\/p>\n<p>&nbsp;<\/p>\n<p>&nbsp;<\/p>\n<p>&nbsp;<\/p>\n<p>Se adjunta el documento relacionado con el protocolo COVID19:<\/p>\n<p>&nbsp;<\/p>\n<p><a href=\"https:\/\/blogsaverroes.juntadeandalucia.es\/ceipangelsuquia\/files\/2022\/05\/covid-con-pastillas-rojo-scaled.jpg\"><img loading=\"lazy\" decoding=\"async\" class=\"size-medium wp-image-2402 alignleft\" src=\"https:\/\/blogsaverroes.juntadeandalucia.es\/ceipangelsuquia\/files\/2022\/05\/covid-con-pastillas-rojo-300x200.jpg\" alt=\"\" width=\"300\" height=\"200\" srcset=\"https:\/\/blogsaverroes.juntadeandalucia.es\/ceipangelsuquia\/files\/2022\/05\/covid-con-pastillas-rojo-300x200.jpg 300w, https:\/\/blogsaverroes.juntadeandalucia.es\/ceipangelsuquia\/files\/2022\/05\/covid-con-pastillas-rojo-1024x683.jpg 1024w, https:\/\/blogsaverroes.juntadeandalucia.es\/ceipangelsuquia\/files\/2022\/05\/covid-con-pastillas-rojo-768x512.jpg 768w, https:\/\/blogsaverroes.juntadeandalucia.es\/ceipangelsuquia\/files\/2022\/05\/covid-con-pastillas-rojo-1536x1024.jpg 1536w, https:\/\/blogsaverroes.juntadeandalucia.es\/ceipangelsuquia\/files\/2022\/05\/covid-con-pastillas-rojo-2048x1365.jpg 2048w, https:\/\/blogsaverroes.juntadeandalucia.es\/ceipangelsuquia\/files\/2022\/05\/covid-con-pastillas-rojo-scaled.jpg 1600w\" sizes=\"(max-width: 300px) 100vw, 300px\" \/><\/a><\/p>\n<p>&nbsp;<\/p>\n<p>&nbsp;<\/p>\n<p><a href=\"https:\/\/blogsaverroes.juntadeandalucia.es\/ceipangelsuquia\/files\/2022\/05\/covid-con-pastillas-rojo-scaled.jpg\">&nbsp; <\/a><a href=\"https:\/\/blogsaverroes.juntadeandalucia.es\/ceipangelsuquia\/files\/2022\/05\/PROTOCOLO-ACTUACI\u00d3N-COVID-19-Actualizaci\u00f3n-octubre-2021-Ceip-\u00c1ngel-Suqu\u00eda.pdf\">PROTOCOLO ACTUACI\u00d3N COVID-19<\/a><\/p>\n","protected":false},"excerpt":{"rendered":"<p>Un centro se define en gran medida por su Plan de centro. En \u00e9l se plasma el modelo educativo y la concreci\u00f3n de la normativa que un centro realiza respecto a las ense\u00f1anzas que imparte. Aspectos tales como las finales educativas, objetivos, atenci\u00f3n a la diversidad, etc. En el siguiente enlace se tiene acceso directo &hellip; <\/p>\n<p><a class=\"more-link btn\" href=\"https:\/\/blogsaverroes.juntadeandalucia.es\/ceipangelsuquia\/proyecto-educativo\/\">Seguir leyendo<\/a><\/p>\n","protected":false},"author":1,"featured_media":0,"parent":0,"menu_order":0,"comment_status":"closed","ping_status":"open","template":"","meta":{"ngg_post_thumbnail":0,"footnotes":"","_mc_calendar":[]},"aioseo_notices":[],"_links":{"self":[{"href":"https:\/\/blogsaverroes.juntadeandalucia.es\/ceipangelsuquia\/wp-json\/wp\/v2\/pages\/49"}],"collection":[{"href":"https:\/\/blogsaverroes.juntadeandalucia.es\/ceipangelsuquia\/wp-json\/wp\/v2\/pages"}],"about":[{"href":"https:\/\/blogsaverroes.juntadeandalucia.es\/ceipangelsuquia\/wp-json\/wp\/v2\/types\/page"}],"author":[{"embeddable":true,"href":"https:\/\/blogsaverroes.juntadeandalucia.es\/ceipangelsuquia\/wp-json\/wp\/v2\/users\/1"}],"replies":[{"embeddable":true,"href":"https:\/\/blogsaverroes.juntadeandalucia.es\/ceipangelsuquia\/wp-json\/wp\/v2\/comments?post=49"}],"version-history":[{"count":17,"href":"https:\/\/blogsaverroes.juntadeandalucia.es\/ceipangelsuquia\/wp-json\/wp\/v2\/pages\/49\/revisions"}],"predecessor-version":[{"id":2695,"href":"https:\/\/blogsaverroes.juntadeandalucia.es\/ceipangelsuquia\/wp-json\/wp\/v2\/pages\/49\/revisions\/2695"}],"wp:attachment":[{"href":"https:\/\/blogsaverroes.juntadeandalucia.es\/ceipangelsuquia\/wp-json\/wp\/v2\/media?parent=49"}],"curies":[{"name":"wp","href":"https:\/\/api.w.org\/{rel}","templated":true}]}}