{"id":2248,"date":"2016-07-13T18:18:13","date_gmt":"2016-07-13T18:18:13","guid":{"rendered":"http:\/\/blogsaverroes.juntadeandalucia.es\/ceipantoniocuevas\/?page_id=2248"},"modified":"2017-01-24T12:41:48","modified_gmt":"2017-01-24T12:41:48","slug":"servicios-complementarios","status":"publish","type":"page","link":"https:\/\/blogsaverroes.juntadeandalucia.es\/ceipantoniocuevas\/servicios-complementarios\/","title":{"rendered":"Servicios Complementarios"},"content":{"rendered":"<h4><strong>\u00a0<span style=\"color: #003366\">INFORMACI\u00d3N GENERAL DE LOS SERVICIOS COMPLEMENTARIOS<\/span><\/strong><\/h4>\n<p>&nbsp;<\/p>\n<ul>\n<li style=\"text-align: justify\"><span style=\"color: #003366\"><strong>PLAZO DE SOLICITUD<\/strong>: del 1 al 8 de junio, aportando documentaci\u00f3n de las circunstancias que se aleguen (trabajo de padre7madre, hermanos, discapacidad&#8230;)<\/span><\/li>\n<li style=\"text-align: justify\"><span style=\"color: #003366\"><strong>SE PUBLICAR\u00c1N EN EL TABL\u00d3N DE ANUNCIOS LOS LISTADOS PROVISIONALES DE ADMITIDOS Y SUPLENTES<\/strong>, sobre los que se podr\u00e1 reclamar en el Centro en el plazo de tres d\u00edas. <strong>DESPU\u00c9S SE HAR\u00c1N P\u00daBLICOS LOS LISTADOS DEFINITIVOS<\/strong>, contra los que se podr\u00e1 interponer recurso en Delegaci\u00f3n en el plazo de un mes.<\/span><\/li>\n<li style=\"text-align: justify\"><strong><span style=\"color: #003366\">UNA VEZ CUMPLIDOS LOS PLAZOS SE PODR\u00c1 SOLICITAR CUALQUIER SERVICIO, PERO SOLO SE ADMITIR\u00c1 CUANDO SE PRODUZCAN VACANTES, QUE VIENEN DETERMINADAS DESDE LA CONSEJER\u00cdA DE EDUCACI\u00d3N.<\/span><\/strong><\/li>\n<li style=\"text-align: justify\"><strong><span style=\"color: #003366\">NO SE PODR\u00c1 HACER USO DE NING\u00daN SERVICIO SI NO SE EST\u00c1 ADMITIDO Y REGISTRADO COMO USUARIO.<\/span><\/strong><\/li>\n<li style=\"text-align: justify\"><strong><span style=\"color: #003366\">NORMARIVA: Orden 03\/08\/2010, BOJA 158 de 12\/08\/2010.<\/span><\/strong><\/li>\n<\/ul>\n<p style=\"text-align: center\">\n<p style=\"text-align: center\"><span style=\"color: #003366\"><strong>BONIFICACIONES<\/strong><\/span><\/p>\n<p style=\"text-align: justify\">\u00a0<span style=\"color: #003366\">PUEDEN SOLICITARSE <strong>DEL 1 AL 7 DE SEPTIEMBRE DE CADA CURSO <\/strong>AUNQUE NO HAYAN SIDO ADMITIDOS EN ELSERVICIO SOLICITADO.<\/span><\/p>\n<p>&nbsp;<\/p>\n","protected":false},"excerpt":{"rendered":"<p>\u00a0INFORMACI\u00d3N GENERAL DE LOS SERVICIOS COMPLEMENTARIOS &nbsp; PLAZO DE SOLICITUD: del 1 al 8 de junio, aportando documentaci\u00f3n de las circunstancias que se aleguen (trabajo de padre7madre, hermanos, discapacidad&#8230;) SE PUBLICAR\u00c1N EN EL TABL\u00d3N&#46;&#46;&#46;<\/p>\n","protected":false},"author":2988,"featured_media":0,"parent":0,"menu_order":0,"comment_status":"open","ping_status":"open","template":"","meta":{"ngg_post_thumbnail":0,"footnotes":"","_mc_calendar":[]},"aioseo_notices":[],"_links":{"self":[{"href":"https:\/\/blogsaverroes.juntadeandalucia.es\/ceipantoniocuevas\/wp-json\/wp\/v2\/pages\/2248"}],"collection":[{"href":"https:\/\/blogsaverroes.juntadeandalucia.es\/ceipantoniocuevas\/wp-json\/wp\/v2\/pages"}],"about":[{"href":"https:\/\/blogsaverroes.juntadeandalucia.es\/ceipantoniocuevas\/wp-json\/wp\/v2\/types\/page"}],"author":[{"embeddable":true,"href":"https:\/\/blogsaverroes.juntadeandalucia.es\/ceipantoniocuevas\/wp-json\/wp\/v2\/users\/2988"}],"replies":[{"embeddable":true,"href":"https:\/\/blogsaverroes.juntadeandalucia.es\/ceipantoniocuevas\/wp-json\/wp\/v2\/comments?post=2248"}],"version-history":[{"count":2,"href":"https:\/\/blogsaverroes.juntadeandalucia.es\/ceipantoniocuevas\/wp-json\/wp\/v2\/pages\/2248\/revisions"}],"predecessor-version":[{"id":2330,"href":"https:\/\/blogsaverroes.juntadeandalucia.es\/ceipantoniocuevas\/wp-json\/wp\/v2\/pages\/2248\/revisions\/2330"}],"wp:attachment":[{"href":"https:\/\/blogsaverroes.juntadeandalucia.es\/ceipantoniocuevas\/wp-json\/wp\/v2\/media?parent=2248"}],"curies":[{"name":"wp","href":"https:\/\/api.w.org\/{rel}","templated":true}]}}