{"id":2337,"date":"2017-01-26T08:45:22","date_gmt":"2017-01-26T08:45:22","guid":{"rendered":"http:\/\/blogsaverroes.juntadeandalucia.es\/ceipantoniocuevas\/?page_id=2337"},"modified":"2021-05-26T15:55:52","modified_gmt":"2021-05-26T14:55:52","slug":"informacion-general-2","status":"publish","type":"page","link":"https:\/\/blogsaverroes.juntadeandalucia.es\/ceipantoniocuevas\/servicios-complementarios\/informacion-general-2\/","title":{"rendered":"Informaci\u00f3n general"},"content":{"rendered":"<h4><a href=\"https:\/\/blogsaverroes.juntadeandalucia.es\/ceipantoniocuevas\/files\/2014\/12\/comida.jpg\"><img loading=\"lazy\" decoding=\"async\" class=\"alignnone wp-image-538\" src=\"https:\/\/blogsaverroes.juntadeandalucia.es\/ceipantoniocuevas\/files\/2014\/12\/comida-300x174.jpg\" alt=\"\" width=\"217\" height=\"126\" srcset=\"https:\/\/blogsaverroes.juntadeandalucia.es\/ceipantoniocuevas\/files\/2014\/12\/comida-300x174.jpg 300w, https:\/\/blogsaverroes.juntadeandalucia.es\/ceipantoniocuevas\/files\/2014\/12\/comida-700x406.jpg 700w, https:\/\/blogsaverroes.juntadeandalucia.es\/ceipantoniocuevas\/files\/2014\/12\/comida-332x192.jpg 332w, https:\/\/blogsaverroes.juntadeandalucia.es\/ceipantoniocuevas\/files\/2014\/12\/comida.jpg 709w\" sizes=\"(max-width: 217px) 100vw, 217px\" \/><\/a><\/h4>\n<h4>&nbsp;<\/h4>\n<h3 style=\"text-align: center\"><span style=\"color: #003366\"><strong>INFORMACI\u00d3N GENERAL DE LOS SERVICIOS COMPLEMENTARIOS<\/strong><\/span><\/h3>\n<p><span style=\"color: #003366\">&nbsp;<\/span><\/p>\n<ul>\n<li><strong><span style=\"color: #003366\">NORMATIVA:<\/span> <a class=\"ico_enlaceExt\" title=\"Se abre en una nueva ventana\" href=\"http:\/\/juntadeandalucia.es\/eboja\/2017\/78\/BOJA17-078-00027-7095-01_00112396.pdf\" target=\"_blank\" rel=\"noopener noreferrer\"> Orden de 17 abril de 2017 (BOJA 26-04-2017)<\/a><\/strong><\/li>\n<\/ul>\n<p>&nbsp;<\/p>\n<ul>\n<li><span style=\"color: #003366\"><strong>SOLICITUDES SERVICIOS COMPLEMENTARIOS<\/strong><\/span><\/li>\n<\/ul>\n<p style=\"text-align: center\"><span style=\"color: #008080\"><strong> <a style=\"color: #008080\" href=\"https:\/\/blogsaverroes.juntadeandalucia.es\/ceipantoniocuevas\/files\/2020\/05\/SOLICITUD-ACT.COMPLEMENTARIAS.pdf\">SOLICITUD&nbsp; AULA MATINAL-COMEDOR&nbsp; Y ACT.EXTRAESCOLARES<\/a><\/strong><\/span><\/p>\n<p>&nbsp;<\/p>\n<ul>\n<li><span style=\"color: #003366\"><strong>PLAZO DE SOLICITUD<\/strong>: con la matricula, aportando documentaci\u00f3n de las circunstancias que se aleguen (trabajo de padre\/madre, hermanos, discapacidad\u2026).<\/span><\/li>\n<li><span style=\"color: #003366\"><strong>&nbsp;POSTERIORMENTE SE PUBLICAR\u00c1N EN EL TABL\u00d3N DE ANUNCIOS LOS LISTADOS PROVISIONALES DE ADMITIDOS Y SUPLENTES<\/strong>, sobre los que se podr\u00e1 reclamar en el Centro en el plazo de 10 d\u00edas.<\/span><\/li>\n<li><span style=\"color: #003366\"><strong>&nbsp;SE HAR\u00c1N P\u00daBLICOS LOS LISTADOS DEFINITIVOS<\/strong>, contra los que se podr\u00e1 interponer recurso en Delegaci\u00f3n en el plazo de un mes.<\/span><\/li>\n<li><span style=\"color: #003366\"><strong>UNA VEZ CUMPLIDOS LOS PLAZOS SE PODR\u00c1 SOLICITAR CUALQUIER SERVICIO, PERO SOLO SE ADMITIR\u00c1 CUANDO SE PRODUZCAN VACANTES O EN EL CASO DE ACTIVIDAD LABORAL DE AMBOS PROGENITORES.<br \/>\n<\/strong><\/span><\/li>\n<li><span style=\"color: #003366\"><strong>NO SE PODR\u00c1 HACER USO DE NING\u00daN SERVICIO SI NO SE EST\u00c1 ADMITIDO Y REGISTRADO COMO USUARIO.<\/strong><\/span><\/li>\n<\/ul>\n<p>&nbsp;<\/p>\n<ul>\n<li><span style=\"color: #003366\"><strong>BONIFICACIONES:<\/strong><\/span><\/li>\n<\/ul>\n<p style=\"text-align: center\"><a href=\"http:\/\/portals.ced.junta-andalucia.es\/educacion\/portals\/abaco-portlet\/content\/366fa583-9a6b-4c86-992e-be05f3d3a416\" target=\"_blank\" rel=\"noopener noreferrer\"><span style=\"color: #008080\"><strong>IMPRESO AUTORRELLENABLE. Anexo V (PDF \/ 95.67Kb)<\/strong><\/span><\/a><\/p>\n<p><span style=\"color: #003366\">&nbsp;<strong><br \/>\n<\/strong><\/span><\/p>\n","protected":false},"excerpt":{"rendered":"<p>&nbsp; INFORMACI\u00d3N GENERAL DE LOS SERVICIOS COMPLEMENTARIOS &nbsp; NORMATIVA: Orden de 17 abril de 2017 (BOJA 26-04-2017) &nbsp; SOLICITUDES SERVICIOS COMPLEMENTARIOS SOLICITUD&nbsp; AULA MATINAL-COMEDOR&nbsp; Y ACT.EXTRAESCOLARES &nbsp; PLAZO DE SOLICITUD: con la matricula, aportando&#46;&#46;&#46;<\/p>\n","protected":false},"author":2988,"featured_media":0,"parent":2248,"menu_order":0,"comment_status":"closed","ping_status":"closed","template":"","meta":{"ngg_post_thumbnail":0,"footnotes":"","_mc_calendar":[]},"aioseo_notices":[],"_links":{"self":[{"href":"https:\/\/blogsaverroes.juntadeandalucia.es\/ceipantoniocuevas\/wp-json\/wp\/v2\/pages\/2337"}],"collection":[{"href":"https:\/\/blogsaverroes.juntadeandalucia.es\/ceipantoniocuevas\/wp-json\/wp\/v2\/pages"}],"about":[{"href":"https:\/\/blogsaverroes.juntadeandalucia.es\/ceipantoniocuevas\/wp-json\/wp\/v2\/types\/page"}],"author":[{"embeddable":true,"href":"https:\/\/blogsaverroes.juntadeandalucia.es\/ceipantoniocuevas\/wp-json\/wp\/v2\/users\/2988"}],"replies":[{"embeddable":true,"href":"https:\/\/blogsaverroes.juntadeandalucia.es\/ceipantoniocuevas\/wp-json\/wp\/v2\/comments?post=2337"}],"version-history":[{"count":18,"href":"https:\/\/blogsaverroes.juntadeandalucia.es\/ceipantoniocuevas\/wp-json\/wp\/v2\/pages\/2337\/revisions"}],"predecessor-version":[{"id":3746,"href":"https:\/\/blogsaverroes.juntadeandalucia.es\/ceipantoniocuevas\/wp-json\/wp\/v2\/pages\/2337\/revisions\/3746"}],"up":[{"embeddable":true,"href":"https:\/\/blogsaverroes.juntadeandalucia.es\/ceipantoniocuevas\/wp-json\/wp\/v2\/pages\/2248"}],"wp:attachment":[{"href":"https:\/\/blogsaverroes.juntadeandalucia.es\/ceipantoniocuevas\/wp-json\/wp\/v2\/media?parent=2337"}],"curies":[{"name":"wp","href":"https:\/\/api.w.org\/{rel}","templated":true}]}}