{"id":2771,"date":"2018-02-26T18:23:41","date_gmt":"2018-02-26T17:23:41","guid":{"rendered":"http:\/\/blogsaverroes.juntadeandalucia.es\/ceipantoniocuevas\/?page_id=2771"},"modified":"2026-03-03T11:32:23","modified_gmt":"2026-03-03T10:32:23","slug":"documentos","status":"publish","type":"page","link":"https:\/\/blogsaverroes.juntadeandalucia.es\/ceipantoniocuevas\/documentos\/","title":{"rendered":"Documentos"},"content":{"rendered":"<blockquote>\n<h3><a href=\"https:\/\/blogsaverroes.juntadeandalucia.es\/ceipantoniocuevas\/files\/2026\/03\/PLAN-DE-CENTRO-25-26.zip\"><strong><span style=\"color: #003366\">PROYECTO EDUCATIVO<\/span><\/strong><\/a><\/h3>\n<h3><a href=\"https:\/\/blogsaverroes.juntadeandalucia.es\/ceipantoniocuevas\/files\/2026\/03\/B.-PROYECTO-DE-GESTION.pdf\"><strong><span style=\"color: #003366\">PROYECTO DE GESTI\u00d3N<\/span><\/strong><\/a><\/h3>\n<h3><a href=\"https:\/\/blogsaverroes.juntadeandalucia.es\/ceipantoniocuevas\/files\/2026\/03\/C.-ROF-25-26.pdf\"><span style=\"color: #003366\"><strong>R<\/strong><strong>EGLAMENTO DE ORGANIZACI\u00d3N Y FUNCIONAM<\/strong><strong>IENT<\/strong><strong>O<\/strong><\/span><\/a><\/h3>\n<h3><span style=\"color: #333399\"><strong>ACCIONES DEL FONDO SOCIAL EUROPEO CURSO 2022-2023<br \/>\n<\/strong><\/span><\/h3>\n<\/blockquote>\n<p><a href=\"https:\/\/blogsaverroes.juntadeandalucia.es\/ceipantoniocuevas\/files\/2022\/05\/Anexo_I_cartel_centros_FSE.png\"><img loading=\"lazy\" decoding=\"async\" class=\"wp-image-4067 alignnone\" src=\"https:\/\/blogsaverroes.juntadeandalucia.es\/ceipantoniocuevas\/files\/2022\/05\/Anexo_I_cartel_centros_FSE-212x300.png\" alt=\"\" width=\"164\" height=\"232\" srcset=\"https:\/\/blogsaverroes.juntadeandalucia.es\/ceipantoniocuevas\/files\/2022\/05\/Anexo_I_cartel_centros_FSE-212x300.png 212w, https:\/\/blogsaverroes.juntadeandalucia.es\/ceipantoniocuevas\/files\/2022\/05\/Anexo_I_cartel_centros_FSE-724x1024.png 724w, https:\/\/blogsaverroes.juntadeandalucia.es\/ceipantoniocuevas\/files\/2022\/05\/Anexo_I_cartel_centros_FSE-768x1086.png 768w, https:\/\/blogsaverroes.juntadeandalucia.es\/ceipantoniocuevas\/files\/2022\/05\/Anexo_I_cartel_centros_FSE-1086x1536.png 1086w, https:\/\/blogsaverroes.juntadeandalucia.es\/ceipantoniocuevas\/files\/2022\/05\/Anexo_I_cartel_centros_FSE.png 1131w\" sizes=\"(max-width: 164px) 100vw, 164px\" \/><\/a><\/p>\n<p><span style=\"color: #000000\">Para conocimiento p\u00fablico de toda la comunidad educativa os presentamos la informaci\u00f3n sobre las acciones que se ejecutan en nuestro centro dentro del fondo social europeo:<\/span><\/p>\n<ul>\n<li><span style=\"color: #000000\">&nbsp;Acciones formativas programadas y desarrolladas&nbsp; conducentes&nbsp; a reducir el abandono educativo y mejorar los resultados del alumnado con necesidad espec\u00edfica de apoyo educativo, en la etapa de segundo ciclo de educaci\u00f3n infantil y de educaci\u00f3n primaria, atendido por el profesorado de pedagog\u00eda terap\u00e9utica.<\/span><\/li>\n<li><span style=\"color: #000000\">Acciones de refuerzo educativo y apoyo escolar : PROA, PALE Y PALI.<\/span><\/li>\n<\/ul>\n","protected":false},"excerpt":{"rendered":"<p>PROYECTO EDUCATIVO PROYECTO DE GESTI\u00d3N REGLAMENTO DE ORGANIZACI\u00d3N Y FUNCIONAMIENTO ACCIONES DEL FONDO SOCIAL EUROPEO CURSO 2022-2023 Para conocimiento p\u00fablico de toda la comunidad educativa os presentamos la informaci\u00f3n sobre las acciones que se&#46;&#46;&#46;<\/p>\n","protected":false},"author":2988,"featured_media":0,"parent":0,"menu_order":0,"comment_status":"closed","ping_status":"closed","template":"","meta":{"ngg_post_thumbnail":0,"footnotes":"","_mc_calendar":[]},"aioseo_notices":[],"_links":{"self":[{"href":"https:\/\/blogsaverroes.juntadeandalucia.es\/ceipantoniocuevas\/wp-json\/wp\/v2\/pages\/2771"}],"collection":[{"href":"https:\/\/blogsaverroes.juntadeandalucia.es\/ceipantoniocuevas\/wp-json\/wp\/v2\/pages"}],"about":[{"href":"https:\/\/blogsaverroes.juntadeandalucia.es\/ceipantoniocuevas\/wp-json\/wp\/v2\/types\/page"}],"author":[{"embeddable":true,"href":"https:\/\/blogsaverroes.juntadeandalucia.es\/ceipantoniocuevas\/wp-json\/wp\/v2\/users\/2988"}],"replies":[{"embeddable":true,"href":"https:\/\/blogsaverroes.juntadeandalucia.es\/ceipantoniocuevas\/wp-json\/wp\/v2\/comments?post=2771"}],"version-history":[{"count":49,"href":"https:\/\/blogsaverroes.juntadeandalucia.es\/ceipantoniocuevas\/wp-json\/wp\/v2\/pages\/2771\/revisions"}],"predecessor-version":[{"id":4775,"href":"https:\/\/blogsaverroes.juntadeandalucia.es\/ceipantoniocuevas\/wp-json\/wp\/v2\/pages\/2771\/revisions\/4775"}],"wp:attachment":[{"href":"https:\/\/blogsaverroes.juntadeandalucia.es\/ceipantoniocuevas\/wp-json\/wp\/v2\/media?parent=2771"}],"curies":[{"name":"wp","href":"https:\/\/api.w.org\/{rel}","templated":true}]}}