{"id":3261,"date":"2019-10-11T17:44:50","date_gmt":"2019-10-11T16:44:50","guid":{"rendered":"https:\/\/blogsaverroes.juntadeandalucia.es\/ceipantoniocuevas\/?page_id=3261"},"modified":"2020-05-01T17:49:03","modified_gmt":"2020-05-01T16:49:03","slug":"curso-2019-2020","status":"publish","type":"page","link":"https:\/\/blogsaverroes.juntadeandalucia.es\/ceipantoniocuevas\/concursos\/actividades-complementarias\/curso-2019-2020\/","title":{"rendered":"CURSO 2019-2020"},"content":{"rendered":"<blockquote>\n<h3 style=\"text-align: center\"><span style=\"color: #ff6600\"><strong>D\u00cdA DEL LIBRO<\/strong><\/span><\/h3>\n<\/blockquote>\n<p><strong><span style=\"color: #ff6600\">Aqu\u00ed os dejamos los v\u00eddeos de cuentos que ni\u00f1os-as y maestras-os han le\u00eddo con motivo del D\u00eda del libro.<\/span><\/strong><\/p>\n<p><strong><span style=\"color: #ff6600\">Pincha en las im\u00e1genes para acceder a los v\u00eddeos.<br \/>\n<\/span><\/strong><\/p>\n<p><a href=\"https:\/\/blogsaverroes.juntadeandalucia.es\/ceipantoniocuevas\/2020\/04\/29\/te-cuento-un-cuento\/\" target=\"_blank\" rel=\"noopener noreferrer\"><img loading=\"lazy\" decoding=\"async\" class=\"size-medium wp-image-3451 aligncenter\" src=\"https:\/\/blogsaverroes.juntadeandalucia.es\/ceipantoniocuevas\/files\/2020\/05\/tecuento-ni\u00f1os-300x164.jpg\" alt=\"\" width=\"300\" height=\"164\" srcset=\"https:\/\/blogsaverroes.juntadeandalucia.es\/ceipantoniocuevas\/files\/2020\/05\/tecuento-ni\u00f1os.jpg 300w, https:\/\/blogsaverroes.juntadeandalucia.es\/ceipantoniocuevas\/files\/2020\/05\/tecuento-ni\u00f1os-24x13.jpg 24w, https:\/\/blogsaverroes.juntadeandalucia.es\/ceipantoniocuevas\/files\/2020\/05\/tecuento-ni\u00f1os-36x20.jpg 36w, https:\/\/blogsaverroes.juntadeandalucia.es\/ceipantoniocuevas\/files\/2020\/05\/tecuento-ni\u00f1os-48x26.jpg 48w\" sizes=\"(max-width: 300px) 100vw, 300px\" \/><\/a><\/p>\n<p><a href=\"https:\/\/blogsaverroes.juntadeandalucia.es\/ceipantoniocuevas\/2020\/04\/22\/23-de-abril-dia-del-libro\/\"><img loading=\"lazy\" decoding=\"async\" class=\"size-full wp-image-3454 aligncenter\" src=\"https:\/\/blogsaverroes.juntadeandalucia.es\/ceipantoniocuevas\/files\/2020\/05\/cuentameuncuento.jpg\" alt=\"\" width=\"300\" height=\"300\" srcset=\"https:\/\/blogsaverroes.juntadeandalucia.es\/ceipantoniocuevas\/files\/2020\/05\/cuentameuncuento.jpg 300w, https:\/\/blogsaverroes.juntadeandalucia.es\/ceipantoniocuevas\/files\/2020\/05\/cuentameuncuento-150x150.jpg 150w, https:\/\/blogsaverroes.juntadeandalucia.es\/ceipantoniocuevas\/files\/2020\/05\/cuentameuncuento-100x100.jpg 100w, https:\/\/blogsaverroes.juntadeandalucia.es\/ceipantoniocuevas\/files\/2020\/05\/cuentameuncuento-24x24.jpg 24w, https:\/\/blogsaverroes.juntadeandalucia.es\/ceipantoniocuevas\/files\/2020\/05\/cuentameuncuento-36x36.jpg 36w, https:\/\/blogsaverroes.juntadeandalucia.es\/ceipantoniocuevas\/files\/2020\/05\/cuentameuncuento-48x48.jpg 48w\" sizes=\"(max-width: 300px) 100vw, 300px\" \/><\/a><\/p>\n<p>&nbsp;<\/p>\n<p>&nbsp;<\/p>\n<p>&nbsp;<\/p>\n<blockquote>\n<h2 style=\"text-align: center\"><span style=\"color: #008000\"><em><strong><br \/>\nD\u00eda de Andaluc\u00eda&nbsp;<\/strong><\/em><\/span><\/h2>\n<\/blockquote>\n<p>&nbsp;<\/p>\n<p><a href=\"https:\/\/blogsaverroes.juntadeandalucia.es\/ceipantoniocuevas\/files\/2020\/02\/dia-andal2e-2020-2.png\"><img loading=\"lazy\" decoding=\"async\" class=\"size-medium wp-image-3333 aligncenter\" src=\"https:\/\/blogsaverroes.juntadeandalucia.es\/ceipantoniocuevas\/files\/2020\/02\/dia-andal2e-2020-2-300x300.png\" alt=\"\" width=\"300\" height=\"300\" srcset=\"https:\/\/blogsaverroes.juntadeandalucia.es\/ceipantoniocuevas\/files\/2020\/02\/dia-andal2e-2020-2-300x300.png 300w, https:\/\/blogsaverroes.juntadeandalucia.es\/ceipantoniocuevas\/files\/2020\/02\/dia-andal2e-2020-2-150x150.png 150w, https:\/\/blogsaverroes.juntadeandalucia.es\/ceipantoniocuevas\/files\/2020\/02\/dia-andal2e-2020-2-768x768.png 768w, https:\/\/blogsaverroes.juntadeandalucia.es\/ceipantoniocuevas\/files\/2020\/02\/dia-andal2e-2020-2-1024x1024.png 1024w, https:\/\/blogsaverroes.juntadeandalucia.es\/ceipantoniocuevas\/files\/2020\/02\/dia-andal2e-2020-2-100x100.png 100w, https:\/\/blogsaverroes.juntadeandalucia.es\/ceipantoniocuevas\/files\/2020\/02\/dia-andal2e-2020-2-24x24.png 24w, https:\/\/blogsaverroes.juntadeandalucia.es\/ceipantoniocuevas\/files\/2020\/02\/dia-andal2e-2020-2-36x36.png 36w, https:\/\/blogsaverroes.juntadeandalucia.es\/ceipantoniocuevas\/files\/2020\/02\/dia-andal2e-2020-2-48x48.png 48w, https:\/\/blogsaverroes.juntadeandalucia.es\/ceipantoniocuevas\/files\/2020\/02\/dia-andal2e-2020-2.png 1600w\" sizes=\"(max-width: 300px) 100vw, 300px\" \/><\/a><\/p>\n<blockquote>\n<h2 style=\"text-align: center\"><span style=\"color: #008080\"><em><strong>D\u00eda de la Paz<\/strong><\/em><\/span><\/h2>\n<\/blockquote>\n<p><a href=\"https:\/\/blogsaverroes.juntadeandalucia.es\/ceipantoniocuevas\/files\/2020\/02\/paz_2020.png\"><img loading=\"lazy\" decoding=\"async\" class=\"size-medium wp-image-3331 aligncenter\" src=\"https:\/\/blogsaverroes.juntadeandalucia.es\/ceipantoniocuevas\/files\/2020\/02\/paz_2020-300x300.png\" alt=\"\" width=\"300\" height=\"300\" srcset=\"https:\/\/blogsaverroes.juntadeandalucia.es\/ceipantoniocuevas\/files\/2020\/02\/paz_2020-300x300.png 300w, https:\/\/blogsaverroes.juntadeandalucia.es\/ceipantoniocuevas\/files\/2020\/02\/paz_2020-150x150.png 150w, https:\/\/blogsaverroes.juntadeandalucia.es\/ceipantoniocuevas\/files\/2020\/02\/paz_2020-768x768.png 768w, https:\/\/blogsaverroes.juntadeandalucia.es\/ceipantoniocuevas\/files\/2020\/02\/paz_2020-1024x1024.png 1024w, https:\/\/blogsaverroes.juntadeandalucia.es\/ceipantoniocuevas\/files\/2020\/02\/paz_2020-100x100.png 100w, https:\/\/blogsaverroes.juntadeandalucia.es\/ceipantoniocuevas\/files\/2020\/02\/paz_2020-24x24.png 24w, https:\/\/blogsaverroes.juntadeandalucia.es\/ceipantoniocuevas\/files\/2020\/02\/paz_2020-36x36.png 36w, https:\/\/blogsaverroes.juntadeandalucia.es\/ceipantoniocuevas\/files\/2020\/02\/paz_2020-48x48.png 48w, https:\/\/blogsaverroes.juntadeandalucia.es\/ceipantoniocuevas\/files\/2020\/02\/paz_2020.png 1600w\" sizes=\"(max-width: 300px) 100vw, 300px\" \/><\/a><\/p>\n<blockquote>\n<blockquote>\n<h2 style=\"text-align: center\"><strong><span style=\"color: #ff00ff\">D\u00eda de la Discapacidad<\/span><\/strong><\/h2>\n<\/blockquote>\n<p>&nbsp;<\/p>\n<div style=\"width: 350px;\" class=\"wp-video\"><!--[if lt IE 9]><script>document.createElement('video');<\/script><![endif]-->\n<video class=\"wp-video-shortcode\" id=\"video-3261-1\" width=\"350\" height=\"300\" preload=\"metadata\" controls=\"controls\"><source type=\"video\/mp4\" src=\"https:\/\/blogsaverroes.juntadeandalucia.es\/ceipantoniocuevas\/files\/2019\/12\/D-DISCAPAC-19-20.mp4?_=1\" \/><a href=\"https:\/\/blogsaverroes.juntadeandalucia.es\/ceipantoniocuevas\/files\/2019\/12\/D-DISCAPAC-19-20.mp4\">https:\/\/blogsaverroes.juntadeandalucia.es\/ceipantoniocuevas\/files\/2019\/12\/D-DISCAPAC-19-20.mp4<\/a><\/video><\/div>\n<p>&nbsp;<\/p>\n<p>&nbsp;<\/p>\n<blockquote>\n<h1 style=\"text-align: center\">&nbsp;<span style=\"color: #ff6600\"><strong>Fiesta de Halloween<\/strong><\/span><\/h1>\n<\/blockquote>\n<h3 style=\"text-align: center\"><span style=\"color: #ff6600\">Os dejamos una peque\u00f1a degustaci\u00f3n de las actividades realizadas en el centro.<\/span><\/h3>\n<p><a href=\"https:\/\/blogsaverroes.juntadeandalucia.es\/ceipantoniocuevas\/files\/2019\/10\/IMG-20191030-WA0009.jpg\"><img loading=\"lazy\" decoding=\"async\" class=\"wp-image-3266 aligncenter\" src=\"https:\/\/blogsaverroes.juntadeandalucia.es\/ceipantoniocuevas\/files\/2019\/10\/IMG-20191030-WA0009-300x225.jpg\" alt=\"\" width=\"295\" height=\"221\" srcset=\"https:\/\/blogsaverroes.juntadeandalucia.es\/ceipantoniocuevas\/files\/2019\/10\/IMG-20191030-WA0009-300x225.jpg 300w, https:\/\/blogsaverroes.juntadeandalucia.es\/ceipantoniocuevas\/files\/2019\/10\/IMG-20191030-WA0009-768x575.jpg 768w, https:\/\/blogsaverroes.juntadeandalucia.es\/ceipantoniocuevas\/files\/2019\/10\/IMG-20191030-WA0009-1024x767.jpg 1024w, https:\/\/blogsaverroes.juntadeandalucia.es\/ceipantoniocuevas\/files\/2019\/10\/IMG-20191030-WA0009-24x18.jpg 24w, https:\/\/blogsaverroes.juntadeandalucia.es\/ceipantoniocuevas\/files\/2019\/10\/IMG-20191030-WA0009-36x27.jpg 36w, https:\/\/blogsaverroes.juntadeandalucia.es\/ceipantoniocuevas\/files\/2019\/10\/IMG-20191030-WA0009-48x36.jpg 48w, https:\/\/blogsaverroes.juntadeandalucia.es\/ceipantoniocuevas\/files\/2019\/10\/IMG-20191030-WA0009.jpg 1600w\" sizes=\"(max-width: 295px) 100vw, 295px\" \/><\/a><a href=\"https:\/\/blogsaverroes.juntadeandalucia.es\/ceipantoniocuevas\/files\/2019\/10\/IMG-20191030-WA0042.jpg\"><img loading=\"lazy\" decoding=\"async\" class=\"size-medium wp-image-3268 aligncenter\" src=\"https:\/\/blogsaverroes.juntadeandalucia.es\/ceipantoniocuevas\/files\/2019\/10\/IMG-20191030-WA0042-300x225.jpg\" alt=\"\" width=\"300\" height=\"225\" srcset=\"https:\/\/blogsaverroes.juntadeandalucia.es\/ceipantoniocuevas\/files\/2019\/10\/IMG-20191030-WA0042-300x225.jpg 300w, https:\/\/blogsaverroes.juntadeandalucia.es\/ceipantoniocuevas\/files\/2019\/10\/IMG-20191030-WA0042-768x576.jpg 768w, https:\/\/blogsaverroes.juntadeandalucia.es\/ceipantoniocuevas\/files\/2019\/10\/IMG-20191030-WA0042-1024x768.jpg 1024w, https:\/\/blogsaverroes.juntadeandalucia.es\/ceipantoniocuevas\/files\/2019\/10\/IMG-20191030-WA0042-24x18.jpg 24w, https:\/\/blogsaverroes.juntadeandalucia.es\/ceipantoniocuevas\/files\/2019\/10\/IMG-20191030-WA0042-36x27.jpg 36w, https:\/\/blogsaverroes.juntadeandalucia.es\/ceipantoniocuevas\/files\/2019\/10\/IMG-20191030-WA0042-48x36.jpg 48w, https:\/\/blogsaverroes.juntadeandalucia.es\/ceipantoniocuevas\/files\/2019\/10\/IMG-20191030-WA0042.jpg 1600w\" sizes=\"(max-width: 300px) 100vw, 300px\" \/><\/a><\/p>\n<p><a href=\"https:\/\/blogsaverroes.juntadeandalucia.es\/ceipantoniocuevas\/files\/2019\/10\/IMG-20191030-WA0022.jpg\"><img loading=\"lazy\" decoding=\"async\" class=\" wp-image-3267 aligncenter\" src=\"https:\/\/blogsaverroes.juntadeandalucia.es\/ceipantoniocuevas\/files\/2019\/10\/IMG-20191030-WA0022-225x300.jpg\" alt=\"\" width=\"233\" height=\"311\" srcset=\"https:\/\/blogsaverroes.juntadeandalucia.es\/ceipantoniocuevas\/files\/2019\/10\/IMG-20191030-WA0022-225x300.jpg 225w, https:\/\/blogsaverroes.juntadeandalucia.es\/ceipantoniocuevas\/files\/2019\/10\/IMG-20191030-WA0022-768x1024.jpg 768w, https:\/\/blogsaverroes.juntadeandalucia.es\/ceipantoniocuevas\/files\/2019\/10\/IMG-20191030-WA0022-18x24.jpg 18w, https:\/\/blogsaverroes.juntadeandalucia.es\/ceipantoniocuevas\/files\/2019\/10\/IMG-20191030-WA0022-27x36.jpg 27w, https:\/\/blogsaverroes.juntadeandalucia.es\/ceipantoniocuevas\/files\/2019\/10\/IMG-20191030-WA0022-36x48.jpg 36w, https:\/\/blogsaverroes.juntadeandalucia.es\/ceipantoniocuevas\/files\/2019\/10\/IMG-20191030-WA0022.jpg 1200w\" sizes=\"(max-width: 233px) 100vw, 233px\" \/><\/a><\/p>\n<p><a href=\"https:\/\/blogsaverroes.juntadeandalucia.es\/ceipantoniocuevas\/files\/2019\/10\/IMG-20191030-WA0062.jpg\"><img loading=\"lazy\" decoding=\"async\" class=\"wp-image-3271 aligncenter\" src=\"https:\/\/blogsaverroes.juntadeandalucia.es\/ceipantoniocuevas\/files\/2019\/10\/IMG-20191030-WA0062-225x300.jpg\" alt=\"\" width=\"251\" height=\"335\" srcset=\"https:\/\/blogsaverroes.juntadeandalucia.es\/ceipantoniocuevas\/files\/2019\/10\/IMG-20191030-WA0062-225x300.jpg 225w, https:\/\/blogsaverroes.juntadeandalucia.es\/ceipantoniocuevas\/files\/2019\/10\/IMG-20191030-WA0062-768x1024.jpg 768w, https:\/\/blogsaverroes.juntadeandalucia.es\/ceipantoniocuevas\/files\/2019\/10\/IMG-20191030-WA0062-18x24.jpg 18w, https:\/\/blogsaverroes.juntadeandalucia.es\/ceipantoniocuevas\/files\/2019\/10\/IMG-20191030-WA0062-27x36.jpg 27w, https:\/\/blogsaverroes.juntadeandalucia.es\/ceipantoniocuevas\/files\/2019\/10\/IMG-20191030-WA0062-36x48.jpg 36w, https:\/\/blogsaverroes.juntadeandalucia.es\/ceipantoniocuevas\/files\/2019\/10\/IMG-20191030-WA0062.jpg 1200w\" sizes=\"(max-width: 251px) 100vw, 251px\" \/><\/a><a href=\"https:\/\/blogsaverroes.juntadeandalucia.es\/ceipantoniocuevas\/files\/2019\/10\/IMG-20191030-WA0081.jpg\"><img loading=\"lazy\" decoding=\"async\" class=\"size-medium wp-image-3272 aligncenter\" src=\"https:\/\/blogsaverroes.juntadeandalucia.es\/ceipantoniocuevas\/files\/2019\/10\/IMG-20191030-WA0081-225x300.jpg\" alt=\"\" width=\"225\" height=\"300\" srcset=\"https:\/\/blogsaverroes.juntadeandalucia.es\/ceipantoniocuevas\/files\/2019\/10\/IMG-20191030-WA0081-225x300.jpg 225w, https:\/\/blogsaverroes.juntadeandalucia.es\/ceipantoniocuevas\/files\/2019\/10\/IMG-20191030-WA0081-768x1024.jpg 768w, https:\/\/blogsaverroes.juntadeandalucia.es\/ceipantoniocuevas\/files\/2019\/10\/IMG-20191030-WA0081-18x24.jpg 18w, https:\/\/blogsaverroes.juntadeandalucia.es\/ceipantoniocuevas\/files\/2019\/10\/IMG-20191030-WA0081-27x36.jpg 27w, https:\/\/blogsaverroes.juntadeandalucia.es\/ceipantoniocuevas\/files\/2019\/10\/IMG-20191030-WA0081-36x48.jpg 36w, https:\/\/blogsaverroes.juntadeandalucia.es\/ceipantoniocuevas\/files\/2019\/10\/IMG-20191030-WA0081.jpg 1200w\" sizes=\"(max-width: 225px) 100vw, 225px\" \/><\/a><\/p><\/blockquote>\n","protected":false},"excerpt":{"rendered":"<p>D\u00cdA DEL LIBRO Aqu\u00ed os dejamos los v\u00eddeos de cuentos que ni\u00f1os-as y maestras-os han le\u00eddo con motivo del D\u00eda del libro. Pincha en las im\u00e1genes para acceder a los v\u00eddeos. &nbsp; &nbsp; &nbsp;&#46;&#46;&#46;<\/p>\n","protected":false},"author":2988,"featured_media":0,"parent":2902,"menu_order":0,"comment_status":"closed","ping_status":"closed","template":"","meta":{"ngg_post_thumbnail":0,"footnotes":"","_mc_calendar":[]},"aioseo_notices":[],"_links":{"self":[{"href":"https:\/\/blogsaverroes.juntadeandalucia.es\/ceipantoniocuevas\/wp-json\/wp\/v2\/pages\/3261"}],"collection":[{"href":"https:\/\/blogsaverroes.juntadeandalucia.es\/ceipantoniocuevas\/wp-json\/wp\/v2\/pages"}],"about":[{"href":"https:\/\/blogsaverroes.juntadeandalucia.es\/ceipantoniocuevas\/wp-json\/wp\/v2\/types\/page"}],"author":[{"embeddable":true,"href":"https:\/\/blogsaverroes.juntadeandalucia.es\/ceipantoniocuevas\/wp-json\/wp\/v2\/users\/2988"}],"replies":[{"embeddable":true,"href":"https:\/\/blogsaverroes.juntadeandalucia.es\/ceipantoniocuevas\/wp-json\/wp\/v2\/comments?post=3261"}],"version-history":[{"count":9,"href":"https:\/\/blogsaverroes.juntadeandalucia.es\/ceipantoniocuevas\/wp-json\/wp\/v2\/pages\/3261\/revisions"}],"predecessor-version":[{"id":3455,"href":"https:\/\/blogsaverroes.juntadeandalucia.es\/ceipantoniocuevas\/wp-json\/wp\/v2\/pages\/3261\/revisions\/3455"}],"up":[{"embeddable":true,"href":"https:\/\/blogsaverroes.juntadeandalucia.es\/ceipantoniocuevas\/wp-json\/wp\/v2\/pages\/2902"}],"wp:attachment":[{"href":"https:\/\/blogsaverroes.juntadeandalucia.es\/ceipantoniocuevas\/wp-json\/wp\/v2\/media?parent=3261"}],"curies":[{"name":"wp","href":"https:\/\/api.w.org\/{rel}","templated":true}]}}