{"id":35,"date":"2016-12-13T08:21:43","date_gmt":"2016-12-13T08:21:43","guid":{"rendered":"http:\/\/blogsaverroes.juntadeandalucia.es\/pre\/ceip\/?page_id=35"},"modified":"2021-03-04T19:39:44","modified_gmt":"2021-03-04T18:39:44","slug":"el-centro-2","status":"publish","type":"page","link":"https:\/\/blogsaverroes.juntadeandalucia.es\/ceipantoniocuevas\/el-centro-2\/","title":{"rendered":"Datos del centro"},"content":{"rendered":"<h4><span style=\"color: #003366\"><strong>Datos de contacto<\/strong><\/span><\/h4>\n<p><span style=\"color: #003366\">CEIP Antonio Cuevas<\/span><\/p>\n<table style=\"width: 79.9786%;height: 224px\">\n<tbody>\n<tr>\n<td><span style=\"color: #003366\"><strong>SEDE 1<\/strong><\/span><\/td>\n<td><span style=\"color: #003366\"><strong>SEDE 2<\/strong><\/span><\/td>\n<\/tr>\n<tr>\n<td><span style=\"color: #333399\"><span style=\"color: #003366\"> C\/ Antonio Montero ,4&nbsp;<\/span> <\/span><\/p>\n<p><span style=\"color: #003366\">La Puebla del R\u00edo&nbsp; (Sevilla)<\/span><\/p>\n<ul>\n<li><span style=\"color: #003366\"><strong>Tel\u00e9fono: <\/strong>955622700 <\/span><\/li>\n<li><span style=\"color: #333399\"><strong>M\u00f3vil:<\/strong>697952609<\/span><\/li>\n<li><span style=\"color: #003366\"><strong>FAX:&nbsp; <\/strong>955622701<\/span><\/li>\n<li><span style=\"color: #333399\"><span style=\"color: #003366\"><strong>Email: <\/strong>41003534.edu@juntadeandalucia.es<\/span><\/span><\/li>\n<\/ul>\n<\/td>\n<td><span style=\"color: #003366\">C\/ Matadero,&nbsp; s\/n<\/span><\/p>\n<p><span style=\"color: #003366\">La Puebla del R\u00edo&nbsp; (Sevilla)<\/span><\/p>\n<ul>\n<li><span style=\"color: #333399\"><strong>M\u00f3vil<\/strong><\/span>: <span style=\"color: #333399\">671565523<\/span><\/li>\n<\/ul>\n<\/td>\n<\/tr>\n<\/tbody>\n<\/table>\n<p><span style=\"color: #333399\"><strong>Oferta educativa:<\/strong><\/span><\/p>\n<ul>\n<li><span style=\"color: #003366\">Educaci\u00f3n Infantil y Primaria.<\/span><\/li>\n<li><span style=\"color: #003366\">Aula Espec\u00edfica .<br \/>\n<\/span><\/li>\n<\/ul>\n<p>&nbsp;<\/p>\n<p><strong><span style=\"color: #333399\">Alta en iPasen<\/span><\/strong><\/p>\n<p><iframe loading=\"lazy\" src=\"https:\/\/www.youtube.com\/embed\/cHLova48ULE\" width=\"350\" height=\"300\" frameborder=\"0\"><\/iframe><\/p>\n<p>&nbsp;<\/p>\n","protected":false},"excerpt":{"rendered":"<p>Datos de contacto CEIP Antonio Cuevas SEDE 1 SEDE 2 C\/ Antonio Montero ,4&nbsp; La Puebla del R\u00edo&nbsp; (Sevilla) Tel\u00e9fono: 955622700 M\u00f3vil:697952609 FAX:&nbsp; 955622701 Email: 41003534.edu@juntadeandalucia.es C\/ Matadero,&nbsp; s\/n La Puebla del R\u00edo&nbsp; (Sevilla)&#46;&#46;&#46;<\/p>\n","protected":false},"author":1,"featured_media":0,"parent":0,"menu_order":0,"comment_status":"closed","ping_status":"open","template":"","meta":{"ngg_post_thumbnail":0,"footnotes":"","_mc_calendar":[]},"aioseo_notices":[],"_links":{"self":[{"href":"https:\/\/blogsaverroes.juntadeandalucia.es\/ceipantoniocuevas\/wp-json\/wp\/v2\/pages\/35"}],"collection":[{"href":"https:\/\/blogsaverroes.juntadeandalucia.es\/ceipantoniocuevas\/wp-json\/wp\/v2\/pages"}],"about":[{"href":"https:\/\/blogsaverroes.juntadeandalucia.es\/ceipantoniocuevas\/wp-json\/wp\/v2\/types\/page"}],"author":[{"embeddable":true,"href":"https:\/\/blogsaverroes.juntadeandalucia.es\/ceipantoniocuevas\/wp-json\/wp\/v2\/users\/1"}],"replies":[{"embeddable":true,"href":"https:\/\/blogsaverroes.juntadeandalucia.es\/ceipantoniocuevas\/wp-json\/wp\/v2\/comments?post=35"}],"version-history":[{"count":23,"href":"https:\/\/blogsaverroes.juntadeandalucia.es\/ceipantoniocuevas\/wp-json\/wp\/v2\/pages\/35\/revisions"}],"predecessor-version":[{"id":3667,"href":"https:\/\/blogsaverroes.juntadeandalucia.es\/ceipantoniocuevas\/wp-json\/wp\/v2\/pages\/35\/revisions\/3667"}],"wp:attachment":[{"href":"https:\/\/blogsaverroes.juntadeandalucia.es\/ceipantoniocuevas\/wp-json\/wp\/v2\/media?parent=35"}],"curies":[{"name":"wp","href":"https:\/\/api.w.org\/{rel}","templated":true}]}}