{"id":3615,"date":"2021-02-25T17:11:51","date_gmt":"2021-02-25T16:11:51","guid":{"rendered":"https:\/\/blogsaverroes.juntadeandalucia.es\/ceipantoniocuevas\/?page_id=3615"},"modified":"2021-02-26T14:44:51","modified_gmt":"2021-02-26T13:44:51","slug":"curso-2020-2021","status":"publish","type":"page","link":"https:\/\/blogsaverroes.juntadeandalucia.es\/ceipantoniocuevas\/concursos\/actividades-complementarias\/curso-2020-2021\/","title":{"rendered":"CURSO 2020-2021"},"content":{"rendered":"<p>&nbsp;<\/p>\n<p>&nbsp;<\/p>\n<h2>&nbsp;<\/h2>\n<blockquote>\n<h2 style=\"text-align: center\"><span style=\"text-decoration: underline\"><span style=\"color: #008000;text-decoration: underline\">D\u00cdA DE ANDALUC\u00cdA<\/span><\/span><\/h2>\n<\/blockquote>\n<p>&nbsp;<\/p>\n<p><a href=\"https:\/\/blogsaverroes.juntadeandalucia.es\/ceipantoniocuevas\/files\/2021\/02\/IMG-20210225-WA0012.jpg\"><img loading=\"lazy\" decoding=\"async\" class=\"aligncenter wp-image-3630\" src=\"https:\/\/blogsaverroes.juntadeandalucia.es\/ceipantoniocuevas\/files\/2021\/02\/IMG-20210225-WA0012-300x84.jpg\" alt=\"\" width=\"332\" height=\"93\" srcset=\"https:\/\/blogsaverroes.juntadeandalucia.es\/ceipantoniocuevas\/files\/2021\/02\/IMG-20210225-WA0012-300x84.jpg 300w, https:\/\/blogsaverroes.juntadeandalucia.es\/ceipantoniocuevas\/files\/2021\/02\/IMG-20210225-WA0012-1024x287.jpg 1024w, https:\/\/blogsaverroes.juntadeandalucia.es\/ceipantoniocuevas\/files\/2021\/02\/IMG-20210225-WA0012-768x216.jpg 768w, https:\/\/blogsaverroes.juntadeandalucia.es\/ceipantoniocuevas\/files\/2021\/02\/IMG-20210225-WA0012-1536x431.jpg 1536w, https:\/\/blogsaverroes.juntadeandalucia.es\/ceipantoniocuevas\/files\/2021\/02\/IMG-20210225-WA0012.jpg 1600w\" sizes=\"(max-width: 332px) 100vw, 332px\" \/><\/a><\/p>\n<h4><span style=\"color: #008000\">A pesar de las dificultades, y manteniendo todas las medidas de seguridad, hemos celebrado un a\u00f1o m\u00e1s el D\u00eda de Andaluc\u00eda.<\/span><\/h4>\n<h4><span style=\"color: #008000\">Hemos&nbsp; interpretado canciones, hemos cantado y bailado,&nbsp; y tambi\u00e9n le\u00eddo a nuestros grandes poetas.<\/span><\/h4>\n<h4><span style=\"color: #008000\">Muchas gracias al maestro Salvador por prepararlo;&nbsp; y al resto del profesorado, a nuesta AMPA y a nuestros ni\u00f1os y ni\u00f1as, por su colaboraci\u00f3n y participaci\u00f3n.<\/span><\/h4>\n<h4><span style=\"color: #008000\">Esperamos que el pr\u00f3ximo curso t<\/span><span style=\"color: #008000\">odo sea m\u00e1s f\u00e1cil y podamos celebrarlo por todo lo alto.<\/span><\/h4>\n<h4><span style=\"color: #008000\">&nbsp;Aqu\u00ed os dejamos una fotos de la celebraci\u00f3n.<\/span><\/h4>\n<p>&nbsp;<\/p>\n<p><a href=\"https:\/\/blogsaverroes.juntadeandalucia.es\/ceipantoniocuevas\/files\/2021\/02\/MyCollage_20212252058904.png\"><img loading=\"lazy\" decoding=\"async\" class=\"alignnone size-medium wp-image-3651\" src=\"https:\/\/blogsaverroes.juntadeandalucia.es\/ceipantoniocuevas\/files\/2021\/02\/MyCollage_20212252058904-300x300.png\" alt=\"\" width=\"300\" height=\"300\" srcset=\"https:\/\/blogsaverroes.juntadeandalucia.es\/ceipantoniocuevas\/files\/2021\/02\/MyCollage_20212252058904-300x300.png 300w, https:\/\/blogsaverroes.juntadeandalucia.es\/ceipantoniocuevas\/files\/2021\/02\/MyCollage_20212252058904-1024x1024.png 1024w, https:\/\/blogsaverroes.juntadeandalucia.es\/ceipantoniocuevas\/files\/2021\/02\/MyCollage_20212252058904-150x150.png 150w, https:\/\/blogsaverroes.juntadeandalucia.es\/ceipantoniocuevas\/files\/2021\/02\/MyCollage_20212252058904-768x768.png 768w, https:\/\/blogsaverroes.juntadeandalucia.es\/ceipantoniocuevas\/files\/2021\/02\/MyCollage_20212252058904-1536x1536.png 1536w, https:\/\/blogsaverroes.juntadeandalucia.es\/ceipantoniocuevas\/files\/2021\/02\/MyCollage_20212252058904.png 1600w\" sizes=\"(max-width: 300px) 100vw, 300px\" \/><\/a> <a href=\"https:\/\/blogsaverroes.juntadeandalucia.es\/ceipantoniocuevas\/files\/2021\/02\/MyCollage_2021225195718203.png\"><img loading=\"lazy\" decoding=\"async\" class=\"alignnone size-medium wp-image-3653\" src=\"https:\/\/blogsaverroes.juntadeandalucia.es\/ceipantoniocuevas\/files\/2021\/02\/MyCollage_2021225195718203-300x300.png\" alt=\"\" width=\"300\" height=\"300\" srcset=\"https:\/\/blogsaverroes.juntadeandalucia.es\/ceipantoniocuevas\/files\/2021\/02\/MyCollage_2021225195718203-300x300.png 300w, https:\/\/blogsaverroes.juntadeandalucia.es\/ceipantoniocuevas\/files\/2021\/02\/MyCollage_2021225195718203-1024x1024.png 1024w, https:\/\/blogsaverroes.juntadeandalucia.es\/ceipantoniocuevas\/files\/2021\/02\/MyCollage_2021225195718203-150x150.png 150w, https:\/\/blogsaverroes.juntadeandalucia.es\/ceipantoniocuevas\/files\/2021\/02\/MyCollage_2021225195718203-768x768.png 768w, https:\/\/blogsaverroes.juntadeandalucia.es\/ceipantoniocuevas\/files\/2021\/02\/MyCollage_2021225195718203-1536x1536.png 1536w, https:\/\/blogsaverroes.juntadeandalucia.es\/ceipantoniocuevas\/files\/2021\/02\/MyCollage_2021225195718203.png 1600w\" sizes=\"(max-width: 300px) 100vw, 300px\" \/><\/a><\/p>\n<p><a href=\"https:\/\/blogsaverroes.juntadeandalucia.es\/ceipantoniocuevas\/files\/2021\/02\/IMG-20210225-WA0020.jpg\"><img loading=\"lazy\" decoding=\"async\" class=\"alignnone wp-image-3625\" src=\"https:\/\/blogsaverroes.juntadeandalucia.es\/ceipantoniocuevas\/files\/2021\/02\/IMG-20210225-WA0020-225x300.jpg\" alt=\"\" width=\"208\" height=\"278\" srcset=\"https:\/\/blogsaverroes.juntadeandalucia.es\/ceipantoniocuevas\/files\/2021\/02\/IMG-20210225-WA0020-225x300.jpg 225w, https:\/\/blogsaverroes.juntadeandalucia.es\/ceipantoniocuevas\/files\/2021\/02\/IMG-20210225-WA0020-768x1024.jpg 768w, https:\/\/blogsaverroes.juntadeandalucia.es\/ceipantoniocuevas\/files\/2021\/02\/IMG-20210225-WA0020-1152x1536.jpg 1152w, https:\/\/blogsaverroes.juntadeandalucia.es\/ceipantoniocuevas\/files\/2021\/02\/IMG-20210225-WA0020.jpg 1200w\" sizes=\"(max-width: 208px) 100vw, 208px\" \/><\/a><a href=\"https:\/\/blogsaverroes.juntadeandalucia.es\/ceipantoniocuevas\/files\/2021\/02\/IMG-20210225-WA0022.jpg\"><img loading=\"lazy\" decoding=\"async\" class=\"alignnone wp-image-3624\" src=\"https:\/\/blogsaverroes.juntadeandalucia.es\/ceipantoniocuevas\/files\/2021\/02\/IMG-20210225-WA0022-225x300.jpg\" alt=\"\" width=\"196\" height=\"262\" srcset=\"https:\/\/blogsaverroes.juntadeandalucia.es\/ceipantoniocuevas\/files\/2021\/02\/IMG-20210225-WA0022-225x300.jpg 225w, https:\/\/blogsaverroes.juntadeandalucia.es\/ceipantoniocuevas\/files\/2021\/02\/IMG-20210225-WA0022-768x1024.jpg 768w, https:\/\/blogsaverroes.juntadeandalucia.es\/ceipantoniocuevas\/files\/2021\/02\/IMG-20210225-WA0022-1152x1536.jpg 1152w, https:\/\/blogsaverroes.juntadeandalucia.es\/ceipantoniocuevas\/files\/2021\/02\/IMG-20210225-WA0022.jpg 1200w\" sizes=\"(max-width: 196px) 100vw, 196px\" \/><\/a><a href=\"https:\/\/blogsaverroes.juntadeandalucia.es\/ceipantoniocuevas\/files\/2021\/02\/IMG-20210225-WA0028.jpg\"><img loading=\"lazy\" decoding=\"async\" class=\"alignnone wp-image-3622\" src=\"https:\/\/blogsaverroes.juntadeandalucia.es\/ceipantoniocuevas\/files\/2021\/02\/IMG-20210225-WA0028-169x300.jpg\" alt=\"\" width=\"144\" height=\"256\" srcset=\"https:\/\/blogsaverroes.juntadeandalucia.es\/ceipantoniocuevas\/files\/2021\/02\/IMG-20210225-WA0028-169x300.jpg 169w, https:\/\/blogsaverroes.juntadeandalucia.es\/ceipantoniocuevas\/files\/2021\/02\/IMG-20210225-WA0028-576x1024.jpg 576w, https:\/\/blogsaverroes.juntadeandalucia.es\/ceipantoniocuevas\/files\/2021\/02\/IMG-20210225-WA0028-768x1365.jpg 768w, https:\/\/blogsaverroes.juntadeandalucia.es\/ceipantoniocuevas\/files\/2021\/02\/IMG-20210225-WA0028-864x1536.jpg 864w, https:\/\/blogsaverroes.juntadeandalucia.es\/ceipantoniocuevas\/files\/2021\/02\/IMG-20210225-WA0028.jpg 900w\" sizes=\"(max-width: 144px) 100vw, 144px\" \/><\/a><a href=\"https:\/\/blogsaverroes.juntadeandalucia.es\/ceipantoniocuevas\/files\/2021\/02\/IMG-20210225-WA0033.jpg\"><img loading=\"lazy\" decoding=\"async\" class=\"alignnone wp-image-3620\" src=\"https:\/\/blogsaverroes.juntadeandalucia.es\/ceipantoniocuevas\/files\/2021\/02\/IMG-20210225-WA0033-300x225.jpg\" alt=\"\" width=\"256\" height=\"192\" srcset=\"https:\/\/blogsaverroes.juntadeandalucia.es\/ceipantoniocuevas\/files\/2021\/02\/IMG-20210225-WA0033-300x225.jpg 300w, https:\/\/blogsaverroes.juntadeandalucia.es\/ceipantoniocuevas\/files\/2021\/02\/IMG-20210225-WA0033-1024x768.jpg 1024w, https:\/\/blogsaverroes.juntadeandalucia.es\/ceipantoniocuevas\/files\/2021\/02\/IMG-20210225-WA0033-768x576.jpg 768w, https:\/\/blogsaverroes.juntadeandalucia.es\/ceipantoniocuevas\/files\/2021\/02\/IMG-20210225-WA0033-1536x1152.jpg 1536w, https:\/\/blogsaverroes.juntadeandalucia.es\/ceipantoniocuevas\/files\/2021\/02\/IMG-20210225-WA0033.jpg 1600w\" sizes=\"(max-width: 256px) 100vw, 256px\" \/><\/a><a href=\"https:\/\/blogsaverroes.juntadeandalucia.es\/ceipantoniocuevas\/files\/2021\/02\/IMG-20210225-WA0010.jpg\"><img loading=\"lazy\" decoding=\"async\" class=\"wp-image-3626 alignleft\" src=\"https:\/\/blogsaverroes.juntadeandalucia.es\/ceipantoniocuevas\/files\/2021\/02\/IMG-20210225-WA0010-300x225.jpg\" alt=\"\" width=\"245\" height=\"184\" srcset=\"https:\/\/blogsaverroes.juntadeandalucia.es\/ceipantoniocuevas\/files\/2021\/02\/IMG-20210225-WA0010-300x225.jpg 300w, https:\/\/blogsaverroes.juntadeandalucia.es\/ceipantoniocuevas\/files\/2021\/02\/IMG-20210225-WA0010-1024x768.jpg 1024w, https:\/\/blogsaverroes.juntadeandalucia.es\/ceipantoniocuevas\/files\/2021\/02\/IMG-20210225-WA0010-768x576.jpg 768w, https:\/\/blogsaverroes.juntadeandalucia.es\/ceipantoniocuevas\/files\/2021\/02\/IMG-20210225-WA0010-1536x1152.jpg 1536w, https:\/\/blogsaverroes.juntadeandalucia.es\/ceipantoniocuevas\/files\/2021\/02\/IMG-20210225-WA0010.jpg 1600w\" sizes=\"(max-width: 245px) 100vw, 245px\" \/><\/a><\/p>\n<p><a href=\"https:\/\/blogsaverroes.juntadeandalucia.es\/ceipantoniocuevas\/files\/2021\/02\/IMG-20210225-WA0034.jpg\"><img loading=\"lazy\" decoding=\"async\" class=\"alignnone size-medium wp-image-3619\" src=\"https:\/\/blogsaverroes.juntadeandalucia.es\/ceipantoniocuevas\/files\/2021\/02\/IMG-20210225-WA0034-300x225.jpg\" alt=\"\" width=\"300\" height=\"225\" srcset=\"https:\/\/blogsaverroes.juntadeandalucia.es\/ceipantoniocuevas\/files\/2021\/02\/IMG-20210225-WA0034-300x225.jpg 300w, https:\/\/blogsaverroes.juntadeandalucia.es\/ceipantoniocuevas\/files\/2021\/02\/IMG-20210225-WA0034-1024x768.jpg 1024w, https:\/\/blogsaverroes.juntadeandalucia.es\/ceipantoniocuevas\/files\/2021\/02\/IMG-20210225-WA0034-768x576.jpg 768w, https:\/\/blogsaverroes.juntadeandalucia.es\/ceipantoniocuevas\/files\/2021\/02\/IMG-20210225-WA0034-1536x1152.jpg 1536w, https:\/\/blogsaverroes.juntadeandalucia.es\/ceipantoniocuevas\/files\/2021\/02\/IMG-20210225-WA0034.jpg 1600w\" sizes=\"(max-width: 300px) 100vw, 300px\" \/><\/a><a href=\"https:\/\/blogsaverroes.juntadeandalucia.es\/ceipantoniocuevas\/files\/2021\/02\/20210225_114615-scaled.jpg\"><img loading=\"lazy\" decoding=\"async\" class=\"alignnone wp-image-3627\" src=\"https:\/\/blogsaverroes.juntadeandalucia.es\/ceipantoniocuevas\/files\/2021\/02\/20210225_114615-300x225.jpg\" alt=\"\" width=\"279\" height=\"209\" srcset=\"https:\/\/blogsaverroes.juntadeandalucia.es\/ceipantoniocuevas\/files\/2021\/02\/20210225_114615-300x225.jpg 300w, https:\/\/blogsaverroes.juntadeandalucia.es\/ceipantoniocuevas\/files\/2021\/02\/20210225_114615-1024x768.jpg 1024w, https:\/\/blogsaverroes.juntadeandalucia.es\/ceipantoniocuevas\/files\/2021\/02\/20210225_114615-768x576.jpg 768w, https:\/\/blogsaverroes.juntadeandalucia.es\/ceipantoniocuevas\/files\/2021\/02\/20210225_114615-1536x1152.jpg 1536w, https:\/\/blogsaverroes.juntadeandalucia.es\/ceipantoniocuevas\/files\/2021\/02\/20210225_114615-2048x1536.jpg 2048w, https:\/\/blogsaverroes.juntadeandalucia.es\/ceipantoniocuevas\/files\/2021\/02\/20210225_114615-scaled.jpg 1600w\" sizes=\"(max-width: 279px) 100vw, 279px\" \/><\/a><a href=\"https:\/\/blogsaverroes.juntadeandalucia.es\/ceipantoniocuevas\/files\/2021\/02\/20210225_120246-scaled.jpg\"><img loading=\"lazy\" decoding=\"async\" class=\"alignnone size-medium wp-image-3628\" src=\"https:\/\/blogsaverroes.juntadeandalucia.es\/ceipantoniocuevas\/files\/2021\/02\/20210225_120246-225x300.jpg\" alt=\"\" width=\"225\" height=\"300\" srcset=\"https:\/\/blogsaverroes.juntadeandalucia.es\/ceipantoniocuevas\/files\/2021\/02\/20210225_120246-225x300.jpg 225w, https:\/\/blogsaverroes.juntadeandalucia.es\/ceipantoniocuevas\/files\/2021\/02\/20210225_120246-768x1024.jpg 768w, https:\/\/blogsaverroes.juntadeandalucia.es\/ceipantoniocuevas\/files\/2021\/02\/20210225_120246-1152x1536.jpg 1152w, https:\/\/blogsaverroes.juntadeandalucia.es\/ceipantoniocuevas\/files\/2021\/02\/20210225_120246-1536x2048.jpg 1536w, https:\/\/blogsaverroes.juntadeandalucia.es\/ceipantoniocuevas\/files\/2021\/02\/20210225_120246-scaled.jpg 1200w\" sizes=\"(max-width: 225px) 100vw, 225px\" \/><\/a><\/p>\n<p><a href=\"https:\/\/blogsaverroes.juntadeandalucia.es\/ceipantoniocuevas\/files\/2021\/02\/IMG-20210225-WA0025.jpg\"><img loading=\"lazy\" decoding=\"async\" class=\"wp-image-3623 alignleft\" src=\"https:\/\/blogsaverroes.juntadeandalucia.es\/ceipantoniocuevas\/files\/2021\/02\/IMG-20210225-WA0025-225x300.jpg\" alt=\"\" width=\"191\" height=\"255\" srcset=\"https:\/\/blogsaverroes.juntadeandalucia.es\/ceipantoniocuevas\/files\/2021\/02\/IMG-20210225-WA0025-225x300.jpg 225w, https:\/\/blogsaverroes.juntadeandalucia.es\/ceipantoniocuevas\/files\/2021\/02\/IMG-20210225-WA0025-768x1024.jpg 768w, https:\/\/blogsaverroes.juntadeandalucia.es\/ceipantoniocuevas\/files\/2021\/02\/IMG-20210225-WA0025-1152x1536.jpg 1152w, https:\/\/blogsaverroes.juntadeandalucia.es\/ceipantoniocuevas\/files\/2021\/02\/IMG-20210225-WA0025.jpg 1200w\" sizes=\"(max-width: 191px) 100vw, 191px\" \/><\/a><a href=\"https:\/\/blogsaverroes.juntadeandalucia.es\/ceipantoniocuevas\/files\/2021\/02\/IMG-20210225-WA0029.jpg\"><img loading=\"lazy\" decoding=\"async\" class=\"size-medium wp-image-3621 aligncenter\" src=\"https:\/\/blogsaverroes.juntadeandalucia.es\/ceipantoniocuevas\/files\/2021\/02\/IMG-20210225-WA0029-300x225.jpg\" alt=\"\" width=\"300\" height=\"225\" srcset=\"https:\/\/blogsaverroes.juntadeandalucia.es\/ceipantoniocuevas\/files\/2021\/02\/IMG-20210225-WA0029-300x225.jpg 300w, https:\/\/blogsaverroes.juntadeandalucia.es\/ceipantoniocuevas\/files\/2021\/02\/IMG-20210225-WA0029-768x576.jpg 768w, https:\/\/blogsaverroes.juntadeandalucia.es\/ceipantoniocuevas\/files\/2021\/02\/IMG-20210225-WA0029.jpg 1024w\" sizes=\"(max-width: 300px) 100vw, 300px\" \/><\/a><\/p>\n","protected":false},"excerpt":{"rendered":"<p>&nbsp; &nbsp; &nbsp; D\u00cdA DE ANDALUC\u00cdA &nbsp; A pesar de las dificultades, y manteniendo todas las medidas de seguridad, hemos celebrado un a\u00f1o m\u00e1s el D\u00eda de Andaluc\u00eda. Hemos&nbsp; interpretado canciones, hemos cantado y&#46;&#46;&#46;<\/p>\n","protected":false},"author":2988,"featured_media":0,"parent":2902,"menu_order":0,"comment_status":"closed","ping_status":"closed","template":"","meta":{"ngg_post_thumbnail":0,"footnotes":"","_mc_calendar":[]},"aioseo_notices":[],"_links":{"self":[{"href":"https:\/\/blogsaverroes.juntadeandalucia.es\/ceipantoniocuevas\/wp-json\/wp\/v2\/pages\/3615"}],"collection":[{"href":"https:\/\/blogsaverroes.juntadeandalucia.es\/ceipantoniocuevas\/wp-json\/wp\/v2\/pages"}],"about":[{"href":"https:\/\/blogsaverroes.juntadeandalucia.es\/ceipantoniocuevas\/wp-json\/wp\/v2\/types\/page"}],"author":[{"embeddable":true,"href":"https:\/\/blogsaverroes.juntadeandalucia.es\/ceipantoniocuevas\/wp-json\/wp\/v2\/users\/2988"}],"replies":[{"embeddable":true,"href":"https:\/\/blogsaverroes.juntadeandalucia.es\/ceipantoniocuevas\/wp-json\/wp\/v2\/comments?post=3615"}],"version-history":[{"count":5,"href":"https:\/\/blogsaverroes.juntadeandalucia.es\/ceipantoniocuevas\/wp-json\/wp\/v2\/pages\/3615\/revisions"}],"predecessor-version":[{"id":3654,"href":"https:\/\/blogsaverroes.juntadeandalucia.es\/ceipantoniocuevas\/wp-json\/wp\/v2\/pages\/3615\/revisions\/3654"}],"up":[{"embeddable":true,"href":"https:\/\/blogsaverroes.juntadeandalucia.es\/ceipantoniocuevas\/wp-json\/wp\/v2\/pages\/2902"}],"wp:attachment":[{"href":"https:\/\/blogsaverroes.juntadeandalucia.es\/ceipantoniocuevas\/wp-json\/wp\/v2\/media?parent=3615"}],"curies":[{"name":"wp","href":"https:\/\/api.w.org\/{rel}","templated":true}]}}