{"id":3713,"date":"2021-04-12T09:19:59","date_gmt":"2021-04-12T08:19:59","guid":{"rendered":"https:\/\/blogsaverroes.juntadeandalucia.es\/ceipantoniocuevas\/?page_id=3713"},"modified":"2021-04-12T09:25:10","modified_gmt":"2021-04-12T08:25:10","slug":"secretaria-virtual","status":"publish","type":"page","link":"https:\/\/blogsaverroes.juntadeandalucia.es\/ceipantoniocuevas\/curso-escolar\/secretaria-virtual\/","title":{"rendered":"Secretar\u00eda Virtual"},"content":{"rendered":"<p>&nbsp;<\/p>\n<p><strong><span style=\"color: #003300\">Desde aqu\u00ed podr\u00e1 realizar tr\u00e1mites telem\u00e1ticos con las Secretar\u00edas de los Centros de Ense\u00f1anza.<\/span><\/strong><\/p>\n<p style=\"text-align: left\"><strong><span style=\"color: #003300\">Pincha en la imagen para acceder a la <span style=\"color: #ff6600\">Secretar\u00eda Virtual<\/span> de la Consejer\u00eda de Educaci\u00f3n y Deporte de la Junta de Andaluc\u00eda.<\/span><\/strong><\/p>\n<p>&nbsp;<\/p>\n<p><a href=\"https:\/\/www.juntadeandalucia.es\/educacion\/secretariavirtual\/\"><img loading=\"lazy\" decoding=\"async\" class=\"alignnone size-medium wp-image-3714 aligncenter\" src=\"https:\/\/blogsaverroes.juntadeandalucia.es\/ceipantoniocuevas\/files\/2021\/04\/Secretaria-virtual-300x166.png\" alt=\"\" width=\"300\" height=\"166\" srcset=\"https:\/\/blogsaverroes.juntadeandalucia.es\/ceipantoniocuevas\/files\/2021\/04\/Secretaria-virtual-300x166.png 300w, https:\/\/blogsaverroes.juntadeandalucia.es\/ceipantoniocuevas\/files\/2021\/04\/Secretaria-virtual-768x424.png 768w, https:\/\/blogsaverroes.juntadeandalucia.es\/ceipantoniocuevas\/files\/2021\/04\/Secretaria-virtual.png 833w\" sizes=\"(max-width: 300px) 100vw, 300px\" \/><\/a><\/p>\n","protected":false},"excerpt":{"rendered":"<p>&nbsp; Desde aqu\u00ed podr\u00e1 realizar tr\u00e1mites telem\u00e1ticos con las Secretar\u00edas de los Centros de Ense\u00f1anza. Pincha en la imagen para acceder a la Secretar\u00eda Virtual de la Consejer\u00eda de Educaci\u00f3n y Deporte de la&#46;&#46;&#46;<\/p>\n","protected":false},"author":2988,"featured_media":0,"parent":80,"menu_order":0,"comment_status":"closed","ping_status":"closed","template":"","meta":{"ngg_post_thumbnail":0,"footnotes":"","_mc_calendar":[]},"aioseo_notices":[],"_links":{"self":[{"href":"https:\/\/blogsaverroes.juntadeandalucia.es\/ceipantoniocuevas\/wp-json\/wp\/v2\/pages\/3713"}],"collection":[{"href":"https:\/\/blogsaverroes.juntadeandalucia.es\/ceipantoniocuevas\/wp-json\/wp\/v2\/pages"}],"about":[{"href":"https:\/\/blogsaverroes.juntadeandalucia.es\/ceipantoniocuevas\/wp-json\/wp\/v2\/types\/page"}],"author":[{"embeddable":true,"href":"https:\/\/blogsaverroes.juntadeandalucia.es\/ceipantoniocuevas\/wp-json\/wp\/v2\/users\/2988"}],"replies":[{"embeddable":true,"href":"https:\/\/blogsaverroes.juntadeandalucia.es\/ceipantoniocuevas\/wp-json\/wp\/v2\/comments?post=3713"}],"version-history":[{"count":4,"href":"https:\/\/blogsaverroes.juntadeandalucia.es\/ceipantoniocuevas\/wp-json\/wp\/v2\/pages\/3713\/revisions"}],"predecessor-version":[{"id":3719,"href":"https:\/\/blogsaverroes.juntadeandalucia.es\/ceipantoniocuevas\/wp-json\/wp\/v2\/pages\/3713\/revisions\/3719"}],"up":[{"embeddable":true,"href":"https:\/\/blogsaverroes.juntadeandalucia.es\/ceipantoniocuevas\/wp-json\/wp\/v2\/pages\/80"}],"wp:attachment":[{"href":"https:\/\/blogsaverroes.juntadeandalucia.es\/ceipantoniocuevas\/wp-json\/wp\/v2\/media?parent=3713"}],"curies":[{"name":"wp","href":"https:\/\/api.w.org\/{rel}","templated":true}]}}