{"id":430,"date":"2015-03-20T07:07:04","date_gmt":"2015-03-20T07:07:04","guid":{"rendered":"http:\/\/blogsaverroes.juntadeandalucia.es\/pre\/ceip\/?page_id=430"},"modified":"2020-04-15T13:28:37","modified_gmt":"2020-04-15T12:28:37","slug":"materiales-recursos","status":"publish","type":"page","link":"https:\/\/blogsaverroes.juntadeandalucia.es\/ceipantoniocuevas\/ed-primaria-1o-ciclo\/materiales-recursos\/","title":{"rendered":"E.P. 1\u00ba ciclo. Recursos"},"content":{"rendered":"<h4><span style=\"color: #003366\"><strong>1.-LECTO-ESCRITURA<\/strong><\/span><\/h4>\n<p><a href=\"http:\/\/boj.pntic.mec.es\/~jverdugo\/lectoescritura.htm#LETRA%20B\" target=\"_blank\" rel=\"noopener noreferrer\"><img loading=\"lazy\" decoding=\"async\" class=\"wp-image-550 aligncenter\" src=\"https:\/\/blogsaverroes.juntadeandalucia.es\/ceipantoniocuevas\/files\/2014\/12\/letra-300x212.jpg\" alt=\"\" width=\"337\" height=\"238\"><\/a><\/p>\n<p>&nbsp;<\/p>\n<p><a href=\"https:\/\/b29a5e5c-a-762df989-s-sites.googlegroups.com\/a\/genmagic.net\/pasapalabras-genmagic\/ferreteria-gandolfo-chivilcoy\/infantil\/abc-con-audio\/abc.swf?attachauth=ANoY7co2VXHK2q9R7dButNbgnU1BaAsLiyDVWLifAkMO6m3fNAAWPWh1l1l9DY59zRso2FDje9JGhjiWv2TzAGqYpq9DnwkWLvY4FmNN5r-bMCGPHxVpJu12QvgaTVxCAh6XuYja1QBo2ehbkyXfamjnaN83XsxBPdKlc1WBPmR7PdtaFQn2hp9Clt-3vM3XldaEgpcMiU81s9zpqyJuFCmFjYnUruaGqbhYMG6uOZ8WZ1HJXeClZFBrFyuBlvVC8n8zrloAeLYI4IW-PxmhnaYVIZcV04c1mqc7qPTiOU5XcsBnyECtVmY%3D&amp;attredirects=3\"><img loading=\"lazy\" decoding=\"async\" class=\" aligncenter\" src=\"https:\/\/marife.files.wordpress.com\/2016\/06\/6dc1e-genmagic-pasapalabra-infantil2babc.jpg\" width=\"354\" height=\"269\"><\/a><\/p>\n<p>&nbsp;<\/p>\n<h4><strong><span style=\"color: #003366\">2.-CONOCIMIENTO DEL MEDIO<br \/>\n<\/span><\/strong><\/h4>\n<h4><span style=\"color: #000080\">La energ\u00eda, nuestra amiga m\u00e1s cercana<\/span><\/h4>\n<p><a title=\"Energ\u00eda\" href=\"http:\/\/agrega.juntadeandalucia.es\/visualizador-1\/Visualizar\/Visualizar.do?identificador=es-an_2010032613_9081617&amp;secuencia=true&amp;idioma=es\" target=\"_blank\" rel=\"noopener noreferrer\"><img loading=\"lazy\" decoding=\"async\" class=\"wp-image-1585 aligncenter\" src=\"http:\/\/blogsaverroes.juntadeandalucia.es\/ceipantoniocuevas\/files\/2015\/03\/energia-300x225.jpg\" alt=\"energia\" width=\"298\" height=\"223\" srcset=\"https:\/\/blogsaverroes.juntadeandalucia.es\/ceipantoniocuevas\/files\/2015\/03\/energia-300x225.jpg 300w, https:\/\/blogsaverroes.juntadeandalucia.es\/ceipantoniocuevas\/files\/2015\/03\/energia-700x525.jpg 700w, https:\/\/blogsaverroes.juntadeandalucia.es\/ceipantoniocuevas\/files\/2015\/03\/energia-332x249.jpg 332w, https:\/\/blogsaverroes.juntadeandalucia.es\/ceipantoniocuevas\/files\/2015\/03\/energia.jpg 800w\" sizes=\"(max-width: 298px) 100vw, 298px\" \/><\/a><\/p>\n<h4><span style=\"color: #003366\"><strong>3.-MATEM\u00c1TICAS<\/strong><\/span><\/h4>\n<h4><span style=\"color: #003366\">Problemas<\/span><strong><span style=\"color: #003366\"><br \/>\n<\/span><\/strong><\/h4>\n<p><strong><a href=\"http:\/\/ntic.educacion.es\/w3\/recursos\/primaria\/lengua_literatura\/problemas\/index.html#\" target=\"_blank\" rel=\"noopener noreferrer\"><img loading=\"lazy\" decoding=\"async\" class=\"wp-image-2601 aligncenter\" src=\"http:\/\/blogsaverroes.juntadeandalucia.es\/ceipantoniocuevas\/files\/2015\/03\/problemas1-300x218.jpg\" alt=\"\" width=\"342\" height=\"248\" srcset=\"https:\/\/blogsaverroes.juntadeandalucia.es\/ceipantoniocuevas\/files\/2015\/03\/problemas1-300x218.jpg 300w, https:\/\/blogsaverroes.juntadeandalucia.es\/ceipantoniocuevas\/files\/2015\/03\/problemas1-768x558.jpg 768w, https:\/\/blogsaverroes.juntadeandalucia.es\/ceipantoniocuevas\/files\/2015\/03\/problemas1-24x17.jpg 24w, https:\/\/blogsaverroes.juntadeandalucia.es\/ceipantoniocuevas\/files\/2015\/03\/problemas1-36x26.jpg 36w, https:\/\/blogsaverroes.juntadeandalucia.es\/ceipantoniocuevas\/files\/2015\/03\/problemas1-48x35.jpg 48w, https:\/\/blogsaverroes.juntadeandalucia.es\/ceipantoniocuevas\/files\/2015\/03\/problemas1.jpg 785w\" sizes=\"(max-width: 342px) 100vw, 342px\" \/><\/a><\/strong><\/p>\n<p>4.- INGL\u00c9S<\/p>\n<p><a href=\"http:\/\/primerodecarlos.com\/SEGUNDO_PRIMARIA\/Colours_1\/colours.swf\"><img loading=\"lazy\" decoding=\"async\" class=\" aligncenter\" src=\"https:\/\/marife2.files.wordpress.com\/2016\/09\/4e343-sm-colours1.jpg?w=780\" width=\"335\" height=\"250\"><\/a><\/p>\n<p>&nbsp;<\/p>\n<p><a href=\"http:\/\/primerodecarlos.com\/SEGUNDO_PRIMARIA\/Colours_2\/colours.swf\"><img loading=\"lazy\" decoding=\"async\" class=\"aligncenter\" src=\"https:\/\/miclase.files.wordpress.com\/2016\/09\/f5575-sm-colours2.jpg?w=780\" width=\"335\" height=\"251\"><\/a><\/p>\n","protected":false},"excerpt":{"rendered":"<p>1.-LECTO-ESCRITURA &nbsp; &nbsp; 2.-CONOCIMIENTO DEL MEDIO La energ\u00eda, nuestra amiga m\u00e1s cercana 3.-MATEM\u00c1TICAS Problemas 4.- INGL\u00c9S &nbsp;<\/p>\n","protected":false},"author":1,"featured_media":0,"parent":428,"menu_order":0,"comment_status":"closed","ping_status":"open","template":"","meta":{"ngg_post_thumbnail":0,"footnotes":"","_mc_calendar":[]},"aioseo_notices":[],"_links":{"self":[{"href":"https:\/\/blogsaverroes.juntadeandalucia.es\/ceipantoniocuevas\/wp-json\/wp\/v2\/pages\/430"}],"collection":[{"href":"https:\/\/blogsaverroes.juntadeandalucia.es\/ceipantoniocuevas\/wp-json\/wp\/v2\/pages"}],"about":[{"href":"https:\/\/blogsaverroes.juntadeandalucia.es\/ceipantoniocuevas\/wp-json\/wp\/v2\/types\/page"}],"author":[{"embeddable":true,"href":"https:\/\/blogsaverroes.juntadeandalucia.es\/ceipantoniocuevas\/wp-json\/wp\/v2\/users\/1"}],"replies":[{"embeddable":true,"href":"https:\/\/blogsaverroes.juntadeandalucia.es\/ceipantoniocuevas\/wp-json\/wp\/v2\/comments?post=430"}],"version-history":[{"count":13,"href":"https:\/\/blogsaverroes.juntadeandalucia.es\/ceipantoniocuevas\/wp-json\/wp\/v2\/pages\/430\/revisions"}],"predecessor-version":[{"id":3422,"href":"https:\/\/blogsaverroes.juntadeandalucia.es\/ceipantoniocuevas\/wp-json\/wp\/v2\/pages\/430\/revisions\/3422"}],"up":[{"embeddable":true,"href":"https:\/\/blogsaverroes.juntadeandalucia.es\/ceipantoniocuevas\/wp-json\/wp\/v2\/pages\/428"}],"wp:attachment":[{"href":"https:\/\/blogsaverroes.juntadeandalucia.es\/ceipantoniocuevas\/wp-json\/wp\/v2\/media?parent=430"}],"curies":[{"name":"wp","href":"https:\/\/api.w.org\/{rel}","templated":true}]}}