{"id":77,"date":"2015-03-16T06:54:56","date_gmt":"2015-03-16T06:54:56","guid":{"rendered":"http:\/\/blogsaverroes.juntadeandalucia.es\/pre\/ceip\/?page_id=77"},"modified":"2022-12-29T13:46:28","modified_gmt":"2022-12-29T12:46:28","slug":"secretaria","status":"publish","type":"page","link":"https:\/\/blogsaverroes.juntadeandalucia.es\/ceipantoniocuevas\/secretaria\/","title":{"rendered":"Consejo Escolar"},"content":{"rendered":"<p>&nbsp;<\/p>\n<table style=\"height: 407px;width: 89.2762%\" width=\"671\">\n<tbody>\n<tr>\n<td style=\"width: 39.9701%\">\n<h6><span style=\"color: #003366\"><strong>DOCENTES<\/strong><\/span><\/h6>\n<\/td>\n<td style=\"width: 39.5268%\">\n<h6><span style=\"color: #003366\"><strong>PADRES\/MADRES\/AMPA<\/strong><\/span><\/h6>\n<\/td>\n<td style=\"width: 29.565%\">\n<h6><span style=\"color: #003366\"><strong>AYUNTAMIENTO<\/strong><\/span><\/h6>\n<\/td>\n<\/tr>\n<tr>\n<td style=\"width: 39.9701%\">\n<h6><span style=\"color: #003366\"><strong>EQUIPO DIRECTIVO<\/strong><\/span><\/h6>\n<h6><span style=\"color: #003366\">ISABEL GAL\u00c1N ARGANDO\u00d1A (DIRECTORA)<br \/>\n<\/span><\/h6>\n<h6><span style=\"color: #003366\">ROC\u00cdO BEJARANO MORALES (SECRETARIA)<br \/>\n<\/span><\/h6>\n<h6><span style=\"color: #003366\">SUSANA PERALBO G\u00d3MEZ(J.ESTUDIOS)<br \/>\n<\/span><\/h6>\n<p>&nbsp;<\/p>\n<h6>&nbsp;<span style=\"color: #003366\"><strong>PROFESORADO<\/strong><\/span><\/h6>\n<h6><span style=\"color: #003366\">LUC\u00cdA BANCALERO MOLINA<br \/>\n<\/span><\/h6>\n<h6><span style=\"color: #003366\">LAURA DRAGO BLAS<br \/>\n<\/span><\/h6>\n<h6><span style=\"color: #003366\">SOF\u00cdA DE MEDINA S\u00c1ENZ<br \/>\n<\/span><\/h6>\n<h6><span style=\"color: #003366\">M CARMEN GONZ\u00c1LEZ BIZCOCHO<br \/>\n<\/span><\/h6>\n<h6><span style=\"color: #003366\">INMACULADA GUTI\u00c9RREZ P\u00c9REZ<br \/>\n<\/span><\/h6>\n<h6><span style=\"color: #003366\">AURELIO MU\u00d1OZ POZO<br \/>\n<\/span><\/h6>\n<h6><span style=\"color: #003366\">ESPERANZA P\u00c9REZ QUERO<br \/>\n<\/span><\/h6>\n<h6><span style=\"color: #003366\">FRANCISCO SALINAS RECIO<\/span><\/h6>\n<p>&nbsp;<\/p>\n<p>&nbsp;<\/p>\n<h6><strong>&nbsp;<\/strong><\/h6>\n<h6>&nbsp;<\/h6>\n<p>&nbsp;<\/p>\n<h6>&nbsp;<\/h6>\n<\/td>\n<td style=\"width: 39.5268%\">\n<h6><span style=\"color: #003366\">MAR\u00cdA LUISA CANO MART\u00cdNEZ<br \/>\n<\/span><\/h6>\n<h6><span style=\"color: #003366\">INMACULADA FERN\u00c1NDEZ QUINTA<br \/>\n<\/span><\/h6>\n<h6><span style=\"color: #003366\">M.DEL CARMEN GUERRERO ZORRERO<br \/>\n<\/span><\/h6>\n<h6><span style=\"color: #003366\">EVA GLORIA SALAS RECACHA<\/span><\/h6>\n<h6><span style=\"color: #003366\">ALMUDENA S\u00c1NCHEZ PICHARDO<\/span><\/h6>\n<h6><span style=\"color: #003366\">MACARENA P\u00c9REZ GONZ\u00c1LEZ<br \/>\n<\/span><\/h6>\n<h6><span style=\"color: #003366\">JOS\u00c9 EDGAR RODR\u00cdGUEZ MELLADO<br \/>\n<\/span><\/h6>\n<h6><span style=\"color: #003366\">M. TERESA RUIZ OJEDA<\/span><\/h6>\n<p>&nbsp;<\/p>\n<h6>&nbsp;<\/h6>\n<h6><span style=\"color: #003366\">&nbsp;<\/span><\/h6>\n<\/td>\n<td style=\"width: 29.565%\">\n<h6><span style=\"color: #003366\">&nbsp;RICARDO MATEO COSTALES<br \/>\n<\/span><\/h6>\n<\/td>\n<\/tr>\n<\/tbody>\n<\/table>\n","protected":false},"excerpt":{"rendered":"<p>&nbsp; DOCENTES PADRES\/MADRES\/AMPA AYUNTAMIENTO EQUIPO DIRECTIVO ISABEL GAL\u00c1N ARGANDO\u00d1A (DIRECTORA) ROC\u00cdO BEJARANO MORALES (SECRETARIA) SUSANA PERALBO G\u00d3MEZ(J.ESTUDIOS) &nbsp; &nbsp;PROFESORADO LUC\u00cdA BANCALERO MOLINA LAURA DRAGO BLAS SOF\u00cdA DE MEDINA S\u00c1ENZ M CARMEN GONZ\u00c1LEZ BIZCOCHO INMACULADA&#46;&#46;&#46;<\/p>\n","protected":false},"author":1,"featured_media":0,"parent":0,"menu_order":0,"comment_status":"closed","ping_status":"open","template":"","meta":{"ngg_post_thumbnail":0,"footnotes":"","_mc_calendar":[]},"aioseo_notices":[],"_links":{"self":[{"href":"https:\/\/blogsaverroes.juntadeandalucia.es\/ceipantoniocuevas\/wp-json\/wp\/v2\/pages\/77"}],"collection":[{"href":"https:\/\/blogsaverroes.juntadeandalucia.es\/ceipantoniocuevas\/wp-json\/wp\/v2\/pages"}],"about":[{"href":"https:\/\/blogsaverroes.juntadeandalucia.es\/ceipantoniocuevas\/wp-json\/wp\/v2\/types\/page"}],"author":[{"embeddable":true,"href":"https:\/\/blogsaverroes.juntadeandalucia.es\/ceipantoniocuevas\/wp-json\/wp\/v2\/users\/1"}],"replies":[{"embeddable":true,"href":"https:\/\/blogsaverroes.juntadeandalucia.es\/ceipantoniocuevas\/wp-json\/wp\/v2\/comments?post=77"}],"version-history":[{"count":12,"href":"https:\/\/blogsaverroes.juntadeandalucia.es\/ceipantoniocuevas\/wp-json\/wp\/v2\/pages\/77\/revisions"}],"predecessor-version":[{"id":4311,"href":"https:\/\/blogsaverroes.juntadeandalucia.es\/ceipantoniocuevas\/wp-json\/wp\/v2\/pages\/77\/revisions\/4311"}],"wp:attachment":[{"href":"https:\/\/blogsaverroes.juntadeandalucia.es\/ceipantoniocuevas\/wp-json\/wp\/v2\/media?parent=77"}],"curies":[{"name":"wp","href":"https:\/\/api.w.org\/{rel}","templated":true}]}}