{"id":869,"date":"2015-03-16T07:03:52","date_gmt":"2015-03-16T07:03:52","guid":{"rendered":"http:\/\/blogsaverroes.juntadeandalucia.es\/pre\/ceip\/?page_id=84"},"modified":"2024-09-16T08:08:34","modified_gmt":"2024-09-16T07:08:34","slug":"calendario-escolar","status":"publish","type":"page","link":"https:\/\/blogsaverroes.juntadeandalucia.es\/ceipantoniocuevas\/calendario-escolar\/","title":{"rendered":"Calendario escolar"},"content":{"rendered":"<p style=\"text-align: left\"><span style=\"color: #003366\">Pincha en el enlace para acceder al calendario escolar de la provincia.<\/span><\/p>\n<h3 style=\"text-align: left\"><span style=\"color: #003366\"><strong><a href=\"https:\/\/blogsaverroes.juntadeandalucia.es\/ceipantoniocuevas\/files\/2024\/06\/Calendario-Sevilla-2024_2025F.pdf\">Calendario Sevilla 2024_2025<\/a><\/strong><\/span><\/h3>\n<p>&nbsp;<\/p>\n<h4 style=\"text-align: left\"><span style=\"color: #003366\">A este calendario se le a\u00f1adir\u00e1n las siguientes fechas:<\/span><\/h4>\n<h3 style=\"text-align: left\"><span style=\"text-decoration: underline\"><span style=\"color: #003366;text-decoration: underline\"><em><strong>Fiestas locales:<\/strong> <\/em><\/span><\/span><\/h3>\n<ul>\n<li><span style=\"color: #000080\"><strong>&nbsp;San Sebasti\u00e1n:&nbsp; 20 de enero.<br \/>\n<\/strong><\/span><\/li>\n<li style=\"text-align: left\"><span style=\"color: #003366\"><span style=\"color: #000080\"><strong>&nbsp;Corpus: 19 de junio.<\/strong><\/span><br \/>\n<\/span><\/li>\n<\/ul>\n<p>&nbsp;<\/p>\n<h3 style=\"text-align: left\"><span style=\"text-decoration: underline\"><span style=\"color: #3366ff;text-decoration: underline\"><strong><span style=\"color: #003366;text-decoration: underline\">&nbsp;<em>D\u00edas de libre disposici\u00f3n elegidos por el Consejo Escolar Municipal:<\/em><\/span><\/strong><\/span><\/span><\/h3>\n<ul>\n<li><span style=\"color: #000080\"><strong>Carretas 4 : de junio.<\/strong><\/span><\/li>\n<li><span style=\"color: #000080\"><strong>Corpus : 20 de junio.<\/strong><\/span><\/li>\n<\/ul>\n<p>&nbsp;<\/p>\n<p><span style=\"color: #003366\">&nbsp;<br \/>\n<\/span><\/p>\n","protected":false},"excerpt":{"rendered":"<p>Pincha en el enlace para acceder al calendario escolar de la provincia. Calendario Sevilla 2024_2025 &nbsp; A este calendario se le a\u00f1adir\u00e1n las siguientes fechas: Fiestas locales: &nbsp;San Sebasti\u00e1n:&nbsp; 20 de enero. &nbsp;Corpus: 19&#46;&#46;&#46;<\/p>\n","protected":false},"author":1,"featured_media":0,"parent":0,"menu_order":0,"comment_status":"closed","ping_status":"open","template":"","meta":{"ngg_post_thumbnail":0,"footnotes":"","_mc_calendar":{"weekends":"true","shortcode":"[my_calendar weekends=&quot;true&quot;]","append":""}},"aioseo_notices":[],"_links":{"self":[{"href":"https:\/\/blogsaverroes.juntadeandalucia.es\/ceipantoniocuevas\/wp-json\/wp\/v2\/pages\/869"}],"collection":[{"href":"https:\/\/blogsaverroes.juntadeandalucia.es\/ceipantoniocuevas\/wp-json\/wp\/v2\/pages"}],"about":[{"href":"https:\/\/blogsaverroes.juntadeandalucia.es\/ceipantoniocuevas\/wp-json\/wp\/v2\/types\/page"}],"author":[{"embeddable":true,"href":"https:\/\/blogsaverroes.juntadeandalucia.es\/ceipantoniocuevas\/wp-json\/wp\/v2\/users\/1"}],"replies":[{"embeddable":true,"href":"https:\/\/blogsaverroes.juntadeandalucia.es\/ceipantoniocuevas\/wp-json\/wp\/v2\/comments?post=869"}],"version-history":[{"count":39,"href":"https:\/\/blogsaverroes.juntadeandalucia.es\/ceipantoniocuevas\/wp-json\/wp\/v2\/pages\/869\/revisions"}],"predecessor-version":[{"id":4719,"href":"https:\/\/blogsaverroes.juntadeandalucia.es\/ceipantoniocuevas\/wp-json\/wp\/v2\/pages\/869\/revisions\/4719"}],"wp:attachment":[{"href":"https:\/\/blogsaverroes.juntadeandalucia.es\/ceipantoniocuevas\/wp-json\/wp\/v2\/media?parent=869"}],"curies":[{"name":"wp","href":"https:\/\/api.w.org\/{rel}","templated":true}]}}