{"id":35,"date":"2020-01-09T12:42:54","date_gmt":"2020-01-09T11:42:54","guid":{"rendered":"http:\/\/blogsaverroes.juntadeandalucia.es\/pre\/nuevoceip2v2\/?page_id=35"},"modified":"2025-12-22T13:18:41","modified_gmt":"2025-12-22T12:18:41","slug":"biblioteca","status":"publish","type":"page","link":"https:\/\/blogsaverroes.juntadeandalucia.es\/ceipantoniogala\/biblioteca\/","title":{"rendered":"Biblioteca"},"content":{"rendered":"<p>[et_pb_section fb_built=&#8221;1&#8243; _builder_version=&#8221;4.16&#8243; custom_padding=&#8221;0px||0px|&#8221; z_index_tablet=&#8221;500&#8243; box_shadow_horizontal_tablet=&#8221;0px&#8221; box_shadow_vertical_tablet=&#8221;0px&#8221; box_shadow_blur_tablet=&#8221;40px&#8221; box_shadow_spread_tablet=&#8221;0px&#8221; global_colors_info=&#8221;{}&#8221;][et_pb_row _builder_version=&#8221;4.16&#8243; background_size=&#8221;initial&#8221; background_position=&#8221;top_left&#8221; background_repeat=&#8221;repeat&#8221; global_colors_info=&#8221;{}&#8221;][et_pb_column type=&#8221;4_4&#8243; _builder_version=&#8221;4.16&#8243; custom_padding=&#8221;|||&#8221; global_colors_info=&#8221;{}&#8221; custom_padding__hover=&#8221;|||&#8221;][et_pb_image src=&#8221;https:\/\/blogsaverroes.juntadeandalucia.es\/ceipantoniogala\/files\/2020\/01\/cabecera-interior-4.jpg&#8221; title_text=&#8221;cabecera-interior-4&#8243; admin_label=&#8221;Imagen de la portada&#8221; _builder_version=&#8221;4.16&#8243; z_index_tablet=&#8221;500&#8243; box_shadow_horizontal_tablet=&#8221;0px&#8221; box_shadow_vertical_tablet=&#8221;0px&#8221; box_shadow_blur_tablet=&#8221;40px&#8221; box_shadow_spread_tablet=&#8221;0px&#8221; global_colors_info=&#8221;{}&#8221;][\/et_pb_image][et_pb_text admin_label=&#8221;Texto descriptivo&#8221; _builder_version=&#8221;4.24.2&#8243; z_index_tablet=&#8221;500&#8243; text_text_shadow_horizontal_length_tablet=&#8221;0px&#8221; text_text_shadow_vertical_length_tablet=&#8221;0px&#8221; text_text_shadow_blur_strength_tablet=&#8221;1px&#8221; link_text_shadow_horizontal_length_tablet=&#8221;0px&#8221; link_text_shadow_vertical_length_tablet=&#8221;0px&#8221; link_text_shadow_blur_strength_tablet=&#8221;1px&#8221; ul_text_shadow_horizontal_length_tablet=&#8221;0px&#8221; ul_text_shadow_vertical_length_tablet=&#8221;0px&#8221; ul_text_shadow_blur_strength_tablet=&#8221;1px&#8221; ol_text_shadow_horizontal_length_tablet=&#8221;0px&#8221; ol_text_shadow_vertical_length_tablet=&#8221;0px&#8221; ol_text_shadow_blur_strength_tablet=&#8221;1px&#8221; quote_text_shadow_horizontal_length_tablet=&#8221;0px&#8221; quote_text_shadow_vertical_length_tablet=&#8221;0px&#8221; quote_text_shadow_blur_strength_tablet=&#8221;1px&#8221; header_text_shadow_horizontal_length_tablet=&#8221;0px&#8221; header_text_shadow_vertical_length_tablet=&#8221;0px&#8221; header_text_shadow_blur_strength_tablet=&#8221;1px&#8221; header_2_text_shadow_horizontal_length_tablet=&#8221;0px&#8221; header_2_text_shadow_vertical_length_tablet=&#8221;0px&#8221; header_2_text_shadow_blur_strength_tablet=&#8221;1px&#8221; header_3_text_shadow_horizontal_length_tablet=&#8221;0px&#8221; header_3_text_shadow_vertical_length_tablet=&#8221;0px&#8221; header_3_text_shadow_blur_strength_tablet=&#8221;1px&#8221; header_4_text_shadow_horizontal_length_tablet=&#8221;0px&#8221; header_4_text_shadow_vertical_length_tablet=&#8221;0px&#8221; header_4_text_shadow_blur_strength_tablet=&#8221;1px&#8221; header_5_text_shadow_horizontal_length_tablet=&#8221;0px&#8221; header_5_text_shadow_vertical_length_tablet=&#8221;0px&#8221; header_5_text_shadow_blur_strength_tablet=&#8221;1px&#8221; header_6_text_shadow_horizontal_length_tablet=&#8221;0px&#8221; header_6_text_shadow_vertical_length_tablet=&#8221;0px&#8221; header_6_text_shadow_blur_strength_tablet=&#8221;1px&#8221; box_shadow_horizontal_tablet=&#8221;0px&#8221; box_shadow_vertical_tablet=&#8221;0px&#8221; box_shadow_blur_tablet=&#8221;40px&#8221; box_shadow_spread_tablet=&#8221;0px&#8221; global_colors_info=&#8221;{}&#8221;]<\/p>\n<p style=\"font-weight: 400\"><strong>NUESTRA \u00a0BIBLIOTECA<\/strong><\/p>\n<p style=\"font-weight: 400\">Nuestra biblioteca escolar es un espacio m\u00e1gico y lleno de vida, un lugar esencial dentro de la din\u00e1mica diaria de nuestro centro. Es mucho m\u00e1s que una sala repleta de libros: es un entorno que invita a so\u00f1ar, imaginar, descubrir y compartir. Es un punto de encuentro abierto, acogedor y lleno de oportunidades para toda la comunidad educativa: alumnado, docentes, personal no docente, familias y todos los que formamos parte de la gran familia del CEIP Antonio Gala.<\/p>\n<p style=\"font-weight: 400\">Sentimos la biblioteca como un pilar fundamental de nuestro d\u00eda a d\u00eda. Cada rinc\u00f3n est\u00e1 pensado para fomentar, motivar, promover, acompa\u00f1ar, guiar, incluir, organizar y dinamizar el aprendizaje. Con esta intenci\u00f3n trabaja el equipo de biblioteca, que se esfuerza en convertir este espacio en un lugar accesible, atractivo y significativo para todos.<\/p>\n<p style=\"font-weight: 400\">Una de las caracter\u00edsticas de nuestra biblioteca es su sistema de catalogaci\u00f3n por colores, que facilita al alumnado encontrar lecturas adecuadas a su etapa educativa, durante sus pr\u00e9stamos semanales.<\/p>\n<ul style=\"font-weight: 400\">\n<li><strong>Amarillo<\/strong> para Educaci\u00f3n Infantil<\/li>\n<li><strong>Rojo<\/strong> para el Primer Ciclo de Primaria<\/li>\n<li><strong>Verde<\/strong> para el Segundo Ciclo<\/li>\n<li><strong>Azul<\/strong> para el Tercer Ciclo<\/li>\n<li><strong>Negro<\/strong> para los libros destinados al profesorado<\/li>\n<\/ul>\n<div>\n<p><span>Llevamos a cabo la actividad de <strong>pr\u00e9stamos semanales de libros<\/strong>, organizada para que cada clase cuente con un d\u00eda y una hora asignados para realizar sus pr\u00e9stamos y devoluciones. Una vez que el alumnado lee el libro escogido, se registra en su <strong>carnet lector<\/strong> mediante un sello que acredita la lectura realizada. Una vez que completan su carnet, celebramos su esfuerzo y compromiso con la lectura: los m\u00e1s peque\u00f1os reciben una <strong>medalla lectora<\/strong><b>,<\/b> mientras que el alumnado mayor obtiene un <strong>diploma<\/strong> que reconoce su progreso. Despu\u00e9s, pasan al siguiente carnet lector para seguir avanzando y disfrutando del maravilloso h\u00e1bito de leer.<\/span><\/p>\n<\/div>\n<p style=\"font-weight: 400\">Adem\u00e1s, contamos con espacios espec\u00edficos que enriquecen la experiencia lectora y educativa de nuestro alumnado. Disponemos de un <strong>Rinc\u00f3n Violeta<\/strong>, dedicado a la coeducaci\u00f3n y a la igualdad; un <strong>Rinc\u00f3n de Atenci\u00f3n a la Diversidad<\/strong>, con materiales inclusivos y adaptados; y un \u00e1rea de <strong>material did\u00e1ctico<\/strong> que complementa el trabajo de aula y apoya las necesidades del profesorado.<\/p>\n<p style=\"font-weight: 400\">En el CEIP Antonio Gala, nuestra biblioteca es, sin duda, el coraz\u00f3n cultural y creativo del colegio, un lugar donde todos y todas somos bienvenidos para seguir construyendo historias.<\/p>\n<p>[\/et_pb_text][\/et_pb_column][\/et_pb_row][\/et_pb_section]<\/p>\n","protected":false},"excerpt":{"rendered":"<p>NUESTRA \u00a0BIBLIOTECA Nuestra biblioteca escolar es un espacio m\u00e1gico y lleno de vida, un lugar esencial dentro de la din\u00e1mica diaria de nuestro centro. Es mucho m\u00e1s que una sala repleta de libros: es un entorno que invita a so\u00f1ar, imaginar, descubrir y compartir. Es un punto de encuentro abierto, acogedor y lleno de oportunidades [&hellip;]<\/p>\n","protected":false},"author":7051,"featured_media":0,"parent":0,"menu_order":0,"comment_status":"closed","ping_status":"closed","template":"","meta":{"_et_pb_use_builder":"on","_et_pb_old_content":"","_et_gb_content_width":"","ngg_post_thumbnail":0,"footnotes":""},"aioseo_notices":[],"_links":{"self":[{"href":"https:\/\/blogsaverroes.juntadeandalucia.es\/ceipantoniogala\/wp-json\/wp\/v2\/pages\/35"}],"collection":[{"href":"https:\/\/blogsaverroes.juntadeandalucia.es\/ceipantoniogala\/wp-json\/wp\/v2\/pages"}],"about":[{"href":"https:\/\/blogsaverroes.juntadeandalucia.es\/ceipantoniogala\/wp-json\/wp\/v2\/types\/page"}],"author":[{"embeddable":true,"href":"https:\/\/blogsaverroes.juntadeandalucia.es\/ceipantoniogala\/wp-json\/wp\/v2\/users\/7051"}],"replies":[{"embeddable":true,"href":"https:\/\/blogsaverroes.juntadeandalucia.es\/ceipantoniogala\/wp-json\/wp\/v2\/comments?post=35"}],"version-history":[{"count":3,"href":"https:\/\/blogsaverroes.juntadeandalucia.es\/ceipantoniogala\/wp-json\/wp\/v2\/pages\/35\/revisions"}],"predecessor-version":[{"id":1397,"href":"https:\/\/blogsaverroes.juntadeandalucia.es\/ceipantoniogala\/wp-json\/wp\/v2\/pages\/35\/revisions\/1397"}],"wp:attachment":[{"href":"https:\/\/blogsaverroes.juntadeandalucia.es\/ceipantoniogala\/wp-json\/wp\/v2\/media?parent=35"}],"curies":[{"name":"wp","href":"https:\/\/api.w.org\/{rel}","templated":true}]}}