{"id":55,"date":"2020-01-09T12:48:16","date_gmt":"2020-01-09T11:48:16","guid":{"rendered":"http:\/\/blogsaverroes.juntadeandalucia.es\/pre\/nuevoceip2v2\/?page_id=55"},"modified":"2025-12-03T23:07:31","modified_gmt":"2025-12-03T22:07:31","slug":"planes-y-proyectos","status":"publish","type":"page","link":"https:\/\/blogsaverroes.juntadeandalucia.es\/ceipantoniogala\/planes-y-proyectos\/","title":{"rendered":"Planes y Proyectos"},"content":{"rendered":"<p>[et_pb_section fb_built=&#8221;1&#8243; _builder_version=&#8221;4.16&#8243; global_colors_info=&#8221;{}&#8221;][et_pb_row _builder_version=&#8221;4.16&#8243; background_size=&#8221;initial&#8221; background_position=&#8221;top_left&#8221; background_repeat=&#8221;repeat&#8221; global_colors_info=&#8221;{}&#8221;][et_pb_column type=&#8221;4_4&#8243; _builder_version=&#8221;4.16&#8243; custom_padding=&#8221;|||&#8221; global_colors_info=&#8221;{}&#8221; custom_padding__hover=&#8221;|||&#8221;][et_pb_image src=&#8221;https:\/\/blogsaverroes.juntadeandalucia.es\/ceipantoniogala\/files\/2020\/02\/elcentro.png&#8221; title_text=&#8221;elcentro&#8221; admin_label=&#8221;Imagen de la portada&#8221; _builder_version=&#8221;4.16&#8243; z_index_tablet=&#8221;500&#8243; box_shadow_horizontal_tablet=&#8221;0px&#8221; box_shadow_vertical_tablet=&#8221;0px&#8221; box_shadow_blur_tablet=&#8221;40px&#8221; box_shadow_spread_tablet=&#8221;0px&#8221; global_colors_info=&#8221;{}&#8221;][\/et_pb_image][et_pb_text admin_label=&#8221;Texto descriptivo&#8221; _builder_version=&#8221;4.24.2&#8243; text_font=&#8221;Arial||||||||&#8221; text_font_size=&#8221;16px&#8221; header_font=&#8221;Arial||||||||&#8221; z_index_tablet=&#8221;500&#8243; text_text_shadow_horizontal_length_tablet=&#8221;0px&#8221; text_text_shadow_vertical_length_tablet=&#8221;0px&#8221; text_text_shadow_blur_strength_tablet=&#8221;1px&#8221; link_text_shadow_horizontal_length_tablet=&#8221;0px&#8221; link_text_shadow_vertical_length_tablet=&#8221;0px&#8221; link_text_shadow_blur_strength_tablet=&#8221;1px&#8221; ul_text_shadow_horizontal_length_tablet=&#8221;0px&#8221; ul_text_shadow_vertical_length_tablet=&#8221;0px&#8221; ul_text_shadow_blur_strength_tablet=&#8221;1px&#8221; ol_text_shadow_horizontal_length_tablet=&#8221;0px&#8221; ol_text_shadow_vertical_length_tablet=&#8221;0px&#8221; ol_text_shadow_blur_strength_tablet=&#8221;1px&#8221; quote_text_shadow_horizontal_length_tablet=&#8221;0px&#8221; quote_text_shadow_vertical_length_tablet=&#8221;0px&#8221; quote_text_shadow_blur_strength_tablet=&#8221;1px&#8221; header_text_shadow_horizontal_length_tablet=&#8221;0px&#8221; header_text_shadow_vertical_length_tablet=&#8221;0px&#8221; header_text_shadow_blur_strength_tablet=&#8221;1px&#8221; header_2_text_shadow_horizontal_length_tablet=&#8221;0px&#8221; header_2_text_shadow_vertical_length_tablet=&#8221;0px&#8221; header_2_text_shadow_blur_strength_tablet=&#8221;1px&#8221; header_3_text_shadow_horizontal_length_tablet=&#8221;0px&#8221; header_3_text_shadow_vertical_length_tablet=&#8221;0px&#8221; header_3_text_shadow_blur_strength_tablet=&#8221;1px&#8221; header_4_text_shadow_horizontal_length_tablet=&#8221;0px&#8221; header_4_text_shadow_vertical_length_tablet=&#8221;0px&#8221; header_4_text_shadow_blur_strength_tablet=&#8221;1px&#8221; header_5_text_shadow_horizontal_length_tablet=&#8221;0px&#8221; header_5_text_shadow_vertical_length_tablet=&#8221;0px&#8221; header_5_text_shadow_blur_strength_tablet=&#8221;1px&#8221; header_6_text_shadow_horizontal_length_tablet=&#8221;0px&#8221; header_6_text_shadow_vertical_length_tablet=&#8221;0px&#8221; header_6_text_shadow_blur_strength_tablet=&#8221;1px&#8221; box_shadow_horizontal_tablet=&#8221;0px&#8221; box_shadow_vertical_tablet=&#8221;0px&#8221; box_shadow_blur_tablet=&#8221;40px&#8221; box_shadow_spread_tablet=&#8221;0px&#8221; inline_fonts=&#8221;Arial&#8221; global_colors_info=&#8221;{}&#8221;]<\/p>\n<h2><\/h2>\n<h3><strong><span style=\"font-family: Arial\">La Importancia de la Innovaci\u00f3n Educativa a trav\u00e9s de Planes y Programas<\/span><\/strong><\/h3>\n<p>&nbsp;<\/p>\n<p data-path-to-node=\"3\" style=\"text-align: justify\">\u00a0 \u00a0 \u00a0Desde la nuestro centro, concebimos la implementaci\u00f3n de planes y programas no como un a\u00f1adido burocr\u00e1tico, sino como herramientas que conectan el aprendizaje con la realidad social. La necesidad de estos proyectos radica en su capacidad para <b>vertebrar la ense\u00f1anza de forma transversal<\/b>, rompiendo las barreras de las asignaturas tradicionales para abordar la educaci\u00f3n desde una perspectiva completa.<\/p>\n<p data-path-to-node=\"4\" style=\"text-align: justify\">\u00a0 \u00a0 \u00a0Para nuestro alumnado, estos programas suponen el tr\u00e1nsito vital de ser meros estudiantes a convertirse en <b>ciudadanos cr\u00edticos, responsables y comprometidos<\/b>; les permite vivenciar valores como el respeto al medio ambiente, el cuidado personal y la equidad de g\u00e9nero en su d\u00eda a d\u00eda, transformando la escuela en un laboratorio de experiencias significativas donde se fomenta no solo la excelencia acad\u00e9mica, sino tambi\u00e9n la inteligencia emocional y la convivencia pac\u00edfica.<\/p>\n<p>[\/et_pb_text][\/et_pb_column][\/et_pb_row][et_pb_row column_structure=&#8221;1_3,1_3,1_3&#8243; _builder_version=&#8221;4.24.2&#8243; _module_preset=&#8221;default&#8221; min_height=&#8221;159.8px&#8221; custom_margin=&#8221;|auto|-27px|auto||&#8221; custom_padding=&#8221;||88px|||&#8221; global_colors_info=&#8221;{}&#8221;][et_pb_column type=&#8221;1_3&#8243; _builder_version=&#8221;4.24.2&#8243; _module_preset=&#8221;default&#8221; global_colors_info=&#8221;{}&#8221;][et_pb_cta title=&#8221;BILIOTECA ESCOLAR&#8221; button_url=&#8221;https:\/\/blogsaverroes.juntadeandalucia.es\/ceipantoniogala\/category\/plan-de-biblioteca\/&#8221; button_text=&#8221;VER&#8221; _builder_version=&#8221;4.24.2&#8243; _module_preset=&#8221;default&#8221; header_font=&#8221;Arial||||||||&#8221; body_font=&#8221;Arial||||||||&#8221; background_color=&#8221;#E09900&#8243; custom_margin=&#8221;||26px|||&#8221; custom_padding=&#8221;||65px|||&#8221; inline_fonts=&#8221;Arial&#8221; global_colors_info=&#8221;{}&#8221; button_text__hover_enabled=&#8221;off|hover&#8221;]<\/p>\n<p>COORDINADORA: M\u00aa VICTORIA GAR\u00cdCA OSTOS<\/p>\n<p>[\/et_pb_cta][et_pb_cta title=&#8221;ALDEA&#8221; button_text=&#8221;VER&#8221; _builder_version=&#8221;4.24.2&#8243; _module_preset=&#8221;default&#8221; header_font=&#8221;Arial||||||||&#8221; body_font=&#8221;Arial||||||||&#8221; background_color=&#8221;#E09900&#8243; custom_margin=&#8221;||26px|||&#8221; custom_padding=&#8221;||65px|||&#8221; hover_enabled=&#8221;0&#8243; inline_fonts=&#8221;Arial&#8221; global_colors_info=&#8221;{}&#8221; button_text__hover_enabled=&#8221;off|hover&#8221; button_url=&#8221;https:\/\/blogsaverroes.juntadeandalucia.es\/ceipantoniogala\/nuestro-huerto-lechugas-espinacas-brocolis-y-coliflores\/&#8221; sticky_enabled=&#8221;0&#8243;]<\/p>\n<p>COORDINADOR: MIGUEL CA\u00d1IZARES ORTEGA<\/p>\n<p>[\/et_pb_cta][et_pb_cta title=&#8221;ESCUELA ESPACIO DE PAZ&#8221; button_text=&#8221;VER&#8221; _builder_version=&#8221;4.24.2&#8243; _module_preset=&#8221;default&#8221; header_font=&#8221;Arial||||||||&#8221; body_font=&#8221;Arial||||||||&#8221; background_color=&#8221;#E09900&#8243; custom_margin=&#8221;||26px|||&#8221; custom_padding=&#8221;||65px|||&#8221; inline_fonts=&#8221;Arial&#8221; global_colors_info=&#8221;{}&#8221; button_text__hover_enabled=&#8221;off|hover&#8221;]<\/p>\n<p>COORDINADOR: MIGUEL CA\u00d1IZARES ORTEGA<\/p>\n<p>[\/et_pb_cta][\/et_pb_column][et_pb_column type=&#8221;1_3&#8243; _builder_version=&#8221;4.24.2&#8243; _module_preset=&#8221;default&#8221; global_colors_info=&#8221;{}&#8221;][et_pb_cta title=&#8221;IGUALDAD DE G\u00c9NERO &#8221; button_url=&#8221;https:\/\/blogsaverroes.juntadeandalucia.es\/ceipantoniogala\/category\/plan-de-igualdad\/&#8221; button_text=&#8221;VER&#8221; _builder_version=&#8221;4.24.2&#8243; _module_preset=&#8221;default&#8221; header_font=&#8221;Arial||||||||&#8221; min_height=&#8221;177px&#8221; custom_margin=&#8221;3px|||||&#8221; custom_padding=&#8221;||38px|||&#8221; inline_fonts=&#8221;Arial&#8221; global_colors_info=&#8221;{}&#8221;]<\/p>\n<p><span style=\"font-family: Arial\">COORDINADORA: MARTA RODR\u00cdGUEZ BOLANC\u00c9<\/span><\/p>\n<p>[\/et_pb_cta][et_pb_cta title=&#8221;H\u00c1BITOS DE VIDA SALUDABLE&#8221; button_url=&#8221;https:\/\/blogsaverroes.juntadeandalucia.es\/ceipantoniogala\/category\/habitos-de-vida-saludable\/&#8221; button_text=&#8221;VER&#8221; _builder_version=&#8221;4.24.2&#8243; _module_preset=&#8221;default&#8221; header_font=&#8221;Arial||||||||&#8221; min_height=&#8221;177px&#8221; custom_margin=&#8221;3px|||||&#8221; custom_padding=&#8221;||38px|||&#8221; inline_fonts=&#8221;Arial&#8221; global_colors_info=&#8221;{}&#8221;]<\/p>\n<p><span style=\"font-family: Arial\">COORDINADORA: ANTONIA POSTIGO RODR\u00cdGUEZ VARGAS<\/span><\/p>\n<p>[\/et_pb_cta][et_pb_cta title=&#8221;PREVENCI\u00d3N EN RIESGOS LABORALES&#8221; button_text=&#8221;Clics&#8221; _builder_version=&#8221;4.24.2&#8243; _module_preset=&#8221;default&#8221; header_font=&#8221;Arial||||||||&#8221; min_height=&#8221;114px&#8221; custom_margin=&#8221;3px||-34px|||&#8221; custom_padding=&#8221;||40px|||&#8221; inline_fonts=&#8221;Arial&#8221; global_colors_info=&#8221;{}&#8221;]<\/p>\n<p><span style=\"font-family: Arial\">COORDINADORA: ANTONIA POSTIGO RODR\u00cdGUEZ VARGAS<\/span><\/p>\n<p>[\/et_pb_cta][\/et_pb_column][et_pb_column type=&#8221;1_3&#8243; _builder_version=&#8221;4.24.2&#8243; _module_preset=&#8221;default&#8221; global_colors_info=&#8221;{}&#8221;][et_pb_cta title=&#8221;TRANSFORMACI\u00d3N DIGITAL EDUCATIVA&#8221; button_text=&#8221;Clics&#8221; _builder_version=&#8221;4.24.2&#8243; _module_preset=&#8221;default&#8221; header_font=&#8221;Arial||||||||&#8221; body_font=&#8221;Arial||||||||&#8221; custom_padding=&#8221;||39px|||&#8221; global_colors_info=&#8221;{}&#8221;]<\/p>\n<p>COORDINADORA: ANA S\u00c1NCHEZ LARA<\/p>\n<p>[\/et_pb_cta][et_pb_cta title=&#8221;PR\u00c1CTICAS DE MAESTROS&#8221; button_text=&#8221;Clics&#8221; _builder_version=&#8221;4.24.2&#8243; _module_preset=&#8221;default&#8221; header_font=&#8221;Arial||||||||&#8221; body_font=&#8221;Arial||||||||&#8221; custom_padding=&#8221;||39px|||&#8221; global_colors_info=&#8221;{}&#8221;]<\/p>\n<p>COORDINADORA: M\u00aa FRANCISCA BRAVO CUEVAS<\/p>\n<p>[\/et_pb_cta][et_pb_cta title=&#8221;PROA Y PREX&#8221; button_text=&#8221;Clics&#8221; _builder_version=&#8221;4.24.2&#8243; _module_preset=&#8221;default&#8221; header_font=&#8221;Arial||||||||&#8221; body_font=&#8221;Arial||||||||&#8221; custom_padding=&#8221;||87px|||&#8221; global_colors_info=&#8221;{}&#8221;]<\/p>\n<p>COORDINADORA: M\u00aa FRANCISCA BRAVO CUEVAS<\/p>\n<p>[\/et_pb_cta][\/et_pb_column][\/et_pb_row][\/et_pb_section]<\/p>\n","protected":false},"excerpt":{"rendered":"<p>La Importancia de la Innovaci\u00f3n Educativa a trav\u00e9s de Planes y Programas &nbsp; \u00a0 \u00a0 \u00a0Desde la nuestro centro, concebimos la implementaci\u00f3n de planes y programas no como un a\u00f1adido burocr\u00e1tico, sino como herramientas que conectan el aprendizaje con la realidad social. La necesidad de estos proyectos radica en su capacidad para vertebrar la ense\u00f1anza [&hellip;]<\/p>\n","protected":false},"author":7051,"featured_media":0,"parent":0,"menu_order":0,"comment_status":"closed","ping_status":"closed","template":"","meta":{"_et_pb_use_builder":"on","_et_pb_old_content":"","_et_gb_content_width":"","ngg_post_thumbnail":0,"footnotes":""},"aioseo_notices":[],"_links":{"self":[{"href":"https:\/\/blogsaverroes.juntadeandalucia.es\/ceipantoniogala\/wp-json\/wp\/v2\/pages\/55"}],"collection":[{"href":"https:\/\/blogsaverroes.juntadeandalucia.es\/ceipantoniogala\/wp-json\/wp\/v2\/pages"}],"about":[{"href":"https:\/\/blogsaverroes.juntadeandalucia.es\/ceipantoniogala\/wp-json\/wp\/v2\/types\/page"}],"author":[{"embeddable":true,"href":"https:\/\/blogsaverroes.juntadeandalucia.es\/ceipantoniogala\/wp-json\/wp\/v2\/users\/7051"}],"replies":[{"embeddable":true,"href":"https:\/\/blogsaverroes.juntadeandalucia.es\/ceipantoniogala\/wp-json\/wp\/v2\/comments?post=55"}],"version-history":[{"count":11,"href":"https:\/\/blogsaverroes.juntadeandalucia.es\/ceipantoniogala\/wp-json\/wp\/v2\/pages\/55\/revisions"}],"predecessor-version":[{"id":1209,"href":"https:\/\/blogsaverroes.juntadeandalucia.es\/ceipantoniogala\/wp-json\/wp\/v2\/pages\/55\/revisions\/1209"}],"wp:attachment":[{"href":"https:\/\/blogsaverroes.juntadeandalucia.es\/ceipantoniogala\/wp-json\/wp\/v2\/media?parent=55"}],"curies":[{"name":"wp","href":"https:\/\/api.w.org\/{rel}","templated":true}]}}