{"id":892,"date":"2025-12-01T10:13:00","date_gmt":"2025-12-01T09:13:00","guid":{"rendered":"https:\/\/blogsaverroes.juntadeandalucia.es\/ceipantoniogala\/?page_id=892"},"modified":"2025-12-05T09:25:26","modified_gmt":"2025-12-05T08:25:26","slug":"personal-de-centro","status":"publish","type":"page","link":"https:\/\/blogsaverroes.juntadeandalucia.es\/ceipantoniogala\/personal-de-centro\/","title":{"rendered":"Personal del centro"},"content":{"rendered":"<p>[et_pb_section fb_built=&#8221;1&#8243; _builder_version=&#8221;4.24.2&#8243; _module_preset=&#8221;default&#8221; global_colors_info=&#8221;{}&#8221;][et_pb_row column_structure=&#8221;1_2,1_2&#8243; _builder_version=&#8221;4.24.2&#8243; _module_preset=&#8221;default&#8221; global_colors_info=&#8221;{}&#8221;][et_pb_column type=&#8221;1_2&#8243; _builder_version=&#8221;4.24.2&#8243; _module_preset=&#8221;default&#8221; global_colors_info=&#8221;{}&#8221;][et_pb_text _builder_version=&#8221;4.24.2&#8243; _module_preset=&#8221;default&#8221; background_color=&#8221;#0C71C3&#8243; custom_padding=&#8221;10px|||||&#8221; global_colors_info=&#8221;{}&#8221;]<\/p>\n<h2 style=\"text-align: center\"><span style=\"color: #ffffff\">CLAUSTRO<\/span><\/h2>\n<p>[\/et_pb_text][et_pb_accordion open_toggle_background_color=&#8221;RGBA(255,255,255,0)&#8221; _builder_version=&#8221;4.24.2&#8243; _module_preset=&#8221;default&#8221; text_orientation=&#8221;center&#8221; min_height=&#8221;121px&#8221; box_shadow_style=&#8221;preset4&#8243; global_colors_info=&#8221;{}&#8221;][et_pb_accordion_item title=&#8221;         EQUIPO DIRECTIVO &#8221; open=&#8221;on&#8221; _builder_version=&#8221;4.24.2&#8243; _module_preset=&#8221;default&#8221; global_colors_info=&#8221;{}&#8221;]<\/p>\n<p style=\"text-align: center\">\n<p style=\"text-align: center\">DIRECCI\u00d3N- MIGUEL CA\u00d1IZARES ORTEGA<\/p>\n<p style=\"text-align: center\">SECRETAR\u00cdA: M\u00aa FRANCISCA BRAVO CUEVAS\u00a0<\/p>\n<p>[\/et_pb_accordion_item][\/et_pb_accordion][et_pb_accordion open_toggle_background_color=&#8221;RGBA(255,255,255,0)&#8221; _builder_version=&#8221;4.24.2&#8243; _module_preset=&#8221;default&#8221; text_orientation=&#8221;center&#8221; box_shadow_style=&#8221;preset4&#8243; global_colors_info=&#8221;{}&#8221;][et_pb_accordion_item title=&#8221;                TUTOR\u00cdAS INFANTIL &#8221; open=&#8221;on&#8221; _builder_version=&#8221;4.24.2&#8243; _module_preset=&#8221;default&#8221; global_colors_info=&#8221;{}&#8221;]<\/p>\n<p style=\"text-align: center\">\n<p style=\"text-align: center\">3 A\u00d1OS: AZAHARA TORRES HENS<\/p>\n<p style=\"text-align: center\">4 A\u00d1OS: MARTA RODR\u00cdGUEZ BOLANC\u00c9\u00a0<\/p>\n<p style=\"text-align: center\">5 A\u00d1OS: ANA M\u00aa GARC\u00cdA LANZAS\u00a0<\/p>\n<p>[\/et_pb_accordion_item][\/et_pb_accordion][et_pb_accordion open_toggle_background_color=&#8221;RGBA(255,255,255,0)&#8221; _builder_version=&#8221;4.24.2&#8243; _module_preset=&#8221;default&#8221; text_orientation=&#8221;center&#8221; box_shadow_style=&#8221;preset4&#8243; global_colors_info=&#8221;{}&#8221;][et_pb_accordion_item title=&#8221;                 TUTOR\u00cdA PRIMER CICLO  &#8221; open=&#8221;on&#8221; _builder_version=&#8221;4.24.2&#8243; _module_preset=&#8221;default&#8221; global_colors_info=&#8221;{}&#8221;]<\/p>\n<p style=\"text-align: center\">\n<p style=\"text-align: center\">ESTEFAN\u00cdA MART\u00cdNEZ PALENZUELA\u00a0<\/p>\n<p>[\/et_pb_accordion_item][\/et_pb_accordion][et_pb_accordion open_toggle_background_color=&#8221;RGBA(255,255,255,0)&#8221; _builder_version=&#8221;4.24.2&#8243; _module_preset=&#8221;default&#8221; text_orientation=&#8221;center&#8221; box_shadow_style=&#8221;preset4&#8243; global_colors_info=&#8221;{}&#8221;][et_pb_accordion_item title=&#8221;                 TUTOR\u00cdA TERCER CURSO  &#8221; open=&#8221;on&#8221; _builder_version=&#8221;4.24.2&#8243; _module_preset=&#8221;default&#8221; global_colors_info=&#8221;{}&#8221;]<\/p>\n<p style=\"text-align: center\">\n<p style=\"text-align: center\">ANA S\u00c1NCHEZ LARA\u00a0<\/p>\n<p>[\/et_pb_accordion_item][\/et_pb_accordion][et_pb_accordion open_toggle_background_color=&#8221;RGBA(255,255,255,0)&#8221; _builder_version=&#8221;4.24.2&#8243; _module_preset=&#8221;default&#8221; text_orientation=&#8221;center&#8221; box_shadow_style=&#8221;preset4&#8243; global_colors_info=&#8221;{}&#8221;][et_pb_accordion_item title=&#8221;                 TUTOR\u00cdA CAURTO CURSO  &#8221; open=&#8221;on&#8221; _builder_version=&#8221;4.24.2&#8243; _module_preset=&#8221;default&#8221; global_colors_info=&#8221;{}&#8221;]<\/p>\n<p style=\"text-align: center\">\n<p style=\"text-align: center\">M\u00aa FRANCISCA BRAVO CUEVAS\u00a0<\/p>\n<p>[\/et_pb_accordion_item][\/et_pb_accordion][et_pb_accordion open_toggle_background_color=&#8221;RGBA(255,255,255,0)&#8221; _builder_version=&#8221;4.24.2&#8243; _module_preset=&#8221;default&#8221; text_orientation=&#8221;center&#8221; box_shadow_style=&#8221;preset4&#8243; global_colors_info=&#8221;{}&#8221;][et_pb_accordion_item title=&#8221;                 TUTOR\u00cdA TERCER CICLO  &#8221; open=&#8221;on&#8221; _builder_version=&#8221;4.24.2&#8243; _module_preset=&#8221;default&#8221; global_colors_info=&#8221;{}&#8221;]<\/p>\n<p style=\"text-align: center\">\n<p style=\"text-align: center\">M\u00aa DOLORES DEL MORAL CARDOSO\u00a0<\/p>\n<p>[\/et_pb_accordion_item][\/et_pb_accordion][et_pb_accordion open_toggle_background_color=&#8221;RGBA(255,255,255,0)&#8221; _builder_version=&#8221;4.24.2&#8243; _module_preset=&#8221;default&#8221; text_orientation=&#8221;center&#8221; hover_enabled=&#8221;0&#8243; box_shadow_style=&#8221;preset4&#8243; global_colors_info=&#8221;{}&#8221; sticky_enabled=&#8221;0&#8243;][et_pb_accordion_item title=&#8221;                 ESPECIALIDADES  &#8221; open=&#8221;on&#8221; _builder_version=&#8221;4.24.2&#8243; _module_preset=&#8221;default&#8221; global_colors_info=&#8221;{}&#8221;]<\/p>\n<p style=\"text-align: center\">\n<p style=\"text-align: center\">INGL\u00c9S &#8211; M\u00aa VICTORIA GARC\u00cdA OSTOS\u00a0<\/p>\n<p style=\"text-align: center\">EDUCACI\u00d3N F\u00cdSICA &#8211; ANTONIA POSTIGO RODR\u00cdGUEZ-VARGAS\u00a0<\/p>\n<p style=\"text-align: center\">RELIGI\u00d3N &#8211; ANA MAR\u00cdA VILLAMOR ARANC\u00d3N<\/p>\n<p style=\"text-align: center\">\n<p>[\/et_pb_accordion_item][\/et_pb_accordion][et_pb_accordion open_toggle_background_color=&#8221;RGBA(255,255,255,0)&#8221; _builder_version=&#8221;4.24.2&#8243; _module_preset=&#8221;default&#8221; text_orientation=&#8221;center&#8221; box_shadow_style=&#8221;preset4&#8243; global_colors_info=&#8221;{}&#8221;][et_pb_accordion_item title=&#8221;                 PERSONAL ADMINSTRACI\u00d3N Y SERVICIOS    &#8221; open=&#8221;on&#8221; _builder_version=&#8221;4.24.2&#8243; _module_preset=&#8221;default&#8221; global_colors_info=&#8221;{}&#8221;]<\/p>\n<p style=\"text-align: center\">\n<p style=\"text-align: center\">M\u00aa DEL VALLE GARC\u00cdA L\u00d3PEZ\u00a0<\/p>\n<p>[\/et_pb_accordion_item][\/et_pb_accordion][\/et_pb_column][et_pb_column type=&#8221;1_2&#8243; _builder_version=&#8221;4.24.2&#8243; _module_preset=&#8221;default&#8221; global_colors_info=&#8221;{}&#8221;][et_pb_text _builder_version=&#8221;4.24.2&#8243; _module_preset=&#8221;default&#8221; background_color=&#8221;#0C71C3&#8243; custom_padding=&#8221;10px|||||&#8221; global_colors_info=&#8221;{}&#8221;]<\/p>\n<h2 style=\"text-align: center\"><span style=\"color: #ffffff\">CONSEJO ESCOLAR<\/span><\/h2>\n<p>[\/et_pb_text][et_pb_accordion _builder_version=&#8221;4.24.2&#8243; _module_preset=&#8221;default&#8221; custom_margin=&#8221;||41px|||&#8221; box_shadow_style=&#8221;preset4&#8243; global_colors_info=&#8221;{}&#8221;][et_pb_accordion_item title=&#8221;                                 EQUIPO DIRECTIVO &#8221; open=&#8221;on&#8221; _builder_version=&#8221;4.24.2&#8243; _module_preset=&#8221;default&#8221; global_colors_info=&#8221;{}&#8221;]<\/p>\n<p style=\"text-align: center\">\n<p style=\"text-align: center\">DIRECCI\u00d3N- MIGUEL CA\u00d1IZARES ORTEGA<\/p>\n<p style=\"text-align: center\">SECRETAR\u00cdA: M\u00aa FRANCISCA BRAVO CUEVAS<\/p>\n<p>[\/et_pb_accordion_item][\/et_pb_accordion][et_pb_accordion _builder_version=&#8221;4.24.2&#8243; _module_preset=&#8221;default&#8221; custom_margin=&#8221;||41px|||&#8221; box_shadow_style=&#8221;preset4&#8243; global_colors_info=&#8221;{}&#8221;][et_pb_accordion_item title=&#8221;                                   PROFESORADO &#8221; open=&#8221;on&#8221; _builder_version=&#8221;4.24.2&#8243; _module_preset=&#8221;default&#8221; global_colors_info=&#8221;{}&#8221;]<\/p>\n<p style=\"text-align: center\">\n<p style=\"text-align: center\">MARTA RODR\u00cdGUEZ BOLANC\u00c9<\/p>\n<p style=\"text-align: center\">M\u00aa VICTORIA GARC\u00cdA OSTOS<\/p>\n<p style=\"text-align: center\">\n<p style=\"text-align: center\">\n<p>[\/et_pb_accordion_item][\/et_pb_accordion][et_pb_accordion _builder_version=&#8221;4.24.2&#8243; _module_preset=&#8221;default&#8221; custom_margin=&#8221;||41px|||&#8221; box_shadow_style=&#8221;preset4&#8243; global_colors_info=&#8221;{}&#8221;][et_pb_accordion_item title=&#8221;                           PADRES\/MADRES\/TUTORES&#8221; open=&#8221;on&#8221; _builder_version=&#8221;4.24.2&#8243; _module_preset=&#8221;default&#8221; global_colors_info=&#8221;{}&#8221;]<\/p>\n<p style=\"text-align: center\">\n<p style=\"text-align: center\">MARISA FERN\u00c1NDEZ ALINQUE<\/p>\n<p style=\"text-align: center\">AURORA M\u00aa FERN\u00c1NDEZ ARMADA<\/p>\n<p style=\"text-align: center\">FRANCISCA GARC\u00cdA RIVERO<\/p>\n<p style=\"text-align: center\">SILVIA S\u00c1NCHEZ RUIZ<\/p>\n<p>[\/et_pb_accordion_item][\/et_pb_accordion][et_pb_accordion _builder_version=&#8221;4.24.2&#8243; _module_preset=&#8221;default&#8221; custom_margin=&#8221;||41px|||&#8221; box_shadow_style=&#8221;preset4&#8243; global_colors_info=&#8221;{}&#8221;][et_pb_accordion_item title=&#8221;                                   AYUNTAMIENTO &#8221; open=&#8221;on&#8221; _builder_version=&#8221;4.24.2&#8243; _module_preset=&#8221;default&#8221; global_colors_info=&#8221;{}&#8221;]<\/p>\n<p style=\"text-align: center\">\n<p style=\"text-align: center\">LAURA S\u00c1NCHEZ S\u00c1NCHEZ\u00a0<\/p>\n<p>[\/et_pb_accordion_item][\/et_pb_accordion][\/et_pb_column][\/et_pb_row][\/et_pb_section]<\/p>\n","protected":false},"excerpt":{"rendered":"<p>CLAUSTRO DIRECCI\u00d3N- MIGUEL CA\u00d1IZARES ORTEGA SECRETAR\u00cdA: M\u00aa FRANCISCA BRAVO CUEVAS\u00a0 3 A\u00d1OS: AZAHARA TORRES HENS 4 A\u00d1OS: MARTA RODR\u00cdGUEZ BOLANC\u00c9\u00a0 5 A\u00d1OS: ANA M\u00aa GARC\u00cdA LANZAS\u00a0 ESTEFAN\u00cdA MART\u00cdNEZ PALENZUELA\u00a0 ANA S\u00c1NCHEZ LARA\u00a0 M\u00aa FRANCISCA BRAVO CUEVAS\u00a0 M\u00aa DOLORES DEL MORAL CARDOSO\u00a0 INGL\u00c9S &#8211; M\u00aa VICTORIA GARC\u00cdA OSTOS\u00a0 EDUCACI\u00d3N F\u00cdSICA &#8211; ANTONIA POSTIGO RODR\u00cdGUEZ-VARGAS\u00a0 RELIGI\u00d3N &#8211; [&hellip;]<\/p>\n","protected":false},"author":20256,"featured_media":0,"parent":0,"menu_order":0,"comment_status":"closed","ping_status":"closed","template":"","meta":{"_et_pb_use_builder":"on","_et_pb_old_content":"","_et_gb_content_width":"","ngg_post_thumbnail":0,"footnotes":""},"aioseo_notices":[],"_links":{"self":[{"href":"https:\/\/blogsaverroes.juntadeandalucia.es\/ceipantoniogala\/wp-json\/wp\/v2\/pages\/892"}],"collection":[{"href":"https:\/\/blogsaverroes.juntadeandalucia.es\/ceipantoniogala\/wp-json\/wp\/v2\/pages"}],"about":[{"href":"https:\/\/blogsaverroes.juntadeandalucia.es\/ceipantoniogala\/wp-json\/wp\/v2\/types\/page"}],"author":[{"embeddable":true,"href":"https:\/\/blogsaverroes.juntadeandalucia.es\/ceipantoniogala\/wp-json\/wp\/v2\/users\/20256"}],"replies":[{"embeddable":true,"href":"https:\/\/blogsaverroes.juntadeandalucia.es\/ceipantoniogala\/wp-json\/wp\/v2\/comments?post=892"}],"version-history":[{"count":17,"href":"https:\/\/blogsaverroes.juntadeandalucia.es\/ceipantoniogala\/wp-json\/wp\/v2\/pages\/892\/revisions"}],"predecessor-version":[{"id":1210,"href":"https:\/\/blogsaverroes.juntadeandalucia.es\/ceipantoniogala\/wp-json\/wp\/v2\/pages\/892\/revisions\/1210"}],"wp:attachment":[{"href":"https:\/\/blogsaverroes.juntadeandalucia.es\/ceipantoniogala\/wp-json\/wp\/v2\/media?parent=892"}],"curies":[{"name":"wp","href":"https:\/\/api.w.org\/{rel}","templated":true}]}}