{"id":39,"date":"2020-01-09T12:44:11","date_gmt":"2020-01-09T11:44:11","guid":{"rendered":"http:\/\/blogsaverroes.juntadeandalucia.es\/pre\/nuevoceip2v2\/?page_id=39"},"modified":"2025-03-10T12:21:23","modified_gmt":"2025-03-10T11:21:23","slug":"comedor-escolar","status":"publish","type":"page","link":"https:\/\/blogsaverroes.juntadeandalucia.es\/ceipantoniogutierrezmata\/comedor-escolar\/","title":{"rendered":"Comedor escolar"},"content":{"rendered":"<p>[et_pb_section fb_built=&#8221;1&#8243; _builder_version=&#8221;4.16&#8243; custom_padding=&#8221;0px||0px|&#8221; z_index_tablet=&#8221;500&#8243; box_shadow_horizontal_tablet=&#8221;0px&#8221; box_shadow_vertical_tablet=&#8221;0px&#8221; box_shadow_blur_tablet=&#8221;40px&#8221; box_shadow_spread_tablet=&#8221;0px&#8221; global_colors_info=&#8221;{}&#8221;][et_pb_row _builder_version=&#8221;4.16&#8243; background_size=&#8221;initial&#8221; background_position=&#8221;top_left&#8221; background_repeat=&#8221;repeat&#8221; collapsed=&#8221;on&#8221; global_colors_info=&#8221;{}&#8221;][et_pb_column type=&#8221;4_4&#8243; _builder_version=&#8221;4.16&#8243; custom_padding=&#8221;|||&#8221; global_colors_info=&#8221;{}&#8221; custom_padding__hover=&#8221;|||&#8221;][et_pb_image src=&#8221;https:\/\/blogsaverroes.juntadeandalucia.es\/ceipantoniogutierrezmata\/files\/2023\/02\/IMG_6322.jpg&#8221; title_text=&#8221;IMG_6322&#8243; admin_label=&#8221;Imagen de la portada&#8221; _builder_version=&#8221;4.16&#8243; z_index_tablet=&#8221;500&#8243; border_width_all=&#8221;17px&#8221; border_color_all=&#8221;#220051&#8243; box_shadow_horizontal_tablet=&#8221;0px&#8221; box_shadow_vertical_tablet=&#8221;0px&#8221; box_shadow_blur_tablet=&#8221;40px&#8221; box_shadow_spread_tablet=&#8221;0px&#8221; global_colors_info=&#8221;{}&#8221;][\/et_pb_image][et_pb_text admin_label=&#8221;Texto descriptivo&#8221; _builder_version=&#8221;4.16&#8243; z_index_tablet=&#8221;500&#8243; text_text_shadow_horizontal_length_tablet=&#8221;0px&#8221; text_text_shadow_vertical_length_tablet=&#8221;0px&#8221; text_text_shadow_blur_strength_tablet=&#8221;1px&#8221; link_text_shadow_horizontal_length_tablet=&#8221;0px&#8221; link_text_shadow_vertical_length_tablet=&#8221;0px&#8221; link_text_shadow_blur_strength_tablet=&#8221;1px&#8221; ul_text_shadow_horizontal_length_tablet=&#8221;0px&#8221; ul_text_shadow_vertical_length_tablet=&#8221;0px&#8221; ul_text_shadow_blur_strength_tablet=&#8221;1px&#8221; ol_text_shadow_horizontal_length_tablet=&#8221;0px&#8221; ol_text_shadow_vertical_length_tablet=&#8221;0px&#8221; ol_text_shadow_blur_strength_tablet=&#8221;1px&#8221; quote_text_shadow_horizontal_length_tablet=&#8221;0px&#8221; quote_text_shadow_vertical_length_tablet=&#8221;0px&#8221; quote_text_shadow_blur_strength_tablet=&#8221;1px&#8221; header_text_shadow_horizontal_length_tablet=&#8221;0px&#8221; header_text_shadow_vertical_length_tablet=&#8221;0px&#8221; header_text_shadow_blur_strength_tablet=&#8221;1px&#8221; header_2_text_shadow_horizontal_length_tablet=&#8221;0px&#8221; header_2_text_shadow_vertical_length_tablet=&#8221;0px&#8221; header_2_text_shadow_blur_strength_tablet=&#8221;1px&#8221; header_3_text_shadow_horizontal_length_tablet=&#8221;0px&#8221; header_3_text_shadow_vertical_length_tablet=&#8221;0px&#8221; header_3_text_shadow_blur_strength_tablet=&#8221;1px&#8221; header_4_text_shadow_horizontal_length_tablet=&#8221;0px&#8221; header_4_text_shadow_vertical_length_tablet=&#8221;0px&#8221; header_4_text_shadow_blur_strength_tablet=&#8221;1px&#8221; header_5_text_shadow_horizontal_length_tablet=&#8221;0px&#8221; header_5_text_shadow_vertical_length_tablet=&#8221;0px&#8221; header_5_text_shadow_blur_strength_tablet=&#8221;1px&#8221; header_6_text_shadow_horizontal_length_tablet=&#8221;0px&#8221; header_6_text_shadow_vertical_length_tablet=&#8221;0px&#8221; header_6_text_shadow_blur_strength_tablet=&#8221;1px&#8221; box_shadow_horizontal_tablet=&#8221;0px&#8221; box_shadow_vertical_tablet=&#8221;0px&#8221; box_shadow_blur_tablet=&#8221;40px&#8221; box_shadow_spread_tablet=&#8221;0px&#8221; global_colors_info=&#8221;{}&#8221;]<\/p>\n<h2>Comedor escolar<\/h2>\n<p>&nbsp;<\/p>\n<p>[\/et_pb_text][\/et_pb_column][\/et_pb_row][et_pb_row _builder_version=&#8221;4.16&#8243; _module_preset=&#8221;default&#8221; border_radii=&#8221;off||||&#8221; global_colors_info=&#8221;{}&#8221;][et_pb_column type=&#8221;4_4&#8243; _builder_version=&#8221;4.16&#8243; _module_preset=&#8221;default&#8221; background_image=&#8221;https:\/\/blogsaverroes.juntadeandalucia.es\/ceipantoniogutierrezmata\/files\/2023\/03\/WCJY8008.jpg&#8221; global_colors_info=&#8221;{}&#8221;][et_pb_image title_text=&#8221;comedor curso 23-24 arreglada&#8221; admin_label=&#8221;Imagen&#8221; _builder_version=&#8221;4.24.2&#8243; _module_preset=&#8221;default&#8221; background_color=&#8221;#EDF000&#8243; border_radii=&#8221;off||||&#8221; border_color_all=&#8221;#7CDA24&#8243; global_colors_info=&#8221;{}&#8221; src__hover_enabled=&#8221;on|desktop&#8221; src__hover=&#8221;https:\/\/blogsaverroes.juntadeandalucia.es\/ceipantoniogutierrezmata\/files\/2023\/09\/comedor-curso-23-24-arreglada.jpg&#8221;][\/et_pb_image][et_pb_image _builder_version=&#8221;4.24.2&#8243; _module_preset=&#8221;default&#8221;][\/et_pb_image][\/et_pb_column][\/et_pb_row][et_pb_row _builder_version=&#8221;4.16&#8243; _module_preset=&#8221;default&#8221; global_colors_info=&#8221;{}&#8221;][et_pb_column type=&#8221;4_4&#8243; _builder_version=&#8221;4.16&#8243; _module_preset=&#8221;default&#8221; global_colors_info=&#8221;{}&#8221;][et_pb_text _builder_version=&#8221;4.16&#8243; _module_preset=&#8221;default&#8221; global_colors_info=&#8221;{}&#8221;]<a href=\"https:\/\/blogsaverroes.juntadeandalucia.es\/ceipantoniogutierrezmata\/comedor-escolar\/wcjy8008\/\"><img loading=\"lazy\" decoding=\"async\" class=\"wp-image-795 aligncenter size-medium\" src=\"https:\/\/blogsaverroes.juntadeandalucia.es\/ceipantoniogutierrezmata\/files\/2023\/03\/WCJY8008-169x300.jpg\" alt=\"\" width=\"169\" height=\"300\"><\/a>En nuestro Comedor Escolar se come muy sano. Tal y como se observa en las fotos , todo es natural y se cocina en las cocinas del Centro.&nbsp;<\/p>\n<p>Hoy hemos tenido pescado fruta y pur\u00e9 de verdura&nbsp; de nuestro huerto particular.<\/p>\n<p><a href=\"https:\/\/blogsaverroes.juntadeandalucia.es\/ceipantoniogutierrezmata\/comedor-escolar\/cacp8526\/\" rel=\"attachment wp-att-798\"><img loading=\"lazy\" decoding=\"async\" class=\"aligncenter size-medium wp-image-798\" src=\"https:\/\/blogsaverroes.juntadeandalucia.es\/ceipantoniogutierrezmata\/files\/2023\/03\/CACP8526-300x225.jpg\" alt=\"\" width=\"300\" height=\"225\"><\/a>En el CEIP ANT\u00ba GUTI\u00c9RREZ MATA abogamos por un comedor de gesti\u00f3n directa donde todos los d\u00edas se realizan las comidas frescas del alumnado<br \/>\n[\/et_pb_text][\/et_pb_column][\/et_pb_row][et_pb_row _builder_version=&#8221;4.16&#8243; _module_preset=&#8221;default&#8221; global_colors_info=&#8221;{}&#8221;][et_pb_column type=&#8221;4_4&#8243; _builder_version=&#8221;4.16&#8243; _module_preset=&#8221;default&#8221; global_colors_info=&#8221;{}&#8221;][et_pb_text _builder_version=&#8221;4.16&#8243; _module_preset=&#8221;default&#8221; global_colors_info=&#8221;{}&#8221;]<strong><span style=\"font-size: 18pt\">COMEMOS SANO&nbsp;<\/span><\/strong><\/p>\n<p>Nuestro alumnado ha estado recogiendo alimentos del huerto escolar&nbsp; que posteriormente ser\u00e1n cocinados por nuestras grandes cocineras para hacer de este comedor una cocina sana y autoabastecida.<a href=\"https:\/\/blogsaverroes.juntadeandalucia.es\/ceipantoniogutierrezmata\/comedor-escolar\/ddwb0624\/\"><img loading=\"lazy\" decoding=\"async\" class=\"wp-image-889 aligncenter size-medium\" src=\"https:\/\/blogsaverroes.juntadeandalucia.es\/ceipantoniogutierrezmata\/files\/2023\/05\/DDWB0624-300x225.jpg\" alt=\"\" width=\"300\" height=\"225\"><\/a> <a href=\"https:\/\/blogsaverroes.juntadeandalucia.es\/ceipantoniogutierrezmata\/comedor-escolar\/gdao0171\/\"><img loading=\"lazy\" decoding=\"async\" class=\"wp-image-890 aligncenter size-medium\" src=\"https:\/\/blogsaverroes.juntadeandalucia.es\/ceipantoniogutierrezmata\/files\/2023\/05\/GDAO0171-300x169.jpg\" alt=\"\" width=\"300\" height=\"169\"><\/a> <a href=\"https:\/\/blogsaverroes.juntadeandalucia.es\/ceipantoniogutierrezmata\/comedor-escolar\/uyox0493\/\"><img loading=\"lazy\" decoding=\"async\" class=\"wp-image-891 aligncenter size-medium\" src=\"https:\/\/blogsaverroes.juntadeandalucia.es\/ceipantoniogutierrezmata\/files\/2023\/05\/UYOX0493-300x225.jpg\" alt=\"\" width=\"300\" height=\"225\"><\/a><br \/>\n[\/et_pb_text][\/et_pb_column][\/et_pb_row][et_pb_row _builder_version=&#8221;4.16&#8243; _module_preset=&#8221;default&#8221; global_colors_info=&#8221;{}&#8221;][et_pb_column type=&#8221;4_4&#8243; _builder_version=&#8221;4.16&#8243; _module_preset=&#8221;default&#8221; global_colors_info=&#8221;{}&#8221;][et_pb_text _builder_version=&#8221;4.24.2&#8243; _module_preset=&#8221;default&#8221; hover_enabled=&#8221;0&#8243; global_colors_info=&#8221;{}&#8221; sticky_enabled=&#8221;0&#8243;]<\/p>\n<p>AULA MATINAL AYUDA A DECORAR.<\/p>\n<p>Desde el Aula Matinal del Cole y con ayuda del alumnado han realizado este bonito mural para adornar nuestro comedor . Muchas gracias a las se\u00f1os y al alumnado participante.<\/p>\n<p><a href=\"https:\/\/blogsaverroes.juntadeandalucia.es\/ceipantoniogutierrezmata\/comedor-escolar\/img_8429\/\"><img loading=\"lazy\" decoding=\"async\" class=\"wp-image-895 aligncenter \" src=\"https:\/\/blogsaverroes.juntadeandalucia.es\/ceipantoniogutierrezmata\/files\/2023\/05\/IMG_8429-300x225.jpg\" alt=\"\" width=\"516\" height=\"387\"><\/a><\/p>\n<p>[\/et_pb_text][\/et_pb_column][\/et_pb_row][\/et_pb_section][et_pb_section fb_built=&#8221;1&#8243; theme_builder_area=&#8221;post_content&#8221; _builder_version=&#8221;4.24.2&#8243; _module_preset=&#8221;default&#8221;][et_pb_row _builder_version=&#8221;4.24.2&#8243; _module_preset=&#8221;default&#8221; theme_builder_area=&#8221;post_content&#8221;][et_pb_column _builder_version=&#8221;4.24.2&#8243; _module_preset=&#8221;default&#8221; theme_builder_area=&#8221;post_content&#8221; type=&#8221;4_4&#8243;][et_pb_image _builder_version=&#8221;4.24.2&#8243; _module_preset=&#8221;default&#8221; src=&#8221;https:\/\/blogsaverroes.juntadeandalucia.es\/ceipantoniogutierrezmata\/files\/2025\/03\/COMEDOR-MENU-otro.jpg&#8221; theme_builder_area=&#8221;post_content&#8221; hover_enabled=&#8221;0&#8243; sticky_enabled=&#8221;0&#8243; admin_label=&#8221;Imagen&#8221;][\/et_pb_image][\/et_pb_column][\/et_pb_row][\/et_pb_section]<\/p>\n","protected":false},"excerpt":{"rendered":"<p>Comedor escolar &nbsp;En nuestro Comedor Escolar se come muy sano. Tal y como se observa en las fotos , todo es natural y se cocina en las cocinas del Centro.&nbsp; Hoy hemos tenido pescado fruta y pur\u00e9 de verdura&nbsp; de nuestro huerto particular. En el CEIP ANT\u00ba GUTI\u00c9RREZ MATA abogamos por un comedor de gesti\u00f3n [&hellip;]<\/p>\n","protected":false},"author":15642,"featured_media":0,"parent":0,"menu_order":0,"comment_status":"closed","ping_status":"closed","template":"","meta":{"_et_pb_use_builder":"on","_et_pb_old_content":"","_et_gb_content_width":"","ngg_post_thumbnail":0,"footnotes":""},"aioseo_notices":[],"_links":{"self":[{"href":"https:\/\/blogsaverroes.juntadeandalucia.es\/ceipantoniogutierrezmata\/wp-json\/wp\/v2\/pages\/39"}],"collection":[{"href":"https:\/\/blogsaverroes.juntadeandalucia.es\/ceipantoniogutierrezmata\/wp-json\/wp\/v2\/pages"}],"about":[{"href":"https:\/\/blogsaverroes.juntadeandalucia.es\/ceipantoniogutierrezmata\/wp-json\/wp\/v2\/types\/page"}],"author":[{"embeddable":true,"href":"https:\/\/blogsaverroes.juntadeandalucia.es\/ceipantoniogutierrezmata\/wp-json\/wp\/v2\/users\/15642"}],"replies":[{"embeddable":true,"href":"https:\/\/blogsaverroes.juntadeandalucia.es\/ceipantoniogutierrezmata\/wp-json\/wp\/v2\/comments?post=39"}],"version-history":[{"count":18,"href":"https:\/\/blogsaverroes.juntadeandalucia.es\/ceipantoniogutierrezmata\/wp-json\/wp\/v2\/pages\/39\/revisions"}],"predecessor-version":[{"id":1036,"href":"https:\/\/blogsaverroes.juntadeandalucia.es\/ceipantoniogutierrezmata\/wp-json\/wp\/v2\/pages\/39\/revisions\/1036"}],"wp:attachment":[{"href":"https:\/\/blogsaverroes.juntadeandalucia.es\/ceipantoniogutierrezmata\/wp-json\/wp\/v2\/media?parent=39"}],"curies":[{"name":"wp","href":"https:\/\/api.w.org\/{rel}","templated":true}]}}